{"id":49508,"date":"2024-07-12T08:46:50","date_gmt":"2024-07-12T08:46:50","guid":{"rendered":"https:\/\/gpdstore.net\/maaratlemata\/droix-pm13-2k-kaasaskantav-monitor\/"},"modified":"2025-09-15T21:32:52","modified_gmt":"2025-09-15T21:32:52","slug":"droix-pm13-2k-kaasaskantav-monitor","status":"publish","type":"product","link":"https:\/\/gpdstore.net\/et\/product\/droix-pm13-2k-kaasaskantav-monitor\/","title":{"rendered":"DroiX PM13 2K kaasaskantav monitor"},"content":{"rendered":"\n<figure class=\"wp-block-video\"><video controls=\"\" muted=\"\" poster=\"https:\/\/droix.net\/wp-content\/uploads\/2024\/03\/1.jpg\" src=\"https:\/\/droix.net\/wp-content\/uploads\/2024\/06\/pm131.mp4\"><\/video><\/figure>\n\n<div class=\"wp-block-columns is-layout-flex wp-container-core-columns-is-layout-28f84493 wp-block-columns-is-layout-flex\">\n<div class=\"wp-block-column is-layout-flow wp-block-column-is-layout-flow\" style=\"flex-basis:33.33%\">\n<figure class=\"wp-block-image size-large\"><a href=\"https:\/\/droix.net\/wp-content\/uploads\/2024\/03\/DROIX-S13-GENERIC-DONE-LISTING-IMAGE-1-1.png\"><img decoding=\"async\" src=\"https:\/\/droix.net\/wp-content\/uploads\/2024\/03\/DROIX-S13-GENERIC-DONE-LISTING-IMAGE-1-1-1024x1024.png\" alt=\"Pilt DroiX kaasaskantav monitor, 13-tolline, 2K, Ultra Thin, kerge ja kaasaskantav\" class=\"wp-image-175965\" \/><\/a><\/figure>\n<\/div>\n\n\n\n<div class=\"wp-block-column is-layout-flow wp-block-column-is-layout-flow\" style=\"flex-basis:66.66%\">\n<h2 class=\"wp-block-heading\"><strong>DroiX PM13 &#8211; 13,0-tolline 4K \u00fcli\u00f5huke kaasaskantav monitor<\/strong><\/h2>\n\n\n\n<p>DroiX PM13 on elegantne ja kerge 13-tolline 2K portatiivne monitor, mis kaalub vaid 494 grammi. See on \u00fcmbritsetud \u00f5hukesse alumiiniumraami ja \u00fclimalt \u00f5hukese 0,11-tollise raamiga, mis \u00fchendab meisterlikult stiili ja mugavuse. Elav IPS-ekraan pakub rikkalikke v\u00e4rve ja avarat 170-kraadist vaatenurka, mis tagab lummava visuaalse elamuse. T\u00e4nu HDMI ja USB-C kaudu mitmete seadmete \u00fchilduvusele on PM13 \u00fclimalt mitmek\u00fclgne ekraan, mis v\u00f5imaldab teil oma seadistust t\u00e4iendada, kus iganes te ka ei viibiksite.  <\/p>\n<\/div>\n<\/div>\n\n<div class=\"wp-block-columns is-layout-flex wp-container-core-columns-is-layout-28f84493 wp-block-columns-is-layout-flex\">\n<div class=\"wp-block-column is-layout-flow wp-block-column-is-layout-flow\">\n<h3 class=\"wp-block-heading\">Ideaalne kaasaskantav monitor s\u00fclearvutite jaoks<br \/><em>Ei mingeid kompromisse<\/em><\/h3>\n\n\n\n<p>DroiX PM13 kaasaskantav monitor pakub oma silmapaistvate omadustega erakordset kuvamiskogemust. K\u00f5rge heleduse ja HDR-toetusega tagab see selge n\u00e4htavuse mis tahes valgustingimustes. 100% sRGB katvus ja 16,7 miljonit v\u00e4rvi tagavad t\u00e4pse v\u00e4rvit\u00e4psuse, mis on oluline fotot\u00f6\u00f6tluse ja graafilise disaini jaoks. Selle 2K resolutsioon 13-tollisel ekraanil tagab suure pikslitiheduse, mis tagab terava ja elava visuaali nii teksti kui ka multimeedia jaoks. See muudab PM13 tippvalikuks nii professionaalidele kui ka entusiastidele.    <\/p>\n<\/div>\n\n\n\n<div class=\"wp-block-column is-layout-flow wp-block-column-is-layout-flow\">\n<figure class=\"wp-block-image size-full\"><a href=\"https:\/\/droix.net\/wp-content\/uploads\/2024\/03\/2.jpg\"><img decoding=\"async\" src=\"https:\/\/droix.net\/wp-content\/uploads\/2024\/03\/2.jpg\" alt=\"DroiX PM13 kvaliteetne kaasaskantav ekraan HDR400 toega, QHD 2160x1350 resolutsiooniga ja 100% sRGB katvusega.\" class=\"wp-image-182193\" \/><\/a><\/figure>\n<\/div>\n<\/div>\n\n<div class=\"wp-block-columns is-layout-flex wp-container-core-columns-is-layout-28f84493 wp-block-columns-is-layout-flex\">\n<div class=\"wp-block-column is-layout-flow wp-block-column-is-layout-flow\">\n<figure class=\"wp-block-image size-full\"><a href=\"https:\/\/droix.net\/wp-content\/uploads\/2024\/07\/3-1.jpg\"><img decoding=\"async\" src=\"https:\/\/droix.net\/wp-content\/uploads\/2024\/07\/3-1.jpg\" alt=\"DroiX PM13 kaasaskantav monitor, mis on loodud selleks, et m&#xE4;&#xE4;ratleda uuesti &#xFC;hilduvus ja &#xFC;henduvus paljude erinevate seadmetega. T&#xE4;nu USB- ja ActiveDP-tehnoloogiate tugevale toetusele on see monitor sujuvalt &#xFC;hendatav erinevate kaasaegsete seadmetega, alates s&#xFC;learvutitest kuni nutitelefonideni ja muuni. PM13 on loodud vaevata suhtlemiseks ja t&#xF6;&#xF6;tab seadmetega, mis toetavad DisplayPort over USB, millel on Thunderbolt USB-pordid v&#xF5;i j&#xE4;rgivad video v&#xE4;ljundiks USB 4 protokolli. Olenemata sellest, kas m&#xE4;ngite teel, suurendate tootlikkust v&#xF5;i naudite multimeediasisu, on PM13 teie parim kaaslane, mis pakub v&#xF5;rratut paindlikkust ja j&#xF5;udlust, kus iganes te seda vajate.   \" class=\"wp-image-182203\" \/><\/a><\/figure>\n<\/div>\n\n\n\n<div class=\"wp-block-column is-layout-flow wp-block-column-is-layout-flow\">\n<h3 class=\"wp-block-heading\">Kaasaskantavus ja v\u00f5imsus<br \/><em>\u00dchilduvus<\/em><\/h3>\n\n\n\n<p>Kogege DroiX PM13 kaasaskantava monitori tipptasemel mitmek\u00fclgsust, mis on loodud selleks, et m\u00e4\u00e4ratleda uuesti \u00fchilduvus ja \u00fchenduvus paljude erinevate seadmetega. T\u00e4nu USB- ja ActiveDP-tehnoloogiate tugevale toetusele on see monitor sujuvalt \u00fchendatav erinevate kaasaegsete seadmetega, alates s\u00fclearvutitest kuni nutitelefonideni ja muuni. <\/p>\n\n\n\n<p>PM13 on loodud vaevata suhtlemiseks ja t\u00f6\u00f6tab seadmetega, mis toetavad DisplayPort over USB, millel on Thunderbolt USB-pordid v\u00f5i mis j\u00e4rgivad video v\u00e4ljundiks USB 4 protokolli. Olenemata sellest, kas m\u00e4ngite teel, suurendate tootlikkust v\u00f5i naudite multimeediasisu, on PM13 teie parim kaaslane, mis pakub v\u00f5rratut paindlikkust ja j\u00f5udlust, kus iganes te seda vajate. <\/p>\n<\/div>\n<\/div>\n\n<div class=\"wp-block-columns is-layout-flex wp-container-core-columns-is-layout-28f84493 wp-block-columns-is-layout-flex\">\n<div class=\"wp-block-column is-layout-flow wp-block-column-is-layout-flow\">\n<h3 class=\"wp-block-heading\">Rohkem kui kaasaskantav monitor<br \/><em>Funktsiooniderohke<\/em><\/h3>\n\n\n\n<p>DroiX PM13 kaasaskantaval monitoril on mitmek\u00fclgne disain, millel on 180\u00b0 reguleeritav jalgealune, mis v\u00f5imaldab kasutajatel ekraani optimaalse vaatamismugavuse tagamiseks paigutada eri nurkade alla. Lisaks on monitoril integreeritud 75&#215;75 mm VESA-kinnituse tugi, mis v\u00f5imaldab paindlikku paigaldamist \u00fchilduvatele k\u00e4epidemetele v\u00f5i stendidele. Heli jaoks on PM13-l sisseehitatud stereok\u00f5larid, millest iga\u00fche v\u00f5imsus on 1,0 W. Kuigi need k\u00f5larid ei ole erakordselt v\u00f5imsad, pakuvad need mugavat helilahendust, ilma et oleks vaja v\u00e4liseid seadmeid.   <\/p>\n\n\n\n<h3 class=\"wp-block-heading\"><br \/><\/h3>\n<\/div>\n\n\n\n<div class=\"wp-block-column is-layout-flow wp-block-column-is-layout-flow\">\n<figure class=\"wp-block-image size-full\"><a href=\"https:\/\/droix.net\/wp-content\/uploads\/2024\/07\/4.jpg\"><img decoding=\"async\" src=\"https:\/\/droix.net\/wp-content\/uploads\/2024\/07\/4.jpg\" alt=\"DroiX PM13 kaasaskantav monitor, millel on 180&#xB0; reguleeritav jalgealune, mis v&#xF5;imaldab kasutajatel ekraani optimaalse vaatamismugavuse tagamiseks paigutada eri nurkade alla. See sisaldab integreeritud 75x75 mm VESA-kinnitustuge, mis v&#xF5;imaldab paindlikku paigaldamist &#xFC;hilduvatele k&#xE4;epidemetele v&#xF5;i stendidele. PM13 on varustatud ka sisseehitatud stereok&#xF5;laritega, millest iga&#xFC;he v&#xF5;imsus on 1,0 W, mis pakub mugavat helilahendust, ilma et oleks vaja v&#xE4;liseid seadmeid.  \" class=\"wp-image-182205\" \/><\/a><\/figure>\n<\/div>\n<\/div>\n\n<div class=\"wp-block-columns is-layout-flex wp-container-core-columns-is-layout-28f84493 wp-block-columns-is-layout-flex\">\n<div class=\"wp-block-column is-layout-flow wp-block-column-is-layout-flow\">\n<figure class=\"wp-block-image size-full\"><a href=\"https:\/\/droix.net\/wp-content\/uploads\/2024\/07\/5.jpg\"><img decoding=\"async\" src=\"https:\/\/droix.net\/wp-content\/uploads\/2024\/07\/5.jpg\" alt=\"DroiX PM13 kaasaskantav monitor on n&#xE4;ide mitmek&#xFC;lgsusest koos laiaulatusliku &#xFC;hilduvuse ja &#xFC;hendusv&#xF5;imalustega. Sellel on neli re&#x17E;iimi: Duplicated Mode sisu peegeldamiseks, Extend Mode t&#xF6;&#xF6;ruumi laiendamiseks, Second Screen m&#xE4;ngukonsoolide jaoks ja Portrait Mode vertikaalseks orienteerimiseks. Sobib ideaalselt professionaalidele, m&#xE4;ngijatele ja digitaalsetele nomaadidele, suurendades tootlikkust ja meelelahutust erinevates keskkondades.  \" class=\"wp-image-182206\" \/><\/a><\/figure>\n<\/div>\n\n\n\n<div class=\"wp-block-column is-layout-flow wp-block-column-is-layout-flow\">\n<h3 class=\"wp-block-heading\">Laiendamine, paljundamine, portree ja muud<br \/><em>T\u00f5eline mitmek\u00fclgsus<br \/><\/em><\/h3>\n\n\n\n<p>DroiX PM13 kaasaskantav monitor on n\u00e4ide mitmek\u00fclgsusest oma laialdase \u00fchilduvuse ja \u00fchendusv\u00f5imalustega. See pakub nelja mitmek\u00fclgset re\u017eiimi: Duplicated Mode sisu peegeldamiseks, Extend Mode t\u00f6\u00f6ruumi laiendamiseks, Second Screen m\u00e4ngukonsoolide jaoks ja Portrait Mode vertikaalseks orienteerimiseks. Selline kohanemisv\u00f5ime teeb sellest ideaalse kaaslase professionaalidele, m\u00e4ngijatele ja digitaalsetele nomaadidele, suurendades tootlikkust ja meelelahutust erinevates keskkondades.  <\/p>\n\n\n\n<p>4o<\/p>\n<\/div>\n<\/div>\n\n<figure class=\"wp-block-image aligncenter size-large\"><a href=\"https:\/\/droix.net\/wp-content\/uploads\/2024\/07\/7.jpg\"><img decoding=\"async\" src=\"https:\/\/droix.net\/wp-content\/uploads\/2024\/07\/7-1024x420.jpg\" alt=\"&#xDC;henda oma Thunderbolt 3 v&#xF5;i 4-toega MacBook sujuvalt DroiX PM13 kaasaskantava monitoriga selle Type-C pordi kaudu, mis toetab DP ALT-MODE'i. See t&#xE4;iustatud &#xFC;henduvus tagab nii video&#xFC;lekande kui ka toite edastamise &#xFC;he Type-C kaabli kaudu, mis maksimeerib mugavust ja t&#xF5;husust. \" class=\"wp-image-182195\" \/><\/a><\/figure>\n\n<p>\u00dchenda oma Thunderbolt 3 v\u00f5i 4-toega MacBook sujuvalt DroiX PM13 kaasaskantava monitoriga selle Type-C pordi kaudu, mis toetab DP ALT-MODE&#8217;i. See t\u00e4iustatud \u00fchenduvus tagab nii video\u00fclekande kui ka toite edastamise \u00fche Type-C kaabli kaudu, mis maksimeerib mugavust ja t\u00f5husust. <\/p>\n\n<figure class=\"wp-block-image aligncenter size-large is-resized\"><a href=\"https:\/\/droix.net\/wp-content\/uploads\/2024\/03\/8.jpg\"><img decoding=\"async\" src=\"https:\/\/droix.net\/wp-content\/uploads\/2024\/03\/8-1024x420.jpg\" alt=\"Kasutage Thunderbolt 3, 4 v&#xF5;i USB 3.1 DP ALT-MODE t&#xE4;iustatud v&#xF5;imalusi oma nutitelefonis, et &#xFC;hendada DroiX PM13 kaasaskantav monitor sujuvalt nii videov&#xE4;ljundi kui ka toite edastamiseks. Kasutage oma nutitelefonis DP ALT-MODE toega Type-C porti, et saavutada sujuvam kogemus, kus video edastamine ja toiteallikas toimub &#xFC;he kaabli abil. \" class=\"wp-image-182197\" style=\"width:900px;height:auto\" \/><\/a><\/figure>\n\n<p>\u00dchendage oma Windowsi s\u00fclearvuti h\u00f5lpsasti DroiX PM13 kaasaskantava monitoriga, kasutades selle HDMI- ja Type-C-porti, et tagada sujuv video\u00fclekanne ja toiteallikas. Type-C port toetab toiteallikat (PD), samal ajal kui HDMI-port tagab k\u00f5rglahutusega video v\u00e4ljundi, mis v\u00f5imaldab teil nautida t\u00e4iustatud tootlikkust ja meelelahutust ilma probleemideta. <\/p>\n\n<figure class=\"wp-block-image aligncenter size-large\"><a href=\"https:\/\/droix.net\/wp-content\/uploads\/2024\/03\/9.jpg\"><img decoding=\"async\" src=\"https:\/\/droix.net\/wp-content\/uploads\/2024\/03\/9-1024x420.jpg\" alt=\"Kasutage Thunderbolt 3, 4 v&#xF5;i USB 3.1 DP ALT-MODE t&#xE4;iustatud v&#xF5;imalusi oma nutitelefonis, et &#xFC;hendada DroiX PM13 kaasaskantav monitor sujuvalt nii videov&#xE4;ljundi kui ka toite edastamiseks. Kasutage oma nutitelefonis DP ALT-MODE toega Type-C porti, et saavutada sujuvam kogemus, kus video edastamine ja toiteallikas toimub &#xFC;he kaabli abil. \" class=\"wp-image-182198\" \/><\/a><\/figure>\n\n<p>Kasutage Thunderbolt 3, 4 v\u00f5i USB 3.1 DP ALT-MODE t\u00e4iustatud v\u00f5imalusi oma nutitelefonis, et \u00fchendada DroiX PM13 kaasaskantav monitor sujuvalt nii videov\u00e4ljundi kui ka toite edastamiseks. Kasutades oma nutitelefoni DP ALT-MODE toega Type-C porti, saate nautida sujuvat kasutuskogemust, kus \u00fcks kaabel tegeleb nii video\u00fclekande kui ka toiteallikaga. <\/p>\n\n<figure class=\"wp-block-image aligncenter size-large\"><a href=\"https:\/\/droix.net\/wp-content\/uploads\/2024\/03\/11.jpg\"><img decoding=\"async\" src=\"https:\/\/droix.net\/wp-content\/uploads\/2024\/03\/11-1024x420.jpg\" alt=\"DroiX PM13 kaasaskantava monitori &#xFC;hendamiseks on erinevaid v&#xF5;imalusi: USB, ActiveDP, DisplayPort &#xFC;le USB, Thunderbolt USB-pordid ja USB 4 protokoll video v&#xE4;ljundiks, mis tagab mitmek&#xFC;lgse &#xFC;hendatavuse.\" class=\"wp-image-182199\" \/><\/a><\/figure>\n\n<figure class=\"wp-block-image aligncenter size-large\"><a href=\"https:\/\/droix.net\/wp-content\/uploads\/2024\/03\/12.jpg\"><img decoding=\"async\" src=\"https:\/\/droix.net\/wp-content\/uploads\/2024\/03\/12-1024x420.jpg\" alt=\"KKK DroiX PM13 kaasaskantava monitori kohta\" class=\"wp-image-182200\" \/><\/a><\/figure>\n\n<h3 class=\"wp-block-heading\"><strong>Kokkuv\u00f5te<\/strong><\/h3>\n\n<p>DroiX PM13 m\u00e4\u00e4ratleb uuesti kaasaskantavate monitoride olemuse, \u00fchendades suure eraldusv\u00f5ime, suurep\u00e4rase kaasaskantavuse ja ulatusliku \u00fchilduvuse elegantses, kasutajas\u00f5bralikus disainis. See on loodud neile, kes keelduvad kompromisse tegemast kvaliteedi ja funktsionaalsuse osas, isegi teel olles. V\u00f5tke DroiX PM13-ga omaks kaasaskantavate monitoride tulevik ja kogege omal nahal innovatsiooni ja mugavuse t\u00e4iuslikku segu.  <\/p>\n\n<p>\u00c4rge j\u00e4tke kasutamata v\u00f5imalust t\u00f5sta oma kaasaskantava monitori kogemust DroiX PM13 abil. Tellige juba praegu, et kindlustada endale koht esimeste seas, kes seda murrangulist seadet nautida saavad. Piiratud saadavuse t\u00f5ttu on see teie v\u00f5imalus astuda ettepoole ja kogeda kaasaskantava kuvaritehnoloogia tipptaset. Tellige DroiX PM13 kaasaskantav monitor juba t\u00e4na!   <\/p>\n","protected":false},"excerpt":{"rendered":"<ul>\n<li>2K 13&#8243;<strong> IPS<\/strong> ekraan<\/li>\n<li>100%<strong> sRGB<\/strong> katvus<\/li>\n<li>450 <strong>Nits<\/strong> Heledus<\/li>\n<li>75x75mm<strong> VESA<\/strong> kinnitus<\/li>\n<li> <strong> Sisseehitatud<\/strong> k\u00f5larid<\/li>\n<\/ul>\n<p> [cg_accordion title=\"MAKSUINFO\"] Me kasutame uusimat tehnoloogiat makset\u00f6\u00f6tluses, mis v\u00f5imaldab teil kiiret ja turvalist ostu sooritada oma deebet-\/krediitkaardi v\u00f5i PayPali kaudu.[\/cg_accordion] [cg_accordion title=\"GARANTSIOON\"] 1 v\u00f5i 2-aastane* garantii <a href=\"https:\/\/droix.net\/\" target=\"_blank\" rel=\"nofollow noopener\">DroiX Globalilt<\/a> teie meelerahu tagamiseks.[\/cg_accordion] [cg_accordion title=\"LAEVANDUS JA MAKSUD\"] <strong><u>M\u00e4rkus:<\/u><\/strong> Ameerika \u00dchendriikide kliendid: N\u00e4idatud hind sisaldab k\u00f5iki kohaldatavaid makse. ELi kliendid: N\u00e4idatud hind sisaldab kohaldatavaid makse, mis v\u00f5ivad s\u00f5ltuvalt riigist olla kuni 25%. Kanada kliendid: N\u00e4idatud hind sisaldab 5% GST. Kohaletoimetamist ja tagastamist korraldab <a href=\"https:\/\/droix.net\/\" target=\"_blank\" rel=\"nofollow noopener\">DroiX<\/a>, ametlik GPD edasim\u00fc\u00fcja. Pakume kiiret DHL Express DDP (Delivered Duty Paid) saatmist. K\u00f5ik tollimaksud ja maksud sisalduvad n\u00e4idatud hinnas &#8211; tarnimisel ei n\u00f5uta lisamakseid. Kui tekivad tolliprobleemid, tegeleb meie meeskond teie nimel tollivormistusega. T\u00e4htis: Tagastuste ja meelemuutuste korral ei saa teie eest makstud makse ja tollimakse DDP-saatmistingimuste t\u00f5ttu tagasi maksta. Palun lugege meie <a href=\"https:\/\/gpdstore.net\/et\/terms-of-service\/\" target=\"_blank\" rel=\"nofollow noopener\">Tingimusi<\/a> \u00fcksikasjaliku teabe saamiseks.        [\/cg_accordion] [cg_accordion title=\"WHAT'S INCLUDED\"]<\/p>\n<ul>\n<li>1x DroiX PM13 kaasaskantav monitor<\/li>\n<li>1x toitepistik (EL\/USA)<\/li>\n<li>1x HDMI kaabel<\/li>\n<li>1x USB Type-C kaabel<\/li>\n<li>1x USB Type-A Type-C kaabel<\/li>\n<li>1x kaitsev \u00fcmbris<\/li>\n<li>1x kasutusjuhend<\/li>\n<\/ul>\n<p>[\/cg_accordion]<\/p>\n","protected":false},"featured_media":818480,"template":"","meta":{"_acf_changed":false},"product_brand":[],"product_cat":[5468],"product_tag":[18234,18421],"woo-feed-brand":[5121],"class_list":{"0":"post-49508","1":"product","2":"type-product","3":"status-publish","4":"has-post-thumbnail","6":"product_cat-kaasaskantavad-monitorid","7":"product_tag-25bfsale-et","8":"product_tag-droix-portable-monitor-et","9":"product_shipping_class-low-end","10":"pa_brand-droix","11":"woo-feed-brand-droix-et","13":"first","14":"instock","15":"sale","16":"taxable","17":"shipping-taxable","18":"purchasable","19":"product-type-variable","20":"has-default-attributes"},"acf":[],"aioseo_notices":[],"_links":{"self":[{"href":"https:\/\/gpdstore.net\/et\/wp-json\/wp\/v2\/product\/49508","targetHints":{"allow":["GET"]}}],"collection":[{"href":"https:\/\/gpdstore.net\/et\/wp-json\/wp\/v2\/product"}],"about":[{"href":"https:\/\/gpdstore.net\/et\/wp-json\/wp\/v2\/types\/product"}],"wp:featuredmedia":[{"embeddable":true,"href":"https:\/\/gpdstore.net\/et\/wp-json\/wp\/v2\/media\/818480"}],"wp:attachment":[{"href":"https:\/\/gpdstore.net\/et\/wp-json\/wp\/v2\/media?parent=49508"}],"wp:term":[{"taxonomy":"product_brand","embeddable":true,"href":"https:\/\/gpdstore.net\/et\/wp-json\/wp\/v2\/product_brand?post=49508"},{"taxonomy":"product_cat","embeddable":true,"href":"https:\/\/gpdstore.net\/et\/wp-json\/wp\/v2\/product_cat?post=49508"},{"taxonomy":"product_tag","embeddable":true,"href":"https:\/\/gpdstore.net\/et\/wp-json\/wp\/v2\/product_tag?post=49508"},{"taxonomy":"woo-feed-brand","embeddable":true,"href":"https:\/\/gpdstore.net\/et\/wp-json\/wp\/v2\/woo-feed-brand?post=49508"}],"curies":[{"name":"wp","href":"https:\/\/api.w.org\/{rel}","templated":true}]}}