{"id":350559,"date":"2024-08-22T08:22:33","date_gmt":"2024-08-22T08:22:33","guid":{"rendered":"https:\/\/gpdstore.net\/maaratlemata\/gpd-p2-max-2022-mini-sulearvuti\/"},"modified":"2025-12-23T10:06:03","modified_gmt":"2025-12-23T10:06:03","slug":"gpd-p2-max-2022-mini-laptop","status":"publish","type":"product","link":"https:\/\/gpdstore.net\/et\/product\/gpd-p2-max-2022-mini-laptop\/","title":{"rendered":"GPD P2 Max 2022 Mini s\u00fclearvuti"},"content":{"rendered":"\n<figure class=\"wp-block-image aligncenter\"><a href=\"https:\/\/droix.net\/wp-content\/uploads\/2022\/01\/GPD-P2-MAX-2022-MARKETING-IMAGE-1.png\"><img decoding=\"async\" src=\"https:\/\/droix.net\/wp-content\/uploads\/2022\/01\/GPD-P2-MAX-2022-MARKETING-IMAGE-1.png\" alt=\"GPD P2 Max 2022 Ultrabook n&#xE4;itab pliiatsit\" class=\"wp-image-10581\"\/><\/a><\/figure>\n\n<figure class=\"wp-block-image aligncenter\"><a href=\"https:\/\/droix.net\/wp-content\/uploads\/2022\/01\/GPD-P2-MAX-2022-MARKETING-IMAGE-2.png\"><img decoding=\"async\" src=\"https:\/\/droix.net\/wp-content\/uploads\/2022\/01\/GPD-P2-MAX-2022-MARKETING-IMAGE-2.png\" alt=\"GPD P2 Max 2022 Ultrabook n&#xE4;itab klaviatuuri\" class=\"wp-image-10582\"\/><\/a><\/figure>\n\n<figure class=\"wp-block-image aligncenter\"><a href=\"https:\/\/droix.net\/wp-content\/uploads\/2022\/01\/GPD-P2-MAX-2022-MARKETING-IMAGE-3.png\"><img decoding=\"async\" src=\"https:\/\/droix.net\/wp-content\/uploads\/2022\/01\/GPD-P2-MAX-2022-MARKETING-IMAGE-3.png\" alt=\"GPD P2 Max 2022 Ultrabook, mis n&#xE4;itab s&#xF5;rmej&#xE4;ljeandurit\" class=\"wp-image-10583\"\/><\/a><\/figure>\n\n<figure class=\"wp-block-image aligncenter\"><a href=\"https:\/\/droix.net\/wp-content\/uploads\/2022\/01\/GPD-P2-MAX-2022-MARKETING-IMAGE-4.png\"><img decoding=\"async\" src=\"https:\/\/droix.net\/wp-content\/uploads\/2022\/01\/GPD-P2-MAX-2022-MARKETING-IMAGE-4.png\" alt=\"GPD P2 Max 2022 Ultrabook n&#xE4;itab protsessorit\" class=\"wp-image-10584\"\/><\/a><\/figure>\n\n<figure class=\"wp-block-image aligncenter\"><a href=\"https:\/\/droix.net\/wp-content\/uploads\/2022\/01\/GPD-P2-MAX-2022-MARKETING-IMAGE-5.png\"><img decoding=\"async\" src=\"https:\/\/droix.net\/wp-content\/uploads\/2022\/01\/GPD-P2-MAX-2022-MARKETING-IMAGE-5.png\" alt=\"GPD P2 Max 2022 Ultrabook n&#xE4;itab USB c\" class=\"wp-image-10585\"\/><\/a><\/figure>\n\n<p><span data-contrast=\"none\">Populaarse ultrabooki v\u00e4rskendus on siin! <strong>GPD P2 Max 2022<\/strong> astub lavale koos mitmete uuendustega, mis hoiavad selle ajakohasena ja praegusel ajastul aktuaalsena! See on ideaalne kaaslane pikkadele t\u00f6\u00f6reisidele, reisivale kirjanikule ja k\u00f5ikv\u00f5imalikele muudele olukordadele.  <\/span><\/p>\n\n<p><span data-contrast=\"none\"><strong>P2 Max 2022<\/strong> s\u00fcdameks on Intel Pentium N6000. See neljatuumaline protsessor \u00fchendab endas energiat\u00f5hususe ja korraliku j\u00f5udluse. Ta saab mugavalt hakkama k\u00f5igi igap\u00e4evaste \u00fclesannetega.  <\/span><\/p>\n\n<p><span data-contrast=\"none\"><strong>16 GB LPDDR4x-m\u00e4lu<\/strong> toetab stabiilset ja usaldusv\u00e4\u00e4rset j\u00f5udlust mitme\u00fclesannete t\u00e4itmisel ja sisu tootmisel\/t\u00f6\u00f6tlemisel. Kombineerides selle <strong>1 TB kiire NVMe-m\u00e4lu<\/strong>, on teil imeliselt paindlik, kuid samas v\u00e4ga kaasaskantav t\u00f6\u00f6jaam. <\/span><\/p>\n\n<p><span data-contrast=\"none\">Mahukas <strong>8,9-tolline ekraan<\/strong> on uhke 2560x1600p resolutsiooniga, mis pakub teravat ja selget visuaalset kujutist k\u00f5igi teie saadete, fotode, videote ja muu jaoks. See ekraan on ka <strong>puutetundlik<\/strong> ja seda saab kasutada isegi pliiatsitega! <\/span><\/p>\n\n<p><span data-contrast=\"none\">Seoses \u00fchenduvusega on sellel <strong>mini s\u00fclearvutil<\/strong> just piisavalt palju v\u00f5imalusi, ilma et see oleks liiga mahukas. Kaks USB t\u00fc\u00fcp-A porti, USB t\u00fc\u00fcp-C port, 3,5 mm audioliitmik ja 3,5 mm audiopesa.   <\/span><strong><span data-contrast=\"none\">ja<\/span><\/strong><span data-contrast=\"none\">  Micro HDMI port, P2 Max 2022 on nii s\u00fcles kui ka dokkimisjaama k\u00fclge kinnitatud! Neile, kes eelistavad traadita \u00fchendust, on <strong>GPD P2 Max 2022<\/strong> varustatud Wi-Fi 6 v\u00f5rgukiiruse ja -stabiilsuse maksimumiga. <\/span>.<\/p>\n\n<p><\/p>\n","protected":false},"excerpt":{"rendered":"<ul>\n<li>Intel\u00ae Pentium\u00ae Silver N6000 protsessor<\/li>\n<li><strong>16GB LPDDR4x RAM<\/strong> @2933Mhz<\/li>\n<li><strong>8,9-tolline puuteekraan \/ s\u00f5rmej\u00e4ljelugeja<\/strong><\/li>\n<li><strong>1 TB<\/strong> PCI-E NVMe SSD<\/li>\n<li>\u00dchildub <strong>Windows 11<\/strong><\/li>\n<\/ul>\n<p> [cg_accordion title=\"MAKSUINFO\"] Me kasutame uusimat makset\u00f6\u00f6tlustehnoloogiat, mis v\u00f5imaldab teil kiiret ja turvalist maksmist Apple Pay, Google Pay, deebet-\/krediitkaardi, PayPali v\u00f5i BNPL-meetodite, nagu Klarna, Affirm v\u00f5i AfterPay kaudu.[\/cg_accordion] [cg_accordion title=\"GARANTSIOON\"] 2-aastane garantii <a href=\"https:\/\/droix.net\/\" target=\"_blank\" rel=\"nofollow noopener\">DROIX Global<\/a> ilt teie meelerahu tagamiseks.[\/cg_accordion] [cg_accordion title=\"PRICING, TAXES AND SHIPPING\"] <strong><u>M\u00e4rkus:<\/u><\/strong><\/p>\n<ul>\n<li>Ameerika \u00dchendriikide kliendid: N\u00e4idatud hind ei sisalda makse ega tollimaksu. Vastutus tollivormistuse ja sellega seotud maksude\/tollimaksude tasumise eest lasub kliendil. <\/li>\n<li>ELi kliendid: N\u00e4idatud hind sisaldab kohaldatavat maksu, mis v\u00f5ib s\u00f5ltuvalt teie riigist olla kuni 25%.<\/li>\n<li>Kanada kliendid: N\u00e4idatud hind sisaldab kohaldatavaid makse, mis v\u00f5ivad sisaldada 5% GST ja t\u00e4iendavaid provintsi m\u00fc\u00fcgimakse (PST), \u00fchtlustatud m\u00fc\u00fcgimaksu (HST) v\u00f5i Quebeci m\u00fc\u00fcgimaksu (QST), s\u00f5ltuvalt teie provintsist.<\/li>\n<\/ul>\n<p><strong>AINULT ELi klientidele:<\/strong> Express DDP (Delivered Duty Paid). See t\u00e4hendab: <\/p>\n<ul>\n<li style=\"list-style-type: none;\">\n<ul>\n<li>K\u00f5ik tollimaksud ja maksud sisalduvad toote lehel n\u00e4idatud hinnas.<\/li>\n<li>Te ei pea tarnimisel lisatasusid maksma.<\/li>\n<li>Harva esinevate tolliprobleemide korral tegeleb meie meeskond teie nimel tollivormistusega, et tagada sujuv tarne.<\/li>\n<p>Oluline teave tagastuste kohta:<\/p>\n<li>Kui te otsustate oma tellimuse tagastada v\u00f5i taotleda raha tagasi, siis pidage meeles, et teie eest DDP tingimuste alusel makstud makse ja tollimakse ei saa tagasi maksta.<\/li>\n<p>Palun vaadake meie<\/ul>\n<\/li>\n<\/ul>\n<p><a href=\"https:\/\/gpdstore.net\/et\/terms-of-service\/\" target=\"_blank\" rel=\"nofollow noopener\">Tingimused<\/a><\/p>\n<ul>\u00fcksikasjaliku teabe saamiseks.<\/ul>\n<p>[\/cg_accordion] [cg_accordion title=\"KLIENDITUGI\"]  Kas teil on k\u00fcsimus? Oleme l\u00fchikese teksti kaugusel sellest, et teie k\u00fcsimus oleks lahendatud!   [\/cg_accordion] [cg_accordion title=\"WHAT'S INCLUDED\"]<\/p>\n<ul>\n<li>1x USB Type-C kaabel<\/li>\n<li>1x toiteadapter<\/li>\n<li>1x kasutusjuhend<\/li>\n<\/ul>\n<p>[\/cg_accordion]<\/p>\n","protected":false},"featured_media":350563,"template":"","meta":{"_acf_changed":false},"product_brand":[],"product_cat":[6949,9001],"product_tag":[10166],"woo-feed-brand":[5566],"class_list":{"0":"post-350559","1":"product","2":"type-product","3":"status-publish","4":"has-post-thumbnail","6":"product_cat-gpd-mini-sulearvutid","7":"product_cat-sulearvutid","8":"product_tag-gpd-p2-max-et-2","9":"product_shipping_class-premium","10":"pa_bluetooth-5-et","11":"pa_brand-gpd","12":"pa_display-type-h-ips-et","13":"pa_graphics-gpu-model-intel-uhd-graafika","14":"pa_i-o-video-1x-usb-3-2-gen-2-type-c-kaudu","15":"pa_memory-ram-capacity-16gb-et","16":"pa_memory-ram-technology-lpddr4x-et","17":"pa_storage-capacity-1tb-et","18":"pa_wi-fi-wi-fi-6-et","19":"woo-feed-brand-gpd-et","21":"first","22":"outofstock","23":"sale","24":"taxable","25":"shipping-taxable","26":"purchasable","27":"product-type-variable","28":"has-default-attributes"},"acf":[],"aioseo_notices":[],"_links":{"self":[{"href":"https:\/\/gpdstore.net\/et\/wp-json\/wp\/v2\/product\/350559","targetHints":{"allow":["GET"]}}],"collection":[{"href":"https:\/\/gpdstore.net\/et\/wp-json\/wp\/v2\/product"}],"about":[{"href":"https:\/\/gpdstore.net\/et\/wp-json\/wp\/v2\/types\/product"}],"wp:featuredmedia":[{"embeddable":true,"href":"https:\/\/gpdstore.net\/et\/wp-json\/wp\/v2\/media\/350563"}],"wp:attachment":[{"href":"https:\/\/gpdstore.net\/et\/wp-json\/wp\/v2\/media?parent=350559"}],"wp:term":[{"taxonomy":"product_brand","embeddable":true,"href":"https:\/\/gpdstore.net\/et\/wp-json\/wp\/v2\/product_brand?post=350559"},{"taxonomy":"product_cat","embeddable":true,"href":"https:\/\/gpdstore.net\/et\/wp-json\/wp\/v2\/product_cat?post=350559"},{"taxonomy":"product_tag","embeddable":true,"href":"https:\/\/gpdstore.net\/et\/wp-json\/wp\/v2\/product_tag?post=350559"},{"taxonomy":"woo-feed-brand","embeddable":true,"href":"https:\/\/gpdstore.net\/et\/wp-json\/wp\/v2\/woo-feed-brand?post=350559"}],"curies":[{"name":"wp","href":"https:\/\/api.w.org\/{rel}","templated":true}]}}