{"id":336364,"date":"2024-07-12T12:39:31","date_gmt":"2024-07-12T12:39:31","guid":{"rendered":"https:\/\/gpdstore.net\/maaratlemata\/156-tolline-4k-kaasaskantav-monitor-koos-pliiatsi-toega\/"},"modified":"2025-12-23T10:14:00","modified_gmt":"2025-12-23T10:14:00","slug":"15-6-4k-portable-monitor-with-stylus-support","status":"publish","type":"product","link":"https:\/\/gpdstore.net\/et\/product\/15-6-4k-portable-monitor-with-stylus-support\/","title":{"rendered":"15,6-tolline 4K kaasaskantav monitor koos pliiatsi toega"},"content":{"rendered":"\n<p>Tutvustame 15,6-tollist 4K kaasaskantavat monitori: T\u00f5sta oma mobiilne vaatamiskogemus<\/p>\n\n<p>Avastage uus standard kaasaskantavate kuvarite seas 15,6-tollise 4K-kujulise kaasaskantava monitoriga. See tipptasemel ekraan on loodud neile, kes n\u00f5uavad parimat visuaalset j\u00f5udlust ja paindlikkust, ning see defineerib uuesti arvutite kasutamise teel. Olenemata sellest, kas oled digitaalne nomaad, fotograaf v\u00f5i disainer, see on sinu v\u00e4rav sujuvale tootlikkusele ja kaasahaaravale meelelahutusele, kus iganes sa ka ei r\u00e4ndaks.<\/p>\n\n<p>Kaasahaarav 4K UHD-ekraan: Teie mobiilne aken briljantsusele<\/p>\n\n<p>Kogege hingematvat selgust 15,6-tollisel 4K UHD-ekraanil. G+G t\u00e4islamineeritud puuteekraan ja 16:9 laiformaadisuhe, selle LED-taustvalgustuse tehnoloogia tagab eluj\u00f5ulised v\u00e4rvid ja teravad kontrastid, et sisu h\u00fcppaks ekraanilt v\u00e4lja. Ideaalne 4K-meedia vaatamiseks, fotode redigeerimiseks v\u00f5i graafilise disaini projektidesse sukeldumiseks, selle 3840 x 2160 eraldusv\u00f5ime ja 10-bitine v\u00e4rvis\u00fcgavus tagavad v\u00f5rratu detailsuse.<\/p>\n\n<p>Stiilne disain, intuitiivne puuteekraan: Kujundatud lihtsaks interaktsiooniks<\/p>\n\n<p>Esmaklassilisest alumiiniumsulamist valmistatud monitor \u00fchendab endas vastupidavuse ja elegantse profiili. Kitsaste raamide disain maksimeerib ekraani ruumi, luues kaasahaarava visuaalse kogemuse. T\u00e4nu tundlikule 10-punktilisele puuteekraanile on men\u00fc\u00fcdes navigeerimine, fotode redigeerimine v\u00f5i ideede visandamine loomulik ja intuitiivne.<\/p>\n\n<p>T\u00e4iustatud vaatamisr\u00f5\u00f5m: Briljantne iga nurga alt<\/p>\n\n<p>Laia 85-kraadise vaatenurgaga 15,6-tollise paneeliga saate h\u00f5lpsasti jagada oma ekraani ilma pildikvaliteeti ohverdamata. K\u00f5rge kontrastsuse suhe 1500:1 ja heledus 600 cd\/m2 tagavad s\u00fcgava musta v\u00e4rvi ja eluj\u00f5ulised v\u00e4rvid isegi h\u00e4sti valgustatud keskkonnas.<\/p>\n\n<p>Saamatu \u00fchenduvus, t\u00e4iustatud mitmek\u00fclgsus<\/p>\n\n<p>\u00dchendatavus on lihtne t\u00e4nu HDMI Mini ja C-t\u00fc\u00fcpi portidele video ja voolu \u00fclekandmiseks, mis \u00fchilduvad nutitelefonide, s\u00fclearvutite ja m\u00e4ngukonsoolidega, nagu PlayStation 5 ja Xbox. Mikro-USB-port muudab selle h\u00f5lpsasti t\u00f6\u00f6jaamaks.<\/p>\n\n<p>Vabastage loovus t\u00e4psusega<\/p>\n\n<p>Loominguliste professionaalide jaoks toetab monitor 4096-survelist pliiatsit (m\u00fc\u00fcgil eraldi), mis pakub t\u00e4pset kontrolli visandite, m\u00e4rkmete tegemise v\u00f5i fotode loomuliku lihtsusega redigeerimise jaoks.<\/p>\n\n<p>Kaasaskantav j\u00f5ujaam: Piirideta t\u00f6\u00f6 ja m\u00e4ng<\/p>\n\n<p>Sisseehitatud 10000 mAh aku v\u00f5imaldab 4-5 tundi katkematut kasutamist, mis sobib ideaalselt t\u00f6\u00f6tamiseks teel olles v\u00f5i lemmiksaadete vaatamiseks. Kompaktne ja kerge, libistub see vaevata kotti, tagades, et k\u00f5rgresolutsiooniline tootlikkus ja meelelahutus on alati k\u00e4ep\u00e4rast.<\/p>\n\n<p>Suurendage oma tootlikkust ja meelelahutust<\/p>\n\n<p>Laiendage oma ekraani pindala sujuvalt multitegutsemiseks, \u00fchendage m\u00e4ngukonsoolid kaasahaaravaks m\u00e4ngimiseks v\u00f5i nautige filme uimastava 4K UHD detailsusega &#8211; see monitor muudab iga \u00fclesande erakordseks elamuseks.<\/p>\n\n<p>Rikkalik heli, usaldusv\u00e4\u00e4rne \u00fchilduvus<\/p>\n\n<p>Kaks sisseehitatud k\u00f5larit pakuvad rikkalikku helimaastikku, mis suurendab teie vaatamisr\u00f5\u00f5mu, olgu siis filmide vaatamine, m\u00e4ngimine v\u00f5i muusika kuulamine. See \u00fchildub paljude erinevate HDMI- ja Type-C-seadmetega, kohandudes h\u00f5lpsasti teie vajadustele.<\/p>\n\n<p>M\u00f5eldud professionaalidele: Kus t\u00e4psus ja j\u00f5udlus kohtuvad<\/p>\n\n<p>Ideaalne fotograafidele ja graafilistele disaineritele, selle 4K UHD resolutsioon ja t\u00e4pne v\u00e4rvide reprodutseerimine tagavad elutruu visuaali. T\u00e4nu 100% sRGB katvusele ja 10-bitisele v\u00e4rvis\u00fcgavusele vastab see ka k\u00f5ige n\u00f5udlikumate professionaalide n\u00f5udmistele.<\/p>\n\n<p>Kerge seadistus, usaldusv\u00e4\u00e4rne ehitus<\/p>\n\n<p>Plug-and-play lihtsus, seadistamine m\u00f5ne sekundiga &#8211; ei vaja keerulisi paigaldusi. Intuitiivsed juhtimispuldid v\u00f5imaldavad teil h\u00f5lpsasti kohandada selliseid seadeid nagu heledus ja kontrastsus, tagades optimaalse mugavuse pikemaajalisel kasutamisel.<\/p>\n\n<p>Vastupidav, stiilne ja tulevikukindel<\/p>\n\n<p>See on ehitatud vastupidavaks ja elegantse alumiiniumsulamist korpusega ning pakub tugevat kaitset igap\u00e4evaseks kasutamiseks ja reisimiseks. Selle kitsa \u00e4\u00e4rega disain \u00fchendab esteetilisuse ja funktsionaalsuse, maksimeerides vaatamisr\u00f5\u00f5mu ilma h\u00e4ireteta.<\/p>\n\n<p>Kokkuv\u00f5te: M\u00e4\u00e4ratlege uuesti mobiilne vaatamine 15,6-tollise 4K kaasaskantava monitoriga<\/p>\n\n<p>Kogege mobiilse kuvari tulevikku koos 15,6-tollise 4K-kujutatava monitoriga &#8211; see on selguse, mitmek\u00fclgsuse ja kaasaskantavuse meistriteos. Kas sa lood, m\u00e4ngid v\u00f5i naudid meelelahutust, see pakub v\u00f5rratut j\u00f5udlust, kuhu iganes elu sind ka ei viiks.<\/p>\n\n<p>Plussid:<\/p>\n\n<ul class=\"wp-block-list\">\n<li>Pimestav 4K UHD ekraan<\/li>\n\n\n\n<li>Intuitiivne puuteekraani v\u00f5ime<\/li>\n\n\n\n<li>Mitmek\u00fclgsed \u00fchendusv\u00f5imalused<\/li>\n\n\n\n<li>Kerge ja kaasaskantav disain<\/li>\n\n\n\n<li>Vastupidav ja stiilne konstruktsioon<\/li>\n<\/ul>\n\n<p>Miinused:<\/p>\n\n<ul class=\"wp-block-list\">\n<li>Pliiatsit\u00fc\u00fcpi pliiatsit m\u00fc\u00fcakse eraldi<\/li>\n\n\n\n<li>Piiratud aku kasutusiga pikemaajalise kasutamise korral<\/li>\n\n\n\n<li>Sisseehitatud k\u00f5larid ei pruugi vastata audiofiilsetele standarditele<\/li>\n<\/ul>\n\n\r\n<div class=\"wp-block-jetpack-tiled-gallery aligncenter is-style-rectangular\">\r\n<div class=\"tiled-gallery__gallery\">\r\n<div class=\"tiled-gallery__row\">\r\n<div class=\"tiled-gallery__col\" style=\"flex-basis: 55.49556%;\">\r\n<figure class=\"tiled-gallery__item\"><img decoding=\"async\" src=\"https:\/\/i2.wp.com\/droix.net\/wp-content\/uploads\/2023\/04\/S23B_5-MONITOR-MARKETING-IMAGE-DONE-2.jpg?ssl=1\" alt=\"\" data-height=\"1000\" data-id=\"157015\" data-link=\"https:\/\/droix.net\/?attachment_id=157015\" data-url=\"https:\/\/droix.net\/wp-content\/uploads\/2023\/04\/S23B_5-MONITOR-MARKETING-IMAGE-DONE-2.jpg\" data-width=\"1000\" data-amp-layout=\"responsive\"><\/figure>\r\n<\/div>\r\n<div class=\"tiled-gallery__col\" style=\"flex-basis: 44.50444%;\">\r\n<figure class=\"tiled-gallery__item\"><img decoding=\"async\" src=\"https:\/\/i0.wp.com\/droix.net\/wp-content\/uploads\/2023\/04\/S23B_5-MONITOR-MARKETING-IMAGE-DONE-1.jpg?ssl=1\" alt=\"\" data-height=\"619\" data-id=\"157010\" data-link=\"https:\/\/droix.net\/?attachment_id=157010\" data-url=\"https:\/\/droix.net\/wp-content\/uploads\/2023\/04\/S23B_5-MONITOR-MARKETING-IMAGE-DONE-1.jpg\" data-width=\"1000\" data-amp-layout=\"responsive\"><\/figure>\r\n<figure class=\"tiled-gallery__item\"><img decoding=\"async\" src=\"https:\/\/i2.wp.com\/droix.net\/wp-content\/uploads\/2023\/04\/S23B_5-MONITOR-MARKETING-IMAGE-DONE-3.jpg?ssl=1\" alt=\"\" data-height=\"619\" data-id=\"157020\" data-link=\"https:\/\/droix.net\/?attachment_id=157020\" data-url=\"https:\/\/droix.net\/wp-content\/uploads\/2023\/04\/S23B_5-MONITOR-MARKETING-IMAGE-DONE-3.jpg\" data-width=\"1000\" data-amp-layout=\"responsive\"><\/figure>\r\n<\/div>\r\n<\/div>\r\n<div class=\"tiled-gallery__row\">\r\n<div class=\"tiled-gallery__col\" style=\"flex-basis: 37.61498%;\">\r\n<figure class=\"tiled-gallery__item\"><img decoding=\"async\" src=\"https:\/\/i2.wp.com\/droix.net\/wp-content\/uploads\/2023\/04\/S23B_5-MONITOR-MARKETING-IMAGE-DONE-4.jpg?ssl=1\" alt=\"\" data-height=\"1000\" data-id=\"157025\" data-link=\"https:\/\/droix.net\/?attachment_id=157025\" data-url=\"https:\/\/droix.net\/wp-content\/uploads\/2023\/04\/S23B_5-MONITOR-MARKETING-IMAGE-DONE-4.jpg\" data-width=\"1000\" data-amp-layout=\"responsive\"><\/figure>\r\n<figure class=\"tiled-gallery__item\"><img decoding=\"async\" src=\"https:\/\/i0.wp.com\/droix.net\/wp-content\/uploads\/2023\/04\/S23B_5-MONITOR-MARKETING-IMAGE-DONE-5.jpg?ssl=1\" alt=\"\" data-height=\"619\" data-id=\"157030\" data-link=\"https:\/\/droix.net\/?attachment_id=157030\" data-url=\"https:\/\/droix.net\/wp-content\/uploads\/2023\/04\/S23B_5-MONITOR-MARKETING-IMAGE-DONE-5.jpg\" data-width=\"1000\" data-amp-layout=\"responsive\"><\/figure>\r\n<\/div>\r\n<div class=\"tiled-gallery__col\" style=\"flex-basis: 62.38502%;\">\r\n<figure class=\"tiled-gallery__item\"><img decoding=\"async\" src=\"https:\/\/i0.wp.com\/droix.net\/wp-content\/uploads\/2023\/04\/S23B_5-MONITOR-MARKETING-IMAGE-DONE-6.jpg?ssl=1\" alt=\"\" data-height=\"981\" data-id=\"157035\" data-link=\"https:\/\/droix.net\/?attachment_id=157035\" data-url=\"https:\/\/droix.net\/wp-content\/uploads\/2023\/04\/S23B_5-MONITOR-MARKETING-IMAGE-DONE-6.jpg\" data-width=\"1000\" data-amp-layout=\"responsive\"><\/figure>\r\n<\/div>\r\n<\/div>\r\n<div class=\"tiled-gallery__row\">\r\n<div class=\"tiled-gallery__col\" style=\"flex-basis: 33.33333%;\">\r\n<figure class=\"tiled-gallery__item\"><img decoding=\"async\" src=\"https:\/\/i1.wp.com\/droix.net\/wp-content\/uploads\/2023\/04\/S23B_5-MONITOR-MARKETING-IMAGE-DONE-7.jpg?ssl=1\" alt=\"\" data-height=\"1000\" data-id=\"157040\" data-link=\"https:\/\/droix.net\/?attachment_id=157040\" data-url=\"https:\/\/droix.net\/wp-content\/uploads\/2023\/04\/S23B_5-MONITOR-MARKETING-IMAGE-DONE-7.jpg\" data-width=\"1000\" data-amp-layout=\"responsive\"><\/figure>\r\n<\/div>\r\n<div class=\"tiled-gallery__col\" style=\"flex-basis: 33.33333%;\">\r\n<figure class=\"tiled-gallery__item\"><img decoding=\"async\" src=\"https:\/\/i1.wp.com\/droix.net\/wp-content\/uploads\/2023\/04\/S23B_5-MONITOR-MARKETING-IMAGE-DONE-8.jpg?ssl=1\" alt=\"\" data-height=\"1000\" data-id=\"157045\" data-link=\"https:\/\/droix.net\/?attachment_id=157045\" data-url=\"https:\/\/droix.net\/wp-content\/uploads\/2023\/04\/S23B_5-MONITOR-MARKETING-IMAGE-DONE-8.jpg\" data-width=\"1000\" data-amp-layout=\"responsive\"><\/figure>\r\n<\/div>\r\n<div class=\"tiled-gallery__col\" style=\"flex-basis: 33.33333%;\">\r\n<figure class=\"tiled-gallery__item\"><img decoding=\"async\" src=\"https:\/\/i1.wp.com\/droix.net\/wp-content\/uploads\/2023\/04\/S23B_5-MONITOR-MARKETING-IMAGE-DONE-9.jpg?ssl=1\" alt=\"\" data-height=\"1000\" data-id=\"157050\" data-link=\"https:\/\/droix.net\/?attachment_id=157050\" data-url=\"https:\/\/droix.net\/wp-content\/uploads\/2023\/04\/S23B_5-MONITOR-MARKETING-IMAGE-DONE-9.jpg\" data-width=\"1000\" data-amp-layout=\"responsive\"><\/figure>\r\n<\/div>\r\n<\/div>\r\n<div class=\"tiled-gallery__row\">\r\n<div class=\"tiled-gallery__col\" style=\"flex-basis: 50.00000%;\">\r\n<figure class=\"tiled-gallery__item\"><img decoding=\"async\" src=\"https:\/\/i0.wp.com\/droix.net\/wp-content\/uploads\/2023\/04\/S23B_5-MONITOR-MARKETING-IMAGE-DONE-10.jpg?ssl=1\" alt=\"\" data-height=\"1000\" data-id=\"157055\" data-link=\"https:\/\/droix.net\/?attachment_id=157055\" data-url=\"https:\/\/droix.net\/wp-content\/uploads\/2023\/04\/S23B_5-MONITOR-MARKETING-IMAGE-DONE-10.jpg\" data-width=\"1000\" data-amp-layout=\"responsive\"><\/figure>\r\n<\/div>\r\n<div class=\"tiled-gallery__col\" style=\"flex-basis: 50.00000%;\">\r\n<figure class=\"tiled-gallery__item\"><img decoding=\"async\" src=\"https:\/\/i0.wp.com\/droix.net\/wp-content\/uploads\/2023\/04\/S23B_5-MONITOR-MARKETING-IMAGE-DONE-11.jpg?ssl=1\" alt=\"\" data-height=\"1000\" data-id=\"157060\" data-link=\"https:\/\/droix.net\/?attachment_id=157060\" data-url=\"https:\/\/droix.net\/wp-content\/uploads\/2023\/04\/S23B_5-MONITOR-MARKETING-IMAGE-DONE-11.jpg\" data-width=\"1000\" data-amp-layout=\"responsive\"><\/figure>\r\n<\/div>\r\n<\/div>\r\n<div class=\"tiled-gallery__row\">\r\n<div class=\"tiled-gallery__col\" style=\"flex-basis: 29.89199%;\">\r\n<figure class=\"tiled-gallery__item\"><img decoding=\"async\" src=\"https:\/\/i2.wp.com\/droix.net\/wp-content\/uploads\/2023\/04\/S23B_5-MONITOR-MARKETING-IMAGE-DONE-12.jpg?ssl=1\" alt=\"\" data-height=\"619\" data-id=\"157065\" data-link=\"https:\/\/droix.net\/?attachment_id=157065\" data-url=\"https:\/\/droix.net\/wp-content\/uploads\/2023\/04\/S23B_5-MONITOR-MARKETING-IMAGE-DONE-12.jpg\" data-width=\"1000\" data-amp-layout=\"responsive\"><\/figure>\r\n<figure class=\"tiled-gallery__item\"><img decoding=\"async\" src=\"https:\/\/i1.wp.com\/droix.net\/wp-content\/uploads\/2023\/04\/S23B_5-MONITOR-MARKETING-IMAGE-DONE-13.jpg?ssl=1\" alt=\"\" data-height=\"1000\" data-id=\"157070\" data-link=\"https:\/\/droix.net\/?attachment_id=157070\" data-url=\"https:\/\/droix.net\/wp-content\/uploads\/2023\/04\/S23B_5-MONITOR-MARKETING-IMAGE-DONE-13.jpg\" data-width=\"1000\" data-amp-layout=\"responsive\"><\/figure>\r\n<figure class=\"tiled-gallery__item\"><img decoding=\"async\" src=\"https:\/\/i2.wp.com\/droix.net\/wp-content\/uploads\/2023\/04\/S23B_5-MONITOR-MARKETING-IMAGE-DONE-14.jpg?ssl=1\" alt=\"\" data-height=\"822\" data-id=\"157075\" data-link=\"https:\/\/droix.net\/?attachment_id=157075\" data-url=\"https:\/\/droix.net\/wp-content\/uploads\/2023\/04\/S23B_5-MONITOR-MARKETING-IMAGE-DONE-14.jpg\" data-width=\"1000\" data-amp-layout=\"responsive\"><\/figure>\r\n<\/div>\r\n<div class=\"tiled-gallery__col\" style=\"flex-basis: 70.10801%;\">\r\n<figure class=\"tiled-gallery__item\"><img decoding=\"async\" src=\"https:\/\/i1.wp.com\/droix.net\/wp-content\/uploads\/2023\/04\/S23B_5-MONITOR-MARKETING-IMAGE-DONE-15-977x1024.jpg?ssl=1\" alt=\"\" data-height=\"1048\" data-id=\"157080\" data-link=\"https:\/\/droix.net\/?attachment_id=157080\" data-url=\"https:\/\/droix.net\/wp-content\/uploads\/2023\/04\/S23B_5-MONITOR-MARKETING-IMAGE-DONE-15-977x1024.jpg\" data-width=\"1000\" data-amp-layout=\"responsive\"><\/figure>\r\n<\/div>\r\n<\/div>\r\n<div class=\"tiled-gallery__row\">\r\n<div class=\"tiled-gallery__col\" style=\"flex-basis: 54.96322%;\">\r\n<figure class=\"tiled-gallery__item\"><img decoding=\"async\" src=\"https:\/\/i0.wp.com\/droix.net\/wp-content\/uploads\/2023\/04\/S23B_5-MONITOR-MARKETING-IMAGE-DONE-16.jpg?ssl=1\" alt=\"\" data-height=\"787\" data-id=\"157085\" data-link=\"https:\/\/droix.net\/?attachment_id=157085\" data-url=\"https:\/\/droix.net\/wp-content\/uploads\/2023\/04\/S23B_5-MONITOR-MARKETING-IMAGE-DONE-16.jpg\" data-width=\"1000\" data-amp-layout=\"responsive\"><\/figure>\r\n<\/div>\r\n<div class=\"tiled-gallery__col\" style=\"flex-basis: 45.03678%;\">\r\n<figure class=\"tiled-gallery__item\"><img decoding=\"async\" src=\"https:\/\/i1.wp.com\/droix.net\/wp-content\/uploads\/2023\/04\/S23B_5-MONITOR-MARKETING-IMAGE-DONE-17.jpg?ssl=1\" alt=\"\" data-height=\"961\" data-id=\"157090\" data-link=\"https:\/\/droix.net\/?attachment_id=157090\" data-url=\"https:\/\/droix.net\/wp-content\/uploads\/2023\/04\/S23B_5-MONITOR-MARKETING-IMAGE-DONE-17.jpg\" data-width=\"1000\" data-amp-layout=\"responsive\"><\/figure>\r\n<\/div>\r\n<\/div>\r\n<\/div>\r\n<\/div>\r\n","protected":false},"excerpt":{"rendered":"<ul>\n<li><strong>MacOS-iga<\/strong> \u00fchilduv puuteekraan<\/li>\n<li>Puuteekraaniga <strong>kaasnev pliiats<\/strong><\/li>\n<li>Kokkupandav korpus kui monitori statiiv<\/li>\n<li>Kaasaskantav ja kerge<\/li>\n<li><strong>Toiteallikaks USB<\/strong>, toetab mini-HDMI, USB Type-C<\/li>\n<\/ul>\n[cg_accordion title=\"MAKSUINFO\"]<\/p>\n<p>Me kasutame uusimat makset\u00f6\u00f6tlustehnoloogiat, mis v\u00f5imaldab teil kiiret ja turvalist maksmist Apple Pay, Google Pay, deebet-\/krediitkaardi, PayPali v\u00f5i BNPL-meetodite, nagu Klarna, Affirm v\u00f5i AfterPay kaudu.[\/cg_accordion]\n[cg_accordion title=\"GARANTSIOON\"]<\/p>\n<p>2-aastane garantii <a href=\"https:\/\/droix.net\/\" target=\"_blank\" rel=\"nofollow noopener\">DROIX Globalilt teie meelerahu tagamiseks<\/a> [\/cg_accordion]\n[cg_accordion title=\"HINNAKUJUNDUS, MAKSUD JA KOHALETOIMETAMINE\"]<\/p>\n<p><strong><u>M\u00e4rkus:<\/u><\/strong><\/p>\n<ul>\n<li>Ameerika \u00dchendriikide kliendid: N\u00e4idatud hind ei sisalda makse ega tollimaksu. Vastutus tollivormistuse ja sellega seotud maksude\/tollimaksude tasumise eest lasub kliendil. <\/li>\n<li>ELi kliendid: N\u00e4idatud hind sisaldab kohaldatavat maksu, mis v\u00f5ib s\u00f5ltuvalt teie riigist olla kuni 25%.<\/li>\n<li>Kanada kliendid: N\u00e4idatud hind sisaldab kohaldatavaid makse, mis v\u00f5ivad sisaldada 5% GST ja t\u00e4iendavaid provintsi m\u00fc\u00fcgimakse (PST), \u00fchtlustatud m\u00fc\u00fcgimaksu (HST) v\u00f5i Quebeci m\u00fc\u00fcgimaksu (QST), s\u00f5ltuvalt teie provintsist.<\/li>\n<\/ul>\n<p><strong>AINULT ELi klientidele:<\/strong> Express DDP (Delivered Duty Paid). See t\u00e4hendab: <\/p>\n<ul>\n<li>K\u00f5ik tollimaksud ja maksud sisalduvad toote lehel n\u00e4idatud hinnas.<\/li>\n<li>Te ei pea tarnimisel lisatasusid maksma.<\/li>\n<li>Harva esinevate tolliprobleemide korral tegeleb meie meeskond teie nimel tollivormistusega, et tagada sujuv tarne.<\/li>\n<p>Oluline teave tagastuste kohta:<\/p>\n<li>Kui te otsustate oma tellimuse tagastada v\u00f5i taotleda raha tagasi, siis pidage meeles, et teie eest DDP tingimuste alusel makstud makse ja tollimakse ei saa tagasi maksta.<\/li>\n<p>\u00dcksikasjalik teave <a href=\"https:\/\/gpdstore.net\/et\/terms-of-service\/\" target=\"_blank\" rel=\"nofollow noopener\">on esitatud meie Tingimustes<\/a>.\n<\/ul>\n<p>[\/cg_accordion]\n[cg_accordion title=\"KLIENDITUGI\"]<\/p>\n<p>Kas teil on k\u00fcsimus? Oleme l\u00fchikese teksti kaugusel sellest, et teie k\u00fcsimus oleks lahendatud!<br \/>\n[\/cg_accordion]\n[cg_accordion title=\"MIDA SISALDAB\"]<\/p>\n<ul>\n<li>1x toitepistik (EL\/USA)<\/li>\n<li>1x pliiats<\/li>\n<li>1x kasutusjuhend<\/li>\n<\/ul>\n<p>[\/cg_accordion]\n","protected":false},"featured_media":336554,"template":"","meta":{"_acf_changed":false},"product_brand":[],"product_cat":[5468],"product_tag":[5526,18421],"woo-feed-brand":[5121],"class_list":{"0":"post-336364","1":"product","2":"type-product","3":"status-publish","4":"has-post-thumbnail","6":"product_cat-kaasaskantavad-monitorid","7":"product_tag-30gpdsale-et","8":"product_tag-droix-portable-monitor-et","9":"product_shipping_class-standard","10":"pa_brand-droix","11":"woo-feed-brand-droix-et","13":"first","14":"outofstock","15":"sale","16":"taxable","17":"shipping-taxable","18":"purchasable","19":"product-type-variable","20":"has-default-attributes"},"acf":[],"aioseo_notices":[],"_links":{"self":[{"href":"https:\/\/gpdstore.net\/et\/wp-json\/wp\/v2\/product\/336364","targetHints":{"allow":["GET"]}}],"collection":[{"href":"https:\/\/gpdstore.net\/et\/wp-json\/wp\/v2\/product"}],"about":[{"href":"https:\/\/gpdstore.net\/et\/wp-json\/wp\/v2\/types\/product"}],"wp:featuredmedia":[{"embeddable":true,"href":"https:\/\/gpdstore.net\/et\/wp-json\/wp\/v2\/media\/336554"}],"wp:attachment":[{"href":"https:\/\/gpdstore.net\/et\/wp-json\/wp\/v2\/media?parent=336364"}],"wp:term":[{"taxonomy":"product_brand","embeddable":true,"href":"https:\/\/gpdstore.net\/et\/wp-json\/wp\/v2\/product_brand?post=336364"},{"taxonomy":"product_cat","embeddable":true,"href":"https:\/\/gpdstore.net\/et\/wp-json\/wp\/v2\/product_cat?post=336364"},{"taxonomy":"product_tag","embeddable":true,"href":"https:\/\/gpdstore.net\/et\/wp-json\/wp\/v2\/product_tag?post=336364"},{"taxonomy":"woo-feed-brand","embeddable":true,"href":"https:\/\/gpdstore.net\/et\/wp-json\/wp\/v2\/woo-feed-brand?post=336364"}],"curies":[{"name":"wp","href":"https:\/\/api.w.org\/{rel}","templated":true}]}}