{"id":259848,"date":"2024-01-23T13:57:51","date_gmt":"2024-01-23T13:57:51","guid":{"rendered":"https:\/\/gpdstore.net\/maaratlemata\/usb-4-0-type-c-kaabel\/"},"modified":"2025-12-23T10:22:42","modified_gmt":"2025-12-23T10:22:42","slug":"usb-4-0-type-c-cable","status":"publish","type":"product","link":"https:\/\/gpdstore.net\/et\/product\/usb-4-0-type-c-cable\/","title":{"rendered":"USB 4.0 Type-C kaabel"},"content":{"rendered":"\n<h3 class=\"wp-block-heading\"><strong>Parandage \u00fchenduvust meie tipptasemel USB 4.0 Type-C kaabliga<\/strong><br\/><strong>Avastage \u00f5mblusteta \u00fchenduvuse v\u00f5imsus<\/strong><\/h3>\n\n<h4 class=\"wp-block-heading\"><strong>Andmete potentsiaali vallandamine<\/strong><\/h4>\n\n<p>Vabastage andmete potentsiaal meie revolutsioonilise USB 4.0 Type-C kaabli abil. Muljetavaldava 40 Gbit\/s andmeedastuskiirusega tagab kiire failiedastuse, k\u00f5rvaldades viivitustega seotud probleemid. <\/p>\n\n<h4 class=\"wp-block-heading\"><strong>Tulevikus valmis \u00fchilduvus<\/strong><\/h4>\n\n<p>J\u00e4\u00e4ge tehnoloogia esirinnas, sest meie kaabel on \u00fchilduv Thunderbolt 3 ja 4 kaabliga. See tagab sujuva integratsiooni uusimate seadmetega, tagades, et teie \u00fchenduslahendused on ka tulevikus ajakohased. <\/p>\n\n<h4 class=\"wp-block-heading\"><strong>V\u00f5rratu v\u00f5imsus<\/strong><\/h4>\n\n<p>Meie USB 4.0 Type-C kaabel pakub tipptasemel v\u00f5imsust, pakkudes silmapaistvat 240 W. See t\u00e4hendab kiiremat laadimist ja pikemat seadme t\u00f6\u00f6aega, mis v\u00f5imaldab katkematut \u00fchenduvust. <\/p>\n\n<h4 class=\"wp-block-heading\"><strong>Sukelduge erakordsesse visuaalsesse t\u00f5ep\u00e4rasusse<\/strong><\/h4>\n\n<p>Sukeldu h\u00e4mmastava selgusega maailma, mis toetab kuni 8K-formaadis ja 60 Hz sagedusega. Iga detail tuleb ellu t\u00e4helepanuv\u00e4\u00e4rse t\u00e4psusega, mis on m\u00f5eldud k\u00f5rge resolutsiooniga sisu loojatele, m\u00e4ngijatele ja meelelahutuse entusiastidele. <\/p>\n\n<h4 class=\"wp-block-heading\"><strong>Uuenduslik energiatarbimise ekraan<\/strong><\/h4>\n\n<p>J\u00e4\u00e4ge energiatarbimise kohta kursis USB-pistikusse integreeritud ekraaniga, mis annab reaalajas teavet energiatarbimise kohta. J\u00e4lgige oma seadmete energiatarbimist, et laadimine oleks t\u00f5husam ja kontrollitavam. <\/p>\n\n<h4 class=\"wp-block-heading\"><strong>Teie vajadustele kohandatud lahendused<\/strong><\/h4>\n\n<p>Valige pikkus, mis sobib teie seadistusega k\u00f5ige paremini, valikus on 0,8M ja 1,5M pikkune standardkaabel v\u00f5i L-kujuline kaabel, mis on samuti saadaval 0,8M ja 1,5M variandina. Olenemata sellest, kas peate esmat\u00e4htsaks paindlikkust v\u00f5i vajate ruumi s\u00e4\u00e4stvat lahendust, meie USB 4.0 Type-C kaabel vastab teie \u00fchendusvajadustele. <\/p>\n\n<h4 class=\"wp-block-heading\"><strong>Kogemused \u00fchenduvus ilma kompromissideta<\/strong><\/h4>\n\n<p>Meie USB 4.0 Type-C kaabel, mis on valmistatud t\u00e4pselt ja asjatundlikult, on parim kaaslane tehnikahuvilistele, loomingulistele professionaalidele ja igap\u00e4evastele kasutajatele, kes n\u00f5uavad oma \u00fchenduslahendustelt tipptaset. USB 4.0 Type-C kaabliga avaneb piirideta v\u00f5imaluste maailm. <\/p>\n","protected":false},"excerpt":{"rendered":"<ul>\n<li><strong>40Gbps<\/strong> andmeedastuskiirus<\/li>\n<li>Thunderbolt <strong>3<\/strong> ja <strong>4<\/strong><\/li>\n<li>Kuni <strong>240W<\/strong> v\u00f5imsus<\/li>\n<li>Toetab kuni <strong>8K @ 60Hz<\/strong> videov\u00e4ljundit<\/li>\n<li>Sisseehitatud <strong>v\u00f5imsuse n\u00e4idik<\/strong><\/li>\n<\/ul>\n[cg_accordion title=\"MAKSUINFO\"]<\/p>\n<p>Me kasutame uusimat tehnoloogiat makset\u00f6\u00f6tluses, mis v\u00f5imaldab teil kiiret ja turvalist maksekorraldust oma deebet-\/ krediitkaardi v\u00f5i PayPali kaudu.[\/cg_accordion]\n[cg_accordion title=\"GARANTSIOON\"]<\/p>\n<p>2-aastane garantii <a href=\"https:\/\/droix.net\/\" target=\"_blank\" rel=\"nofollow noopener\">DROIX Globalilt teie meelerahu tagamiseks<\/a> [\/cg_accordion]\n[cg_accordion title=\"HINNAKUJUNDUS, MAKSUD JA KOHALETOIMETAMINE\"]<\/p>\n<p><strong><u>M\u00e4rkus:<\/u><\/strong><\/p>\n<ul>\n<li>Ameerika \u00dchendriikide kliendid: N\u00e4idatud hind ei sisalda makse ega tollimaksu. Vastutus tollivormistuse ja sellega seotud maksude\/tollimaksude tasumise eest lasub kliendil. <\/li>\n<li>ELi kliendid: N\u00e4idatud hind sisaldab kohaldatavat maksu, mis v\u00f5ib s\u00f5ltuvalt teie riigist olla kuni 25%.<\/li>\n<li>Kanada kliendid: N\u00e4idatud hind sisaldab kohaldatavaid makse, mis v\u00f5ivad sisaldada 5% GST ja t\u00e4iendavaid provintsi m\u00fc\u00fcgimakse (PST), \u00fchtlustatud m\u00fc\u00fcgimaksu (HST) v\u00f5i Quebeci m\u00fc\u00fcgimaksu (QST), s\u00f5ltuvalt teie provintsist.<\/li>\n<\/ul>\n<p><strong>AINULT ELi klientidele:<\/strong> Express DDP (Delivered Duty Paid). See t\u00e4hendab: <\/p>\n<ul>\n<li>K\u00f5ik tollimaksud ja maksud sisalduvad toote lehel n\u00e4idatud hinnas.<\/li>\n<li>Te ei pea tarnimisel lisatasusid maksma.<\/li>\n<li>Harva esinevate tolliprobleemide korral tegeleb meie meeskond teie nimel tollivormistusega, et tagada sujuv tarne.<\/li>\n<p>Oluline teave tagastuste kohta:<\/p>\n<li>Kui te otsustate oma tellimuse tagastada v\u00f5i taotleda raha tagasi, siis pidage meeles, et teie eest DDP tingimuste alusel makstud makse ja tollimakse ei saa tagasi maksta.<\/li>\n<p>\u00dcksikasjalik teave <a href=\"https:\/\/droix.net\/terms-and-conditions\/\" target=\"_blank\" rel=\"nofollow noopener\">on esitatud meie Tingimustes<\/a>.\n<\/ul>\n<p>[\/cg_accordion]\n[cg_accordion title=\"KLIENDITUGI\"]<\/p>\n<p>Kas teil on k\u00fcsimus? Oleme l\u00fchikese teksti kaugusel sellest, et teie k\u00fcsimus oleks lahendatud! <\/p>\n<p>\u00dcksikasjalik teave <a href=\"https:\/\/gpdstore.net\/et\/terms-of-service\/\" target=\"_blank\" rel=\"nofollow noopener\">on esitatud meie Tingimustes<\/a>.\n<\/ul>\n<p>[\/cg_accordion]\n[cg_accordion title=\"MIDA SISALDAB\"]<\/p>\n<ul>\n<li>1x USB 4.0 Type-C kaabel<\/li>\n<\/ul>\n<p>[\/cg_accordion]\n","protected":false},"featured_media":260831,"template":"","meta":{"_acf_changed":false},"product_brand":[],"product_cat":[5039],"product_tag":[18349,9452],"woo-feed-brand":[5121],"class_list":{"0":"post-259848","1":"product","2":"type-product","3":"status-publish","4":"has-post-thumbnail","6":"product_cat-tarvikud","7":"product_tag-40bfsale-et","8":"product_tag-uld-lisatarvikud","9":"product_shipping_class-low-end","10":"pa_accessory-type-kaabel","11":"pa_i-o-video-1x-usb-4-0-type-c-dp-kaudu-8k60hz","12":"woo-feed-brand-droix-et","14":"first","15":"outofstock","16":"sale","17":"taxable","18":"shipping-taxable","19":"purchasable","20":"product-type-variable","21":"has-default-attributes"},"acf":[],"aioseo_notices":[],"_links":{"self":[{"href":"https:\/\/gpdstore.net\/et\/wp-json\/wp\/v2\/product\/259848","targetHints":{"allow":["GET"]}}],"collection":[{"href":"https:\/\/gpdstore.net\/et\/wp-json\/wp\/v2\/product"}],"about":[{"href":"https:\/\/gpdstore.net\/et\/wp-json\/wp\/v2\/types\/product"}],"wp:featuredmedia":[{"embeddable":true,"href":"https:\/\/gpdstore.net\/et\/wp-json\/wp\/v2\/media\/260831"}],"wp:attachment":[{"href":"https:\/\/gpdstore.net\/et\/wp-json\/wp\/v2\/media?parent=259848"}],"wp:term":[{"taxonomy":"product_brand","embeddable":true,"href":"https:\/\/gpdstore.net\/et\/wp-json\/wp\/v2\/product_brand?post=259848"},{"taxonomy":"product_cat","embeddable":true,"href":"https:\/\/gpdstore.net\/et\/wp-json\/wp\/v2\/product_cat?post=259848"},{"taxonomy":"product_tag","embeddable":true,"href":"https:\/\/gpdstore.net\/et\/wp-json\/wp\/v2\/product_tag?post=259848"},{"taxonomy":"woo-feed-brand","embeddable":true,"href":"https:\/\/gpdstore.net\/et\/wp-json\/wp\/v2\/woo-feed-brand?post=259848"}],"curies":[{"name":"wp","href":"https:\/\/api.w.org\/{rel}","templated":true}]}}