{"id":258782,"date":"2023-11-29T11:23:37","date_gmt":"2023-11-29T11:23:37","guid":{"rendered":"https:\/\/gpdstore.net\/maaratlemata\/gpd-g1-2024-egpu-dokkimisjaam\/"},"modified":"2026-03-27T11:13:27","modified_gmt":"2026-03-27T11:13:27","slug":"gpd-g1","status":"publish","type":"product","link":"https:\/\/gpdstore.net\/et\/product\/gpd-g1\/","title":{"rendered":"GPD G1 (2024) eGPU dokkimisjaam"},"content":{"rendered":"\n<figure class=\"wp-block-image aligncenter size-full\"><img decoding=\"async\" src=\"https:\/\/gpdstore.net\/wp-content\/uploads\/\" alt=\"Pilt GPD G1 2024 eGPU dokkimisjaamast, millel on AMD Radeon RX 7600M XT GPU, TGP Toggle Switch ja mitmek&#xFC;lgne &#xFC;henduvus. Sobib ideaalselt m&#xE4;ngijatele ja professionaalidele. Eel tellige n&#xFC;&#xFC;d revolutsiooniliste v&#xF5;imaluste saamiseks\" class=\"wp-image-1471\"\/><\/figure>\n\n<h2 class=\"wp-block-heading\"><strong>GPD G1 2024 eGPU dokkimisjaam: Revolutsiooniline h\u00fcpe<\/strong><\/h2>\n\n<p>GPD G1 2024 eGPU dokkimisjaam kujutab endast olulist h\u00fcpet v\u00e4lise graafikaprotsessori maailmas. See dokkimisjaam on m\u00f5eldud kasutajatele, kes vajavad nii liikuvust kui ka suure j\u00f5udlusega arvutusi, ning see m\u00e4\u00e4ratleb uuesti eGPU-t\u00f6\u00f6stuse standardid. Tipptasemel tehnoloogia, sealhulgas AMD Radeon RX 7600M XT graafikakaart, ja uuenduslikud funktsioonid, nagu TGP Toggle Switch, teevad GPD G1 eGPU dokkimisjaama sobivaks nii m\u00e4ngijatele kui ka professionaalidele. Selle elegantne ja kaasaskantav disain mitte ainult ei t\u00e4iusta teie t\u00f6\u00f6ruumi, vaid pakub ka v\u00f5imsat j\u00f5udlust, kus iganes te ka viibite. Koos GPD G1, v\u00f5tke vastu meelelahutuse ja tootlikkuse tulevik ilma kompromissideta.    <\/p>\n\n<figure class=\"wp-block-gallery has-nested-images columns-default is-cropped wp-block-gallery-1 is-layout-flex wp-block-gallery-is-layout-flex\">\n<figure class=\"wp-block-image size-large\"><img decoding=\"async\" data-id=\"1494\" src=\"https:\/\/gpdstore.net\/wp-content\/uploads\/\" alt=\"Pildil on kujutatud GPD G1 pihuarvuti, mis on &#xFC;hendatud WIN Max 2 s&#xFC;learvutiga, kusjuures m&#xF5;lemad seadmed on &#xFC;hendatud v&#xE4;lismonitoridega laiendatud ekraani seadistamiseks.\" class=\"wp-image-1494\"\/><\/figure>\n\n\n\n<figure class=\"wp-block-image size-large\"><img decoding=\"async\" data-id=\"1493\" src=\"https:\/\/gpdstore.net\/wp-content\/uploads\/\" alt=\"Pildil kujutatud GPD G1 pihuarvuti, mis on &#xFC;hendatud WIN 4 s&#xFC;learvutiga koos v&#xE4;liste monitoridega, v&#xF5;imaldades mitme ekraani kasutamist.\" class=\"wp-image-1493\"\/><\/figure>\n\n\n\n<figure class=\"wp-block-image size-large\"><img decoding=\"async\" data-id=\"1467\" src=\"https:\/\/gpdstore.net\/wp-content\/uploads\/\" alt=\"Pildil on kujutatud GPD G1 pihuarvuti, mis on &#xFC;hendatud GPD Pocket 3 seadmega, kusjuures m&#xF5;lemad seadmed on &#xFC;hendatud v&#xE4;lismonitoridega mitme kuvariga konfiguratsiooni jaoks.\" class=\"wp-image-1467\"\/><\/figure>\n\n\n\n<figure class=\"wp-block-image size-large\"><img decoding=\"async\" data-id=\"1464\" src=\"https:\/\/gpdstore.net\/wp-content\/uploads\/\" alt=\"GPD G1 2024, elegantse pihuarvuti, millel on eluj&#xF5;uline ekraan, ergonoomilised juhtimisseadmed ja kaasaegne disain.\" class=\"wp-image-1464\"\/><\/figure>\n\n\n\n<figure class=\"wp-block-image size-large\"><img fetchpriority=\"high\" decoding=\"async\" width=\"1000\" height=\"1000\" data-id=\"1465\" src=\"https:\/\/gpdstore.net\/wp-content\/uploads\/2024\/05\/GPD-G1_2024-USAGE-IMAGE-5.jpg\" alt=\"Pilt GPD G1 pihuarvutist, mis on &#xFC;hendatud s&#xFC;learvutiga.\" class=\"wp-image-1465\" srcset=\"https:\/\/gpdstore.net\/wp-content\/uploads\/2024\/05\/GPD-G1_2024-USAGE-IMAGE-5.jpg 1000w, https:\/\/gpdstore.net\/wp-content\/uploads\/2024\/05\/GPD-G1_2024-USAGE-IMAGE-5-600x600.jpg 600w, https:\/\/gpdstore.net\/wp-content\/uploads\/2024\/05\/GPD-G1_2024-USAGE-IMAGE-5-150x150.jpg 150w, https:\/\/gpdstore.net\/wp-content\/uploads\/2024\/05\/GPD-G1_2024-USAGE-IMAGE-5-768x768.jpg 768w, https:\/\/gpdstore.net\/wp-content\/uploads\/2024\/05\/GPD-G1_2024-USAGE-IMAGE-5-990x990.jpg 990w, https:\/\/gpdstore.net\/wp-content\/uploads\/2024\/05\/GPD-G1_2024-USAGE-IMAGE-5-441x441.jpg 441w, https:\/\/gpdstore.net\/wp-content\/uploads\/2024\/05\/GPD-G1_2024-USAGE-IMAGE-5-100x100.jpg 100w\" sizes=\"(max-width: 1000px) 100vw, 1000px\" \/><\/figure>\n\n\n\n<figure class=\"wp-block-image size-large\"><img decoding=\"async\" data-id=\"1466\" src=\"https:\/\/gpdstore.net\/wp-content\/uploads\/\" alt=\"GPD G1 2024 eGPU dokkimisjaam: AMD Radeon RX 7600M XT GPU, TGP Toggle Switch ja mitmek&#xFC;lgne &#xFC;henduvus. Ideaalne m&#xE4;ngijatele ja professionaalidele. \" class=\"wp-image-1466\"\/><\/figure>\n<\/figure>\n\n<div class=\"wp-block-columns is-layout-flex wp-container-core-columns-is-layout-28f84493 wp-block-columns-is-layout-flex\">\n<div class=\"wp-block-column is-layout-flow wp-block-column-is-layout-flow\" style=\"flex-basis:66.66%\">\n<figure class=\"wp-block-image size-full\"><img decoding=\"async\" src=\"https:\/\/gpdstore.net\/wp-content\/uploads\/\" alt=\"Pilt, mis tutvustab GPD G1 2024 eGPU dokkimisjaama, r&#xF5;hutades selle AMD Radeon RX 7600M XT GPU-d, TGP Toggle Switch'i ja mitmek&#xFC;lgseid &#xFC;hendusv&#xF5;imalusi. Sobib ideaalselt m&#xE4;ngijatele ja professionaalidele, kes otsivad v&#xF5;rratut j&#xF5;udlust ja elegantset disaini. \" class=\"wp-image-995\"\/><\/figure>\n<\/div>\n\n\n\n<div class=\"wp-block-column is-layout-flow wp-block-column-is-layout-flow\" style=\"flex-basis:33.33%\">\n<h2 class=\"wp-block-heading has-text-align-left\"><strong>GPD G1 2024 &#8211;<\/strong> <strong><strong>V\u00e4ikseim graafikakaardi laiendusdokk <\/strong><\/strong> <\/h2>\n\n\n\n<p>eGPU dokkimisjaam seab uued tehnoloogiastandardid, pakkudes v\u00f5rratut j\u00f5udlust, disaini ja funktsionaalsust. T\u00e4nu v\u00f5imsale AMD Radeon RX 7600M XT GPU-le, uuenduslikule TGP Toggle Switchile ja mitmek\u00fclgsetele \u00fchendusv\u00f5imalustele on see parim lahendus m\u00e4ngijatele ja professionaalidele. Tellige GPD G1 2024 eGPU dokkimisjaam ette juba t\u00e4na ja olge esimeste seas, kes selle murrangulisi funktsioone kogevad. Astu tulevikku koos GPD G1 &#8211; kus j\u00f5udlus kohtub kaasaskantavusega.   <\/p>\n<\/div>\n<\/div>\n\n<h2 class=\"wp-block-heading has-text-align-center\">J\u00e4rgmise p\u00f5lvkonna j\u00f5udluse kontroll: TGP ja \u00fchenduvus v\u00f5imsatele kasutajatele<\/h2>\n\n<div class=\"wp-block-columns is-layout-flex wp-container-core-columns-is-layout-28f84493 wp-block-columns-is-layout-flex\">\n<div class=\"wp-block-column is-layout-flow wp-block-column-is-layout-flow\">\n<figure class=\"wp-block-image size-full is-resized\"><img decoding=\"async\" src=\"https:\/\/gpdstore.net\/wp-content\/uploads\/\" alt=\"Pilt GPD G1 2024 eGPU dokkimisjaamast, millel on AMD Radeon RX 7600M XT GPU, TGP Toggle Switch t&#xE4;iustatud j&#xF5;udluse kontrollimiseks ja mitmek&#xFC;lgne &#xFC;henduvus. Sobib ideaalselt m&#xE4;ngijatele ja professionaalidele. Tellige n&#xFC;&#xFC;d revolutsiooniliste v&#xF5;imaluste eel.\" class=\"wp-image-1510\" style=\"width:281px;height:auto\"\/><\/figure>\n\n\n\n<h3 class=\"wp-block-heading\"><strong>Vaikne re\u017eiim vs. t\u00e4iustatud j\u00f5udlus: TGP vahelduvl\u00fcliti (60W\/100W) optimeerib teie kogemust.<\/strong><\/h3>\n\n\n\n<p>Eksklusiivne \u201eTGP Toggle Key\u201c, m\u00e4ngimise ajal saab vabalt vahetada vaikse ja v\u00f5imsusre\u017eiimi vahel.<br\/>TGP Toggle Switch v\u00f5imaldab kasutajatel valida vaikse re\u017eiimi (60W TGP) vahel, mis tagab v\u00e4iksema m\u00fcra ja normaalse re\u017eiimi (100W TGP) vahel, mis tagab suurema v\u00f5imsuse, pakkudes paindlikkust vastavalt kasutajate vajadustele.<\/p>\n<\/div>\n\n\n\n<div class=\"wp-block-column is-layout-flow wp-block-column-is-layout-flow\">\n<figure class=\"wp-block-image size-full is-resized\"><img decoding=\"async\" src=\"https:\/\/gpdstore.net\/wp-content\/uploads\/\" alt=\"Pilt GPD G1 2024 M.2 NVMe protokolliga Oculink SFF-8612 liidesedapteri kaardist, mis pakub kompaktset laiendust graafikakaartidele. \" class=\"wp-image-1507\" style=\"width:284px;height:auto\"\/><\/figure>\n\n\n\n<h3 class=\"wp-block-heading\"><strong>Oculinki eelis: Miks SFF-8612 liides pakub eGPU-de jaoks parimat ribalaiust<\/strong><\/h3>\n\n\n\n<p>ITX emaplaadid, nagu Z690I, pakuvad tavaliselt kolme M.2 liidest, millest \u00fchte saab kasutada adapterkaardi \u00fchendamiseks. Seej\u00e4rel saab kasutada Oculink SF-8611 kaheportilist kaablit, et \u00fchendada adapterkaardi Oculink SFF-8612 liides GPD G1&#8217;s Oculink SFF-8612 liidesega. <\/p>\n<\/div>\n\n\n\n<div class=\"wp-block-column is-layout-flow wp-block-column-is-layout-flow\">\n<figure class=\"wp-block-image size-full is-resized\"><img decoding=\"async\" src=\"https:\/\/gpdstore.net\/wp-content\/uploads\/\" alt=\"Pilt GPD G1 2024 SFF-8612 liideseadapterkaardist, mis on v&#xE4;ikseim graafikakaardi laiendusdokk.\" class=\"wp-image-1508\" style=\"width:227px;height:auto\"\/><\/figure>\n\n\n\n<h3 class=\"wp-block-heading\"><strong>Poolk\u00f5rguse probleemi lahendamine: pika ja l\u00fchikese klambri kasutamine graafikakaardi paigaldamiseks<\/strong><\/h3>\n\n\n\n<p>ITX-korpusesse sobivad poolk\u00f5rgused graafikakaardid on haruldased ja suure j\u00f5udlusega poolk\u00f5rgused graafikakaardid on peaaegu olematud. Seet\u00f5ttu saate paigaldada PCIe 3.0 x4 Oculink SFF-8612 liidesedapterkaardi, et \u00fchendada GPD G1. Pika ja l\u00fchikese klambri saab h\u00f5lpsasti asendada.  <\/p>\n\n\n\n<h3 class=\"wp-block-heading\"><strong><br\/><\/strong><\/h3>\n<\/div>\n<\/div>\n\n<h2 class=\"wp-block-heading\"><strong>Toote \u00fclevaade<\/strong><\/h2>\n\n<p>GPD G1 2024 eGPU dokkimisjaam kehastab tehnoloogilist arengut ja ergonoomilist disaini. Toetatud AMD Radeon RX 7600M XT GPU ja RDNA 3.0 arhitektuuriga, pakub see v\u00f5rratut graafilist j\u00f5udlust, mis sobib AAA-m\u00e4ngude m\u00e4ngimiseks kuni 4K-eraldusv\u00f5imega. Alates tipptasemel j\u00f5udlust otsivatest m\u00e4nguhuvilistest kuni professionaalideni, kes vajavad arvutusv\u00f5imsust ka teel olles, rahuldab see seade erinevaid kasutajaid.  <\/p>\n\n<figure class=\"wp-block-image size-full\"><img decoding=\"async\" src=\"https:\/\/gpdstore.net\/wp-content\/uploads\/\" alt=\"Pilt GPD G1 2024 eGPU dokkimisjaamast koos AMD Radeon RX 7600M XT GPUga, TGP vahelduvl&#xFC;litiga ja  \" class=\"wp-image-1511\"\/><\/figure>\n\n<p>GPD G1 2024 eGPU dokkimisjaam pakub erakordselt mitmek\u00fclgset kasutusv\u00f5imalust t\u00e4nu OcuLink ja USB 4 \u00fchendusv\u00f5imalustele, mis toetavad paljusid pihuarvuteid ja -seadmeid. Kompaktne ja kerge disain, mille m\u00f5\u00f5tmed on vaid 22,5 \u00d7 11,1 \u00d7 3,0 cm ja kaal 920 g, tagab kaasaskantavuse ilma j\u00f5udluse arvelt j\u00e4releandmisi tegemata. Olenemata sellest, kas oled kodus v\u00f5i teel, GPD G1 eGPU dokkimisjaam parandab nii m\u00e4ngusessioone kui ka tootlikkuse \u00fclesandeid h\u00f5lpsasti. Lisaks laiendab selle \u00fchilduvus ROG ALLY X-iga selle kasutatavust rohkemates m\u00e4ngus\u00fcsteemides.   <\/p>\n\n<figure class=\"wp-block-image aligncenter size-full\"><img decoding=\"async\" width=\"900\" height=\"559\" src=\"https:\/\/gpdstore.net\/wp-content\/uploads\/2024\/05\/3-1.png\" alt=\"GPD G1 eGPU m&#xF5;&#xF5;tmed: Kompaktne ja ruumis&#xE4;&#xE4;stlik, mis v&#xF5;imaldab sujuvat integreerimist.\" class=\"wp-image-1512\" srcset=\"https:\/\/gpdstore.net\/wp-content\/uploads\/2024\/05\/3-1.png 900w, https:\/\/gpdstore.net\/wp-content\/uploads\/2024\/05\/3-1-600x373.png 600w, https:\/\/gpdstore.net\/wp-content\/uploads\/2024\/05\/3-1-768x477.png 768w, https:\/\/gpdstore.net\/wp-content\/uploads\/2024\/05\/3-1-320x200.png 320w, https:\/\/gpdstore.net\/wp-content\/uploads\/2024\/05\/3-1-360x224.png 360w, https:\/\/gpdstore.net\/wp-content\/uploads\/2024\/05\/3-1-441x274.png 441w, https:\/\/gpdstore.net\/wp-content\/uploads\/2024\/05\/3-1-150x93.png 150w\" sizes=\"(max-width: 900px) 100vw, 900px\" \/><\/figure>\n\n<h2 class=\"wp-block-heading\"><strong>\u00dcksikasjalikud omadused<\/strong><\/h2>\n\n<p><strong>Tulemused:<\/strong> GPD G1 2024 dokkimisjaam on ehitatud k\u00f5ige n\u00f5udlikumate m\u00e4ngu- ja loovrakenduste n\u00f5udmistele, sisaldades AMD Radeon RX 7600M XT GPU-d, mille 32 arvutus\u00fcksust on taktitud kuni 2300Mhz ja 8GB GDDR6 m\u00e4lu. Seadme sisseehitatud 240W GaN-laadija pakub piisavalt energiat p\u00fcsiva j\u00f5udluse tagamiseks. <\/p>\n\n<p><strong>Graafika j\u00f5udlus:<\/strong> GPD G1 erakordse j\u00f5udluse keskmes on selle graafikaprotsessor. See on v\u00f5imeline juhtima m\u00e4nge ja rakendusi kuni 4K resolutsiooniga, pakkudes elavat visuaali ja sujuvat m\u00e4ngimist, mis sobib ideaalselt AAA-t\u00fc\u00fcpi m\u00e4ngude jaoks. <\/p>\n\n<figure class=\"wp-block-image aligncenter size-full\"><img decoding=\"async\" src=\"https:\/\/gpdstore.net\/wp-content\/uploads\/\" alt=\"Pilt GPD G1 2024 eGPU dokkimisjaamast, millel on AMD Radeon RX 7600M XT GPU, TGP Toggle Switch ja mitmek&#xFC;lgsed &#xFC;hendusv&#xF5;imalused. Ideaalne m&#xE4;ngijatele ja professionaalidele.  Tellige n&#xFC;&#xFC;d revolutsiooniliste v&#xF5;imaluste eel.\" class=\"wp-image-1505\"\/><\/figure>\n\n<h2 class=\"wp-block-heading\"><strong>Uuendatud HDMI- ja USB-pordid<\/strong><\/h2>\n\n<p>GPD G1 2024 eGPU mudelil on uuendatud HDMI 2.1 port, mis toetab 4K 120Hz v\u00e4ljundit ja USB 4 port 65W v\u00e4ljundv\u00f5imsusega, mis parandab visuaalset kvaliteeti ja seadmete \u00fchilduvust.<\/p>\n\n<h2 class=\"wp-block-heading\"><strong>Kasutajakogemus<\/strong><\/h2>\n\n<p>GPD G1 m\u00e4\u00e4ratleb kasutajakogemuse uuesti, pakkudes lauaarvuti tasemel m\u00e4ngutehnikat kaasaskantavas formaadis. T\u00e4nu mitmele USB-pordile ning HDMI- ja kahele DisplayPort-v\u00e4ljundile saavad kasutajad luua kaasahaaravaid m\u00e4ngukomplekte v\u00f5i produktiivseid multitasking-keskkondi. Seadme ergonoomiline disain ja lihtne seadistamisprotsess tagavad, et kasutajad saavad m\u00e4ngimise v\u00f5i t\u00f6\u00f6tamisega alustada m\u00f5ne minutiga.  <\/p>\n\n<div class=\"wp-block-columns is-layout-flex wp-container-core-columns-is-layout-28f84493 wp-block-columns-is-layout-flex\">\n<div class=\"wp-block-column is-layout-flow wp-block-column-is-layout-flow\" style=\"flex-basis:100%\">\n<h2 class=\"wp-block-heading\"><strong>Kokkuv\u00f5te<\/strong><\/h2>\n<\/div>\n<\/div>\n\n<p>GPD G1 2024 eGPU dokkimisjaam on tehnoloogilise innovatsiooni eestvedaja, \u00fchendades suurep\u00e4rase j\u00f5udluse, elegantse disaini ja erakordse funktsionaalsuse. See on varustatud suurejoonelise AMD Radeon RX 7600M XT GPU ja teedrajava TGP Toggle Switchiga, pakub mitmek\u00fclgseid \u00fchendusv\u00f5imalusi ja \u00fchildub ROG ALLY X-ga. GPD G1 eGPU dokkimisjaam on l\u00f5plik valik neile, kes soovivad m\u00e4ngude ja tootlikkuse k\u00f5rgeimat taset. Astuge meelelahutuse tulevikku seadmega, mis vabaneb tavap\u00e4raste arvutite piirangutest.  <\/p>\n\n<h2 class=\"wp-block-heading has-text-align-center\">Parim arvutim\u00e4ngude pihuarvuti GPD G1 jaoks<\/h2>\n\n<p>GPD G1 2024 on tipptasemel eGPU, mis t\u00f5stab m\u00e4rkimisv\u00e4\u00e4rselt erinevate arvutikonsoolide m\u00e4ngut\u00f5husust, muutes selle ideaalseks lisaseadmeks GPD Win Max 2 2024, Win 4 2024 ja Win Mini 2024 jaoks. GPD Win Max 2 2024 on varustatud suure 10,1-tollise ekraani, v\u00f5imsa Intel 12. p\u00f5lvkonna protsessori ja t\u00e4issuuruses klaviatuuriga, pakkudes mitmek\u00fclgset lahendust nii m\u00e4ngimiseks kui ka tootlikkuseks. GPD Win 4 2024-l on kompaktne disain koos v\u00e4lja l\u00fckatava klaviatuuriga ning selle j\u00f5uallikaks on AMD Ryzen 7 7840U protsessor, mis loob t\u00e4iusliku tasakaalu kaasaskantavuse ja v\u00f5imsuse vahel. GPD Win Mini 2024, uusim ja v\u00e4ikseim mudelivalikus, pakub oma t\u00f5husa disaini ja tipptasemel sisemuse t\u00f5ttu muljetavaldavat j\u00f5udlust, mis teeb sellest ideaalse valiku liikuvatele m\u00e4ngijatele. Koos GPD G1 2024 seadmetega muutuvad need seadmed kaasaskantavateks m\u00e4nguj\u00f5ududeks, mis suudavad h\u00f5lpsasti hakkama saada uusimate AAA-m\u00e4ngude m\u00e4ngude m\u00e4ngimisega ning pakuvad sujuvat ja kaasahaaravat m\u00e4ngukogemust.    <\/p>\n","protected":false},"excerpt":{"rendered":"<ul>\n<li>GPU: AMD Radeon\u2122<strong> RX 7600M XT<\/strong> eGPU: AMD Radeon\u2122<strong> RX 7600M XT<\/strong> eGPU  <\/li>\n<li>KOMPATIBILITEET:<strong> OCuLink, USB 4, Thunderbolt 3 &amp; 4<\/strong><\/li>\n<li>OCULINK:<strong> PCI Express \u00fchenduvus<\/strong><\/li>\n<li>USB 4:<strong> kuni 40 Gbps<\/strong><\/li>\n<li>M\u00f5eldud: <strong>GPD WIN<\/strong> MAX 2, WIN 4, WIN Mini, ROG Ally X  <\/li>\n<\/ul>\n[cg_accordion title=\"MAKSUINFO\"]<\/p>\n<p>Me kasutame uusimat tehnoloogiat makset\u00f6\u00f6tluses, mis v\u00f5imaldab teil kiiret ja turvalist maksekorraldust oma deebet-\/ krediitkaardi v\u00f5i PayPali kaudu.[\/cg_accordion]\n[cg_accordion title=\"GARANTSIOON\"]<\/p>\n<p>2-aastane garantii <a href=\"https:\/\/droix.net\/\" target=\"_blank\" rel=\"nofollow noopener\">DROIX Globalilt teie meelerahu tagamiseks<\/a> [\/cg_accordion]\n[cg_accordion title=\"KVALITEEDI TAGAMINE JA L\u00c4HETAMISEELNE TESTIMINE\"]<\/p>\n<p>Klientide rahulolu tagamine k\u00f5rgeimal tasemel: Iga seade l\u00e4bib enne saatmist ranged testid ja mitmepunktilise kvaliteedikontrolli. Meie p\u00fchendunud meeskond kontrollib j\u00f5udlust, funktsionaalsust ja komponentide terviklikkust, et tagada, et teie GPD-seade on saabumisel t\u00e4iuslikus t\u00f6\u00f6korras, tagades teile kindlustunde ja meelerahu. [\/cg_accordion]\n[cg_accordion title=\"HINNAKUJUNDUS, MAKSUD JA KOHALETOIMETAMINE\"]<\/p>\n<p><strong><u>M\u00e4rkus:<\/u><\/strong><\/p>\n<ul>\n<li>Ameerika \u00dchendriikide kliendid: N\u00e4idatud hind ei sisalda makse ega tollimaksu. Vastutus tollivormistuse ja sellega seotud maksude\/tollimaksude tasumise eest lasub kliendil. <\/li>\n<li>ELi kliendid: N\u00e4idatud hind sisaldab kohaldatavat maksu, mis v\u00f5ib s\u00f5ltuvalt teie riigist olla kuni 25%.<\/li>\n<li>Kanada kliendid: N\u00e4idatud hind sisaldab kohaldatavaid makse, mis v\u00f5ivad sisaldada 5% GST ja t\u00e4iendavaid provintsi m\u00fc\u00fcgimakse (PST), \u00fchtlustatud m\u00fc\u00fcgimaksu (HST) v\u00f5i Quebeci m\u00fc\u00fcgimaksu (QST), s\u00f5ltuvalt teie provintsist.<\/li>\n<\/ul>\n<p><strong>AINULT ELi klientidele:<\/strong> Express DDP (Delivered Duty Paid). See t\u00e4hendab: <\/p>\n<ul>\n<li>K\u00f5ik tollimaksud ja maksud sisalduvad toote lehel n\u00e4idatud hinnas.<\/li>\n<li>Te ei pea tarnimisel lisatasusid maksma.<\/li>\n<li>Harva esinevate tolliprobleemide korral tegeleb meie meeskond teie nimel tollivormistusega, et tagada sujuv tarne.<\/li>\n<p>Oluline teave tagastuste kohta:<\/p>\n<li>Kui te otsustate oma tellimuse tagastada v\u00f5i taotleda raha tagasi, siis pidage meeles, et teie eest DDP tingimuste alusel makstud makse ja tollimakse ei saa tagasi maksta.<\/li>\n<p>\u00dcksikasjalik teave <a href=\"https:\/\/droix.net\/terms-and-conditions\/\" target=\"_blank\" rel=\"nofollow noopener\">on esitatud meie Tingimustes<\/a>.\n<\/ul>\n<p>[\/cg_accordion]\n[cg_accordion title=\"KLIENDITUGI\"]<\/p>\n<p>Kas teil on k\u00fcsimus? Oleme l\u00fchikese teksti kaugusel sellest, et teie k\u00fcsimus oleks lahendatud! <\/p>\n<p>\u00dcksikasjalik teave <a href=\"https:\/\/gpdstore.net\/et\/terms-of-service\/\" target=\"_blank\" rel=\"nofollow noopener\">on esitatud meie Tingimustes<\/a>.\n<\/ul>\n<p>[\/cg_accordion]\n[cg_accordion title=\"MIDA SISALDAB\"]<\/p>\n<ul>\n<li>1x GPD G1 2024<\/li>\n<li>1x toiteadapter<\/li>\n<li>1x USB Type-C kaabel<\/li>\n<li>1x kasutusjuhend<\/li>\n<\/ul>\n<p>[\/cg_accordion]\n","protected":false},"featured_media":117734,"template":"","meta":{"_acf_changed":false},"product_brand":[],"product_cat":[5039],"product_tag":[16608,5565],"woo-feed-brand":[5566],"class_list":{"0":"post-258782","1":"product","2":"type-product","3":"status-publish","4":"has-post-thumbnail","6":"product_cat-tarvikud","7":"product_tag-10xmsale-et","8":"product_tag-gpd-g1-et","9":"product_shipping_class-premium","10":"pa_brand-gpd","11":"pa_graphics-gpu-model-radeon-rx-7600m-xt-et","12":"pa_i-o-video-1x-oculink-et","13":"pa_i-o-video-1x-usb-4-0-type-c-40gb-s-kaudu","14":"woo-feed-brand-gpd-et","16":"first","17":"outofstock","18":"taxable","19":"shipping-taxable","20":"purchasable","21":"product-type-variable","22":"has-default-attributes"},"acf":[],"aioseo_notices":[],"_links":{"self":[{"href":"https:\/\/gpdstore.net\/et\/wp-json\/wp\/v2\/product\/258782","targetHints":{"allow":["GET"]}}],"collection":[{"href":"https:\/\/gpdstore.net\/et\/wp-json\/wp\/v2\/product"}],"about":[{"href":"https:\/\/gpdstore.net\/et\/wp-json\/wp\/v2\/types\/product"}],"wp:featuredmedia":[{"embeddable":true,"href":"https:\/\/gpdstore.net\/et\/wp-json\/wp\/v2\/media\/117734"}],"wp:attachment":[{"href":"https:\/\/gpdstore.net\/et\/wp-json\/wp\/v2\/media?parent=258782"}],"wp:term":[{"taxonomy":"product_brand","embeddable":true,"href":"https:\/\/gpdstore.net\/et\/wp-json\/wp\/v2\/product_brand?post=258782"},{"taxonomy":"product_cat","embeddable":true,"href":"https:\/\/gpdstore.net\/et\/wp-json\/wp\/v2\/product_cat?post=258782"},{"taxonomy":"product_tag","embeddable":true,"href":"https:\/\/gpdstore.net\/et\/wp-json\/wp\/v2\/product_tag?post=258782"},{"taxonomy":"woo-feed-brand","embeddable":true,"href":"https:\/\/gpdstore.net\/et\/wp-json\/wp\/v2\/woo-feed-brand?post=258782"}],"curies":[{"name":"wp","href":"https:\/\/api.w.org\/{rel}","templated":true}]}}