{"id":225181,"date":"2023-11-17T17:45:40","date_gmt":"2023-11-17T17:45:40","guid":{"rendered":"https:\/\/gpdstore.net\/maaratlemata\/gpd-win-mini-gaming-handheld-pc\/"},"modified":"2025-12-19T16:27:03","modified_gmt":"2025-12-19T16:27:03","slug":"gpd-win-mini","status":"publish","type":"product","link":"https:\/\/gpdstore.net\/et\/product\/gpd-win-mini\/","title":{"rendered":"GPD WIN Mini Gaming Handheld PC"},"content":{"rendered":"\n<figure class=\"wp-block-video\"><video controls=\"\" src=\"https:\/\/gpdstore.net\/wp-content\/uploads\/\"><\/video><\/figure>\n\n<div class=\"wp-block-columns is-layout-flex wp-container-core-columns-is-layout-28f84493 wp-block-columns-is-layout-flex\">\n<div class=\"wp-block-column is-layout-flow wp-block-column-is-layout-flow\" style=\"flex-basis:33.33%\">\n<figure class=\"wp-block-image size-full\"><img fetchpriority=\"high\" decoding=\"async\" width=\"640\" height=\"640\" src=\"https:\/\/gpdstore.net\/wp-content\/uploads\/2024\/03\/4ebac7a0-58e9-47ef-a036-783efd2a5e00._CR00640640_.jpg\" alt=\"gpd win mini 2024\" class=\"wp-image-1650\" srcset=\"https:\/\/gpdstore.net\/wp-content\/uploads\/2024\/03\/4ebac7a0-58e9-47ef-a036-783efd2a5e00._CR00640640_.jpg 640w, https:\/\/gpdstore.net\/wp-content\/uploads\/2024\/03\/4ebac7a0-58e9-47ef-a036-783efd2a5e00._CR00640640_-600x600.jpg 600w, https:\/\/gpdstore.net\/wp-content\/uploads\/2024\/03\/4ebac7a0-58e9-47ef-a036-783efd2a5e00._CR00640640_-150x150.jpg 150w, https:\/\/gpdstore.net\/wp-content\/uploads\/2024\/03\/4ebac7a0-58e9-47ef-a036-783efd2a5e00._CR00640640_-441x441.jpg 441w, https:\/\/gpdstore.net\/wp-content\/uploads\/2024\/03\/4ebac7a0-58e9-47ef-a036-783efd2a5e00._CR00640640_-100x100.jpg 100w\" sizes=\"(max-width: 640px) 100vw, 640px\" \/><\/figure>\n<\/div>\n\n\n\n<div class=\"wp-block-column is-layout-flow wp-block-column-is-layout-flow\" style=\"flex-basis:66.66%\">\n<h2 class=\"wp-block-heading\"><strong>GPD WIN Mini (2023 Edition) &#8211; AMD Ryzen 7 7840U Handheld Gaming PC | 7&#8243; 120Hz LTPS Screen | 32GB\/64GB LPDDR5 | OcuLink SGLM Support &#8211; Best Value UMPC<\/strong><\/h2>\n\n\n\n<p>Why pay 2025 flagship prices? The GPD WIN Mini (2023 Edition) remains the ultimate &#8220;Silicon Sweet Spot.&#8221; Powered by the legendary AMD Ryzen 7 7840U, it delivers the perfect balance of Zen 4 power and portability for gamers who demand elite performance without the &#8220;Strix Point&#8221; premium. This Mobile Gaming PC redefines on-the-go gaming by seamlessly integrating the raw power of top-tier hardware into a form factor that comfortably nestles in the palm of your hand. Brace yourself for unparalleled gaming adventures with the GPD WIN Mini, your portal to gaming excellence in a compact, lightweight, and formidable package.<\/p>\n<\/div>\n<\/div>\n\n<h2 class=\"wp-block-heading has-text-align-center\">T\u00e4psus ja kaasaskantavus: GPD WIN Mini t\u00e4iustatud juhtimisseadmed ja klambrikujuline disain.<\/h2>\n\n<div class=\"wp-block-columns is-layout-flex wp-container-core-columns-is-layout-28f84493 wp-block-columns-is-layout-flex\">\n<div class=\"wp-block-column is-layout-flow wp-block-column-is-layout-flow\">\n<figure class=\"wp-block-image size-full\"><img decoding=\"async\" width=\"300\" height=\"300\" src=\"https:\/\/gpdstore.net\/wp-content\/uploads\/2024\/03\/cc2489ee-271a-4803-836e-eb3326d46fd8.__CR1310638638_PT0_SX300_V1___-1.png\" alt=\"GPD Win Mini Joystickid\" class=\"wp-image-1652\" srcset=\"https:\/\/gpdstore.net\/wp-content\/uploads\/2024\/03\/cc2489ee-271a-4803-836e-eb3326d46fd8.__CR1310638638_PT0_SX300_V1___-1.png 300w, https:\/\/gpdstore.net\/wp-content\/uploads\/2024\/03\/cc2489ee-271a-4803-836e-eb3326d46fd8.__CR1310638638_PT0_SX300_V1___-1-150x150.png 150w, https:\/\/gpdstore.net\/wp-content\/uploads\/2024\/03\/cc2489ee-271a-4803-836e-eb3326d46fd8.__CR1310638638_PT0_SX300_V1___-1-100x100.png 100w\" sizes=\"(max-width: 300px) 100vw, 300px\" \/><\/figure>\n\n\n\n<h3 class=\"wp-block-heading\"><strong><strong>Null surnud tsoonid:<\/strong> 37,5% parema t\u00e4psuse saavutamine Hall Effect Mini Joysticki abil.<\/strong><\/h3>\n\n\n\n<p>Sisseehitatud Hall Effect mini joystickid on uppunud disainiga, millel on L3 ja R3 allapoole vajutamise tugi ning mis on l\u00f5pmatult reguleeritavad ja super-lineaarsed. P\u00e4rast kalibreerimist on Hall Effect joystickide tagasip\u00f6\u00f6ramise t\u00e4psus ja pinge jagamise t\u00e4psus paranenud vastavalt 37,5% ja 25% v\u00f5rreldes tavaliste joystickidega, k\u00f5rvaldades peaaegu t\u00e4ielikult keskpunktis tekkivate surnud tsoonide tekkimise v\u00f5imaluse. <\/p>\n<\/div>\n\n\n\n<div class=\"wp-block-column is-layout-flow wp-block-column-is-layout-flow\">\n<figure class=\"wp-block-image size-full\"><img decoding=\"async\" src=\"https:\/\/gpdstore.net\/wp-content\/uploads\/\" alt=\"GPD Win Mini L2 R2\" class=\"wp-image-1654\"\/><\/figure>\n\n\n\n<h3 class=\"wp-block-heading\"><strong><strong>Immersiivne realism:<\/strong> L2\/R2 lineaarsete analoog L2\/R2 p\u00e4\u00e4stikutega laskmise ja kiirenduse simuleerimine.<\/strong><\/h3>\n\n\n\n<p>V\u00f5rreldes WIN 2-ga on WIN Mini L2 \/ R2 p\u00e4\u00e4stikud muudetud lineaarseteks analoogseteks p\u00e4\u00e4stikunuppudeks, mis simuleerivad t\u00e4pselt nupureaktsiooni erinevate intensiivsuste korral ja v\u00f5imaldavad t\u00e4pset pildistamist, kiirendamist ja muid toiminguid. See tagab realistlikuma kogemuse d\u00fcnaamiliste muutuste kohta m\u00e4ngudes, mugavama kontrolleri kasutamise ning suurema s\u00fcvenemise ja m\u00e4ngitavuse m\u00e4ngudes. <\/p>\n<\/div>\n\n\n\n<div class=\"wp-block-column is-layout-flow wp-block-column-is-layout-flow\">\n<figure class=\"wp-block-image size-full\"><img decoding=\"async\" width=\"300\" height=\"300\" src=\"https:\/\/gpdstore.net\/wp-content\/uploads\/2024\/05\/81bbfc87-3418-4c8a-90fa-bd4c521a3eba.__CR1710559559_PT0_SX300_V1___-1.png\" alt=\"GPD WIN Mini SSD\" class=\"wp-image-1655\" srcset=\"https:\/\/gpdstore.net\/wp-content\/uploads\/2024\/05\/81bbfc87-3418-4c8a-90fa-bd4c521a3eba.__CR1710559559_PT0_SX300_V1___-1.png 300w, https:\/\/gpdstore.net\/wp-content\/uploads\/2024\/05\/81bbfc87-3418-4c8a-90fa-bd4c521a3eba.__CR1710559559_PT0_SX300_V1___-1-150x150.png 150w, https:\/\/gpdstore.net\/wp-content\/uploads\/2024\/05\/81bbfc87-3418-4c8a-90fa-bd4c521a3eba.__CR1710559559_PT0_SX300_V1___-1-65x65.png 65w, https:\/\/gpdstore.net\/wp-content\/uploads\/2024\/05\/81bbfc87-3418-4c8a-90fa-bd4c521a3eba.__CR1710559559_PT0_SX300_V1___-1-100x100.png 100w\" sizes=\"(max-width: 300px) 100vw, 300px\" \/><\/figure>\n\n\n\n<h3 class=\"wp-block-heading\"><strong><strong>Null viivitus: kuni 4TB PCIe 4.0 SSD-salvestussalvestusega.<\/strong><\/strong><\/h3>\n\n\n\n<p>AMD Ryzen 7 7840U toetab PCIe Gen4 spetsifikatsiooni, mille teoreetiline maksimaalne l\u00e4bilaskev\u00f5ime on kuni 7,877 GB\/s. Ametlik konfiguratsioon sisaldab 512 GB kuni 2 TB WD SN740 M.2 2230 SSD (PCIe Gen4), mille m\u00f5\u00f5detud j\u00e4rjestikuse lugemise ja kirjutamise kiirus on kuni 5150 MB\/s ja mis on piiramatult laiendatav.  <br\/><\/p>\n<\/div>\n<\/div>\n\n<h2 class=\"wp-block-heading has-text-align-center\">T\u00e4ieliku potentsiaali vallandamine: \u00dchendatavus, kohandamine ja \u00f6kos\u00fcsteem<\/h2>\n\n<div class=\"wp-block-columns is-layout-flex wp-container-core-columns-is-layout-28f84493 wp-block-columns-is-layout-flex\">\n<div class=\"wp-block-column is-layout-flow wp-block-column-is-layout-flow\" style=\"flex-basis:33.33%\">\n<figure class=\"wp-block-image size-full\"><img loading=\"lazy\" decoding=\"async\" width=\"300\" height=\"300\" src=\"https:\/\/gpdstore.net\/wp-content\/uploads\/2024\/03\/49ca9adf-2d79-4de3-8125-bfa7036712ac.__CR00742742_PT0_SX300_V1___.png\" alt=\"65W\" class=\"wp-image-1656\" srcset=\"https:\/\/gpdstore.net\/wp-content\/uploads\/2024\/03\/49ca9adf-2d79-4de3-8125-bfa7036712ac.__CR00742742_PT0_SX300_V1___.png 300w, https:\/\/gpdstore.net\/wp-content\/uploads\/2024\/03\/49ca9adf-2d79-4de3-8125-bfa7036712ac.__CR00742742_PT0_SX300_V1___-150x150.png 150w, https:\/\/gpdstore.net\/wp-content\/uploads\/2024\/03\/49ca9adf-2d79-4de3-8125-bfa7036712ac.__CR00742742_PT0_SX300_V1___-65x65.png 65w, https:\/\/gpdstore.net\/wp-content\/uploads\/2024\/03\/49ca9adf-2d79-4de3-8125-bfa7036712ac.__CR00742742_PT0_SX300_V1___-100x100.png 100w\" sizes=\"(max-width: 300px) 100vw, 300px\" \/><\/figure>\n<\/div>\n\n\n\n<div class=\"wp-block-column is-layout-flow wp-block-column-is-layout-flow\" style=\"flex-basis:66.66%\">\n<h3 class=\"wp-block-heading\"><br\/><br\/>T\u00e4ielik C-t\u00fc\u00fcpi port<\/h3>\n\n\n\n<p>Kui kasutatakse USB4-porti, saab WIN Mini endiselt laadida ja edastada heli, videot ja andmeid selle t\u00e4isfunktsionaalse Type-C pordi kaudu, mille ribalaius on 10 Gbps (USB 3.2 Gen 2) ja mis toetab v\u00e4list 8K@60Hz kuvarit.<\/p>\n<\/div>\n<\/div>\n\n<h2 class=\"wp-block-heading\"><strong>V\u00f5rratu t\u00f6\u00f6tlemisv\u00f5ime vallandamine: AMD Ryzeni domineerimine<\/strong><\/h2>\n\n<p>Zen 4 Performance: The Legendary 7840U &#8220;Phoenix&#8221;<\/p>\n\n<p>The Emulation King: Native AVX-512 support makes the 7840U faster than many newer chips for PS3 (RPCS3) and Xbox 360 (Xenia) emulation.<\/p>\n\n<p>Radeon 780M + AFMF 2: Boost your frame rates in AAA titles like <em>Cyberpunk 2077<\/em> using the latest AMD Fluid Motion Frames software.<\/p>\n\n<p>64GB LPDDR5 Power: One of the few ultra-portables offering massive RAM configurations for heavy multitasking and virtualization.<\/p>\n\n<p>This Portable Gaming PC fearlessly tackles the most demanding gaming titles and resource-intensive applications, showcasing unparalleled prowess. Immerse yourself in seamless multitasking, accelerated load times, and ultra-smooth gameplay as you traverse the expansive gaming universe on the go.<\/p>\n\n<p>The AMD Ryzen 7 7840U remains a fan favorite in 2025 for its incredible efficiency-to-power ratio.<\/p>\n\n<h2 class=\"wp-block-heading\"><strong>Visuaalsuse t\u00f5stmine \u00fcle reaalsuse: AMD Radeon graafika<\/strong><\/h2>\n\n<p>Nautige reaalsust \u00fcletavat m\u00e4nguvisuaali t\u00e4nu AMD Radeon graafikale, mis on paigutatud GPD WIN Mini sisse. <a href=\"https:\/\/www.techpowerup.com\/gpu-specs\/radeon-780m.c4020\">AMD Radeon 780M<\/a> (7840U mudel), mis uhkeldab 12 arvutuss\u00f5lme ja kuni 2700MHz taktim\u00f5\u00f5duga, v\u00f5i AMD Radeon 760M (7640U mudel), mille 8 arvutuss\u00f5lme ja kuni 2600MHz taktim\u00f5\u00f5duga, pakuvad hingematvalt elutruu graafikat ja \u00fclitundlikke kaadrisagedusi. Sukeldu lopsakatesse maastikesse, realistlikesse keskkondadesse ja plahvatusohtlikku tegevusse, mis k\u00f5ik on esitatud selle kaasaskantava m\u00e4ngude imeasja peopesasuurusel l\u00f5uendil.  <\/p>\n\n<h2 class=\"wp-block-heading\"><strong>Unep\u00fcsiv m\u00e4lu ja salvestusruum: V\u00f5imsa j\u00f5udlusega<\/strong><\/h2>\n\n<p>Keelduge kompromissidest, kui tegemist on m\u00e4lu ja salvestusruumiga. GPD WIN Mini pakub kahte RAM-varianti: 7840U mudelil on h\u00e4mmastav 64 GB <a href=\"https:\/\/en.wikipedia.org\/wiki\/LPDDR\">LPDDR5<\/a> 6400MT\/s v\u00f5i 7640U mudelil tugev 16 GB LPDDR5 6400 MT\/s. Tagades, et olete varustatud k\u00f5ige intensiivsemate multitaskingstsenaariumide sujuvaks k\u00e4sitlemiseks. Kuni kolossaalse 2TB PCIe 4.0 x 4 NVMe 1.3\/1.4 m\u00e4lumahutusv\u00f5imalustega saate nautida rohkelt ruumi oma ulatusliku m\u00e4ngukogumiku, multimeediafailide ja muu jaoks. Rohkem kompromisse ei ole vaja teha, vaid ainult puhas v\u00f5imsus sinu k\u00e4eulatuses.    <\/p>\n\n<h2 class=\"wp-block-heading\"><strong>K\u00f5rgendatud visuaalne meisterlikkus: 7-tollise 120 Hz k\u00f5rge v\u00e4rskendussagedusega m\u00e4ngude ekraani avalikustamine.<\/strong><\/h2>\n\n<p>Sukeldu visuaalse t\u00e4iuslikkuse valdkonda revolutsioonilise 7-tollise m\u00e4ngukuvariga, mis on LTPS-tehnoloogia s\u00fcmfoonia ja hingematva 120 Hz k\u00f5rge v\u00e4rskendussagedusega. Kuuenda p\u00f5lvkonna Corningi Gorilla Glass-kaitseklaasiga \u00fcmbritsetud ekraan v\u00f5lub v\u00e4iksema reaktsiooniajaga, samal ajal kui AF+AR peegeldusvastane kate tagab peegeldusvaba ekraani, mis tagab s\u00e4rava 500-nitise heleduse. 1080P eraldusv\u00f5ime kujutab hoolikalt iga pikslit, samal ajal kui v\u00f5imalus l\u00fclitada 60Hz ja 120Hz v\u00e4rskendussageduse vahel kujundab teie visuaalset kogemust. 314 PPI juures l\u00e4henevad teravus ja s\u00fcvenemine ning innovatsioon ei l\u00f5pe &#8211; DC-h\u00e4mardamine tagab m\u00e4ngumaailma imetlustes v\u00e4rinavaba nautimise.   <\/p>\n\n<h2 class=\"wp-block-heading\"><strong>Turbolaadige oma GPD WIN Mini koos GPD G1 eGPU dokkimisjaamaga<\/strong><\/h2>\n\n<p>GPD G1 eGPU dokkimisjaam koos graafikakaardiga m\u00e4\u00e4ratleb m\u00e4ngude j\u00f5udluse uuesti t\u00e4nu AMD Radeon RX 7600M XT GPU-le, mis pakub RDNA 3.0 arhitektuuriga h\u00e4mmastavat visuaalset ja sujuvat m\u00e4ngimist. T\u00e4nu 8 GB GDDR6-m\u00e4lum\u00e4lule muutub multitasking sujuvaks ja v\u00e4lkkiire laadimisaeg t\u00f5stab m\u00e4ngukogemust. Selle <a href=\"https:\/\/droix.net\/blogs\/oculink-transforming-graphics-card-connectivity\/\">OCuLink<\/a> ja USB 4 \u00fchilduvus tagavad mitmek\u00fclgse \u00fchendatavuse k\u00f5igis seadmetes, sealhulgas GPD WIN Mini, samas kui mitu graafika- ja videoporti v\u00f5imaldavad \u00fchendamist kolme v\u00e4lise ekraaniga, et saavutada kaasahaarav seadistus. GPD G1 &#8216;aktiivne jahutuss\u00fcsteem s\u00e4ilitab intensiivsete seansside ajal optimaalse j\u00f5udluse.   <\/p>\n\n<h2 class=\"wp-block-heading\"><strong>M\u00e4ngukontroll: T\u00e4psuse revolutsioon<\/strong><\/h2>\n\n<p>GPD WIN Mini viib m\u00e4ngude juhtimise j\u00e4rgmisele tasemele. Kaks Hall Effect Joysticki tagavad t\u00e4pse ja tundliku sisendi, samal ajal kui Infinite, Ultra-Linear disain kaotab surnud tsoonid, tagades, et iga liigutus on oluline. L3\/R3-funktsioon annab allapoole vajutades lisakontrolli. Lineaarne analoogp\u00e4\u00e4stik L2 ja R2 nupud pakuvad v\u00f5rratut tundlikkust, mis v\u00f5imaldab teil oma tegevusi peenh\u00e4\u00e4lestada. Programmeeritavate makronuppude, klassikalise D-pad&#8217;i ja men\u00fc\u00fcnuppude lisamine v\u00f5imaldab teil oma m\u00e4ngukogemust viimse detailini kohandada.    <\/p>\n\n<h2 class=\"wp-block-heading\"><strong>K\u00f5rgendatud sisendkogemus: Klaviatuuri ja puuteplaadi tipptase<\/strong><\/h2>\n\n<p>QWERTY t\u00e4isklaviatuuriga ja k\u00e4\u00e4rklahvidega ning taustavalgustusega GPD WIN Mini pihuarvuti \u00fcletab pelgalt m\u00e4ngimise taseme. See muutub liikvel olles produktiivseks j\u00f5ujaamaks, mis v\u00f5imaldab sul sujuvalt vahetada t\u00f6\u00f6 ja m\u00e4ngu vahel. T\u00e4pne puuteplaat, mis toetab kuni nelja s\u00f5rme liigutusi, annab uue taseme kontrolli, olgu siis tegemist men\u00fc\u00fcdes navigeerimise v\u00f5i dokumentide redigeerimisega. See kaasaskantav m\u00e4nguriarvuti ei ole m\u00f5eldud ainult m\u00e4ngimiseks, vaid kogu teie kaasaskantava arvutikogemuse parandamiseks.   <\/p>\n\n<h2 class=\"wp-block-heading\"><strong>Immersiivsed audiovisuaalid: DTS:X Ultra heliefektid<\/strong><\/h2>\n\n<p>Valmistuge kaasahaaravaks audiovisuaalseks elamuseks, mis \u00fcletab ootusi. GPD WIN Mini on varustatud kahe sisseehitatud h\u00fcper-lineaarse k\u00f5lariga, mida t\u00e4iendab <a href=\"DTS:X%20Ultra%20Sound%20Effects\">DTS:X Ultra Sound Effects<\/a>. Need efektid simuleerivad f\u00fc\u00fcsilise 7.1-kanalilise seadistuse helikogemust, \u00fcmbritsedes teid igast helist, olgu see siis lehtede kahin v\u00f5i plahvatuslik p\u00fcssirohutuli. T\u00e4nu k\u00f5rvaklappide ja k\u00f5larite toetusele on teile garanteeritud visuaalsele vaatem\u00e4ngule vastav auditiivne seiklus.   <\/p>\n\n<h2 class=\"wp-block-heading\"><strong>Piirideta \u00fchenduvus: Wi-Fi 6 ja Bluetooth 5.2<\/strong><\/h2>\n\n<p>J\u00e4\u00e4ge \u00fchenduses, kuhu iganes teie m\u00e4ngureis teid ka ei viiks. GPD WIN Mini toetab Wi-Fi 6 IEEE 802.11 a\/b\/g\/n\/ac\/ax, 2,4G\/5G kahesagedusriba toetust ja kahekanalilist maksimaalset \u00fclekandekiirust 2402Mbps. See tagab sujuva online-m\u00e4ngimise, kiire allalaadimise ja t\u00f5rgeteta voogedastuse. Bluetooth 5.2 abil saad h\u00f5lpsasti \u00fchendada v\u00e4lisseadmeid, k\u00f5rvaklappe ja muud, muutes selle kompaktse m\u00e4ngukompuutri \u00fclimaks mobiilseks m\u00e4ngukeskuseks.   <\/p>\n\n<h2 class=\"wp-block-heading\"><strong>Mitmek\u00fclgsed I\/O-liidesed: USB4 ja USB 3.2 Gen 2 Type-C<\/strong><\/h2>\n\n<p>GPD WIN Mini on varustatud mitmesuguste I\/O-liidestega, sealhulgas \u00fclikiire USB4-port kiirusega kuni 40 Gbps. Lisaks pakub USB 3.2 Gen 2 Type-C port kiirust kuni 10 Gbps, tagades v\u00e4lkkiire andmeedastuse ja sujuva v\u00e4lisseadmete \u00fchenduvuse. OCuLink (SFF-8612) pordi lisamine lisab sellele kaasaskantavale m\u00e4ngukompuutrile veelgi rohkem mitmek\u00fclgsust, muutes selle s\u00f5lmpunktiks k\u00f5igi teie \u00fchendusvajaduste jaoks.  <\/p>\n\n<h2 class=\"wp-block-heading\"><strong>Laiendatav salvestusruum: microSD-pesa lisamugavuse tagamiseks<\/strong><\/h2>\n\n<p>GPD WIN Mini ei peatu rohke sisem\u00e4lu juures. Sellel on SD 3.0 protokolliga microSD-pesa, mis toetab UHS-I bussi\u00fchendust, videokiirusklassi V30 ja muljetavaldavat I\/O j\u00f5udlust. Teoreetilise lugemiskiirusega 160 MB\/s ja kirjutamiskiirusega 120 MB\/s saate h\u00f5lpsasti laiendada oma salvestusruumi liikvel olles. \u00dchildub microSDHC-, microSDXC- ja microSDUC-kaartidega, et saaksite oma meediat, dokumente ja faile h\u00f5lpsasti kaasas kanda.   <\/p>\n\n<h2 class=\"wp-block-heading\"><strong>Laiendatud m\u00e4ngusessioonid: Pikaajaline aku<\/strong><\/h2>\n\n<p>M\u00e4ngige pikema aja jooksul, ilma et peaksite muretsema aku t\u00fchjaks saamise p\u00e4rast. GPD WIN Mini on varustatud 44,24Wh liitium-pol\u00fcmeerakuga, mis kohandub vastavalt teie kasutamisele. Olenemata sellest, kas olete s\u00fcvenenud rasketesse m\u00e4ngusessioonidesse v\u00f5i peate t\u00e4itma t\u00f6\u00f6\u00fclesandeid, aku kestvus ei valmista pettumust. S\u00f5ltuvalt teie konkreetsest kasutusstsenaariumist on v\u00f5imalik kasutada kuni 3 tundi rasket, 6-8 tundi m\u00f5\u00f5dukat v\u00f5i 14 tundi kerget kasutamist, mis on muljetavaldav.   <\/p>\n\n<h2 class=\"wp-block-heading\"><strong>Valmistatud elegantsi jaoks: Rust Tint Clamshell Design<\/strong><\/h2>\n\n<p>GPD WIN Mini ei ole mitte ainult v\u00f5imas j\u00f5udlus, vaid ka disaini meistriteos. Roostevaba klambriga disain, mis on valmistatud k\u00f5rgekvaliteedilisest alumiiniumisulamist, ei v\u00e4ljenda mitte ainult elegantsust, vaid tagab ka vastupidavuse. Kompaktse suurusega 6,6 x 4,2 x 1,02 tolli (16,8 \u00d7 10,9 \u00d7 2,6 cm) ja 520 g kaaluga seadet on lihtne kotti v\u00f5i taskusse paigutada, et m\u00e4ngude tipptase oleks alati k\u00e4eulatuses.  <\/p>\n\n<h2 class=\"wp-block-heading\"><strong>Miks peaksite valima GPD WIN Mini<\/strong><\/h2>\n\n<p>Kokkuv\u00f5tteks v\u00f5ib \u00f6elda, et GPD WIN Mini Portable Gaming PC ei ole pelgalt m\u00e4nguseade; see on kaasaskantav j\u00f5ujaam, mis tagab kompromissitu j\u00f5udluse, erakordse mitmek\u00fclgsuse ja ootusi \u00fcletava m\u00e4ngukogemuse. Tipptasemel riistvara, l\u00e4bim\u00f5eldud disaini ja kaasaskantavust uuesti defineeriva vormifaktoriga on see kompaktne m\u00e4nguriarvuti sinu v\u00e4rav m\u00e4ngude suurep\u00e4rasele m\u00e4ngimisele teel. T\u00f5sta oma m\u00e4ngude elustiili GPD WIN Mini abil ja asu teekonnale, mis \u00e4hmastab reaalsuse ja virtuaalmaailma vahelised piirid.  <\/p>\n\n<h3 class=\"wp-block-heading\"><strong>Order Your GPD WIN Mini \u2013 In Stock &amp; Ready to Ship<\/strong><\/h3>\n\n<p>Secure the best-value ultra-portable on the market. Get flagship power without the flagship price tag.<\/p>\n\n<ul class=\"wp-block-list\">\n<li>Authentic GPD Product: Guaranteed genuine Zen 4 hardware.<\/li>\n\n\n\n<li>12-Month Official Warranty: Full support for your high-performance investment.<\/li>\n\n\n\n<li>Global Express Shipping: Tracked and insured delivery to your door.<\/li>\n<\/ul>\n\n<p>Tutvu meie t\u00e4ieliku GPD WIN Mini \u00fclevaatega <a href=\"https:\/\/droix.net\/blogs\/gpd-win-mini-review\/\">siin.<\/a> Kas olete huvitatud GPD G1 eGPU dokkimisjaamast, et suurendada oma m\u00e4ngude j\u00f5udlust? Tutvu meie p\u00f5hjaliku GPD G1 eGPU dokkimisjaama \u00fclevaatega <a href=\"https:\/\/droix.net\/blogs\/gpd-g1-egpu-docking-station-review\/\">siin.<\/a><\/p>\n","protected":false},"excerpt":{"rendered":"<ul>\n<li>PROTSESSOR: 7<strong> 7640U \/ 7840U: <\/strong> AMD Ryzen 5 \/ 7<strong> 7640U \/ 7840U <\/strong> <\/li>\n<li>GPU: AMD Radeon<strong> 760M \/ 780M<\/strong><\/li>\n<li>RAM: kuni<strong> 64 GB LPDDR5 @ 6400 MT\/s<\/strong><\/li>\n<li>SALVESTAMINE: kuni 2TB<strong> Gen 4<\/strong> <strong>PCI-E<\/strong> NVMe SSD kettad<\/li>\n<li>\u00dchendatavus: Wi-Fi<strong> 6<\/strong> ja Bluetooth <strong>5.2<\/strong> tugi<\/li>\n<\/ul>\n[cg_accordion title=\"MAKSUINFO\"]<\/p>\n<p>Me kasutame uusimat tehnoloogiat makset\u00f6\u00f6tluses, mis v\u00f5imaldab teil kiiret ja turvalist maksekorraldust oma deebet-\/ krediitkaardi v\u00f5i PayPali kaudu.[\/cg_accordion]\n[cg_accordion title=\"GARANTSIOON\"]<\/p>\n<p>2-aastane garantii <a href=\"https:\/\/droix.net\/\" target=\"_blank\" rel=\"nofollow noopener\">DROIX Globalilt teie meelerahu tagamiseks<\/a> [\/cg_accordion]\n[cg_accordion title=\"KVALITEEDI TAGAMINE JA L\u00c4HETAMISEELNE TESTIMINE\"]<\/p>\n<p>Klientide rahulolu tagamine k\u00f5rgeimal tasemel: Iga seade l\u00e4bib enne saatmist ranged testid ja mitmepunktilise kvaliteedikontrolli. Meie p\u00fchendunud meeskond kontrollib j\u00f5udlust, funktsionaalsust ja komponentide terviklikkust, et tagada, et teie GPD-seade on saabumisel t\u00e4iuslikus t\u00f6\u00f6korras, tagades teile kindlustunde ja meelerahu. [\/cg_accordion]\n[cg_accordion title=\"HINNAKUJUNDUS, MAKSUD JA KOHALETOIMETAMINE\"]<\/p>\n<p><strong><u>M\u00e4rkus:<\/u><\/strong><\/p>\n<ul>\n<li>Ameerika \u00dchendriikide kliendid: N\u00e4idatud hind ei sisalda makse ega tollimaksu. Vastutus tollivormistuse ja sellega seotud maksude\/tollimaksude tasumise eest lasub kliendil. <\/li>\n<li>ELi kliendid: N\u00e4idatud hind sisaldab kohaldatavat maksu, mis v\u00f5ib s\u00f5ltuvalt teie riigist olla kuni 25%.<\/li>\n<li>Kanada kliendid: N\u00e4idatud hind sisaldab kohaldatavaid makse, mis v\u00f5ivad sisaldada 5% GST ja t\u00e4iendavaid provintsi m\u00fc\u00fcgimakse (PST), \u00fchtlustatud m\u00fc\u00fcgimaksu (HST) v\u00f5i Quebeci m\u00fc\u00fcgimaksu (QST), s\u00f5ltuvalt teie provintsist.<\/li>\n<\/ul>\n<p><strong>AINULT ELi klientidele:<\/strong> Express DDP (Delivered Duty Paid). See t\u00e4hendab: <\/p>\n<ul>\n<li>K\u00f5ik tollimaksud ja maksud sisalduvad toote lehel n\u00e4idatud hinnas.<\/li>\n<li>Te ei pea tarnimisel lisatasusid maksma.<\/li>\n<li>Harva esinevate tolliprobleemide korral tegeleb meie meeskond teie nimel tollivormistusega, et tagada sujuv tarne.<\/li>\n<p>Oluline teave tagastuste kohta:<\/p>\n<li>Kui te otsustate oma tellimuse tagastada v\u00f5i taotleda raha tagasi, siis pidage meeles, et teie eest DDP tingimuste alusel makstud makse ja tollimakse ei saa tagasi maksta.<\/li>\n<p>\u00dcksikasjalik teave <a href=\"https:\/\/droix.net\/terms-and-conditions\/\" target=\"_blank\" rel=\"nofollow noopener\">on esitatud meie Tingimustes<\/a>.\n<\/ul>\n<p>[\/cg_accordion]\n[cg_accordion title=\"KLIENDITUGI\"]<\/p>\n<p>Kas teil on k\u00fcsimus? Oleme l\u00fchikese teksti kaugusel sellest, et teie k\u00fcsimus oleks lahendatud! <\/p>\n<p>\u00dcksikasjalik teave <a href=\"https:\/\/gpdstore.net\/et\/terms-of-service\/\" target=\"_blank\" rel=\"nofollow noopener\">on esitatud meie Tingimustes<\/a>.\n<\/ul>\n<p>[\/cg_accordion]\n[cg_accordion title=\"MIDA SISALDAB\"]<\/p>\n<ul>\n<li>1x GPD WIN Mini<\/li>\n<li>1x USB-C kaabel<\/li>\n<li>1x toitepistik<\/li>\n<li>1x kanderaam<\/li>\n<li>1x USB C &gt; A konverter<\/li>\n<li>1x kasutusjuhend<\/li>\n<\/ul>\n<p>[\/cg_accordion]\n","protected":false},"featured_media":225691,"template":"","meta":{"_acf_changed":false},"product_brand":[],"product_cat":[6398],"product_tag":[16620,7784],"woo-feed-brand":[5566],"class_list":{"0":"post-225181","1":"product","2":"type-product","3":"status-publish","4":"has-post-thumbnail","6":"product_cat-gpd-pihuarvuti-mangimiseks","7":"product_tag-13xmsale-et","8":"product_tag-gpd-win-mini-et","9":"product_shipping_class-premium","10":"pa_bluetooth-5-2-et","11":"pa_brand-gpd","12":"pa_graphics-gpu-model-radeon-760m-et","13":"pa_graphics-gpu-model-intel-iris-xe-graafika","14":"pa_i-o-video-1x-oculink-et","15":"pa_i-o-video-1x-usb-3-2-gen-2-type-c-kaudu","16":"pa_i-o-video-1x-usb-4-0-type-c-40gb-s-kaudu","17":"pa_memory-ram-capacity-16gb-et","18":"pa_memory-ram-capacity-32gb-et","19":"pa_memory-ram-capacity-64gb-et","20":"pa_memory-ram-technology-lpddr5-et","21":"pa_processor-cpu-model-amd-ryzen-5-7640u","22":"pa_processor-cpu-model-amd-ryzen-7-7840u","23":"pa_storage-capacity-512gb-et","24":"pa_storage-capacity-1tb-et","25":"pa_storage-capacity-4tb-et","26":"pa_storage-technology-pcie-gen-4-et","27":"pa_wi-fi-wi-fi-6-et","28":"woo-feed-brand-gpd-et","30":"first","31":"outofstock","32":"sale","33":"taxable","34":"shipping-taxable","35":"purchasable","36":"product-type-variable","37":"has-default-attributes"},"acf":[],"aioseo_notices":[],"_links":{"self":[{"href":"https:\/\/gpdstore.net\/et\/wp-json\/wp\/v2\/product\/225181","targetHints":{"allow":["GET"]}}],"collection":[{"href":"https:\/\/gpdstore.net\/et\/wp-json\/wp\/v2\/product"}],"about":[{"href":"https:\/\/gpdstore.net\/et\/wp-json\/wp\/v2\/types\/product"}],"wp:featuredmedia":[{"embeddable":true,"href":"https:\/\/gpdstore.net\/et\/wp-json\/wp\/v2\/media\/225691"}],"wp:attachment":[{"href":"https:\/\/gpdstore.net\/et\/wp-json\/wp\/v2\/media?parent=225181"}],"wp:term":[{"taxonomy":"product_brand","embeddable":true,"href":"https:\/\/gpdstore.net\/et\/wp-json\/wp\/v2\/product_brand?post=225181"},{"taxonomy":"product_cat","embeddable":true,"href":"https:\/\/gpdstore.net\/et\/wp-json\/wp\/v2\/product_cat?post=225181"},{"taxonomy":"product_tag","embeddable":true,"href":"https:\/\/gpdstore.net\/et\/wp-json\/wp\/v2\/product_tag?post=225181"},{"taxonomy":"woo-feed-brand","embeddable":true,"href":"https:\/\/gpdstore.net\/et\/wp-json\/wp\/v2\/woo-feed-brand?post=225181"}],"curies":[{"name":"wp","href":"https:\/\/api.w.org\/{rel}","templated":true}]}}