{"id":219755,"date":"2023-03-24T15:33:39","date_gmt":"2023-03-24T15:33:39","guid":{"rendered":"https:\/\/gpdstore.net\/maaratlemata\/gpd-win-max-2-kaitsekott\/"},"modified":"2025-12-23T10:33:52","modified_gmt":"2025-12-23T10:33:52","slug":"gpd-win-max-2-protective-case","status":"publish","type":"product","link":"https:\/\/gpdstore.net\/et\/product\/gpd-win-max-2-protective-case\/","title":{"rendered":"GPD WIN Max 2 nahkkott &#8211; Premium kaitse ja stiil!"},"content":{"rendered":"\n<p>Kaitske oma <strong>GPD WIN Max 2<\/strong> selle <strong>elegantse ja vastupidava nahast \u00fcmbrisega<\/strong>. See <strong>t\u00e4iuslikuks sobiv<\/strong>aks disainitud esmaklassiline lisatarvik hoiab teie seadme <strong>turvaliselt, turvaliselt ja stiilselt<\/strong> nii kodus kui ka liikvel olles. <\/p>\n\n<h2 class=\"wp-block-heading\"><strong>Peamised omadused:<\/strong><\/h2>\n\n<p><strong>Esmaklassiline nahk<\/strong> &#8211; Valmistatud kvaliteetsest nahast, mis tagab keerulise v\u00e4limuse ja suurep\u00e4rase vastupidavuse.<\/p>\n\n<p><strong>T\u00e4iuslik sobivus ja igak\u00fclgne kaitse<\/strong> &#8211; kohandatud spetsiaalselt <strong>GPD WIN Max 2<\/strong> jaoks, tagades <strong>turvalise ja tiheda sobivuse<\/strong>, kaitstes samal ajal teie seadet kriimustuste, tolmu ja v\u00e4iksemate l\u00f6\u00f6kide eest.  <\/p>\n\n<p><strong>Pehme sisevooder<\/strong> &#8211; kaitseb seadme ekraani ja korpust h\u00f5\u00f5rdumise eest, hoides selle samal ajal tolmuvabana.<\/p>\n\n<p><strong>\u00d5huke ja kerge disain<\/strong> &#8211; pakub suurep\u00e4rast kaitset, ilma et see suurendaks mahtu, mist\u00f5ttu on see ideaalne reisimiseks.<\/p>\n\n<p><strong>Magnetkinnitus<\/strong> &#8211; hoiab teie seadme turvaliselt, v\u00f5imaldades samal ajal kiiret ja lihtsat juurdep\u00e4\u00e4su.  <\/p>\n\n<p>T\u00e4ienda oma <strong>GPD WIN Max 2<\/strong> selle <strong>luksusliku nahkkotiga<\/strong> &#8211; siin <strong>kohtuvad stiil ja kaitse<\/strong>!<\/p>\n","protected":false},"excerpt":{"rendered":"<ul>\n<li><strong>Ametlik<\/strong> GPD WIN Max 2 nahast \u00fcmbris<\/li>\n<li><strong>Premium nahk<\/strong> &#8211; Elegantne, vastupidav ja kauakestev.<\/li>\n<li><strong>Pehme sisevooder<\/strong> &#8211; kaitseb kriimustuste ja tolmu eest.<\/li>\n<li><strong>Kerge ja kaasaskantav<\/strong> &#8211; lihtne transportida ilma mahutita.<\/li>\n<li><strong>Magnetiline sulgemine<\/strong> &#8211; turvaline ja mugav juurdep\u00e4\u00e4s.<\/li>\n<\/ul>\n[cg_accordion title=\"MAKSUINFO\"]<\/p>\n<p>Me kasutame uusimat makset\u00f6\u00f6tlustehnoloogiat, mis v\u00f5imaldab teil kiiret ja turvalist maksmist Apple Pay, Google Pay, deebet-\/krediitkaardi, PayPali v\u00f5i BNPL-meetodite, nagu Klarna, Affirm v\u00f5i AfterPay kaudu.[\/cg_accordion]\n[cg_accordion title=\"GARANTSIOON\"]<\/p>\n<p>2-aastane garantii <a href=\"https:\/\/droix.net\/\" target=\"_blank\" rel=\"nofollow noopener\">DROIX Globalilt teie meelerahu tagamiseks<\/a> [\/cg_accordion]\n[cg_accordion title=\"HINNAKUJUNDUS, MAKSUD JA KOHALETOIMETAMINE\"]<\/p>\n<p><strong><u>M\u00e4rkus:<\/u><\/strong><\/p>\n<ul>\n<li>Ameerika \u00dchendriikide kliendid: N\u00e4idatud hind ei sisalda makse ega tollimaksu. Vastutus tollivormistuse ja sellega seotud maksude\/tollimaksude tasumise eest lasub kliendil. <\/li>\n<li>ELi kliendid: N\u00e4idatud hind sisaldab kohaldatavat maksu, mis v\u00f5ib s\u00f5ltuvalt teie riigist olla kuni 25%.<\/li>\n<li>Kanada kliendid: N\u00e4idatud hind sisaldab kohaldatavaid makse, mis v\u00f5ivad sisaldada 5% GST ja t\u00e4iendavaid provintsi m\u00fc\u00fcgimakse (PST), \u00fchtlustatud m\u00fc\u00fcgimaksu (HST) v\u00f5i Quebeci m\u00fc\u00fcgimaksu (QST), s\u00f5ltuvalt teie provintsist.<\/li>\n<\/ul>\n<p><strong>AINULT ELi klientidele:<\/strong> Express DDP (Delivered Duty Paid). See t\u00e4hendab: <\/p>\n<ul>\n<li>K\u00f5ik tollimaksud ja maksud sisalduvad toote lehel n\u00e4idatud hinnas.<\/li>\n<li>Te ei pea tarnimisel lisatasusid maksma.<\/li>\n<li>Harva esinevate tolliprobleemide korral tegeleb meie meeskond teie nimel tollivormistusega, et tagada sujuv tarne.<\/li>\n<p>Oluline teave tagastuste kohta:<\/p>\n<li>Kui te otsustate oma tellimuse tagastada v\u00f5i taotleda raha tagasi, siis pidage meeles, et teie eest DDP tingimuste alusel makstud makse ja tollimakse ei saa tagasi maksta.<\/li>\n<p>\u00dcksikasjalik teave <a href=\"https:\/\/gpdstore.net\/et\/terms-of-service\/\" target=\"_blank\" rel=\"nofollow noopener\">on esitatud meie Tingimustes<\/a>.\n<\/ul>\n<p>[\/cg_accordion]\n[cg_accordion title=\"KLIENDITUGI\"]<\/p>\n<p>Kas teil on k\u00fcsimus? Oleme l\u00fchikese teksti kaugusel sellest, et teie k\u00fcsimus oleks lahendatud!<br \/>\n[\/cg_accordion]\n[cg_accordion title=\"MIDA SISALDAB\"]<\/p>\n<ul>\n<li>1x GPD WIN MAX 2 \u00fcmbris<\/li>\n<\/ul>\n<p>[\/cg_accordion]\n","protected":false},"featured_media":1075591,"template":"","meta":{"_acf_changed":false},"product_brand":[],"product_cat":[5039],"product_tag":[15873,6062],"woo-feed-brand":[5566],"class_list":{"0":"post-219755","1":"product","2":"type-product","3":"status-publish","4":"has-post-thumbnail","6":"product_cat-tarvikud","7":"product_tag-15xmsale-et","8":"product_tag-gpd-wm2-lisatarvik","9":"product_shipping_class-low-end","10":"pa_accessory-type-kaitsekohver","11":"pa_brand-gpd","12":"woo-feed-brand-gpd-et","14":"first","15":"instock","16":"sale","17":"taxable","18":"shipping-taxable","19":"purchasable","20":"product-type-variable","21":"has-default-attributes"},"acf":[],"aioseo_notices":[],"_links":{"self":[{"href":"https:\/\/gpdstore.net\/et\/wp-json\/wp\/v2\/product\/219755","targetHints":{"allow":["GET"]}}],"collection":[{"href":"https:\/\/gpdstore.net\/et\/wp-json\/wp\/v2\/product"}],"about":[{"href":"https:\/\/gpdstore.net\/et\/wp-json\/wp\/v2\/types\/product"}],"wp:featuredmedia":[{"embeddable":true,"href":"https:\/\/gpdstore.net\/et\/wp-json\/wp\/v2\/media\/1075591"}],"wp:attachment":[{"href":"https:\/\/gpdstore.net\/et\/wp-json\/wp\/v2\/media?parent=219755"}],"wp:term":[{"taxonomy":"product_brand","embeddable":true,"href":"https:\/\/gpdstore.net\/et\/wp-json\/wp\/v2\/product_brand?post=219755"},{"taxonomy":"product_cat","embeddable":true,"href":"https:\/\/gpdstore.net\/et\/wp-json\/wp\/v2\/product_cat?post=219755"},{"taxonomy":"product_tag","embeddable":true,"href":"https:\/\/gpdstore.net\/et\/wp-json\/wp\/v2\/product_tag?post=219755"},{"taxonomy":"woo-feed-brand","embeddable":true,"href":"https:\/\/gpdstore.net\/et\/wp-json\/wp\/v2\/woo-feed-brand?post=219755"}],"curies":[{"name":"wp","href":"https:\/\/api.w.org\/{rel}","templated":true}]}}