{"id":207934,"date":"2023-03-26T17:56:24","date_gmt":"2023-03-26T17:56:24","guid":{"rendered":"https:\/\/gpdstore.net\/maaratlemata\/gpd-win-max-2021-mangukonsooliga-pihuarvuti\/"},"modified":"2025-12-23T10:31:41","modified_gmt":"2025-12-23T10:31:41","slug":"gpd-win-max-2021","status":"publish","type":"product","link":"https:\/\/gpdstore.net\/et\/product\/gpd-win-max-2021\/","title":{"rendered":"GPD WIN MAX 2021 m\u00e4nguri pihuarvuti"},"content":{"rendered":"\n<p>GPD WIN MAX 2021 on m\u00e4ngude jaoks m\u00f5eldud ultrabook, mis on m\u00f5eldud arvutim\u00e4ngude m\u00e4ngimiseks liikvel olles. See v\u00f5imas seade on saadaval kahes versioonis, \u00fcks Intel\u00ae Core\u2122 i7-1195G7 protsessoriga ja teine AMD Ryzen\u2122 7 4800U protsessoriga. Peale erinevate protsessorivalikute on m\u00f5lemad seadme versioonid t\u00e4pselt samad.<\/p>\n\n<p>GPD Store pakub uhkusega GPD WIN MAX 2021 m\u00e4ngijatele, kes soovivad suure j\u00f5udlusega PC-m\u00e4ngude pihuarvutit, mida nad saavad k\u00f5ikjale kaasa v\u00f5tta. See ultrabook sobib ideaalselt m\u00e4ngijatele, kes soovivad nautida oma lemmikm\u00e4nge liikvel olles, ilma et nad peaksid ohverdama j\u00f5udlust v\u00f5i kvaliteeti.<\/p>\n\n<p>GPD WIN MAX 2021 on v\u00f5imas m\u00e4ngude ultrabook, millel on 8,0-tolline IPS-puuteekraan resolutsiooniga 1280 x 800 pikslit. Seade on varustatud integreeritud Intel\u00ae Iris\u00ae Xe graafikaga v\u00f5i AMD Radeon\u2122 graafikaga, mist\u00f5ttu sobib see ideaalselt n\u00f5udlike m\u00e4ngude ja rakenduste jooksutamiseks.<\/p>\n\n<p>Mis puutub t\u00f6\u00f6tlemisv\u00f5imsusesse, siis GPD WIN MAX 2021 on saadaval kas Intel\u00ae Core\u2122 i7-1195G7 protsessoriga v\u00f5i AMD Ryzen\u2122 7 4800U protsessoriga. Need v\u00f5imsad protsessorid tagavad, et seade saab h\u00f5lpsasti hakkama ka k\u00f5ige n\u00f5udlikumate m\u00e4ngude ja rakendustega.<\/p>\n\n<p>GPD WIN MAX 2021 pakub ka 16 GB LPDDR4X 4266 MT\/s RAM-i ja 1 TB M.2 m\u00e4lum\u00e4lu. NVMe SSD salvestusruumi, mis tagab, et teil on palju ruumi oma m\u00e4ngude ja muude andmete salvestamiseks. Seadmel on ka mitmesuguseid porte, sealhulgas USB Type-C port, USB 3.0 port, HDMI port ja 3,5 mm k\u00f5rvaklapipesa.<\/p>\n\n<p>GPD WIN MAX 2021 \u00fcks silmapaistvamaid omadusi on selle kompaktne suurus. Kuigi seade on v\u00f5imas ultrabook, on selle m\u00f5\u00f5dud vaid 8,5 x 5,7 x 1,1 tolli ja kaalub vaid 1,5 kilo. Nii on seda lihtne kaasa v\u00f5tta, kuhu iganes sa ka ei l\u00e4heks, olgu siis reisides v\u00f5i lihtsalt diivanil olles oma lemmikm\u00e4nge nautides.<\/p>\n\n<p>GPD WIN MAX 2021-l on ka sisseehitatud m\u00e4ngukontroller, millel on D-pad, analoogpulgad ja p\u00e4\u00e4stikunupud. See muudab lemmikm\u00e4ngude m\u00e4ngimise lihtsaks, ilma et oleks vaja \u00fchendada v\u00e4list kontrollerit. Seadmel on ka t\u00e4ielik QWERTY-klaviatuur, mis teeb kirjutamise ja men\u00fc\u00fcdes navigeerimise lihtsaks.<\/p>\n\n<p>Meie GPD Store&#8217;is usume, et GPD WIN MAX 2021 on ideaalne ultrabook m\u00e4ngijatele, kes soovivad suure j\u00f5udlusega arvutim\u00e4ngude pihuarvutit, mida nad saavad k\u00f5ikjale kaasa v\u00f5tta. See v\u00f5imas seade sobib ideaalselt m\u00e4ngijatele, kes soovivad nautida oma lemmikm\u00e4nge ka liikvel olles, ilma et nad peaksid ohverdama j\u00f5udlust v\u00f5i kvaliteeti.<\/p>\n\n<p>Olenemata sellest, kas oled juhuslik m\u00e4ngija v\u00f5i hardcore-m\u00e4ngija, GPD WIN MAX 2021 on sinu jaoks ideaalne seade. T\u00e4nu oma v\u00f5imsale protsessorile, kvaliteetsele graafikale ja kompaktsele suurusele on see ultrabook, mis on parim lahendus arvutim\u00e4ngude m\u00e4ngimiseks liikvel olles. Miks siis oodata? K\u00fclastage GPD Store&#8217;i juba t\u00e4na ja hankige GPD WIN MAX 2021.<\/p>\n","protected":false},"excerpt":{"rendered":"<ul>\n<li>AMD <strong>Ryzen 7 6800U<\/strong> @2.7GHz TDP 15-28W<\/li>\n<li>AMD Radeon 680M <strong>12 CUd @2200 MHz<\/strong><\/li>\n<li><strong>kuni 32 GB LPDDR5-6400 MT\/s<\/strong><\/li>\n<li><strong>kuni 2TB<\/strong> kiire PCI-E <strong>NVMe m\u00e4lu<\/strong> SSD<\/li>\n<li>WiFi 6 ja Bluetooth <strong>5.2<\/strong> tugi  <\/li>\n<\/ul>\n<p> [cg_accordion title=\"MAKSUINFO\"] Me kasutame uusimat makset\u00f6\u00f6tlustehnoloogiat, mis v\u00f5imaldab teil kiiret ja turvalist maksmist Apple Pay, Google Pay, deebet-\/krediitkaardi, PayPali v\u00f5i BNPL-meetodite, nagu Klarna, Affirm v\u00f5i AfterPay kaudu.[\/cg_accordion] [cg_accordion title=\"GARANTSIOON\"] 2-aastane garantii <a href=\"https:\/\/droix.net\/\" target=\"_blank\" rel=\"nofollow noopener\">DROIX Global<\/a> ilt teie meelerahu tagamiseks.[\/cg_accordion] [cg_accordion title=\"PRICING, TAXES AND SHIPPING\"] <strong><br \/>\n  <u>M\u00e4rkus:<\/u><br \/>\n<\/strong><\/p>\n<ul>\n<li>Ameerika \u00dchendriikide kliendid: N\u00e4idatud hind ei sisalda makse ega tollimaksu. Vastutus tollivormistuse ja sellega seotud maksude\/tollimaksude tasumise eest lasub kliendil. <\/li>\n<li>ELi kliendid: N\u00e4idatud hind sisaldab kohaldatavat maksu, mis v\u00f5ib s\u00f5ltuvalt teie riigist olla kuni 25%.<\/li>\n<li>Kanada kliendid: N\u00e4idatud hind sisaldab kohaldatavaid makse, mis v\u00f5ivad sisaldada 5% GST ja t\u00e4iendavaid provintsi m\u00fc\u00fcgimakse (PST), \u00fchtlustatud m\u00fc\u00fcgimaksu (HST) v\u00f5i Quebeci m\u00fc\u00fcgimaksu (QST), s\u00f5ltuvalt teie provintsist.<\/li>\n<\/ul>\n<p><strong>AINULT ELi klientidele:<\/strong> Express DDP (Delivered Duty Paid). See t\u00e4hendab: <\/p>\n<ul>\n<li style=\"list-style-type: none;\">\n<ul>\n<li>K\u00f5ik tollimaksud ja maksud sisalduvad toote lehel n\u00e4idatud hinnas.<\/li>\n<li>Te ei pea tarnimisel lisatasusid maksma.<\/li>\n<li>Harva esinevate tolliprobleemide korral tegeleb meie meeskond teie nimel tollivormistusega, et tagada sujuv tarne.<\/li>\n<p>Oluline teave tagastuste kohta:<\/p>\n<li>Kui te otsustate oma tellimuse tagastada v\u00f5i taotleda raha tagasi, siis pidage meeles, et teie eest DDP tingimuste alusel makstud makse ja tollimakse ei saa tagasi maksta.<\/li>\n<p>Palun vaadake meie<\/ul>\n<\/li>\n<\/ul>\n<p><a href=\"https:\/\/gpdstore.net\/et\/terms-of-service\/\" target=\"_blank\" rel=\"nofollow noopener\">Tingimused<\/a><\/p>\n<ul>\u00fcksikasjaliku teabe saamiseks.<\/ul>\n<p>[\/cg_accordion] [cg_accordion title=\"KLIENDITUGI\"]  Kas teil on k\u00fcsimus? Oleme l\u00fchikese teksti kaugusel sellest, et teie k\u00fcsimus oleks lahendatud!   [\/cg_accordion] [cg_accordion title=\"WHAT'S INCLUDED\"]<\/p>\n<ul>\n<li>1x GPD WIN MAX 2021<\/li>\n<li>1x toiteadapter<\/li>\n<li>1x USB Type-C kaabel<\/li>\n<li>1x kasutusjuhend<\/li>\n<\/ul>\n<p>[\/cg_accordion]<\/p>\n","protected":false},"featured_media":207937,"template":"","meta":{"_acf_changed":false},"product_brand":[],"product_cat":[6398],"product_tag":[9203],"woo-feed-brand":[5566],"class_list":{"0":"post-207934","1":"product","2":"type-product","3":"status-publish","4":"has-post-thumbnail","6":"product_cat-gpd-pihuarvuti-mangimiseks","7":"product_tag-gpd-win-max-et","8":"product_shipping_class-premium","9":"pa_bluetooth-5-et","10":"pa_bluetooth-5-2-et","11":"pa_display-type-h-ips-et","12":"pa_graphics-gpu-model-intel-iris-xe-graafika","13":"pa_graphics-gpu-model-radeon-graafika","14":"pa_i-o-video-1x-hdmi-2-0b-et","15":"pa_memory-ram-capacity-16gb-et","16":"pa_memory-ram-technology-lpddr4x-et","17":"pa_processor-cpu-model-amd-ryzen-7-4800u","18":"pa_processor-cpu-model-intel-core-i7-1195g7","19":"pa_storage-capacity-1tb-et","20":"pa_wi-fi-wi-fi-6-et","21":"woo-feed-brand-gpd-et","23":"first","24":"outofstock","25":"sale","26":"taxable","27":"shipping-taxable","28":"purchasable","29":"product-type-variable","30":"has-default-attributes"},"acf":[],"aioseo_notices":[],"_links":{"self":[{"href":"https:\/\/gpdstore.net\/et\/wp-json\/wp\/v2\/product\/207934","targetHints":{"allow":["GET"]}}],"collection":[{"href":"https:\/\/gpdstore.net\/et\/wp-json\/wp\/v2\/product"}],"about":[{"href":"https:\/\/gpdstore.net\/et\/wp-json\/wp\/v2\/types\/product"}],"wp:featuredmedia":[{"embeddable":true,"href":"https:\/\/gpdstore.net\/et\/wp-json\/wp\/v2\/media\/207937"}],"wp:attachment":[{"href":"https:\/\/gpdstore.net\/et\/wp-json\/wp\/v2\/media?parent=207934"}],"wp:term":[{"taxonomy":"product_brand","embeddable":true,"href":"https:\/\/gpdstore.net\/et\/wp-json\/wp\/v2\/product_brand?post=207934"},{"taxonomy":"product_cat","embeddable":true,"href":"https:\/\/gpdstore.net\/et\/wp-json\/wp\/v2\/product_cat?post=207934"},{"taxonomy":"product_tag","embeddable":true,"href":"https:\/\/gpdstore.net\/et\/wp-json\/wp\/v2\/product_tag?post=207934"},{"taxonomy":"woo-feed-brand","embeddable":true,"href":"https:\/\/gpdstore.net\/et\/wp-json\/wp\/v2\/woo-feed-brand?post=207934"}],"curies":[{"name":"wp","href":"https:\/\/api.w.org\/{rel}","templated":true}]}}