{"id":206322,"date":"2023-03-26T17:49:20","date_gmt":"2023-03-26T17:49:20","guid":{"rendered":"https:\/\/gpdstore.net\/maaratlemata\/biwin-2230-nvme-maluseade\/"},"modified":"2025-12-23T10:30:54","modified_gmt":"2025-12-23T10:30:54","slug":"biwin-2230-nvme-storage","status":"publish","type":"product","link":"https:\/\/gpdstore.net\/et\/product\/biwin-2230-nvme-storage\/","title":{"rendered":"BiWin 2230 NVMe m\u00e4luseade"},"content":{"rendered":"\n<p>Otsid oma GPD WIN MAX 2 v\u00f5i Valve Steam Deck&#8217;ile suure j\u00f5udlusega salvestusruumi uuendust? Otsige edasi kui BiWin 22*30 PCI-e NVMe SSD! See kompaktne, kuid v\u00f5imas SSD on loodud v\u00e4lkkiire lugemis- ja kirjutamiskiirusega, mis tagab teie lemmikm\u00e4ngude ja -rakenduste kiire laadimise ja t\u00f5rgeteta t\u00f6\u00f6.<\/p>\n\n<p>BiWin 22*30 on vaid 22 mm x 30 mm suurune ja seega \u00fcks v\u00e4iksemaid NVMe SSD-kettaid, mis on praegu turul saadaval. Kuid \u00e4rge laske end selle kompaktsest suurusest petta &#8211; see SSD on v\u00e4ga v\u00f5imas! T\u00e4nu lugemiskiirusele kuni 3500 MB\/s ja kirjutamiskiirusele kuni 3000 MB\/s on see rohkem kui v\u00f5imeline pidama sammu ka k\u00f5ige n\u00f5udlikumate m\u00e4ngude ja rakendustega.<\/p>\n\n<p>BiWin<em>2230<\/em>\u00fcks suurimaid eeliseid<em>on selle \u00fchilduvus nii GPD WIN MAX 2 kui ka Valve&#8217;i Steam Deckiga. Kui soovite t\u00e4iustada kummagi neist seadmetest salvestusruumi, on BiWin 2230 ideaalne valik<\/em>. Paigaldage SSD lihtsalt seadme NVMe-pessa ja olete valmis! <\/p>\n\n<p>BiWin 22*30 teine eelis on selle \u00fchilduvus paljude operatsioonis\u00fcsteemidega, sealhulgas Windows, Linux ja macOS. See teeb sellest mitmek\u00fclgse valiku k\u00f5igile, kes soovivad oma salvestusruumi uuendada, olenemata kasutatavast s\u00fcsteemist.<\/p>\n\n<p>Loomulikult on \u00fcks parimaid kohti BiWin 22*30 ostmiseks GPD poest. GPD toodete juhtiva jaem\u00fc\u00fcjana on GPD Store ideaalne koht, kust leiate k\u00f5ik tarvikud ja uuendused, mida vajate, et saada oma GPD WIN MAX 2 v\u00f5i Steam Deck&#8217;ist k\u00f5ige rohkem kasu. Kiire tarne, suurep\u00e4rased hinnad ja tipptasemel klienditeenindus annavad teile kindlustunde, et te saate parima v\u00f5imaliku pakkumise.<\/p>\n\n<p>Seega, kui otsite oma GPD WIN MAX 2 v\u00f5i Steam Deck&#8217;ile suure j\u00f5udlusega NVMe SSD uuendust, siis ei vaata kaugemale kui BiWin 22*30. T\u00e4nu oma kompaktsele suurusele, v\u00e4lkkiirusele ja laialdasele \u00fchilduvusele on see ideaalne valik k\u00f5igile, kes soovivad oma m\u00e4ngu- ja arvutikogemust uuele tasemele viia. Ja kuna GPD pood on vaid \u00fche kliki kaugusel, pole kunagi varem olnud lihtsam saada tooteid, mida vajate edu saavutamiseks!<\/p>\n","protected":false},"excerpt":{"rendered":"<ul>\n<li>\u00dchildub Valve Steam Deck, GPD WIN Max 2, GPD WIN 4 -ga.<\/li>\n<li>Kuni 3200 MB\/s lugemine | 2600 MB\/s kirjutamine<\/li>\n<li>0,107 ms lugemisviivitus | 0,109 ms kirjutamisviivitus<\/li>\n<li>Pr\u00fcgikoristus, TRIM &amp; Modern Standby toetatud<\/li>\n<\/ul>\n[cg_accordion title=\"MAKSUINFO\"]<\/p>\n<p>Me kasutame uusimat makset\u00f6\u00f6tlustehnoloogiat, mis v\u00f5imaldab teil kiiret ja turvalist maksmist Apple Pay, Google Pay, deebet-\/krediitkaardi, PayPali v\u00f5i BNPL-meetodite, nagu Klarna, Affirm v\u00f5i AfterPay kaudu.[\/cg_accordion]\n[cg_accordion title=\"GARANTSIOON\"]<\/p>\n<p>2-aastane garantii <a href=\"https:\/\/droix.net\/\" target=\"_blank\" rel=\"nofollow noopener\">DROIX Globalilt teie meelerahu tagamiseks<\/a> [\/cg_accordion]\n[cg_accordion title=\"HINNAKUJUNDUS, MAKSUD JA KOHALETOIMETAMINE\"]<\/p>\n<p><strong><u>M\u00e4rkus:<\/u><\/strong><\/p>\n<ul>\n<li>Ameerika \u00dchendriikide kliendid: N\u00e4idatud hind ei sisalda makse ega tollimaksu. Vastutus tollivormistuse ja sellega seotud maksude\/tollimaksude tasumise eest lasub kliendil. <\/li>\n<li>ELi kliendid: N\u00e4idatud hind sisaldab kohaldatavat maksu, mis v\u00f5ib s\u00f5ltuvalt teie riigist olla kuni 25%.<\/li>\n<li>Kanada kliendid: N\u00e4idatud hind sisaldab kohaldatavaid makse, mis v\u00f5ivad sisaldada 5% GST ja t\u00e4iendavaid provintsi m\u00fc\u00fcgimakse (PST), \u00fchtlustatud m\u00fc\u00fcgimaksu (HST) v\u00f5i Quebeci m\u00fc\u00fcgimaksu (QST), s\u00f5ltuvalt teie provintsist.<\/li>\n<\/ul>\n<p><strong>AINULT ELi klientidele:<\/strong> Express DDP (Delivered Duty Paid). See t\u00e4hendab: <\/p>\n<ul>\n<li>K\u00f5ik tollimaksud ja maksud sisalduvad toote lehel n\u00e4idatud hinnas.<\/li>\n<li>Te ei pea tarnimisel lisatasusid maksma.<\/li>\n<li>Harva esinevate tolliprobleemide korral tegeleb meie meeskond teie nimel tollivormistusega, et tagada sujuv tarne.<\/li>\n<p>Oluline teave tagastuste kohta:<\/p>\n<li>Kui te otsustate oma tellimuse tagastada v\u00f5i taotleda raha tagasi, siis pidage meeles, et teie eest DDP tingimuste alusel makstud makse ja tollimakse ei saa tagasi maksta.<\/li>\n<p>\u00dcksikasjalik teave <a href=\"https:\/\/gpdstore.net\/et\/terms-of-service\/\" target=\"_blank\" rel=\"nofollow noopener\">on esitatud meie Tingimustes<\/a>.\n<\/ul>\n<p>[\/cg_accordion]\n[cg_accordion title=\"KLIENDITUGI\"]<\/p>\n<p>Kas teil on k\u00fcsimus? Oleme l\u00fchikese teksti kaugusel sellest, et teie k\u00fcsimus oleks lahendatud!<br \/>\n[\/cg_accordion]\n[cg_accordion title=\"MIDA SISALDAB\"]<\/p>\n<ul>\n<li>1x BiWIN 2230 NVMe<\/li>\n<\/ul>\n<p>[\/cg_accordion]\n","protected":false},"featured_media":206324,"template":"","meta":{"_acf_changed":false},"product_brand":[],"product_cat":[5039],"product_tag":[9064],"woo-feed-brand":[],"class_list":{"0":"post-206322","1":"product","2":"type-product","3":"status-publish","4":"has-post-thumbnail","6":"product_cat-tarvikud","7":"product_tag-hardware-et","8":"product_shipping_class-low-end","9":"pa_accessory-type-add-ons-et","11":"first","12":"outofstock","13":"sold-individually","14":"taxable","15":"shipping-taxable","16":"purchasable","17":"product-type-simple"},"acf":[],"aioseo_notices":[],"_links":{"self":[{"href":"https:\/\/gpdstore.net\/et\/wp-json\/wp\/v2\/product\/206322","targetHints":{"allow":["GET"]}}],"collection":[{"href":"https:\/\/gpdstore.net\/et\/wp-json\/wp\/v2\/product"}],"about":[{"href":"https:\/\/gpdstore.net\/et\/wp-json\/wp\/v2\/types\/product"}],"wp:featuredmedia":[{"embeddable":true,"href":"https:\/\/gpdstore.net\/et\/wp-json\/wp\/v2\/media\/206324"}],"wp:attachment":[{"href":"https:\/\/gpdstore.net\/et\/wp-json\/wp\/v2\/media?parent=206322"}],"wp:term":[{"taxonomy":"product_brand","embeddable":true,"href":"https:\/\/gpdstore.net\/et\/wp-json\/wp\/v2\/product_brand?post=206322"},{"taxonomy":"product_cat","embeddable":true,"href":"https:\/\/gpdstore.net\/et\/wp-json\/wp\/v2\/product_cat?post=206322"},{"taxonomy":"product_tag","embeddable":true,"href":"https:\/\/gpdstore.net\/et\/wp-json\/wp\/v2\/product_tag?post=206322"},{"taxonomy":"woo-feed-brand","embeddable":true,"href":"https:\/\/gpdstore.net\/et\/wp-json\/wp\/v2\/woo-feed-brand?post=206322"}],"curies":[{"name":"wp","href":"https:\/\/api.w.org\/{rel}","templated":true}]}}