{"id":205247,"date":"2023-03-26T17:20:14","date_gmt":"2023-03-26T17:20:14","guid":{"rendered":"https:\/\/gpdstore.net\/maaratlemata\/gpd-win-max-2-pihuarvuti\/"},"modified":"2026-04-02T03:46:16","modified_gmt":"2026-04-02T03:46:16","slug":"gpd-win-max-2","status":"publish","type":"product","link":"https:\/\/gpdstore.net\/et\/product\/gpd-win-max-2\/","title":{"rendered":"GPD WIN MAX 2 pihuarvuti"},"content":{"rendered":"\n<p>GPD WIN MAX 2, mis on saadaval GPD poes, on muljetavaldav ultrabook, mis \u00fchendab t\u00f6\u00f6 ja m\u00e4ngu \u00fches seadmes. Selles pihuarvutis on suure j\u00f5udlusega AMD Ryzen 7 6800U protsessor kaheksa tuuma ja kuueteistk\u00fcmne niidiga, mis suudab saavutada kuni 4,7 GHz vahemikus 15W-28W TDP. AMD Radeon 680M pakub kuni 2,2 GHz v\u00f5imsust, tagades sujuva visuaali 10,1-tollisel IPS puuteekraanil.<\/p>\n\n<p>Kompaktsete m\u00f5\u00f5tmetega 8,9 x 6,2 x 0,9 tolli (22,7 \u00d7 16,0 \u00d7 2,3 cm) ja veidi \u00fcle kilogrammi kaaluv GPD WIN MAX 2 on v\u00e4ga kaasaskantav ja mahub h\u00f5lpsasti s\u00fclearvuti kotti v\u00f5i kohvrisse. See pihuarvuti toetab kuni 32 GB LPDDR5-6400 MT\/s RAM-i ja kuni 2 TB SSD, tagak\u00fcljel on lisapesa kuni 2 TB m.2 jaoks. PCIe 3.0 SSD.<\/p>\n\n<p>GPD WIN MAX 2 on varustatud ka t\u00e4ieliku m\u00e4ngujuhtimispuldiga, mis sisaldab kahte hall-sensoriga analoogpulti, m\u00e4ngude D-pad&#8217;i ja hall-sensoriga p\u00e4\u00e4stikuid. Tagak\u00fcljel on isegi kaks lisanuppu, mida saab seadistada vastavalt oma soovile. Ultrabookil on ka kiire WiFi 6 ja Bluetooth 5.2 ning valikuline 4G LTE tugi mobiilse andmeside jaoks.<\/p>\n\n<p>GPD WIN MAX 2 t\u00f6\u00f6tab 67Wh liitium-pol\u00fcmeerakuga, mis v\u00f5imaldab kuni 14 tundi kerget, 6-8 tundi m\u00f5\u00f5dukat ja 3 tundi rasket kasutamist. Lisaks saad Thunderbolt 4 pordi abil \u00fchendada v\u00e4lise graafikakaardi (eGPU), et saavutada veelgi kiirem j\u00f5udlus. Kahe monitori kuvamiseks on isegi sisseehitatud HDMI 2.1.<\/p>\n\n<p>Kokkuv\u00f5ttes on GPD WIN MAX 2 erakordne pihuarvuti, mis v\u00f5imaldab sujuvat \u00fcleminekut t\u00f6\u00f6 ja m\u00e4ngu vahel ning suurep\u00e4rase aku kestvusega. \u00dcksk\u00f5ik, kas t\u00f6\u00f6tate n\u00f5udlike kontoridokumentidega v\u00f5i naudite oma lemmik AAA-m\u00e4nge, see Ultrabook on teie jaoks olemas.<\/p>\n\n<p><\/p>\n","protected":false},"excerpt":{"rendered":"<ul>\n<li>AMD <strong>Ryzen 7 6800U<\/strong> @2.7GHz TDP 15-28W<\/li>\n<li>AMD Radeon 680M <strong>12 CUd @2200 MHz<\/strong><\/li>\n<li><strong>kuni 32 GB LPDDR5-6400 MT\/s<\/strong><\/li>\n<li><strong>kuni 2TB<\/strong> kiire PCI-E <strong>NVMe m\u00e4lu<\/strong> SSD<\/li>\n<li>WiFi 6 ja Bluetooth <strong>5.2<\/strong> tugi  <\/li>\n<\/ul>\n[cg_accordion title=\"MAKSUINFO\"]<\/p>\n<p>Me kasutame uusimat tehnoloogiat makset\u00f6\u00f6tluses, mis v\u00f5imaldab teil kiiret ja turvalist maksekorraldust oma deebet-\/ krediitkaardi v\u00f5i PayPali kaudu.[\/cg_accordion]\n[cg_accordion title=\"GARANTSIOON\"]<\/p>\n<p>2-aastane garantii <a href=\"https:\/\/droix.net\/\" target=\"_blank\" rel=\"nofollow noopener\">DROIX Globalilt teie meelerahu tagamiseks<\/a> [\/cg_accordion]\n[cg_accordion title=\"HINNAKUJUNDUS, MAKSUD JA KOHALETOIMETAMINE\"]<\/p>\n<p><strong><u>M\u00e4rkus:<\/u><\/strong><\/p>\n<ul>\n<li>Ameerika \u00dchendriikide kliendid: N\u00e4idatud hind ei sisalda makse ega tollimaksu. Vastutus tollivormistuse ja sellega seotud maksude\/tollimaksude tasumise eest lasub kliendil. <\/li>\n<li>ELi kliendid: N\u00e4idatud hind sisaldab kohaldatavat maksu, mis v\u00f5ib s\u00f5ltuvalt teie riigist olla kuni 25%.<\/li>\n<li>Kanada kliendid: N\u00e4idatud hind sisaldab kohaldatavaid makse, mis v\u00f5ivad sisaldada 5% GST ja t\u00e4iendavaid provintsi m\u00fc\u00fcgimakse (PST), \u00fchtlustatud m\u00fc\u00fcgimaksu (HST) v\u00f5i Quebeci m\u00fc\u00fcgimaksu (QST), s\u00f5ltuvalt teie provintsist.<\/li>\n<\/ul>\n<p><strong>AINULT ELi klientidele:<\/strong> Express DDP (Delivered Duty Paid). See t\u00e4hendab: <\/p>\n<ul>\n<li>K\u00f5ik tollimaksud ja maksud sisalduvad toote lehel n\u00e4idatud hinnas.<\/li>\n<li>Te ei pea tarnimisel lisatasusid maksma.<\/li>\n<li>Harva esinevate tolliprobleemide korral tegeleb meie meeskond teie nimel tollivormistusega, et tagada sujuv tarne.<\/li>\n<p>Oluline teave tagastuste kohta:<\/p>\n<li>Kui te otsustate oma tellimuse tagastada v\u00f5i taotleda raha tagasi, siis pidage meeles, et teie eest DDP tingimuste alusel makstud makse ja tollimakse ei saa tagasi maksta.<\/li>\n<p>\u00dcksikasjalik teave <a href=\"https:\/\/droix.net\/terms-and-conditions\/\" target=\"_blank\" rel=\"nofollow noopener\">on esitatud meie Tingimustes<\/a>.\n<\/ul>\n<p>[\/cg_accordion]\n[cg_accordion title=\"KLIENDITUGI\"]<\/p>\n<p>Kas teil on k\u00fcsimus? Oleme l\u00fchikese teksti kaugusel sellest, et teie k\u00fcsimus oleks lahendatud! <\/p>\n<p>\u00dcksikasjalik teave <a href=\"https:\/\/gpdstore.net\/et\/terms-of-service\/\" target=\"_blank\" rel=\"nofollow noopener\">on esitatud meie Tingimustes<\/a>.\n<\/ul>\n<p>[\/cg_accordion]\n[cg_accordion title=\"MIDA SISALDAB\"]<\/p>\n<ul>\n<li>1x GPD WIN MAX 2<\/li>\n<li>1x toiteadapter<\/li>\n<li>1x USB Type-C kaabel<\/li>\n<li>1x kasutusjuhend<\/li>\n<\/ul>\n<p>[\/cg_accordion]\n","protected":false},"featured_media":205249,"template":"","meta":{"_acf_changed":false},"product_brand":[],"product_cat":[6398],"product_tag":[6950],"woo-feed-brand":[5566],"class_list":{"0":"post-205247","1":"product","2":"type-product","3":"status-publish","4":"has-post-thumbnail","6":"product_cat-gpd-pihuarvuti-mangimiseks","7":"product_tag-gpd-win-max-2-et","8":"product_shipping_class-premium","9":"pa_bluetooth-5-2-et","10":"pa_display-type-h-ips-et","11":"pa_graphics-gpu-model-radeon-680m-et","12":"pa_i-o-video-1x-hdmi-2-1-et","13":"pa_i-o-video-1x-usb-4-0-type-c-40gb-s-kaudu","14":"pa_memory-ram-capacity-16gb-et","15":"pa_memory-ram-capacity-32gb-et","16":"pa_memory-ram-technology-lpddr5-et","17":"pa_storage-capacity-1tb-et","18":"pa_storage-capacity-2tb-et","19":"pa_wi-fi-wi-fi-6-et","20":"woo-feed-brand-gpd-et","22":"first","23":"outofstock","24":"taxable","25":"shipping-taxable","26":"purchasable","27":"product-type-variable","28":"has-default-attributes"},"acf":[],"aioseo_notices":[],"_links":{"self":[{"href":"https:\/\/gpdstore.net\/et\/wp-json\/wp\/v2\/product\/205247","targetHints":{"allow":["GET"]}}],"collection":[{"href":"https:\/\/gpdstore.net\/et\/wp-json\/wp\/v2\/product"}],"about":[{"href":"https:\/\/gpdstore.net\/et\/wp-json\/wp\/v2\/types\/product"}],"wp:featuredmedia":[{"embeddable":true,"href":"https:\/\/gpdstore.net\/et\/wp-json\/wp\/v2\/media\/205249"}],"wp:attachment":[{"href":"https:\/\/gpdstore.net\/et\/wp-json\/wp\/v2\/media?parent=205247"}],"wp:term":[{"taxonomy":"product_brand","embeddable":true,"href":"https:\/\/gpdstore.net\/et\/wp-json\/wp\/v2\/product_brand?post=205247"},{"taxonomy":"product_cat","embeddable":true,"href":"https:\/\/gpdstore.net\/et\/wp-json\/wp\/v2\/product_cat?post=205247"},{"taxonomy":"product_tag","embeddable":true,"href":"https:\/\/gpdstore.net\/et\/wp-json\/wp\/v2\/product_tag?post=205247"},{"taxonomy":"woo-feed-brand","embeddable":true,"href":"https:\/\/gpdstore.net\/et\/wp-json\/wp\/v2\/woo-feed-brand?post=205247"}],"curies":[{"name":"wp","href":"https:\/\/api.w.org\/{rel}","templated":true}]}}