{"id":201234,"date":"2023-03-26T13:55:57","date_gmt":"2023-03-26T13:55:57","guid":{"rendered":"https:\/\/gpdstore.net\/maaratlemata\/gpd-pocket-3-mini-sulearvuti\/"},"modified":"2026-01-07T00:09:14","modified_gmt":"2026-01-07T00:09:14","slug":"gpd-pocket-3","status":"publish","type":"product","link":"https:\/\/gpdstore.net\/et\/product\/gpd-pocket-3\/","title":{"rendered":"GPD Pocket 3 Mini s\u00fclearvuti"},"content":{"rendered":"\n<figure class=\"wp-block-video\"><video controls=\"\" poster=\"https:\/\/gpdstore.net\/wp-content\/uploads\/2023\/03\/s-l1600-2025-11-11T121147209.webp\" src=\"https:\/\/gpdstore.net\/wp-content\/uploads\/2023\/03\/kaezXFcAdRaf7bFG0dm_1100204901809_mp4_265_hd-1.mp4\"><\/video><\/figure>\n\n<div class=\"wp-block-columns is-layout-flex wp-container-core-columns-is-layout-28f84493 wp-block-columns-is-layout-flex\">\n<div class=\"wp-block-column is-layout-flow wp-block-column-is-layout-flow\" style=\"flex-basis:33.33%\">\n<figure class=\"wp-block-image size-full\"><a href=\"https:\/\/gpdstore.net\/wp-content\/uploads\/2023\/03\/Wholesale-Price-GPD-Pocket-3-Mini-Laptop-16GB-1TB-i7-GPD-Pocket-3jpg_.webp\"><img fetchpriority=\"high\" decoding=\"async\" width=\"800\" height=\"800\" src=\"https:\/\/gpdstore.net\/wp-content\/uploads\/2023\/03\/Wholesale-Price-GPD-Pocket-3-Mini-Laptop-16GB-1TB-i7-GPD-Pocket-3jpg_.webp\" alt=\"GPD Pocket 3, kompaktne ja v&#xF5;imas mini s&#xFC;learvuti, mis on m&#xF5;eldud mitmek&#xFC;lgsete arvutite ja kaasaskantavuse jaoks.\" class=\"wp-image-1263941\" srcset=\"https:\/\/gpdstore.net\/wp-content\/uploads\/2023\/03\/Wholesale-Price-GPD-Pocket-3-Mini-Laptop-16GB-1TB-i7-GPD-Pocket-3jpg_.webp 800w, https:\/\/gpdstore.net\/wp-content\/uploads\/2023\/03\/Wholesale-Price-GPD-Pocket-3-Mini-Laptop-16GB-1TB-i7-GPD-Pocket-3jpg_-600x600.webp 600w, https:\/\/gpdstore.net\/wp-content\/uploads\/2023\/03\/Wholesale-Price-GPD-Pocket-3-Mini-Laptop-16GB-1TB-i7-GPD-Pocket-3jpg_-150x150.webp 150w, https:\/\/gpdstore.net\/wp-content\/uploads\/2023\/03\/Wholesale-Price-GPD-Pocket-3-Mini-Laptop-16GB-1TB-i7-GPD-Pocket-3jpg_-768x768.webp 768w, https:\/\/gpdstore.net\/wp-content\/uploads\/2023\/03\/Wholesale-Price-GPD-Pocket-3-Mini-Laptop-16GB-1TB-i7-GPD-Pocket-3jpg_-65x65.webp 65w, https:\/\/gpdstore.net\/wp-content\/uploads\/2023\/03\/Wholesale-Price-GPD-Pocket-3-Mini-Laptop-16GB-1TB-i7-GPD-Pocket-3jpg_-360x360.webp 360w, https:\/\/gpdstore.net\/wp-content\/uploads\/2023\/03\/Wholesale-Price-GPD-Pocket-3-Mini-Laptop-16GB-1TB-i7-GPD-Pocket-3jpg_-441x441.webp 441w, https:\/\/gpdstore.net\/wp-content\/uploads\/2023\/03\/Wholesale-Price-GPD-Pocket-3-Mini-Laptop-16GB-1TB-i7-GPD-Pocket-3jpg_-100x100.webp 100w\" sizes=\"(max-width: 800px) 100vw, 800px\" \/><\/a><\/figure>\n<\/div>\n\n\n\n<div class=\"wp-block-column is-layout-flow wp-block-column-is-layout-flow\" style=\"flex-basis:66.66%\">\n<h2 class=\"wp-block-heading\"><strong><br\/><\/strong><strong>GPD Pocket 3: kompaktne j\u00f5ujaam<br\/>Intel Pentium Gold 7505 j\u00f5udlusega<\/strong><\/h2>\n\n\n\n<p><strong>GPD Pocket 3<\/strong> on n\u00fc\u00fcd saadaval t\u00e4iustatud konfiguratsioonis, milles on <a href=\"https:\/\/www.intel.com\/content\/www\/us\/en\/products\/sku\/208667\/intel-pentium-gold-7505-processor-4m-cache-up-to-3-50-ghz-with-ipu\/specifications.html\" target=\"_blank\" rel=\"noopener nofollow\" title=\"\">Intel Pentium Gold 7505 protsessor<\/a>. Nelja tuuma ja kaheksa niidi ning kuni 3,5 GHz kiirenduskiirusega protsessor pakub tugevat j\u00f5udlust igap\u00e4evaseks tootlikkuseks ja mitmet\u00f6\u00f6tluseks. <\/p>\n\n\n\n<p>Koos 16 GB LPDDR4x RAM-i, mis t\u00f6\u00f6tab 3733 MHz kiirusel, ja kiire M.2 <a href=\"https:\/\/droix.net\/product\/ayn-odin-2-super-dock\/\" target=\"_blank\" rel=\"noopener nofollow\" title=\"\">NVMe<\/a> SSD-ga pakub Pocket 3 sujuvat kasutuskogemust selliste \u00fclesannete jaoks nagu dokumentide redigeerimine, veebi sirvimine, video voogedastus ja kerge loominguline t\u00f6\u00f6. T\u00e4nu kompaktsele disainile ja modulaarsele pordis\u00fcsteemile sobib see ideaalselt professionaalidele ja entusiastidele, kes vajavad v\u00f5imsat, kuid kaasaskantavat Windowsi seadet. <\/p>\n\n\n\n<p>Kui te t\u00f6\u00f6tate kaugt\u00f6\u00f6d, reisite v\u00f5i vajate mitmek\u00fclgset ultrakantavat arvutit, siis GPD Pocket 3 Intel Pentium Goldiga saavutab t\u00e4iusliku tasakaalu j\u00f5udluse ja kaasaskantavuse vahel.<\/p>\n<\/div>\n<\/div>\n\n<h2 class=\"wp-block-heading has-text-align-center\">Projekteeritud professionaalidele: Mitmek\u00fclgsus, kontroll ja tipptasemel disain.<\/h2>\n\n<div class=\"wp-block-columns is-layout-flex wp-container-core-columns-is-layout-28f84493 wp-block-columns-is-layout-flex\">\n<div class=\"wp-block-column is-layout-flow wp-block-column-is-layout-flow\">\n<figure class=\"wp-block-image size-full\"><img decoding=\"async\" width=\"300\" height=\"300\" src=\"https:\/\/gpdstore.net\/wp-content\/uploads\/2023\/03\/87affa8a-19ce-4c6d-891b-43840ae1d1f6__CR00300300_PT0_SX300_V1___.jpg\" alt=\"GPD Pocket 3 mini s&#xFC;learvuti, millel on 180-kraadise p&#xF6;&#xF6;ramise ja 180-kraadise &#xFC;mberp&#xF6;&#xF6;ramise v&#xF5;imalus, mis pakub paindlikke vaatamis- ja kasutusv&#xF5;imalusi.\" class=\"wp-image-1263942\" srcset=\"https:\/\/gpdstore.net\/wp-content\/uploads\/2023\/03\/87affa8a-19ce-4c6d-891b-43840ae1d1f6__CR00300300_PT0_SX300_V1___.jpg 300w, https:\/\/gpdstore.net\/wp-content\/uploads\/2023\/03\/87affa8a-19ce-4c6d-891b-43840ae1d1f6__CR00300300_PT0_SX300_V1___-150x150.jpg 150w, https:\/\/gpdstore.net\/wp-content\/uploads\/2023\/03\/87affa8a-19ce-4c6d-891b-43840ae1d1f6__CR00300300_PT0_SX300_V1___-65x65.jpg 65w, https:\/\/gpdstore.net\/wp-content\/uploads\/2023\/03\/87affa8a-19ce-4c6d-891b-43840ae1d1f6__CR00300300_PT0_SX300_V1___-100x100.jpg 100w\" sizes=\"(max-width: 300px) 100vw, 300px\" \/><\/figure>\n\n\n\n<h3 class=\"wp-block-heading\"><strong><strong>Ekraan, mis kohandub:<\/strong> 180\u00b0 p\u00f6\u00f6rlev ekraan pulbermetallurgilise vastupidavusega.<\/strong><\/h3>\n\n\n\n<p>Meie uuenduslikult konstrueeritud p\u00f6\u00f6rlev ekraan, mis on valmistatud t\u00e4iustatud pulbermetallurgia tehnoloogia abil, v\u00f5imaldab sujuvat 180-kraadist \u00fche k\u00e4ega p\u00f6\u00f6rlemist \u00fcmber Y-telje. See on edukalt vastu pidanud rangetele vastupidavuskatsetele, taludes 100 000 pidevat robootilist toimingut (sealhulgas p\u00f6\u00f6ramist, avamist ja sulgemist), mille hooldatavus on muljetavaldav 99,3%. <\/p>\n<\/div>\n\n\n\n<div class=\"wp-block-column is-layout-flow wp-block-column-is-layout-flow\">\n<figure class=\"wp-block-image size-full\"><img decoding=\"async\" width=\"300\" height=\"300\" src=\"https:\/\/gpdstore.net\/wp-content\/uploads\/2023\/03\/9728f488-7c9a-4702-8194-6d4228a0fa83__CR00300300_PT0_SX300_V1___.jpg\" alt=\"GPD Pocket 3 mini s&#xFC;learvuti koos pliiatsi toega, mis v&#xF5;imaldab t&#xE4;pset sisestamist ja suuremat tootlikkust.\" class=\"wp-image-1263943\" srcset=\"https:\/\/gpdstore.net\/wp-content\/uploads\/2023\/03\/9728f488-7c9a-4702-8194-6d4228a0fa83__CR00300300_PT0_SX300_V1___.jpg 300w, https:\/\/gpdstore.net\/wp-content\/uploads\/2023\/03\/9728f488-7c9a-4702-8194-6d4228a0fa83__CR00300300_PT0_SX300_V1___-150x150.jpg 150w, https:\/\/gpdstore.net\/wp-content\/uploads\/2023\/03\/9728f488-7c9a-4702-8194-6d4228a0fa83__CR00300300_PT0_SX300_V1___-65x65.jpg 65w, https:\/\/gpdstore.net\/wp-content\/uploads\/2023\/03\/9728f488-7c9a-4702-8194-6d4228a0fa83__CR00300300_PT0_SX300_V1___-100x100.jpg 100w\" sizes=\"(max-width: 300px) 100vw, 300px\" \/><\/figure>\n\n\n\n<h3 class=\"wp-block-heading\"><strong><strong><strong>T\u00e4pne sisend:<\/strong> Kasutades Red Dot auhinnaga QWERTY klaviatuuri ja 4096-tasemelist pliiatsit.<\/strong><\/strong><\/h3>\n\n\n\n<p>Pocket 3 toetab aktiivset pliiatsit, millel on 4096 r\u00f5hutundlikkuse taset, mis tagab originaalse k\u00e4ekirjat\u00e4psuse. See on \u00fchilduv Surface Peniga Microsofti MPP 2.0 protokolli kaudu, v\u00f5imaldades sujuvat m\u00e4rkmete, m\u00e4rkmete ja allkirjade tegemist, v\u00f5imaldades igal ajal t\u00e4pset ja loomingulist sisuloomingut. <\/p>\n<\/div>\n\n\n\n<div class=\"wp-block-column is-layout-flow wp-block-column-is-layout-flow\">\n<figure class=\"wp-block-image size-full\"><img loading=\"lazy\" decoding=\"async\" width=\"300\" height=\"300\" src=\"https:\/\/gpdstore.net\/wp-content\/uploads\/2023\/03\/a2d68f01-c1f4-4886-afb1-90dae8b01b16__CR00300300_PT0_SX300_V1___.jpg\" alt=\"GPD Pocket 3 mini s&#xFC;learvuti 1080P &#xFC;li&#xF5;hukese kaameraga, mis pakub k&#xF5;rglahutusega videokvaliteeti selgete ja teravate videok&#xF5;nede jaoks.\" class=\"wp-image-1263944\" srcset=\"https:\/\/gpdstore.net\/wp-content\/uploads\/2023\/03\/a2d68f01-c1f4-4886-afb1-90dae8b01b16__CR00300300_PT0_SX300_V1___.jpg 300w, https:\/\/gpdstore.net\/wp-content\/uploads\/2023\/03\/a2d68f01-c1f4-4886-afb1-90dae8b01b16__CR00300300_PT0_SX300_V1___-150x150.jpg 150w, https:\/\/gpdstore.net\/wp-content\/uploads\/2023\/03\/a2d68f01-c1f4-4886-afb1-90dae8b01b16__CR00300300_PT0_SX300_V1___-65x65.jpg 65w, https:\/\/gpdstore.net\/wp-content\/uploads\/2023\/03\/a2d68f01-c1f4-4886-afb1-90dae8b01b16__CR00300300_PT0_SX300_V1___-100x100.jpg 100w\" sizes=\"(max-width: 300px) 100vw, 300px\" \/><\/figure>\n\n\n\n<h3 class=\"wp-block-heading\"><strong><strong><strong>Selge kommunikatsioon:<\/strong> \u00dchendamine k\u00f5ikjal 1080P \u00fcli\u00f5hukese lainurkkaameraga.<\/strong><\/strong><\/h3>\n\n\n\n<p>1080P k\u00f5rglahutusega \u00fcli\u00f5huke minikaamera 2 miljoni piksli ja laia 77\u00b0 vaatev\u00e4ljaga. See v\u00f5imaldab teil suhelda perega otse\u00fclekande kaudu v\u00f5i pidada videokonverentse kolleegidega igal ajal ja igal pool. <\/p>\n<\/div>\n<\/div>\n\n<div class=\"wp-block-columns is-layout-flex wp-container-core-columns-is-layout-28f84493 wp-block-columns-is-layout-flex\">\n<div class=\"wp-block-column is-layout-flow wp-block-column-is-layout-flow\">\n<figure class=\"wp-block-image size-full\"><img loading=\"lazy\" decoding=\"async\" width=\"300\" height=\"400\" src=\"https:\/\/gpdstore.net\/wp-content\/uploads\/2023\/03\/dfaad9ca-c981-4178-9f69-19a4a5cf5f38__CR00300400_PT0_SX300_V1___.jpg\" alt=\"GPD Pocket 3 mini s&#xFC;learvuti koos KVM-juhtimisega, mis pakub mitme seadme sujuvat integreerimist ja haldamist &#xFC;hest liidesest.\" class=\"wp-image-1263945\" srcset=\"https:\/\/gpdstore.net\/wp-content\/uploads\/2023\/03\/dfaad9ca-c981-4178-9f69-19a4a5cf5f38__CR00300400_PT0_SX300_V1___.jpg 300w, https:\/\/gpdstore.net\/wp-content\/uploads\/2023\/03\/dfaad9ca-c981-4178-9f69-19a4a5cf5f38__CR00300400_PT0_SX300_V1___-150x200.jpg 150w\" sizes=\"(max-width: 300px) 100vw, 300px\" \/><\/figure>\n<\/div>\n\n\n\n<div class=\"wp-block-column is-layout-flow wp-block-column-is-layout-flow\">\n<h3 class=\"wp-block-heading\"><strong>IT-administratsiooni v\u00f5imsus:<\/strong> riistvara tasandi serverile juurdep\u00e4\u00e4s hot-swap KVM-mooduli kaudu.<\/h3>\n\n\n\n<p>Erinevalt &#8220;kaugt\u00f6\u00f6lauast&#8221; kasutatakse KVM-juhtimismoodulit riistvara tasemel juurdep\u00e4\u00e4su kontrollimiseks, mis h\u00f5lmab kogu sihtotstarbelise serveri kasutusprotsessi, alates k\u00e4ivitamisest, BIOSi seadetest kuni operatsioonis\u00fcsteemis tehtavate toiminguteni.<\/p>\n\n\n\n<p>See on kuumvahetatav, kuid sellel puudub IP KVM, seega ei toeta see kaugjuhtimist ja sobib kohalike v\u00f5rguseadmete haldamiseks, millel puudub klaviatuur, hiir ja ekraan.<\/p>\n\n\n\n<p>*KVM-moodul\/RS-232 moodul\/stylus M\u00fc\u00fcakse eraldi<\/p>\n<\/div>\n\n\n\n<div class=\"wp-block-column is-layout-flow wp-block-column-is-layout-flow\">\n<figure class=\"wp-block-image size-full\"><img loading=\"lazy\" decoding=\"async\" width=\"350\" height=\"175\" src=\"https:\/\/gpdstore.net\/wp-content\/uploads\/2023\/03\/c011901a-1c49-4ed6-b6e2-a74a6089bf57__CR00350175_PT0_SX350_V1___-1.jpg\" alt=\"GPD Pocket 3 mini s&#xFC;learvuti, millel on QWERTY klaviatuur, mis on loodud mugavaks ja t&#xF5;husaks kirjutamiseks kompaktses formaadis.\" class=\"wp-image-1263946\" srcset=\"https:\/\/gpdstore.net\/wp-content\/uploads\/2023\/03\/c011901a-1c49-4ed6-b6e2-a74a6089bf57__CR00350175_PT0_SX350_V1___-1.jpg 350w, https:\/\/gpdstore.net\/wp-content\/uploads\/2023\/03\/c011901a-1c49-4ed6-b6e2-a74a6089bf57__CR00350175_PT0_SX350_V1___-1-150x75.jpg 150w\" sizes=\"(max-width: 350px) 100vw, 350px\" \/><\/figure>\n\n\n\n<h3 class=\"wp-block-heading\"><strong>&#8220;QWERTY&#8221; klaviatuur<\/strong><\/h3>\n\n\n\n<p>Meie laialt tunnustatud \u0161iklet-\u0161okolaadist stiilis &#8220;QWERTY&#8221; klaviatuur, mis on v\u00f5itnud Saksa Red Dot auhinna, on optimeeritud m\u00f5lema k\u00e4ega kirjutamiseks, koondades k\u00f5ige olulisemad klahvid keskele, mist\u00f5ttu on sellel seadmel v\u00e4ga mugav m\u00e4ngida klaviatuuri ja hiirega juhitavaid m\u00e4nge!<\/p>\n<\/div>\n<\/div>\n\n<h2 class=\"wp-block-heading has-text-align-center\">Professionaalsed sisendid: Riistvara juhtimine ja ergonoomiline tr\u00fckkimine<\/h2>\n\n<figure class=\"wp-block-image aligncenter size-full\"><img loading=\"lazy\" decoding=\"async\" width=\"1024\" height=\"678\" src=\"https:\/\/gpdstore.net\/wp-content\/uploads\/2023\/03\/GPD-POCKET-3-MARKETING-IMAGE-2-1024x678-1.jpg\" alt=\"GPD Pocket 3 mini s&#xFC;learvuti, mis on v&#xF5;imeline &#xFC;hendama mitu kuvarit, et suurendada tootlikkust ja multitegutsemist\" class=\"wp-image-1263947\" srcset=\"https:\/\/gpdstore.net\/wp-content\/uploads\/2023\/03\/GPD-POCKET-3-MARKETING-IMAGE-2-1024x678-1.jpg 1024w, https:\/\/gpdstore.net\/wp-content\/uploads\/2023\/03\/GPD-POCKET-3-MARKETING-IMAGE-2-1024x678-1-600x397.jpg 600w, https:\/\/gpdstore.net\/wp-content\/uploads\/2023\/03\/GPD-POCKET-3-MARKETING-IMAGE-2-1024x678-1-768x509.jpg 768w, https:\/\/gpdstore.net\/wp-content\/uploads\/2023\/03\/GPD-POCKET-3-MARKETING-IMAGE-2-1024x678-1-360x238.jpg 360w, https:\/\/gpdstore.net\/wp-content\/uploads\/2023\/03\/GPD-POCKET-3-MARKETING-IMAGE-2-1024x678-1-990x655.jpg 990w, https:\/\/gpdstore.net\/wp-content\/uploads\/2023\/03\/GPD-POCKET-3-MARKETING-IMAGE-2-1024x678-1-441x292.jpg 441w, https:\/\/gpdstore.net\/wp-content\/uploads\/2023\/03\/GPD-POCKET-3-MARKETING-IMAGE-2-1024x678-1-150x99.jpg 150w\" sizes=\"(max-width: 1024px) 100vw, 1024px\" \/><\/figure>\n\n<p>GPD on tagasi oma populaarse mini s\u00fclearvutite sarja kolmanda versiooniga, mille nimi on tabavalt <strong>GPD Pocket 3<\/strong>! See t\u00e4isfunktsionaalne v\u00e4ikese suurusega s\u00fclearvuti on t\u00e4ielikult varustatud ja piisavalt paindlik, et t\u00e4ita k\u00f5ik teie igap\u00e4evased arvutivajadused h\u00f5lpsasti.<\/p>\n\n<p>Lisaks seadmel juba olemasolevale hulgale liidestele (USB, Thunderbolt, RJ45 jne) on GPD Pocket 3-l ka &#8220;modulaarne \u00fchendusliides&#8221;. See v\u00f5imaldab teil vabalt kohandada <strong>GPD Pocket 3<\/strong> pordid vastavalt oma vajadustele. Kas soovite t\u00e4iendavat USB-porti teise seadme jaoks? Pole probleemi. Kas teil on vaja liidestada serveriga? See on lihtne spetsiaalse KVM-mooduliga!*     <\/p>\n\n<p>L\u00f5ppkokkuv\u00f5ttes on <strong>GPD Pocket 3<\/strong> t\u00e4is kasulikke omadusi ja funktsioone. Sisseehitatud mikrofon? See on olemas. 360 kraadi p\u00f6\u00f6ratav ekraan? Muidugi! HDMI-port? Juba olemas!      <\/p>\n\n<p>Olenemata sellest, kas olete huvitatud tipp- v\u00f5i baasmudelist, saate s\u00fclearvuti, mis on v\u00e4ga kaasaskantav ja kohandatav, et see sobiks teile ideaalselt.<\/p>\n\n<figure class=\"wp-block-image aligncenter size-full\"><img loading=\"lazy\" decoding=\"async\" width=\"970\" height=\"600\" src=\"https:\/\/gpdstore.net\/wp-content\/uploads\/2023\/03\/28ee65cf-aa50-4535-b107-c1d20069d506__CR00970600_PT0_SX970_V1___.jpg\" alt=\"GPD Pocket 3 mini s&#xFC;learvuti s&#xFC;steemi parameetrid, sealhulgas protsessori, m&#xE4;lu, salvestusruumi ja ekraani spetsifikatsioonid optimaalse j&#xF5;udluse tagamiseks.\" class=\"wp-image-1263948\" srcset=\"https:\/\/gpdstore.net\/wp-content\/uploads\/2023\/03\/28ee65cf-aa50-4535-b107-c1d20069d506__CR00970600_PT0_SX970_V1___.jpg 970w, https:\/\/gpdstore.net\/wp-content\/uploads\/2023\/03\/28ee65cf-aa50-4535-b107-c1d20069d506__CR00970600_PT0_SX970_V1___-600x371.jpg 600w, https:\/\/gpdstore.net\/wp-content\/uploads\/2023\/03\/28ee65cf-aa50-4535-b107-c1d20069d506__CR00970600_PT0_SX970_V1___-768x475.jpg 768w, https:\/\/gpdstore.net\/wp-content\/uploads\/2023\/03\/28ee65cf-aa50-4535-b107-c1d20069d506__CR00970600_PT0_SX970_V1___-360x223.jpg 360w, https:\/\/gpdstore.net\/wp-content\/uploads\/2023\/03\/28ee65cf-aa50-4535-b107-c1d20069d506__CR00970600_PT0_SX970_V1___-441x273.jpg 441w, https:\/\/gpdstore.net\/wp-content\/uploads\/2023\/03\/28ee65cf-aa50-4535-b107-c1d20069d506__CR00970600_PT0_SX970_V1___-150x93.jpg 150w\" sizes=\"(max-width: 970px) 100vw, 970px\" \/><\/figure>\n","protected":false},"excerpt":{"rendered":"<ul>\n<li>Intel\u00ae Pentium\u00ae Gold 7505 kuni 3,50 GHz ; 4 tuuma\/8 l\u00f5ime<\/li>\n<li><strong>16GB LPDDR4x RAM<\/strong> @3733Mhz<\/li>\n<li><strong>Thunderbolt 4 \/ 8-tolline puuteekraan \/ s\u00f5rmej\u00e4ljelugeja<\/strong><\/li>\n<li><strong>Kuni 4TB<\/strong> PCI-E NVMe SSD-plaati<\/li>\n<li>Modulaarne koos <strong>KVM\/RS-232 pordiga <\/strong>(m\u00fc\u00fcakse eraldi)<\/li>\n<\/ul>\n<p><img loading=\"lazy\" decoding=\"async\" src=\"https:\/\/gpdstore.net\/wp-content\/uploads\/2024\/08\/POCKET-4-FREEBIE-LONG.jpg\" alt=\"GPD Pocket 4 reklaamb\u00e4nner, mis pakub tasuta kaitsekotti. Tekst on j\u00e4rgmine: \"TASUTA KINKUD - KAITSEKORV - AUTOMAATILINE LISANDAMINE KAUBAKORVI\", millele on lisatud musta, elegantse kaitsekoti kujutis.\" width=\"1000\" height=\"140\" class=\"alignnone size-full wp-image-973719\" srcset=\"https:\/\/gpdstore.net\/wp-content\/uploads\/2024\/08\/POCKET-4-FREEBIE-LONG.jpg 1000w, https:\/\/gpdstore.net\/wp-content\/uploads\/2024\/08\/POCKET-4-FREEBIE-LONG-600x84.jpg 600w, https:\/\/gpdstore.net\/wp-content\/uploads\/2024\/08\/POCKET-4-FREEBIE-LONG-768x108.jpg 768w, https:\/\/gpdstore.net\/wp-content\/uploads\/2024\/08\/POCKET-4-FREEBIE-LONG-360x50.jpg 360w, https:\/\/gpdstore.net\/wp-content\/uploads\/2024\/08\/POCKET-4-FREEBIE-LONG-990x139.jpg 990w, https:\/\/gpdstore.net\/wp-content\/uploads\/2024\/08\/POCKET-4-FREEBIE-LONG-441x62.jpg 441w, https:\/\/gpdstore.net\/wp-content\/uploads\/2024\/08\/POCKET-4-FREEBIE-LONG-150x21.jpg 150w\" sizes=\"(max-width: 1000px) 100vw, 1000px\" \/><\/p>\n<p> [cg_accordion title=\"MAKSUINFO\"] Me kasutame uusimat tehnoloogiat makset\u00f6\u00f6tluses, mis v\u00f5imaldab teil kiiret ja turvalist maksekorraldust oma deebet-\/ krediitkaardi v\u00f5i PayPali kaudu.[\/cg_accordion] [cg_accordion title=\"GARANTSIOON\"] 2-aastane garantii <a href=\"https:\/\/droix.net\/\" target=\"_blank\" rel=\"nofollow noopener\">DROIX Globalilt<\/a> teie meelerahu tagamiseks.[\/cg_accordion] [cg_accordion title=\"KVALITEEDI TAGAMINE JA L\u00c4HETAMISEELNE TESTIMINE\"] Klientide rahulolu tagamine k\u00f5rgeimal tasemel: Iga seade l\u00e4bib enne saatmist range testimise ja mitmepunktilise kvaliteedikontrolli. Meie p\u00fchendunud meeskond kontrollib j\u00f5udlust, funktsionaalsust ja komponentide terviklikkust, et tagada, et teie GPD-seade on saabumisel t\u00e4iuslikus t\u00f6\u00f6korras, pakkudes teile kindlustunnet ja meelerahu.[\/cg_accordion] [cg_accordion title=\"HINNAKUJUNDUS, MAKSUD JA KOHALETOIMETAMINE\"] <strong><u>M\u00e4rkus:<\/u><\/strong><\/p>\n<ul>\n<li>Ameerika \u00dchendriikide kliendid: N\u00e4idatud hind ei sisalda makse ega tollimaksu. Vastutus tollivormistuse ja sellega seotud maksude\/tollimaksude tasumise eest lasub kliendil. <\/li>\n<li>ELi kliendid: N\u00e4idatud hind sisaldab kohaldatavat MAKSU, mis v\u00f5ib s\u00f5ltuvalt teie riigist olla kuni 25%.<\/li>\n<li>Kanada kliendid: N\u00e4idatud hind sisaldab kohaldatavaid makse, mis v\u00f5ivad sisaldada 5% GST ja t\u00e4iendavaid provintsi m\u00fc\u00fcgimakse (PST), \u00fchtlustatud m\u00fc\u00fcgimaksu (HST) v\u00f5i Quebeci m\u00fc\u00fcgimaksu (QST), s\u00f5ltuvalt teie provintsist.<\/li>\n<\/ul>\n<p><strong>AINULT ELi klientidele:<\/strong> Express DDP (Delivered Duty Paid). See t\u00e4hendab: <\/p>\n<ul>\n<li style=\"list-style-type: none;\">\n<ul>\n<li>K\u00f5ik tollimaksud ja maksud sisalduvad toote lehel n\u00e4idatud hinnas.<\/li>\n<li>Te ei pea tarnimisel lisatasusid maksma.<\/li>\n<li>Harva esinevate tolliprobleemide korral tegeleb meie meeskond teie nimel tollivormistusega, et tagada sujuv tarne.<\/li>\n<p>Oluline teave tagastuste kohta:<\/p>\n<li>Kui te otsustate oma tellimuse tagastada v\u00f5i taotleda raha tagasi, siis pidage meeles, et teie eest DDP tingimuste alusel makstud makse ja tollimakse ei saa tagasi maksta.<\/li>\n<p>Palun vaadake meie<\/ul>\n<\/li>\n<\/ul>\n<p><a href=\"https:\/\/droix.net\/terms-and-conditions\/\" target=\"_blank\" rel=\"nofollow noopener\">Tingimused<\/a><\/p>\n<ul>\u00fcksikasjalikku teavet.<\/ul>\n<p>[\/cg_accordion] [cg_accordion title=\"KLIENDITUGI\"]  Kas teil on k\u00fcsimus? Oleme l\u00fchikese teksti kaugusel sellest, et teie k\u00fcsimus oleks lahendatud!  \u00dcksikasjalikku teavet leiate meie <a href=\"https:\/\/gpdstore.net\/en-gb\/terms-of-service\/\" target=\"_blank\" rel=\"nofollow noopener\">Tingimustest<\/a>.  [\/cg_accordion] [cg_accordion title=\"MIDA SISALDAB\"]<\/p>\n<ul>\n<li>1x GPD Pocket 3<\/li>\n<li>1x toiteadapter<\/li>\n<li>1x USB Type-C kaabel<\/li>\n<li>1x kasutusjuhend<\/li>\n<li>1x GPD pliiats<\/li>\n<\/ul>\n<p>[\/cg_accordion]<\/p>\n","protected":false},"featured_media":31718,"template":"","meta":{"_acf_changed":false},"product_brand":[],"product_cat":[9001,9002,6949],"product_tag":[14520,9003],"woo-feed-brand":[5566],"class_list":{"0":"post-201234","1":"product","2":"type-product","3":"status-publish","4":"has-post-thumbnail","6":"product_cat-sulearvutid","7":"product_cat-tahvelarvuti-sulearvuti","8":"product_cat-gpd-mini-sulearvutid","9":"product_tag-8xmsale-et","10":"product_tag-gpd-tasku-3","11":"product_shipping_class-premium","12":"pa_bluetooth-5-et","13":"pa_brand-gpd","14":"pa_display-type-h-ips-et","15":"pa_graphics-gpu-model-core-i3-1125g4-uhd-graafika","16":"pa_graphics-gpu-model-core-i7-1195g7-iris-xe-graafika","17":"pa_graphics-gpu-model-pentium-gold-7505-uhd-graafika","18":"pa_i-o-video-1x-hdmi-2-0b-et","19":"pa_i-o-video-1x-usb-4-0-type-c-40gb-s-kaudu","20":"pa_memory-ram-capacity-8gb-et","21":"pa_memory-ram-capacity-16gb-et","22":"pa_memory-ram-technology-lpddr4x-et","23":"pa_processor-cpu-model-intel-core-i3-1125g4","24":"pa_processor-cpu-model-intel-core-i7-1195g7","25":"pa_processor-cpu-model-intel-pentium-gold-7505","26":"pa_processor-cpu-model-pentium-silver-n6000","27":"pa_storage-capacity-512gb-et","28":"pa_storage-capacity-1tb-et","29":"pa_wi-fi-wi-fi-6-et","30":"woo-feed-brand-gpd-et","32":"first","33":"instock","34":"sale","35":"taxable","36":"shipping-taxable","37":"purchasable","38":"product-type-variable","39":"has-default-attributes"},"acf":[],"aioseo_notices":[],"_links":{"self":[{"href":"https:\/\/gpdstore.net\/et\/wp-json\/wp\/v2\/product\/201234","targetHints":{"allow":["GET"]}}],"collection":[{"href":"https:\/\/gpdstore.net\/et\/wp-json\/wp\/v2\/product"}],"about":[{"href":"https:\/\/gpdstore.net\/et\/wp-json\/wp\/v2\/types\/product"}],"wp:featuredmedia":[{"embeddable":true,"href":"https:\/\/gpdstore.net\/et\/wp-json\/wp\/v2\/media\/31718"}],"wp:attachment":[{"href":"https:\/\/gpdstore.net\/et\/wp-json\/wp\/v2\/media?parent=201234"}],"wp:term":[{"taxonomy":"product_brand","embeddable":true,"href":"https:\/\/gpdstore.net\/et\/wp-json\/wp\/v2\/product_brand?post=201234"},{"taxonomy":"product_cat","embeddable":true,"href":"https:\/\/gpdstore.net\/et\/wp-json\/wp\/v2\/product_cat?post=201234"},{"taxonomy":"product_tag","embeddable":true,"href":"https:\/\/gpdstore.net\/et\/wp-json\/wp\/v2\/product_tag?post=201234"},{"taxonomy":"woo-feed-brand","embeddable":true,"href":"https:\/\/gpdstore.net\/et\/wp-json\/wp\/v2\/woo-feed-brand?post=201234"}],"curies":[{"name":"wp","href":"https:\/\/api.w.org\/{rel}","templated":true}]}}