{"id":191593,"date":"2023-03-24T18:47:23","date_gmt":"2023-03-24T18:47:23","guid":{"rendered":"https:\/\/gpdstore.net\/maaratlemata\/gpd-win-4-mangukonsooliga-pihuarvuti\/"},"modified":"2025-12-23T10:34:38","modified_gmt":"2025-12-23T10:34:38","slug":"gpd-win-4","status":"publish","type":"product","link":"https:\/\/gpdstore.net\/et\/product\/gpd-win-4\/","title":{"rendered":"GPD WIN 4 m\u00e4ngukonsooliga pihuarvuti"},"content":{"rendered":"\n<p>Kui oled innukas m\u00e4ngur, kes armastab m\u00e4ngimist kaasa v\u00f5tta, siis oled kindlasti p\u00f5nevil, kui kuuled GPD uusimast pihuarvutist GPD WIN 4. T\u00e4nu oma kompaktsele suurusele ja v\u00f5imsatele n\u00e4itajatele avaldab see seade kindlasti muljet ka k\u00f5ige n\u00f5udlikumatele m\u00e4ngijatele. <\/p>\n\n<p>Vaid 8,6 x 3,6 x 1,10 tolli (22,0 \u00d7 9,2 \u00d7 2,8 cm) suurune ja vaid umbes 570 g kaaluv GPD WIN 4 on uskumatult kaasaskantav. See on isegi v\u00e4iksem kui selle eelk\u00e4ija GPD WIN 3, mist\u00f5ttu on seda lihtne panna v\u00e4ikesesse kotti v\u00f5i jakitaskusse ja v\u00f5tta kaasa, kuhu iganes sa ka ei l\u00e4heks. <\/p>\n\n<p>GPD WIN 4 \u00fcks silmapaistvamaid omadusi on selle AMD Ryzen 7 6800U protsessor kaheksa tuuma ja kuusteist niiti, mis t\u00f6\u00f6tavad kuni 4,7 GHz @ 28W TDP. See koos Radeon 680M kuni 2,2 GHz v\u00f5imaldab selles pihuarvutis m\u00e4ngida sujuvalt uusimaid AAA Windowsi m\u00e4nge m\u00e4ngitavatel seadistustel. \u00dcksk\u00f5ik, kas sulle meeldivad esimese isiku tulistamism\u00e4ngud, rollim\u00e4ngud v\u00f5i spordisimulatsioonid, GPD WIN 4 on sinu jaoks olemas.  <\/p>\n\n<p>M\u00e4lu ja salvestusruumi osas pakub GPD WIN 4 valikut 16 GB v\u00f5i 32 GB LPDDR5-6400 MT&#8217;s RAM-i ja kuni 2 TB kiiret SSD, mis toetab kuni M.2. PCIe 4.0 NVMe 2280 SSD. See t\u00e4hendab, et teil on palju ruumi oma m\u00e4ngude ja muude failide salvestamiseks ning t\u00e4nu SSD v\u00e4lkkiirele lugemis- ja kirjutamiskiirusele ei pea te oma m\u00e4ngude laadimist kaua ootama.  <\/p>\n\n<p>GPD WIN 4 pakub ka kiiret traadita \u00fchendust 802.11 a\/b\/g\/n\/ac\/ax WiFi 6 ja Bluetooth 5.2 abil. Ja kui olete teel ja vajate interneti\u00fchendust, saate osta eraldi m\u00fc\u00fcdava lisamooduli, mis toetab 4G LTE nano-sim-kaarte mobiilse andmeside jaoks. <\/p>\n\n<p>Seadmel on 6-tolline H-IPS puuteekraan, mille originaalne resolutsioon on 1920&#215;1080 ja mis toetab nii 40 Hz kui ka 60 Hz seadistatavat kaadrisagedust. See tagab, et vanemad m\u00e4ngud jooksevad sujuvalt GPD WIN 4-l ilma ekraani p\u00f6\u00f6rlemisprobleemideta, mis v\u00f5ivad tekkida teiste pihuarvutite puhul. <\/p>\n\n<p>GPD WIN 4 pakub ka muljetavaldavat juhtimisskeemi ja disaini, mis meenutab Sony PSP-d. Sellel on kaks saalianduriga joysticki, klassikalise stiilis D-pad ja lineaarsed analoogp\u00e4\u00e4stikunupud koos LED-valgustusega. Lisaks on seadme tagak\u00fcljel kaks kohandatavat nuppu, mis v\u00f5imaldavad teil seadistada juhtimispunkte nii, nagu teile meeldib. <\/p>\n\n<p>Kui soovid GPD WIN 4 j\u00f5udlust veelgi suurendada, v\u00f5id \u00fchendada v\u00e4lise graafikakaardi (eGPU) kiire USB 4 pordi kaudu, mis toetab kuni 40 Gbps. Seadmel on ka USB 3.2 Gen 2 port andmete edastamiseks ja laadimiseks ning USB Type-A port t\u00e4iendavate lisaseadmete jaoks. <\/p>\n\n<p>45,62Wh li-pol\u00fcmeeraku abil suudab GPD WIN 4 kestab kuni 10 tundi kerge kasutuse korral, 3-6 tundi m\u00f5\u00f5duka kasutuse korral ja umbes 2 tundi raske kasutuse korral. See t\u00e4hendab, et saate oma lemmikm\u00e4nge m\u00e4ngida ka teel olles, ilma et peaksite muretsema, et energia saab otsa. <\/p>\n\n<p>Kokkuv\u00f5tteks v\u00f5ib \u00f6elda, et GPD WIN 4 on v\u00e4ga kaasaskantav m\u00e4nguj\u00f5ud, mis sobib ideaalselt m\u00e4ngimiseks liikvel olles. See pihuarvuti pakub sulle kindlasti tunde meelelahutust, olenemata sellest, kas oled t\u00f6\u00f6l, reisil v\u00f5i lihtsalt kodus l\u00f5\u00f5gastumas. Nii et miks mitte valida \u00fcks t\u00e4na ja kogeda high-end AAA-d.  <\/p>\n","protected":false},"excerpt":{"rendered":"<ul>\n<li><strong>AMD Ryzen 7 6800U<\/strong> \/ <strong>AMD<\/strong> Radeon 680M<\/li>\n<li><strong>kuni 32 GB<\/strong> LPDDR5 @ 6400 MT\/s<\/li>\n<li><strong>kuni 2TB kiire<\/strong> PCI-E M <strong>.2 2280 SSD kettad<\/strong> (<strong>kuni<\/strong> 2TB)<\/li>\n<li><strong>6-tolline H-IPS tehnoloogia puuteekraaniga<\/strong> ekraan<\/li>\n<li><strong>WiFi 6<\/strong> ja <strong>Bluetooth 5.2<\/strong> tugi  <\/li>\n<\/ul>\n<p><img fetchpriority=\"high\" decoding=\"async\" src=\"https:\/\/gpdstore.net\/wp-content\/uploads\/2024\/03\/WIN-4-FREE-GIFTS.jpg\" alt=\"\" width=\"2000\" height=\"500\" class=\"alignnone size-full wp-image-4175\" srcset=\"https:\/\/gpdstore.net\/wp-content\/uploads\/2024\/03\/WIN-4-FREE-GIFTS.jpg 2000w, https:\/\/gpdstore.net\/wp-content\/uploads\/2024\/03\/WIN-4-FREE-GIFTS-600x150.jpg 600w, https:\/\/gpdstore.net\/wp-content\/uploads\/2024\/03\/WIN-4-FREE-GIFTS-1200x300.jpg 1200w, https:\/\/gpdstore.net\/wp-content\/uploads\/2024\/03\/WIN-4-FREE-GIFTS-768x192.jpg 768w, https:\/\/gpdstore.net\/wp-content\/uploads\/2024\/03\/WIN-4-FREE-GIFTS-1536x384.jpg 1536w, https:\/\/gpdstore.net\/wp-content\/uploads\/2024\/03\/WIN-4-FREE-GIFTS-360x90.jpg 360w, https:\/\/gpdstore.net\/wp-content\/uploads\/2024\/03\/WIN-4-FREE-GIFTS-990x248.jpg 990w, https:\/\/gpdstore.net\/wp-content\/uploads\/2024\/03\/WIN-4-FREE-GIFTS-441x110.jpg 441w, https:\/\/gpdstore.net\/wp-content\/uploads\/2024\/03\/WIN-4-FREE-GIFTS-150x38.jpg 150w\" sizes=\"(max-width: 2000px) 100vw, 2000px\" \/><\/p>\n[cg_accordion title=\"MAKSUINFO\"]<\/p>\n<p>Me kasutame uusimat tehnoloogiat makset\u00f6\u00f6tluses, mis v\u00f5imaldab teil kiiret ja turvalist maksekorraldust oma deebet-\/ krediitkaardi v\u00f5i PayPali kaudu.[\/cg_accordion]\n[cg_accordion title=\"GARANTSIOON\"]<\/p>\n<p>2-aastane garantii <a href=\"https:\/\/droix.net\/\" target=\"_blank\" rel=\"nofollow noopener\">DROIX Globalilt teie meelerahu tagamiseks<\/a> [\/cg_accordion]\n[cg_accordion title=\"KVALITEEDI TAGAMINE JA L\u00c4HETAMISEELNE TESTIMINE\"]<\/p>\n<p>Klientide rahulolu tagamine k\u00f5rgeimal tasemel: Iga seade l\u00e4bib enne saatmist ranged testid ja mitmepunktilise kvaliteedikontrolli. Meie p\u00fchendunud meeskond kontrollib j\u00f5udlust, funktsionaalsust ja komponentide terviklikkust, et tagada, et teie GPD-seade on saabumisel t\u00e4iuslikus t\u00f6\u00f6korras, tagades teile kindlustunde ja meelerahu. [\/cg_accordion]\n[cg_accordion title=\"HINNAKUJUNDUS, MAKSUD JA KOHALETOIMETAMINE\"]<\/p>\n<p><strong><u>M\u00e4rkus:<\/u><\/strong><\/p>\n<ul>\n<li>Ameerika \u00dchendriikide kliendid: N\u00e4idatud hind ei sisalda makse ega tollimaksu. Vastutus tollivormistuse ja sellega seotud maksude\/tollimaksude tasumise eest lasub kliendil. <\/li>\n<li>ELi kliendid: N\u00e4idatud hind sisaldab kohaldatavat maksu, mis v\u00f5ib s\u00f5ltuvalt teie riigist olla kuni 25%.<\/li>\n<li>Kanada kliendid: N\u00e4idatud hind sisaldab kohaldatavaid makse, mis v\u00f5ivad sisaldada 5% GST ja t\u00e4iendavaid provintsi m\u00fc\u00fcgimakse (PST), \u00fchtlustatud m\u00fc\u00fcgimaksu (HST) v\u00f5i Quebeci m\u00fc\u00fcgimaksu (QST), s\u00f5ltuvalt teie provintsist.<\/li>\n<\/ul>\n<p><strong>AINULT ELi klientidele:<\/strong> Express DDP (Delivered Duty Paid). See t\u00e4hendab: <\/p>\n<ul>\n<li>K\u00f5ik tollimaksud ja maksud sisalduvad toote lehel n\u00e4idatud hinnas.<\/li>\n<li>Te ei pea tarnimisel lisatasusid maksma.<\/li>\n<li>Harva esinevate tolliprobleemide korral tegeleb meie meeskond teie nimel tollivormistusega, et tagada sujuv tarne.<\/li>\n<p>Oluline teave tagastuste kohta:<\/p>\n<li>Kui te otsustate oma tellimuse tagastada v\u00f5i taotleda raha tagasi, siis pidage meeles, et teie eest DDP tingimuste alusel makstud makse ja tollimakse ei saa tagasi maksta.<\/li>\n<p>\u00dcksikasjalik teave <a href=\"https:\/\/droix.net\/terms-and-conditions\/\" target=\"_blank\" rel=\"nofollow noopener\">on esitatud meie Tingimustes<\/a>.\n<\/ul>\n<p>[\/cg_accordion]\n[cg_accordion title=\"KLIENDITUGI\"]<\/p>\n<p>Kas teil on k\u00fcsimus? Oleme l\u00fchikese teksti kaugusel sellest, et teie k\u00fcsimus oleks lahendatud! <\/p>\n<p>\u00dcksikasjalik teave <a href=\"https:\/\/gpdstore.net\/et\/terms-of-service\/\" target=\"_blank\" rel=\"nofollow noopener\">on esitatud meie Tingimustes<\/a>.\n<\/ul>\n<p>[\/cg_accordion]\n[cg_accordion title=\"MIDA SISALDAB\"]<\/p>\n<ul>\n<li>1x GPD WIN 4<\/li>\n<li>1x toiteadapter<\/li>\n<li>1x USB Type-C kaabel<\/li>\n<li>1x kasutusjuhend<\/li>\n<\/ul>\n<p>[\/cg_accordion]\n","protected":false},"featured_media":191595,"template":"","meta":{"_acf_changed":false},"product_brand":[],"product_cat":[6398],"product_tag":[7509,6401],"woo-feed-brand":[5566],"class_list":{"0":"post-191593","1":"product","2":"type-product","3":"status-publish","4":"has-post-thumbnail","6":"product_cat-gpd-pihuarvuti-mangimiseks","7":"product_tag-10gpdsale-et","8":"product_tag-gpd-win-4-et","9":"product_shipping_class-premium","10":"pa_bluetooth-5-2-et","11":"pa_display-type-h-ips-et","12":"pa_graphics-gpu-model-radeon-680m-et","13":"pa_i-o-video-1x-usb-4-0-type-c-40gb-s-kaudu","14":"pa_memory-ram-capacity-16gb-et","15":"pa_memory-ram-capacity-32gb-et","16":"pa_memory-ram-technology-lpddr5-et","17":"pa_processor-cpu-model-ryzen-7-6800u","18":"pa_storage-capacity-512gb-et","19":"pa_storage-capacity-1tb-et","20":"pa_storage-capacity-2tb-et","21":"pa_wi-fi-wi-fi-6-et","22":"woo-feed-brand-gpd-et","24":"first","25":"outofstock","26":"sale","27":"taxable","28":"shipping-taxable","29":"purchasable","30":"product-type-variable","31":"has-default-attributes"},"acf":[],"aioseo_notices":[],"_links":{"self":[{"href":"https:\/\/gpdstore.net\/et\/wp-json\/wp\/v2\/product\/191593","targetHints":{"allow":["GET"]}}],"collection":[{"href":"https:\/\/gpdstore.net\/et\/wp-json\/wp\/v2\/product"}],"about":[{"href":"https:\/\/gpdstore.net\/et\/wp-json\/wp\/v2\/types\/product"}],"wp:featuredmedia":[{"embeddable":true,"href":"https:\/\/gpdstore.net\/et\/wp-json\/wp\/v2\/media\/191595"}],"wp:attachment":[{"href":"https:\/\/gpdstore.net\/et\/wp-json\/wp\/v2\/media?parent=191593"}],"wp:term":[{"taxonomy":"product_brand","embeddable":true,"href":"https:\/\/gpdstore.net\/et\/wp-json\/wp\/v2\/product_brand?post=191593"},{"taxonomy":"product_cat","embeddable":true,"href":"https:\/\/gpdstore.net\/et\/wp-json\/wp\/v2\/product_cat?post=191593"},{"taxonomy":"product_tag","embeddable":true,"href":"https:\/\/gpdstore.net\/et\/wp-json\/wp\/v2\/product_tag?post=191593"},{"taxonomy":"woo-feed-brand","embeddable":true,"href":"https:\/\/gpdstore.net\/et\/wp-json\/wp\/v2\/woo-feed-brand?post=191593"}],"curies":[{"name":"wp","href":"https:\/\/api.w.org\/{rel}","templated":true}]}}