{"id":188577,"date":"2023-03-24T16:11:31","date_gmt":"2023-03-24T16:11:31","guid":{"rendered":"https:\/\/gpdstore.net\/maaratlemata\/gpd-win-3-grip\/"},"modified":"2025-12-23T10:32:49","modified_gmt":"2025-12-23T10:32:49","slug":"gpd-win-3-grip","status":"publish","type":"product","link":"https:\/\/gpdstore.net\/et\/product\/gpd-win-3-grip\/","title":{"rendered":"GPD WIN 3 Grip"},"content":{"rendered":"\n<p>V\u00f5ta oma m\u00e4ngu paremini k\u00e4tte meie ametliku GPD WIN 3 Gripiga! See lisatarvik parandab k\u00e4ep\u00e4rase m\u00e4ngukonsooli tundlikkust ja haardumist, pakkudes pikemateks m\u00e4ngusessioonideks paremat kontrolli ja mugavust. Ideaalselt disainitud GPD WIN 3 ja teiste m\u00e4ngukonsoolide jaoks, on meie k\u00e4epidemete \u00fcmbris kohustuslikuks abivahendiks t\u00f5sistele m\u00e4ngijatele, kes on teel. \u00c4rge leppige v\u00e4hemaga &#8211; uuendage oma m\u00e4ngukogemust GPD WIN 3 Gripiga juba t\u00e4na!<\/p>\n","protected":false},"excerpt":{"rendered":"<ul>\n<li>Ametlik GPD aksessuaar<\/li>\n<li>M\u00f5eldud mugavamaks m\u00e4ngimiseks<\/li>\n<li>Sobib GPD WIN 3 pihuarvuti m\u00e4ngukonsoolile.<\/li>\n<\/ul>\n[cg_accordion title=\"MAKSUINFO\"]<\/p>\n<p>Me kasutame uusimat makset\u00f6\u00f6tlustehnoloogiat, mis v\u00f5imaldab teil kiiret ja turvalist maksmist Apple Pay, Google Pay, deebet-\/krediitkaardi, PayPali v\u00f5i BNPL-meetodite, nagu Klarna, Affirm v\u00f5i AfterPay kaudu.[\/cg_accordion]\n[cg_accordion title=\"GARANTSIOON\"]<\/p>\n<p>2-aastane garantii <a href=\"https:\/\/droix.net\/\" target=\"_blank\" rel=\"nofollow noopener\">DROIX Globalilt teie meelerahu tagamiseks<\/a> [\/cg_accordion]\n[cg_accordion title=\"HINNAKUJUNDUS, MAKSUD JA KOHALETOIMETAMINE\"]<\/p>\n<p><strong><u>M\u00e4rkus:<\/u><\/strong><\/p>\n<ul>\n<li>Ameerika \u00dchendriikide kliendid: N\u00e4idatud hind ei sisalda makse ega tollimaksu. Vastutus tollivormistuse ja sellega seotud maksude\/tollimaksude tasumise eest lasub kliendil. <\/li>\n<li>ELi kliendid: N\u00e4idatud hind sisaldab kohaldatavat maksu, mis v\u00f5ib s\u00f5ltuvalt teie riigist olla kuni 25%.<\/li>\n<li>Kanada kliendid: N\u00e4idatud hind sisaldab kohaldatavaid makse, mis v\u00f5ivad sisaldada 5% GST ja t\u00e4iendavaid provintsi m\u00fc\u00fcgimakse (PST), \u00fchtlustatud m\u00fc\u00fcgimaksu (HST) v\u00f5i Quebeci m\u00fc\u00fcgimaksu (QST), s\u00f5ltuvalt teie provintsist.<\/li>\n<\/ul>\n<p><strong>AINULT ELi klientidele:<\/strong> Express DDP (Delivered Duty Paid). See t\u00e4hendab: <\/p>\n<ul>\n<li>K\u00f5ik tollimaksud ja maksud sisalduvad toote lehel n\u00e4idatud hinnas.<\/li>\n<li>Te ei pea tarnimisel lisatasusid maksma.<\/li>\n<li>Harva esinevate tolliprobleemide korral tegeleb meie meeskond teie nimel tollivormistusega, et tagada sujuv tarne.<\/li>\n<p>Oluline teave tagastuste kohta:<\/p>\n<li>Kui te otsustate oma tellimuse tagastada v\u00f5i taotleda raha tagasi, siis pidage meeles, et teie eest DDP tingimuste alusel makstud makse ja tollimakse ei saa tagasi maksta.<\/li>\n<p>\u00dcksikasjalik teave <a href=\"https:\/\/gpdstore.net\/et\/terms-of-service\/\" target=\"_blank\" rel=\"nofollow noopener\">on esitatud meie Tingimustes<\/a>.\n<\/ul>\n<p>[\/cg_accordion]\n[cg_accordion title=\"KLIENDITUGI\"]<\/p>\n<p>Kas teil on k\u00fcsimus? Oleme l\u00fchikese teksti kaugusel sellest, et teie k\u00fcsimus oleks lahendatud!<br \/>\n[\/cg_accordion]\n[cg_accordion title=\"MIDA SISALDAB\"]<\/p>\n<ul>\n<li>1x GPD WIN 3 Grip<\/li>\n<\/ul>\n<p>[\/cg_accordion]\n","protected":false},"featured_media":188579,"template":"","meta":{"_acf_changed":false},"product_brand":[],"product_cat":[5039],"product_tag":[8313],"woo-feed-brand":[5566],"class_list":{"0":"post-188577","1":"product","2":"type-product","3":"status-publish","4":"has-post-thumbnail","6":"product_cat-tarvikud","7":"product_tag-gpd-win-3-accessory-et-2","8":"product_shipping_class-low-end","9":"pa_accessory-type-kaitsekohver","10":"woo-feed-brand-gpd-et","12":"first","13":"outofstock","14":"taxable","15":"shipping-taxable","16":"purchasable","17":"product-type-simple"},"acf":[],"aioseo_notices":[],"_links":{"self":[{"href":"https:\/\/gpdstore.net\/et\/wp-json\/wp\/v2\/product\/188577","targetHints":{"allow":["GET"]}}],"collection":[{"href":"https:\/\/gpdstore.net\/et\/wp-json\/wp\/v2\/product"}],"about":[{"href":"https:\/\/gpdstore.net\/et\/wp-json\/wp\/v2\/types\/product"}],"wp:featuredmedia":[{"embeddable":true,"href":"https:\/\/gpdstore.net\/et\/wp-json\/wp\/v2\/media\/188579"}],"wp:attachment":[{"href":"https:\/\/gpdstore.net\/et\/wp-json\/wp\/v2\/media?parent=188577"}],"wp:term":[{"taxonomy":"product_brand","embeddable":true,"href":"https:\/\/gpdstore.net\/et\/wp-json\/wp\/v2\/product_brand?post=188577"},{"taxonomy":"product_cat","embeddable":true,"href":"https:\/\/gpdstore.net\/et\/wp-json\/wp\/v2\/product_cat?post=188577"},{"taxonomy":"product_tag","embeddable":true,"href":"https:\/\/gpdstore.net\/et\/wp-json\/wp\/v2\/product_tag?post=188577"},{"taxonomy":"woo-feed-brand","embeddable":true,"href":"https:\/\/gpdstore.net\/et\/wp-json\/wp\/v2\/woo-feed-brand?post=188577"}],"curies":[{"name":"wp","href":"https:\/\/api.w.org\/{rel}","templated":true}]}}