{"id":185912,"date":"2023-03-24T16:08:28","date_gmt":"2023-03-24T16:08:28","guid":{"rendered":"https:\/\/gpdstore.net\/maaratlemata\/gpd-pocket-3-kvm-ja-rs-232-laiendusmoodul\/"},"modified":"2026-01-06T01:58:31","modified_gmt":"2026-01-06T01:58:31","slug":"gpd-pocket-3-kvm-and-rs-232-expansion-module","status":"publish","type":"product","link":"https:\/\/gpdstore.net\/et\/product\/gpd-pocket-3-kvm-and-rs-232-expansion-module\/","title":{"rendered":"GPD Pocket 3 KVM ja RS-232 laiendusmoodul"},"content":{"rendered":"\n<p>Vii oma GPD Pocket 3 j\u00e4rgmisele tasemele meie KVM ja RS-232 laienduspordid! Need uuenduslikud lisaseadmed kinnituvad teie seadme tagak\u00fcljele ja pakuvad uusi funktsioone mitmesuguste rakenduste jaoks. Valige kas KVM-l\u00fcliti mitme seadme juhtimiseks \u00fchest klaviatuurist ja hiirest v\u00f5i RS-232 port jadakommunikatsiooniks. Pange t\u00e4hele, et korraga saab kasutada ainult \u00fchte porti. T\u00e4ienda oma GPD Pocket 3 juba t\u00e4na, et suurendada tootlikkust ja mitmek\u00fclgsust!<\/p>\n","protected":false},"excerpt":{"rendered":"<ul>\n<li><strong>Ametlik GPD tarvik<\/strong><\/li>\n<li>Combo Pack koos <strong>kahe<\/strong> laiendusmooduliga<\/li>\n<li><strong>KVM-mooduli<\/strong> kaudu serverite \u00fchendamine ja juhtimine<\/li>\n<li>T\u00f6\u00f6stusmasinatega liidestamine <strong>RS232<\/strong> kaudu<\/li>\n<\/ul>\n[cg_accordion title=\"MAKSUINFO\"]<\/p>\n<p>Me kasutame uusimat makset\u00f6\u00f6tlustehnoloogiat, mis v\u00f5imaldab teil kiiret ja turvalist maksmist Apple Pay, Google Pay, deebet-\/krediitkaardi, PayPali v\u00f5i BNPL-meetodite, nagu Klarna, Affirm v\u00f5i AfterPay kaudu.[\/cg_accordion]\n[cg_accordion title=\"GARANTSIOON\"]<\/p>\n<p>2-aastane garantii <a href=\"https:\/\/droix.net\/\" target=\"_blank\" rel=\"nofollow noopener\">DROIX Globalilt teie meelerahu tagamiseks<\/a> [\/cg_accordion]\n[cg_accordion title=\"HINNAKUJUNDUS, MAKSUD JA KOHALETOIMETAMINE\"]<\/p>\n<p><strong><u>M\u00e4rkus:<\/u><\/strong><\/p>\n<ul>\n<li>Ameerika \u00dchendriikide kliendid: N\u00e4idatud hind ei sisalda makse ega tollimaksu. Vastutus tollivormistuse ja sellega seotud maksude\/tollimaksude tasumise eest lasub kliendil. <\/li>\n<li>ELi kliendid: N\u00e4idatud hind sisaldab kohaldatavat maksu, mis v\u00f5ib s\u00f5ltuvalt teie riigist olla kuni 25%.<\/li>\n<li>Kanada kliendid: N\u00e4idatud hind sisaldab kohaldatavaid makse, mis v\u00f5ivad sisaldada 5% GST ja t\u00e4iendavaid provintsi m\u00fc\u00fcgimakse (PST), \u00fchtlustatud m\u00fc\u00fcgimaksu (HST) v\u00f5i Quebeci m\u00fc\u00fcgimaksu (QST), s\u00f5ltuvalt teie provintsist.<\/li>\n<\/ul>\n<p><strong>AINULT ELi klientidele:<\/strong> Express DDP (Delivered Duty Paid). See t\u00e4hendab: <\/p>\n<ul>\n<li>K\u00f5ik tollimaksud ja maksud sisalduvad toote lehel n\u00e4idatud hinnas.<\/li>\n<li>Te ei pea tarnimisel lisatasusid maksma.<\/li>\n<li>Harva esinevate tolliprobleemide korral tegeleb meie meeskond teie nimel tollivormistusega, et tagada sujuv tarne.<\/li>\n<p>Oluline teave tagastuste kohta:<\/p>\n<li>Kui te otsustate oma tellimuse tagastada v\u00f5i taotleda raha tagasi, siis pidage meeles, et teie eest DDP tingimuste alusel makstud makse ja tollimakse ei saa tagasi maksta.<\/li>\n<p>\u00dcksikasjalik teave <a href=\"https:\/\/gpdstore.net\/et\/terms-of-service\/\" target=\"_blank\" rel=\"nofollow noopener\">on esitatud meie Tingimustes<\/a>.\n<\/ul>\n<p>[\/cg_accordion]\n[cg_accordion title=\"KLIENDITUGI\"]<\/p>\n<p>Kas teil on k\u00fcsimus? Oleme l\u00fchikese teksti kaugusel sellest, et teie k\u00fcsimus oleks lahendatud!<br \/>\n[\/cg_accordion]\n[cg_accordion title=\"MIDA SISALDAB\"]<\/p>\n<ul>\n<li>1x GPD Pocket 3 KVM &amp; RS-232 moodul<\/li>\n<\/ul>\n<p>[\/cg_accordion]\n","protected":false},"featured_media":185915,"template":"","meta":{"_acf_changed":false},"product_brand":[],"product_cat":[5039],"product_tag":[15843,18548],"woo-feed-brand":[5566],"class_list":{"0":"post-185912","1":"product","2":"type-product","3":"status-publish","4":"has-post-thumbnail","6":"product_cat-tarvikud","7":"product_tag-20xmsale-et-2","8":"product_tag-gpd-pocket-3-accessory-et","9":"product_shipping_class-low-end","10":"pa_accessory-type-add-ons-et","11":"woo-feed-brand-gpd-et","13":"first","14":"instock","15":"sale","16":"taxable","17":"shipping-taxable","18":"purchasable","19":"product-type-simple"},"acf":[],"aioseo_notices":[],"_links":{"self":[{"href":"https:\/\/gpdstore.net\/et\/wp-json\/wp\/v2\/product\/185912","targetHints":{"allow":["GET"]}}],"collection":[{"href":"https:\/\/gpdstore.net\/et\/wp-json\/wp\/v2\/product"}],"about":[{"href":"https:\/\/gpdstore.net\/et\/wp-json\/wp\/v2\/types\/product"}],"wp:featuredmedia":[{"embeddable":true,"href":"https:\/\/gpdstore.net\/et\/wp-json\/wp\/v2\/media\/185915"}],"wp:attachment":[{"href":"https:\/\/gpdstore.net\/et\/wp-json\/wp\/v2\/media?parent=185912"}],"wp:term":[{"taxonomy":"product_brand","embeddable":true,"href":"https:\/\/gpdstore.net\/et\/wp-json\/wp\/v2\/product_brand?post=185912"},{"taxonomy":"product_cat","embeddable":true,"href":"https:\/\/gpdstore.net\/et\/wp-json\/wp\/v2\/product_cat?post=185912"},{"taxonomy":"product_tag","embeddable":true,"href":"https:\/\/gpdstore.net\/et\/wp-json\/wp\/v2\/product_tag?post=185912"},{"taxonomy":"woo-feed-brand","embeddable":true,"href":"https:\/\/gpdstore.net\/et\/wp-json\/wp\/v2\/woo-feed-brand?post=185912"}],"curies":[{"name":"wp","href":"https:\/\/api.w.org\/{rel}","templated":true}]}}