{"id":183632,"date":"2024-01-23T16:43:06","date_gmt":"2024-01-23T16:43:06","guid":{"rendered":"https:\/\/gpdstore.net\/maaratlemata\/gpd-win-4-2024-lte-moodul\/"},"modified":"2025-12-23T10:21:08","modified_gmt":"2025-12-23T10:21:08","slug":"gpd-win-4-lte-module","status":"publish","type":"product","link":"https:\/\/gpdstore.net\/et\/product\/gpd-win-4-lte-module\/","title":{"rendered":"GPD WIN 4 2024 LTE moodul"},"content":{"rendered":"\n<p>LTE moodul GPD WIN 4 2024 LTE moodul on ametlik GPD lisatarvik, mida saab paigaldada GPD WIN 4 2024 tagak\u00fcljele. V\u00f5imaldab \u00fchendust k\u00f5igi mobiilsidev\u00f5rkudega, et m\u00e4ngida teel olles. Toetab 4G TD-LTE, FDD-LTE ja 3G CDMA v\u00f5rke ning Nano-SIM-kaarte.<\/p>\n","protected":false},"excerpt":{"rendered":"<ul>\n<li>Ametlik <strong>GPD<\/strong> lisavarustus<strong> GPD WIN 4 2024<\/strong> jaoks<\/li>\n<li><strong>4G LTE<\/strong> moodul t\u00e4iustatud m\u00e4ngimiseks <strong>teel olles<\/strong><\/li>\n<li>Toetab 4G TD-LTE, FDD-LTE ja 3G CDMA v\u00f5rke.<\/li>\n<li>Nano-SIM-kaardi pesa lihtsa \u00fchenduvuse tagamiseks<\/li>\n<li><strong>Lihtne kinnitamine<\/strong> GPD WIN 4 2024 tagak\u00fcljele.<\/li>\n<\/ul>\n[cg_accordion title=\"MAKSUINFO\"]<\/p>\n<p>Me kasutame uusimat makset\u00f6\u00f6tlustehnoloogiat, mis v\u00f5imaldab teil kiiret ja turvalist maksmist Apple Pay, Google Pay, deebet-\/krediitkaardi, PayPali v\u00f5i BNPL-meetodite, nagu Klarna, Affirm v\u00f5i AfterPay kaudu.[\/cg_accordion]\n[cg_accordion title=\"GARANTSIOON\"]<\/p>\n<p>2-aastane garantii <a href=\"https:\/\/droix.net\/\" target=\"_blank\" rel=\"nofollow noopener\">DROIX Globalilt teie meelerahu tagamiseks<\/a> [\/cg_accordion]\n[cg_accordion title=\"HINNAKUJUNDUS, MAKSUD JA KOHALETOIMETAMINE\"]<\/p>\n<p><strong><u>M\u00e4rkus:<\/u><\/strong><\/p>\n<ul>\n<li>Ameerika \u00dchendriikide kliendid: N\u00e4idatud hind ei sisalda makse ega tollimaksu. Vastutus tollivormistuse ja sellega seotud maksude\/tollimaksude tasumise eest lasub kliendil. <\/li>\n<li>ELi kliendid: N\u00e4idatud hind sisaldab kohaldatavat maksu, mis v\u00f5ib s\u00f5ltuvalt teie riigist olla kuni 25%.<\/li>\n<li>Kanada kliendid: N\u00e4idatud hind sisaldab kohaldatavaid makse, mis v\u00f5ivad sisaldada 5% GST ja t\u00e4iendavaid provintsi m\u00fc\u00fcgimakse (PST), \u00fchtlustatud m\u00fc\u00fcgimaksu (HST) v\u00f5i Quebeci m\u00fc\u00fcgimaksu (QST), s\u00f5ltuvalt teie provintsist.<\/li>\n<\/ul>\n<p><strong>AINULT ELi klientidele:<\/strong> Express DDP (Delivered Duty Paid). See t\u00e4hendab: <\/p>\n<ul>\n<li>K\u00f5ik tollimaksud ja maksud sisalduvad toote lehel n\u00e4idatud hinnas.<\/li>\n<li>Te ei pea tarnimisel lisatasusid maksma.<\/li>\n<li>Harva esinevate tolliprobleemide korral tegeleb meie meeskond teie nimel tollivormistusega, et tagada sujuv tarne.<\/li>\n<p>Oluline teave tagastuste kohta:<\/p>\n<li>Kui te otsustate oma tellimuse tagastada v\u00f5i taotleda raha tagasi, siis pidage meeles, et teie eest DDP tingimuste alusel makstud makse ja tollimakse ei saa tagasi maksta.<\/li>\n<p>\u00dcksikasjalik teave <a href=\"https:\/\/gpdstore.net\/et\/terms-of-service\/\" target=\"_blank\" rel=\"nofollow noopener\">on esitatud meie Tingimustes<\/a>.\n<\/ul>\n<p>[\/cg_accordion]\n[cg_accordion title=\"KLIENDITUGI\"]<\/p>\n<p>Kas teil on k\u00fcsimus? Oleme l\u00fchikese teksti kaugusel sellest, et teie k\u00fcsimus oleks lahendatud!<br \/>\n[\/cg_accordion]\n[cg_accordion title=\"MIDA SISALDAB\"]<\/p>\n<ul>\n<li>1x GPD WIN 4 LTE moodul<\/li>\n<\/ul>\n<p>[\/cg_accordion]\n","protected":false},"featured_media":183633,"template":"","meta":{"_acf_changed":false},"product_brand":[],"product_cat":[5039],"product_tag":[15843,5945],"woo-feed-brand":[5566],"class_list":{"0":"post-183632","1":"product","2":"type-product","3":"status-publish","4":"has-post-thumbnail","6":"product_cat-tarvikud","7":"product_tag-20xmsale-et-2","8":"product_tag-gpd-win-4-accessory-et-2","9":"product_shipping_class-standard","11":"pa_accessory-type-add-ons-et","12":"pa_brand-gpd","13":"woo-feed-brand-gpd-et","15":"first","16":"outofstock","17":"sale","18":"taxable","19":"shipping-taxable","20":"purchasable","21":"product-type-variable","22":"has-default-attributes"},"acf":[],"aioseo_notices":[],"_links":{"self":[{"href":"https:\/\/gpdstore.net\/et\/wp-json\/wp\/v2\/product\/183632","targetHints":{"allow":["GET"]}}],"collection":[{"href":"https:\/\/gpdstore.net\/et\/wp-json\/wp\/v2\/product"}],"about":[{"href":"https:\/\/gpdstore.net\/et\/wp-json\/wp\/v2\/types\/product"}],"wp:featuredmedia":[{"embeddable":true,"href":"https:\/\/gpdstore.net\/et\/wp-json\/wp\/v2\/media\/183633"}],"wp:attachment":[{"href":"https:\/\/gpdstore.net\/et\/wp-json\/wp\/v2\/media?parent=183632"}],"wp:term":[{"taxonomy":"product_brand","embeddable":true,"href":"https:\/\/gpdstore.net\/et\/wp-json\/wp\/v2\/product_brand?post=183632"},{"taxonomy":"product_cat","embeddable":true,"href":"https:\/\/gpdstore.net\/et\/wp-json\/wp\/v2\/product_cat?post=183632"},{"taxonomy":"product_tag","embeddable":true,"href":"https:\/\/gpdstore.net\/et\/wp-json\/wp\/v2\/product_tag?post=183632"},{"taxonomy":"woo-feed-brand","embeddable":true,"href":"https:\/\/gpdstore.net\/et\/wp-json\/wp\/v2\/woo-feed-brand?post=183632"}],"curies":[{"name":"wp","href":"https:\/\/api.w.org\/{rel}","templated":true}]}}