{"id":166881,"date":"2023-11-17T14:17:25","date_gmt":"2023-11-17T14:17:25","guid":{"rendered":"https:\/\/gpdstore.net\/maaratlemata\/gpd-win-4-2023-mangukonsooliga-pihuarvuti\/"},"modified":"2026-01-09T00:11:52","modified_gmt":"2026-01-09T00:11:52","slug":"gpd-win-4-2023","status":"publish","type":"product","link":"https:\/\/gpdstore.net\/et\/product\/gpd-win-4-2023\/","title":{"rendered":"GPD WIN 4 2023 m\u00e4ngukonsooliga pihuarvuti"},"content":{"rendered":"\n<figure class=\"wp-block-video\"><video controls=\"\" muted=\"\" poster=\"https:\/\/gpdstore.net\/wp-content\/uploads\/2024\/03\/gpd-win4-indiegogo-time-is-here-v0-te3iiclycf5a1.webp\" src=\"https:\/\/gpdstore.net\/wp-content\/uploads\/\"><\/video><\/figure>\n\n<div class=\"wp-block-columns is-layout-flex wp-container-core-columns-is-layout-28f84493 wp-block-columns-is-layout-flex\">\n<div class=\"wp-block-column is-layout-flow wp-block-column-is-layout-flow\" style=\"flex-basis:33.33%\">\n<figure class=\"wp-block-image size-full\"><img fetchpriority=\"high\" decoding=\"async\" width=\"1000\" height=\"1000\" src=\"https:\/\/gpdstore.net\/wp-content\/uploads\/2024\/05\/GPD-WIN-4-2024-WHITE-DONE-LISTING-IMAGE-5.jpg\" alt=\"gpd win 4 valge\" class=\"wp-image-1555\" srcset=\"https:\/\/gpdstore.net\/wp-content\/uploads\/2024\/05\/GPD-WIN-4-2024-WHITE-DONE-LISTING-IMAGE-5.jpg 1000w, https:\/\/gpdstore.net\/wp-content\/uploads\/2024\/05\/GPD-WIN-4-2024-WHITE-DONE-LISTING-IMAGE-5-600x600.jpg 600w, https:\/\/gpdstore.net\/wp-content\/uploads\/2024\/05\/GPD-WIN-4-2024-WHITE-DONE-LISTING-IMAGE-5-150x150.jpg 150w, https:\/\/gpdstore.net\/wp-content\/uploads\/2024\/05\/GPD-WIN-4-2024-WHITE-DONE-LISTING-IMAGE-5-768x768.jpg 768w, https:\/\/gpdstore.net\/wp-content\/uploads\/2024\/05\/GPD-WIN-4-2024-WHITE-DONE-LISTING-IMAGE-5-990x990.jpg 990w, https:\/\/gpdstore.net\/wp-content\/uploads\/2024\/05\/GPD-WIN-4-2024-WHITE-DONE-LISTING-IMAGE-5-441x441.jpg 441w, https:\/\/gpdstore.net\/wp-content\/uploads\/2024\/05\/GPD-WIN-4-2024-WHITE-DONE-LISTING-IMAGE-5-100x100.jpg 100w\" sizes=\"(max-width: 1000px) 100vw, 1000px\" \/><\/figure>\n<\/div>\n\n\n\n<div class=\"wp-block-column is-layout-flow wp-block-column-is-layout-flow\" style=\"flex-basis:66.66%\">\n<h2 class=\"wp-block-heading\"><strong>Tere tulemast GPD WIN 4 2023: Teie \u00fclim m\u00e4ngukogemus teel olles<\/strong><\/h2>\n\n\n\n<p>\u00dctle h\u00fcvasti oma koduse m\u00e4nguseadistuse piirangutele ja tere m\u00e4ngimisvabadusele igal pool ja igal ajal! Tutvustame <strong>GPD WIN 4 2023<\/strong>, \u00fclimat kaasaskantavat m\u00e4ngukompuutrit, mis annab sulle v\u00f5imaluse vallandada oma m\u00e4nguv\u00f5ime ka liikvel olles. See erakordne seade \u00fchendab sujuvalt suure v\u00f5imsusega m\u00e4nguriarvuti v\u00f5imsuse ja k\u00e4ep\u00e4rase seadme mugavuse, v\u00f5imaldades sul sukelduda oma lemmikm\u00e4ngudesse, kuhu iganes elu sind ka ei viiks.  <br\/><\/p>\n<\/div>\n<\/div>\n\n<h2 class=\"wp-block-heading has-text-align-center\">Ehitatud v\u00f5idu jaoks: T\u00e4ppisjuhtimine, massiivne salvestusruum ja t\u00e4iustatud jahutus.<\/h2>\n\n<div class=\"wp-block-columns is-layout-flex wp-container-core-columns-is-layout-28f84493 wp-block-columns-is-layout-flex\">\n<div class=\"wp-block-column is-layout-flow wp-block-column-is-layout-flow\">\n<figure class=\"wp-block-image size-full\"><img decoding=\"async\" src=\"https:\/\/gpdstore.net\/wp-content\/uploads\/\" alt=\"analoogpulk gpd win 4 jaoks\" class=\"wp-image-1557\"\/><\/figure>\n\n\n\n<h3 class=\"wp-block-heading\"><strong><strong><strong>\u00dclim kontroll:<\/strong> ALPS 3D-joystickide ja 6-teljelise liikumisega.<\/strong><\/strong><\/h3>\n\n\n\n<p>GPD WIN 4 2023 pakub t\u00e4nu ALPS 3D-joystickidele ja m\u00e4ngunuppudele suurep\u00e4rase m\u00e4ngukogemuse. Need kvaliteetsed juhtimispuldid tagavad t\u00e4pse sisendi ja optimaalse tagasiside, mis tagab t\u00e4pse ja kaasahaarava m\u00e4ngimise. 6-teljelise g\u00fcroskoobi abil saate nautida t\u00e4iustatud liikumisjuhtimist, mis v\u00f5imaldab \u00fchilduvates m\u00e4ngudes intuitiivset liikumist. Kaks vibratsioonimootorit suurendavad veelgi m\u00e4ngukogemust, andes taktilist tagasisidet, mis lisab seiklustele uue taseme.   <\/p>\n<\/div>\n\n\n\n<div class=\"wp-block-column is-layout-flow wp-block-column-is-layout-flow\">\n<figure class=\"wp-block-image size-full\"><img decoding=\"async\" width=\"300\" height=\"300\" src=\"https:\/\/gpdstore.net\/wp-content\/uploads\/2024\/05\/078c9d42-e74f-4fb3-893b-5f22ffd9d6ed.__CR1300600600_PT0_SX300_V1___.jpg\" alt=\"ssd in gpd win 4\" class=\"wp-image-1558\" srcset=\"https:\/\/gpdstore.net\/wp-content\/uploads\/2024\/05\/078c9d42-e74f-4fb3-893b-5f22ffd9d6ed.__CR1300600600_PT0_SX300_V1___.jpg 300w, https:\/\/gpdstore.net\/wp-content\/uploads\/2024\/05\/078c9d42-e74f-4fb3-893b-5f22ffd9d6ed.__CR1300600600_PT0_SX300_V1___-150x150.jpg 150w, https:\/\/gpdstore.net\/wp-content\/uploads\/2024\/05\/078c9d42-e74f-4fb3-893b-5f22ffd9d6ed.__CR1300600600_PT0_SX300_V1___-100x100.jpg 100w\" sizes=\"(max-width: 300px) 100vw, 300px\" \/><\/figure>\n\n\n\n<h3 class=\"wp-block-heading\"><strong><strong><strong>Null viivitus:<\/strong> kuni 4TB PCIe 4.0 SSD-salvestussalvestusega.<\/strong><\/strong><\/h3>\n\n\n\n<p>GPD WIN 4 2023 pakub piisavalt salvestusv\u00f5imalusi, et rahuldada teie m\u00e4ngude ja multimeedia vajadusi. Koos PCIe 4.0 M.2 2280-ga SSD-ketta puhul saate valida 512 GB, 2 TB v\u00f5i lausa 4 TB salvestusruumi vahel. See kiire SSD-ketas tagab kiire juurdep\u00e4\u00e4su andmetele ja l\u00fchendatud laadimisaja, mis v\u00f5imaldab teil oma lemmikm\u00e4ngudesse viivitamatult sisse elada. Sellise mahuga m\u00e4lumahuga ei pea te kunagi muretsema, et teie kasvava m\u00e4ngude, filmide v\u00f5i muude meediafailide kollektsiooni jaoks j\u00e4\u00e4b ruumi puudu.    <\/p>\n<\/div>\n\n\n\n<div class=\"wp-block-column is-layout-flow wp-block-column-is-layout-flow\">\n<figure class=\"wp-block-image size-full\"><img decoding=\"async\" width=\"300\" height=\"300\" src=\"https:\/\/gpdstore.net\/wp-content\/uploads\/2024\/05\/a8eb6f30-f8ed-4e5f-8fa9-fd52740523bc.__CR1530747747_PT0_SX300_V1___.jpg\" alt=\"jahutuss&#xFC;steem gpd win mini jaoks\" class=\"wp-image-1559\" srcset=\"https:\/\/gpdstore.net\/wp-content\/uploads\/2024\/05\/a8eb6f30-f8ed-4e5f-8fa9-fd52740523bc.__CR1530747747_PT0_SX300_V1___.jpg 300w, https:\/\/gpdstore.net\/wp-content\/uploads\/2024\/05\/a8eb6f30-f8ed-4e5f-8fa9-fd52740523bc.__CR1530747747_PT0_SX300_V1___-150x150.jpg 150w, https:\/\/gpdstore.net\/wp-content\/uploads\/2024\/05\/a8eb6f30-f8ed-4e5f-8fa9-fd52740523bc.__CR1530747747_PT0_SX300_V1___-100x100.jpg 100w\" sizes=\"(max-width: 300px) 100vw, 300px\" \/><\/figure>\n\n\n\n<h3 class=\"wp-block-heading\"><strong><strong><strong>Tipptulemus:<\/strong> Kahe soojusjuhtme jahutuss\u00fcsteemi 50% t\u00f5husama kahekordse soojusjuhtme jahutuss\u00fcsteemiga.<\/strong><\/strong><\/h3>\n\n\n\n<p>GPD WIN 4 2023 sisaldab keerukat jahutuss\u00fcsteemi, mis tagab optimaalse j\u00f5udluse ka pikemate m\u00e4ngusessioonide ajal. Paksude kahekordsete soojustorude abil suurendab see kaasaskantav m\u00e4ngukompuuter soojuse t\u00f5husust 50% v\u00f5rra v\u00f5rreldes eelmiste mudelitega. Parem soojusjuhtimine tagab, et teie seade j\u00e4\u00e4b suure koormuse korral jahedaks, v\u00e4ltides j\u00f5udluse v\u00e4henemist ning s\u00e4ilitades sujuva ja katkematu m\u00e4ngimise.  <\/p>\n<\/div>\n<\/div>\n\n<h2 class=\"wp-block-heading\">GPD WIN 4 2024: L\u00e4bimurre kaasaskantavates m\u00e4ngukompuutrites: L\u00e4bimurre kaasaskantavates m\u00e4ngukompuutrites<\/h2>\n\n<figure class=\"wp-block-image size-large\"><img decoding=\"async\" src=\"https:\/\/gpdstore.net\/wp-content\/uploads\/\" alt=\"gpd win 4 valge\" class=\"wp-image-1626\"\/><\/figure>\n\n<h2 class=\"wp-block-heading\"><strong>V\u00f5rratu j\u00f5udlus: AMD Ryzen 7 ja 5 protsessorid.<\/strong><\/h2>\n\n<p><strong>GPD WIN 4 2023<\/strong> s\u00fcdameks <strong>on<\/strong> valik <a href=\"https:\/\/www.amd.com\/en\/products\/apu\/amd-ryzen-7-7840u\" target=\"_blank\" rel=\"noreferrer noopener\">AMD Ryzen 7 7840U protsessori<\/a> vahel, millel on 8 tuuma ja 16 niiti, mis t\u00f6\u00f6tavad kuni 5,1 GHz, ja AMD Ryzen 5 7640U protsessori vahel, <a href=\"https:\/\/www.amd.com\/en\/products\/apu\/amd-ryzen-5-7640u\" target=\"_blank\" rel=\"noreferrer noopener\">millel on 6 tuuma ja<\/a> 12 niiti, mis saavutavad kiiruse kuni 4,9 GHz. Koos AMD Radeon graafikaprotsessoriga <strong>tagab<\/strong> GPD <strong>WIN 4 2023<\/strong> sujuva m\u00e4ngimise ka k\u00f5ige n\u00f5udlikumates m\u00e4ngudes. Selle v\u00f5imas graafikakaart pakub h\u00e4mmastavat visuaalset kujutist ja sujuvat kaadrisagedust, pakkudes kaasahaaravat m\u00e4ngukogemust, olgu siis tegemist tohutute avatud maailmade avastamisega v\u00f5i intensiivsete mitmikv\u00f5istlustega.<\/p>\n\n<h2 class=\"wp-block-heading\"><strong>Vabastage oma loovus: Kuni 64 GB LPDDR5X RAM m\u00e4lu<\/strong><\/h2>\n\n<p>Uskumatu j\u00f5udluse t\u00e4iendamiseks <strong>on<\/strong> GPD <strong>WIN 4 2023 varustatud<\/strong> 32 GB v\u00f5i 64 GB LPDDR5X RAM-iga mudelil 7840U ja 16 GB <a href=\"https:\/\/en.wikipedia.org\/wiki\/LPDDR\" target=\"_blank\" rel=\"noreferrer noopener\">LPDDR5X RAM-iga mudelil<\/a> 7640U. T\u00e4nu v\u00e4lkkiirele m\u00e4lukiirusele 6400 MT\/s saate nautida kiireid laadimisaegu ja sujuvat multitegumt\u00f6\u00f6tlust. J\u00e4tke h\u00fcvasti viivitusega ja nautige katkematut m\u00e4ngimist, kui vallutate \u00fclesandeid, uurite uusi maailmu v\u00f5i valmistate oma virtuaalseid meistriteoseid.<\/p>\n\n<h2 class=\"wp-block-heading\"><strong>P\u00fc\u00fcdvad visuaalid: 6-tolline puuteekraan<\/strong><\/h2>\n\n<p>Kogege m\u00e4ngimist nagu kunagi varem t\u00e4nu <strong>GPD WIN 4 2023<\/strong> uimastava 6-tollise puuteekraaniga ekraanile. Full HD resolutsiooniga (1920&#215;1080) ja 368 <a href=\"https:\/\/en.wikipedia.org\/wiki\/Pixel_density\" target=\"_blank\" rel=\"noreferrer noopener\">PPI<\/a> pikslitihedusega on iga kaader esitatud t\u00e4pselt ja selgelt. Ekraan toetab 44 Hz ja 60 Hz v\u00e4rskendussagedust, mis tagab sujuva m\u00e4ngimise ja v\u00e4hendab liikumish\u00e4ireid. Sukeldu oma lemmikm\u00e4ngude kaasahaaravatesse maailmadesse, mille visuaalid \u00e4rkavad ellu.   <\/p>\n\n<h2 class=\"wp-block-heading\"><strong>Kerge kirjutamine: QWERTY klaviatuur reguleeritava taustavalgusega<\/strong><\/h2>\n\n<p>Mugavust silmas pidades on <strong>GPD WIN 4 2023<\/strong> varustatud QWERTY-klaviatuuriga ja k\u00e4\u00e4rklahvidega. See klaviatuur pakub puutetundlikku kirjutamiskogemust ja v\u00f5imaldab teil h\u00f5lpsasti s\u00f5pradega vestelda, veebi sirvida v\u00f5i m\u00e4rkmeid teha. Alati sisse l\u00fclitatud reguleeritav taustavalgus tagab, et saate j\u00e4tkata m\u00e4ngimist v\u00f5i t\u00f6\u00f6tamist ka h\u00e4maras keskkonnas. Mugav ja mitmek\u00fclgne klaviatuur <strong>GPD WIN 4 2023<\/strong> v\u00f5imaldab sujuvat \u00fcleminekut m\u00e4ngimisest tootlikkusele.   <\/p>\n\n<h2 class=\"wp-block-heading\"><strong>Fluidne navigeerimine: Optiline s\u00f5rmenavigatsioon<\/strong><\/h2>\n\n<p>Sinu lemmikm\u00e4ngudes ja -rakendustes navigeerimine on kerge t\u00e4nu <strong>GPD WIN 4 2023<\/strong> optilisele s\u00f5rmenavigatsioonile. J\u00e4\u00e4ge h\u00fcvasti t\u00fclikate puuteplaatidega ja nautige selle intuitiivse funktsiooniga t\u00e4pset ja tundlikku juhtimist. Olgu siis tegemist men\u00fc\u00fcdes kerimise v\u00f5i avarate keskkondade uurimisega, optiline s\u00f5rmenavigatsioon tagab sujuva ja t\u00e4pse navigeerimise, mis tagab sujuva kasutajakogemuse.  <\/p>\n\n<h2 class=\"wp-block-heading\"><strong>Mitmek\u00fclgne \u00fchenduvus: USB4, OCuLink, USB Type-C ja microSD-kaardipesa.<\/strong><\/h2>\n\n<figure class=\"wp-block-image size-full\"><img decoding=\"async\" src=\"https:\/\/gpdstore.net\/wp-content\/uploads\/\" alt=\"gpd win 4 koos gpd g1-ga\" class=\"wp-image-1625\"\/><\/figure>\n\n<p><strong>GPD WIN 4 2023<\/strong> rahuldab teie \u00fchendusv\u00f5imaluste vajadusi mitmesuguste v\u00f5imalustega. USB4-port v\u00f5imaldab teil \u00fchendada v\u00e4liseid seadmeid ja lisaseadmeid, laiendades teie m\u00e4nguv\u00f5imalusi. <a href=\"https:\/\/droix.net\/blogs\/oculink-transforming-graphics-card-connectivity\/\" target=\"_blank\" rel=\"noreferrer noopener\">OCuLink<\/a> port pakub otsest <a href=\"https:\/\/en.wikipedia.org\/wiki\/PCI_Express\" target=\"_blank\" rel=\"noreferrer noopener\">PCIe<\/a> Gen4 x4 \u00fchendust muljetavaldava 63 Gbps efektiivse ribalaiusega, toetades v\u00e4lkkiiret andmeedastust ja GPD G1 dokkimisjaam lisav\u00f5imalusi \u00fchendusv\u00f5imaluste jaoks. USB Type-C port tagab \u00fchilduvuse erinevate seadmetega ning microSD-kaardipesa v\u00f5imaldab mugavat m\u00e4lu laiendamist.   <\/p>\n\n<h2 class=\"wp-block-heading\"><strong>Kiire \u00fchenduvus: 5.2<\/strong><\/h2>\n\n<p>J\u00e4\u00e4 sujuvalt \u00fchendusse, sest <strong>GPD WIN 4 2023<\/strong> on Wi-Fi 6-funktsiooniga. T\u00e4nu kiirusele kuni 2042 Mbit\/s saate nautida viivitusteta v\u00f5rgum\u00e4nge, sujuvat voogedastust ja kiireid allalaadimisi. J\u00e4\u00e4dvustage viivitus ja nautige stabiilset ja kiiret \u00fchendust, kuhu iganes teie seiklused teid ka ei vii. \u00dcksk\u00f5ik, kas v\u00f5itled v\u00f5rgus vastastega v\u00f5i striimid oma lemmiksisu, <strong>GPD WIN 4 2023<\/strong> hoiab sind v\u00f5rratu kiirusega \u00fchenduses.   <\/p>\n\n<h2 class=\"wp-block-heading\"><strong>Valikuline 4G LTE moodul: Olge \u00fchenduses k\u00f5ikjal<\/strong><\/h2>\n\n<p>Neile, kes soovivad katkematut \u00fchenduvust v\u00e4ljaspool Wi-Fi-v\u00f5rke, pakub <strong>GPD WIN 4 2023<\/strong> lisavarustusena GPD 4G LTE moodulit. See moodul toetab 4G TD-LTE, FDD-LTE ja 3G CDMA-v\u00f5rke ning tagab \u00fchenduse, kus iganes sa ka ei viibiks. Sisestage lihtsalt Nano-SIM-kaart ja teil on juurdep\u00e4\u00e4s kiirele ja usaldusv\u00e4\u00e4rsele mobiilsele andmeside\u00fchendusele. J\u00e4\u00e4ge \u00fchenduses s\u00f5pradega, osalege veebim\u00e4ngudes ja nautige voogesituse meelelahutust, ilma et peaksite s\u00f5ltuma Wi-Fi v\u00f5rkudest.   <\/p>\n\n<h2 class=\"wp-block-heading\"><strong>MotionAssistant&#8217;i tutvustamine: t\u00f5stke oma m\u00e4ngukogemust<\/strong><\/h2>\n\n<p>M\u00e4ngukogemuse t\u00e4iendavaks parandamiseks on <strong>GPD WIN 4 2023<\/strong> varustatud v\u00f5imsa MotionAssistant&#8217;i tarkvaraga. Spetsiaalselt GPD-k\u00e4em\u00e4nguseadmete seeria jaoks v\u00e4lja t\u00f6\u00f6tatud t\u00f6\u00f6riist pakub mitmesuguseid optimeerimisfunktsioone, mis v\u00f5imaldavad teie m\u00e4ngukogemust peenh\u00e4\u00e4lestada. Alates TDP h\u00e4\u00e4lestamisest 1W sammudes kuni GPU lukustussageduseni on teil t\u00e4ielik kontroll seadme j\u00f5udluse \u00fcle. Etteantud energiatarbimise seaded v\u00f5imaldavad tasakaalustada j\u00f5udlust ja aku kestvust vastavalt teie vajadustele. Tarkvara pakub ka kiirklahve esiplaanile l\u00fclitamiseks, m\u00e4ngurakendele \u00fclekandmist, et p\u00e4\u00e4seda kiiresti ligi olulistele funktsioonidele, ning taganuppude kohandatud kaardistamist kiirklahvidele. MotionAssistantiga muudad seadeid ilma m\u00e4ngimist katkestamata, muutes m\u00e4ngukogemuse optimeerimise lihtsamaks kui kunagi varem.     <\/p>\n\n<h2 class=\"wp-block-heading\"><strong>Kokkuv\u00f5ttes<\/strong><\/h2>\n\n<p><strong>GPD WIN 4 2023<\/strong> defineerib uuesti kaasask\u00e4imise m\u00e4ngimise, pakkudes kompaktset vormi, v\u00f5imsat riistvara, lummavat ekraani, mugavat juhtimist ja mitmek\u00fclgset \u00fchenduvust. Olenemata sellest, kas oled juhuslik m\u00e4ngur, kes naudib oma lemmikm\u00e4nge, v\u00f5i t\u00f5sine entusiast, kes otsib suure j\u00f5udlusega m\u00e4nge liikvel olles, on <strong>GPD WIN 4 2023<\/strong> ideaalne kaaslane. Selle t\u00e4helepanuv\u00e4\u00e4rse seadmega saad oma m\u00e4nguv\u00f5imsuse vabastada igal pool ja igal ajal. Ole valmis uuesti defineerima kaasaskantavat m\u00e4ngimist koos <strong>GPD WIN 4 2023<\/strong>.   <\/p>\n\n<h3 class=\"wp-block-heading\"><strong>GPD WIN 4 2023 plussid:<\/strong><\/h3>\n\n<ol class=\"wp-block-list\">\n<li><strong>V\u00f5imas j\u00f5udlus:<\/strong> Suure j\u00f5udlusega AMD Ryzen 5 ja 7 seeria protsessor ja GPU, mis pakuvad erakordset m\u00e4ngude sooritust ja multitegumt\u00f6\u00f6tlusv\u00f5imet.<\/li>\n\n\n\n<li><strong>Kompaktne ja kaasaskantav disain:<\/strong> K\u00e4eshoitav vormifaktor pakub mugavust m\u00e4ngimiseks teel olles. See on kerge ja mahub h\u00f5lpsasti kotti, v\u00f5imaldades nautida m\u00e4ngimist igal pool. <\/li>\n\n\n\n<li><strong>Mitmek\u00fclgne \u00fchenduvus:<\/strong> USB4, Oculink, USB Type-C ja microSD-kaardipesa. Need v\u00f5imalused pakuvad paindlikkust v\u00e4liste seadmete \u00fchendamiseks ja salvestusruumi laiendamiseks. <\/li>\n\n\n\n<li><strong>Kohandamisv\u00f5imalused:<\/strong> MotionAssistant tarkvara abil saate oma m\u00e4ngukogemust peenh\u00e4\u00e4lestada ja optimeerida. Alates TDP h\u00e4\u00e4lestamisest kuni nuppude kohandatud kaardistamiseni, kohandage seade vastavalt oma eelistustele. <\/li>\n\n\n\n<li><strong>All-in-One m\u00e4ngulahendus:<\/strong> \u00dchendades m\u00e4nguriarvuti funktsionaalsuse ja pihuarvuti kaasaskantavuse, kaotades vajaduse eraldi m\u00e4ngukonsoolide j\u00e4rele ja v\u00f5imaldades nautida laia valikut m\u00e4nge \u00fches seadmes.<\/li>\n<\/ol>\n\n<h3 class=\"wp-block-heading\"><strong>GPD WIN 4 2023 miinused:<\/strong><\/h3>\n\n<ol class=\"wp-block-list\">\n<li><strong>Piiratud ekraani suurus:<\/strong> V\u00f5rreldes suuremate m\u00e4ngukonsoolide v\u00f5i lauaarvutite monitoridega v\u00f5ib see tunduda v\u00e4ike, mis v\u00f5ib m\u00f5jutada m\u00f5nede m\u00e4ngijate m\u00e4ngukogemust.<\/li>\n\n\n\n<li><strong>V\u00e4hendatud klaviatuuri suurus:<\/strong> T\u00e4nu kompaktsele vormile on klaviatuur v\u00e4iksem ja v\u00f5ib v\u00f5tta aega, et kohaneda t\u00e4issuuruses klaviatuuridega harjunud kasutajatel.<\/li>\n\n\n\n<li><strong>Aku s\u00f5ltuvus:<\/strong> Kuna GPD WIN 4 2023 on kaasaskantav seade, s\u00f5ltub selle toitmine sisemisest akust. Pikemad m\u00e4ngusessioonid v\u00f5ivad n\u00f5uda sagedast laadimist, mis piirab katkematu m\u00e4ngimise aega&#8230; <\/li>\n<\/ol>\n","protected":false},"excerpt":{"rendered":"<ul>\n<li>PROTSESSOR: 7<strong> 7640U \/ 7840U: <\/strong> AMD Ryzen 5 \/ 7<strong> 7640U \/ 7840U <\/strong> <\/li>\n<li>GPU: AMD Radeon<strong> 760M \/ 780M<\/strong><\/li>\n<li>RAM: kuni<strong> 64 GB LPDDR5X @ 6400 MT\/s<\/strong><\/li>\n<li>SALVESTAMINE: kuni 4TB<strong> Gen 4<\/strong> <strong>PCI-E<\/strong> NVMe SSD kettad<\/li>\n<li>\u00dchendatavus: Wi-Fi<strong> 6<\/strong> ja Bluetooth <strong>5.2<\/strong> tugi<\/li>\n<\/ul>\n<p><img loading=\"lazy\" decoding=\"async\" src=\"https:\/\/gpdstore.net\/wp-content\/uploads\/2024\/03\/WIN-4-FREE-GIFTS.jpg\" alt=\"\" width=\"2000\" height=\"500\" class=\"alignnone size-full wp-image-4175\" srcset=\"https:\/\/gpdstore.net\/wp-content\/uploads\/2024\/03\/WIN-4-FREE-GIFTS.jpg 2000w, https:\/\/gpdstore.net\/wp-content\/uploads\/2024\/03\/WIN-4-FREE-GIFTS-600x150.jpg 600w, https:\/\/gpdstore.net\/wp-content\/uploads\/2024\/03\/WIN-4-FREE-GIFTS-1200x300.jpg 1200w, https:\/\/gpdstore.net\/wp-content\/uploads\/2024\/03\/WIN-4-FREE-GIFTS-768x192.jpg 768w, https:\/\/gpdstore.net\/wp-content\/uploads\/2024\/03\/WIN-4-FREE-GIFTS-1536x384.jpg 1536w, https:\/\/gpdstore.net\/wp-content\/uploads\/2024\/03\/WIN-4-FREE-GIFTS-360x90.jpg 360w, https:\/\/gpdstore.net\/wp-content\/uploads\/2024\/03\/WIN-4-FREE-GIFTS-990x248.jpg 990w, https:\/\/gpdstore.net\/wp-content\/uploads\/2024\/03\/WIN-4-FREE-GIFTS-441x110.jpg 441w, https:\/\/gpdstore.net\/wp-content\/uploads\/2024\/03\/WIN-4-FREE-GIFTS-150x38.jpg 150w\" sizes=\"(max-width: 2000px) 100vw, 2000px\" \/><\/p>\n[cg_accordion title=\"MAKSUINFO\"]<\/p>\n<p>Me kasutame uusimat tehnoloogiat makset\u00f6\u00f6tluses, mis v\u00f5imaldab teil kiiret ja turvalist maksekorraldust oma deebet-\/ krediitkaardi v\u00f5i PayPali kaudu.[\/cg_accordion]\n[cg_accordion title=\"GARANTSIOON\"]<\/p>\n<p>2-aastane garantii <a href=\"https:\/\/droix.net\/\" target=\"_blank\" rel=\"nofollow noopener\">DROIX Globalilt teie meelerahu tagamiseks<\/a> [\/cg_accordion]\n[cg_accordion title=\"KVALITEEDI TAGAMINE JA L\u00c4HETAMISEELNE TESTIMINE\"]<\/p>\n<p>Klientide rahulolu tagamine k\u00f5rgeimal tasemel: Iga seade l\u00e4bib enne saatmist ranged testid ja mitmepunktilise kvaliteedikontrolli. Meie p\u00fchendunud meeskond kontrollib j\u00f5udlust, funktsionaalsust ja komponentide terviklikkust, et tagada, et teie GPD-seade on saabumisel t\u00e4iuslikus t\u00f6\u00f6korras, tagades teile kindlustunde ja meelerahu. [\/cg_accordion]\n[cg_accordion title=\"HINNAKUJUNDUS, MAKSUD JA KOHALETOIMETAMINE\"]<\/p>\n<p><strong><u>M\u00e4rkus:<\/u><\/strong><\/p>\n<ul>\n<li>Ameerika \u00dchendriikide kliendid: N\u00e4idatud hind ei sisalda makse ega tollimaksu. Vastutus tollivormistuse ja sellega seotud maksude\/tollimaksude tasumise eest lasub kliendil. <\/li>\n<li>ELi kliendid: N\u00e4idatud hind sisaldab kohaldatavat maksu, mis v\u00f5ib s\u00f5ltuvalt teie riigist olla kuni 25%.<\/li>\n<li>Kanada kliendid: N\u00e4idatud hind sisaldab kohaldatavaid makse, mis v\u00f5ivad sisaldada 5% GST ja t\u00e4iendavaid provintsi m\u00fc\u00fcgimakse (PST), \u00fchtlustatud m\u00fc\u00fcgimaksu (HST) v\u00f5i Quebeci m\u00fc\u00fcgimaksu (QST), s\u00f5ltuvalt teie provintsist.<\/li>\n<\/ul>\n<p><strong>AINULT ELi klientidele:<\/strong> Express DDP (Delivered Duty Paid). See t\u00e4hendab: <\/p>\n<ul>\n<li>K\u00f5ik tollimaksud ja maksud sisalduvad toote lehel n\u00e4idatud hinnas.<\/li>\n<li>Te ei pea tarnimisel lisatasusid maksma.<\/li>\n<li>Harva esinevate tolliprobleemide korral tegeleb meie meeskond teie nimel tollivormistusega, et tagada sujuv tarne.<\/li>\n<p>Oluline teave tagastuste kohta:<\/p>\n<li>Kui te otsustate oma tellimuse tagastada v\u00f5i taotleda raha tagasi, siis pidage meeles, et teie eest DDP tingimuste alusel makstud makse ja tollimakse ei saa tagasi maksta.<\/li>\n<p>\u00dcksikasjalik teave <a href=\"https:\/\/droix.net\/terms-and-conditions\/\" target=\"_blank\" rel=\"nofollow noopener\">on esitatud meie Tingimustes<\/a>.\n<\/ul>\n<p>[\/cg_accordion]\n[cg_accordion title=\"KLIENDITUGI\"]<\/p>\n<p>Kas teil on k\u00fcsimus? Oleme l\u00fchikese teksti kaugusel sellest, et teie k\u00fcsimus oleks lahendatud! <\/p>\n<p>\u00dcksikasjalik teave <a href=\"https:\/\/gpdstore.net\/et\/terms-of-service\/\" target=\"_blank\" rel=\"nofollow noopener\">on esitatud meie Tingimustes<\/a>.\n<\/ul>\n<p>[\/cg_accordion]\n[cg_accordion title=\"MIDA SISALDAB\"]<\/p>\n<ul>\n<li>1x GPD WIN 4 2023<\/li>\n<li>1x toiteadapter<\/li>\n<li>1x USB Type-C kaabel<\/li>\n<li>1x kasutusjuhend<\/li>\n<\/ul>\n<p>[\/cg_accordion]\n","protected":false},"featured_media":167366,"template":"","meta":{"_acf_changed":false},"product_brand":[],"product_cat":[6398],"product_tag":[6401],"woo-feed-brand":[5566],"class_list":{"0":"post-166881","1":"product","2":"type-product","3":"status-publish","4":"has-post-thumbnail","6":"product_cat-gpd-pihuarvuti-mangimiseks","7":"product_tag-gpd-win-4-et","8":"product_shipping_class-premium","9":"pa_bluetooth-5-2-et","10":"pa_brand-gpd","11":"pa_graphics-gpu-model-radeon-760m-et","12":"pa_graphics-gpu-model-radeon-780m-et","13":"pa_i-o-video-1x-oculink-et","14":"pa_i-o-video-1x-usb-4-0-type-c-40gb-s-kaudu","15":"pa_memory-ram-capacity-16gb-et","16":"pa_memory-ram-capacity-32gb-et","17":"pa_memory-ram-capacity-64gb-et","18":"pa_memory-ram-technology-lpddr5x-et","19":"pa_processor-cpu-model-amd-ryzen-5-7640u","20":"pa_processor-cpu-model-amd-ryzen-7-7840u","21":"pa_storage-capacity-1tb-et","22":"pa_storage-capacity-2tb-et","23":"pa_storage-capacity-4tb-et","24":"pa_storage-capacity-512gb-et","25":"pa_storage-technology-pcie-gen-4-et","26":"pa_wi-fi-wi-fi-6-et","27":"woo-feed-brand-gpd-et","29":"first","30":"outofstock","31":"sale","32":"taxable","33":"shipping-taxable","34":"purchasable","35":"product-type-variable","36":"has-default-attributes"},"acf":[],"aioseo_notices":[],"_links":{"self":[{"href":"https:\/\/gpdstore.net\/et\/wp-json\/wp\/v2\/product\/166881","targetHints":{"allow":["GET"]}}],"collection":[{"href":"https:\/\/gpdstore.net\/et\/wp-json\/wp\/v2\/product"}],"about":[{"href":"https:\/\/gpdstore.net\/et\/wp-json\/wp\/v2\/types\/product"}],"wp:featuredmedia":[{"embeddable":true,"href":"https:\/\/gpdstore.net\/et\/wp-json\/wp\/v2\/media\/167366"}],"wp:attachment":[{"href":"https:\/\/gpdstore.net\/et\/wp-json\/wp\/v2\/media?parent=166881"}],"wp:term":[{"taxonomy":"product_brand","embeddable":true,"href":"https:\/\/gpdstore.net\/et\/wp-json\/wp\/v2\/product_brand?post=166881"},{"taxonomy":"product_cat","embeddable":true,"href":"https:\/\/gpdstore.net\/et\/wp-json\/wp\/v2\/product_cat?post=166881"},{"taxonomy":"product_tag","embeddable":true,"href":"https:\/\/gpdstore.net\/et\/wp-json\/wp\/v2\/product_tag?post=166881"},{"taxonomy":"woo-feed-brand","embeddable":true,"href":"https:\/\/gpdstore.net\/et\/wp-json\/wp\/v2\/woo-feed-brand?post=166881"}],"curies":[{"name":"wp","href":"https:\/\/api.w.org\/{rel}","templated":true}]}}