{"id":141501,"date":"2024-01-23T12:16:16","date_gmt":"2024-01-23T12:16:16","guid":{"rendered":"https:\/\/gpdstore.net\/maaratlemata\/gpd-micro-pc\/"},"modified":"2025-12-23T10:23:52","modified_gmt":"2025-12-23T10:23:52","slug":"gpd-micro-pc","status":"publish","type":"product","link":"https:\/\/gpdstore.net\/et\/product\/gpd-micro-pc\/","title":{"rendered":"GPD Micro PC UMPC"},"content":{"rendered":"\n<figure class=\"wp-block-video\"><video controls=\"\" muted=\"\" poster=\"https:\/\/gpdstore.net\/wp-content\/uploads\/2024\/01\/gpd-hero.jpg\" src=\"https:\/\/gpdstore.net\/wp-content\/uploads\/2024\/01\/Video-Project-22.mp4\"><\/video><\/figure>\n\n<div class=\"wp-block-columns is-layout-flex wp-container-core-columns-is-layout-28f84493 wp-block-columns-is-layout-flex\">\n<div class=\"wp-block-column is-layout-flow wp-block-column-is-layout-flow\" style=\"flex-basis:33.33%\">\n<figure class=\"wp-block-image size-full\"><img fetchpriority=\"high\" decoding=\"async\" width=\"1200\" height=\"929\" src=\"https:\/\/gpdstore.net\/wp-content\/uploads\/2024\/05\/1271643.jpg\" alt=\"GPD Micro PC, kompaktne ja mitmek&#xFC;lgne miniarvuti, mis on m&#xF5;eldud arvutite kasutamise ja tootlikkuse suurendamiseks teel olles.\" class=\"wp-image-1670\" srcset=\"https:\/\/gpdstore.net\/wp-content\/uploads\/2024\/05\/1271643.jpg 1200w, https:\/\/gpdstore.net\/wp-content\/uploads\/2024\/05\/1271643-150x116.jpg 150w, https:\/\/gpdstore.net\/wp-content\/uploads\/2024\/05\/1271643-600x465.jpg 600w, https:\/\/gpdstore.net\/wp-content\/uploads\/2024\/05\/1271643-768x595.jpg 768w, https:\/\/gpdstore.net\/wp-content\/uploads\/2024\/05\/1271643-990x766.jpg 990w, https:\/\/gpdstore.net\/wp-content\/uploads\/2024\/05\/1271643-441x341.jpg 441w\" sizes=\"(max-width: 1200px) 100vw, 1200px\" \/><\/figure>\n<\/div>\n\n\n\n<div class=\"wp-block-column is-layout-flow wp-block-column-is-layout-flow\" style=\"flex-basis:66.66%\">\n<h2 class=\"wp-block-heading\">Mitmek\u00fclgne mobiilne tootlikkuse t\u00f6\u00f6riist: 6-tolline MicroPC!<\/h2>\n\n\n\n<p>Kui Microsoft Surface Go on kuulutatud kui kompaktne, kerge ja taskukohane j\u00f5ujaam, siis 6-tolline MicroPC viib selle j\u00e4rgmisele tasemele. See ei ole mitte ainult v\u00e4iksem kui Surface Go, vaid sellel on ka rohkem liideseid, mis teeb sellest uskumatult mitmek\u00fclgse seadme. See peopesa suurune ime, mis on oma k\u00f5ige \u00f5hemas kohas vaid 15 mm ja kaalub vaid 440 g, on loodud \u00fclimalt kaasaskantavaks, tegemata kompromisse j\u00f5udluse osas. MicroPC pakub vaid 10 W termilise konstruktsiooni energiatarbimisega Surface Go&#8217;ga v\u00f5rdset j\u00f5udlust, ja seda k\u00f5ike soodsama hinnaga. MicroPC on ideaalne k\u00f5igi t\u00f6\u00f6stusharude professionaalidele, sest see on ideaalne mobiilne tootlikkuse t\u00f6\u00f6riist!<\/p>\n<\/div>\n<\/div>\n\n<h2 class=\"wp-block-heading has-text-align-center\">\u00c4\u00e4rmuslik kaasaskantavus ja praktiline disain: GPD Micro PC andmed ja vormifaktor<\/h2>\n\n<div class=\"wp-block-columns is-layout-flex wp-container-core-columns-is-layout-28f84493 wp-block-columns-is-layout-flex\">\n<div class=\"wp-block-column is-layout-flow wp-block-column-is-layout-flow\">\n<figure class=\"wp-block-image size-full is-resized\"><img decoding=\"async\" width=\"1000\" height=\"899\" src=\"https:\/\/gpdstore.net\/wp-content\/uploads\/2024\/05\/714PPtewL._AC_UF10001000_QL80_.jpg\" alt=\"GPD Micro PC, millel on 6-tolline IPS-ekraan, mis on ideaalne kaasaskantavate arvutite ja multimeedia&#xFC;lesannete jaoks.\" class=\"wp-image-1675\" style=\"width:299px;height:auto\" srcset=\"https:\/\/gpdstore.net\/wp-content\/uploads\/2024\/05\/714PPtewL._AC_UF10001000_QL80_.jpg 1000w, https:\/\/gpdstore.net\/wp-content\/uploads\/2024\/05\/714PPtewL._AC_UF10001000_QL80_-150x135.jpg 150w, https:\/\/gpdstore.net\/wp-content\/uploads\/2024\/05\/714PPtewL._AC_UF10001000_QL80_-600x539.jpg 600w, https:\/\/gpdstore.net\/wp-content\/uploads\/2024\/05\/714PPtewL._AC_UF10001000_QL80_-768x690.jpg 768w, https:\/\/gpdstore.net\/wp-content\/uploads\/2024\/05\/714PPtewL._AC_UF10001000_QL80_-990x890.jpg 990w, https:\/\/gpdstore.net\/wp-content\/uploads\/2024\/05\/714PPtewL._AC_UF10001000_QL80_-441x396.jpg 441w\" sizes=\"(max-width: 1000px) 100vw, 1000px\" \/><\/figure>\n\n\n\n<h3 class=\"wp-block-heading\">\u00dclim taskuarvuti: Miks 6-tolline vormifaktor sobib ideaalselt digitaalsetele nomaadidele.<\/h3>\n\n\n\n<p>See vaid 6 tolli x 4 tolli suurune ja vaid 440 grammi kaaluv miniarvuti sobib ideaalselt professionaalidele, \u00fcli\u00f5pilastele ja digitaalsetele nomaadidele, kes on alati liikvel. Nelituumalise Inteli protsessori, <a href=\"https:\/\/gpdstore.net\/et\/product-attribute\/memory-ram-capacity\/8gb-et\/\" target=\"_blank\" rel=\"noreferrer noopener\">8 GB<\/a> RAM-i ja <a href=\"https:\/\/gpdstore.net\/et\/product-attribute\/storage-capacity\/256gb-et\/\" target=\"_blank\" data-type=\"link\" data-id=\"https:\/\/gpdstore.net\/product-attribute\/storage-capacity\/256gb\/\" rel=\"noreferrer noopener\">256 GB<\/a>, <a href=\"https:\/\/gpdstore.net\/et\/product-attribute\/storage-capacity\/512gb-et\/\" target=\"_blank\" rel=\"noreferrer noopener\">512 GB<\/a> v\u00f5i <a href=\"https:\/\/gpdstore.net\/et\/product-attribute\/storage-capacity\/1tb-et\/\" target=\"_blank\" rel=\"noreferrer noopener\">1 TB<\/a> m\u00e4lu abil pakub see kiireid tulemusi multitegutsemiseks ja meelelahutuseks oma k\u00f5rgresolutsiooniga ekraanil.<\/p>\n<\/div>\n\n\n\n<div class=\"wp-block-column is-layout-flow wp-block-column-is-layout-flow\">\n<figure class=\"wp-block-image size-full\"><img decoding=\"async\" width=\"300\" height=\"300\" src=\"https:\/\/gpdstore.net\/wp-content\/uploads\/2024\/05\/078e6b89-8d78-4318-bf09-8caf8fecef63.__CR1800840840_PT0_SX300_V1___.jpg\" alt=\"GPD Micro PC, mis on kavandatud l&#xF6;&#xF6;gikindlaks, et tagada vastupidavus erinevates keskkondades.\" class=\"wp-image-1672\" srcset=\"https:\/\/gpdstore.net\/wp-content\/uploads\/2024\/05\/078e6b89-8d78-4318-bf09-8caf8fecef63.__CR1800840840_PT0_SX300_V1___.jpg 300w, https:\/\/gpdstore.net\/wp-content\/uploads\/2024\/05\/078e6b89-8d78-4318-bf09-8caf8fecef63.__CR1800840840_PT0_SX300_V1___-150x150.jpg 150w, https:\/\/gpdstore.net\/wp-content\/uploads\/2024\/05\/078e6b89-8d78-4318-bf09-8caf8fecef63.__CR1800840840_PT0_SX300_V1___-100x100.jpg 100w\" sizes=\"(max-width: 300px) 100vw, 300px\" \/><\/figure>\n\n\n\n<h3 class=\"wp-block-heading\"><strong>Lennundusklassi ABS-koorik: GPD Micro PC vastupidavuse ja kaitse l\u00e4bivaatamine<\/strong><\/h3>\n\n\n\n<p>See materjal on valmistatud tipptasemel l\u00f6\u00f6givastasest lennunduskvaliteediga ABS s\u00fcnteetilisest vaigust LG-DOW 121H, mis on imporditud L\u00f5una-Koreast ja pakub erakordset vastupidavust ja kaitset. Olulise 1 mm paksuse juures on see leegikindlus, k\u00f5rge kuumakindlus ja V-0 tulekindluse sertifikaat. Selle muljetavaldav Rockwelli k\u00f5vadus on kuni 109 R ja paindetugevus 26000kg\/cm\u00b2.<\/p>\n<\/div>\n\n\n\n<div class=\"wp-block-column is-layout-flow wp-block-column-is-layout-flow\">\n<figure class=\"wp-block-image size-full\"><img loading=\"lazy\" decoding=\"async\" width=\"300\" height=\"300\" src=\"https:\/\/gpdstore.net\/wp-content\/uploads\/2024\/05\/84908091-c530-4179-9369-d0a566b13ce8.__CR1260949949_PT0_SX300_V1___.jpg\" alt=\"GPD Micro PC, mis toetab laiendatud lisaseadmeid, v&#xF5;imaldades mitmek&#xFC;lgset &#xFC;henduvust ja funktsionaalsust kompaktses vormis.\" class=\"wp-image-1674\" srcset=\"https:\/\/gpdstore.net\/wp-content\/uploads\/2024\/05\/84908091-c530-4179-9369-d0a566b13ce8.__CR1260949949_PT0_SX300_V1___.jpg 300w, https:\/\/gpdstore.net\/wp-content\/uploads\/2024\/05\/84908091-c530-4179-9369-d0a566b13ce8.__CR1260949949_PT0_SX300_V1___-150x150.jpg 150w, https:\/\/gpdstore.net\/wp-content\/uploads\/2024\/05\/84908091-c530-4179-9369-d0a566b13ce8.__CR1260949949_PT0_SX300_V1___-100x100.jpg 100w\" sizes=\"(max-width: 300px) 100vw, 300px\" \/><\/figure>\n\n\n\n<h3 class=\"wp-block-heading\"><strong>Salvestusruumi ja funktsionaalsuse laiendamine: USB 3.0 ja Micro SD-pesa kasutamine<\/strong><\/h3>\n\n\n\n<p>See seade on varustatud kolme USB 3.0-liidese ja Micro SD-pesaga, mis v\u00f5imaldab \u00fchendada kuni neli v\u00e4list m\u00e4luseadet, pakkudes praktiliselt piiramatut m\u00e4lumahtu. Kuid mitmek\u00fclgsus ei piirdu sellega. T\u00e4nu v\u00f5imalusele \u00fchendada lisav\u00e4lisseadmeid keskuse kaudu saate kohandada oma seadistust vastavalt oma vajadustele, olgu selleks siis tootlikkuse suurendamine v\u00f5i funktsionaalsuse laiendamine.<\/p>\n<\/div>\n<\/div>\n\n<figure class=\"wp-block-image size-large\"><img loading=\"lazy\" decoding=\"async\" width=\"1200\" height=\"563\" src=\"https:\/\/gpdstore.net\/wp-content\/uploads\/2024\/05\/1068053-1200x563.jpg\" alt=\"GPD Micro PC, kompaktne ja v&#xF5;imas miniarvuti, mis sobib ideaalselt mobiilseks arvutit&#xF6;&#xF6;ks ja tootlikkuse suurendamiseks teel olles.\" class=\"wp-image-1678\" srcset=\"https:\/\/gpdstore.net\/wp-content\/uploads\/2024\/05\/1068053-1200x563.jpg 1200w, https:\/\/gpdstore.net\/wp-content\/uploads\/2024\/05\/1068053-150x70.jpg 150w, https:\/\/gpdstore.net\/wp-content\/uploads\/2024\/05\/1068053-600x281.jpg 600w, https:\/\/gpdstore.net\/wp-content\/uploads\/2024\/05\/1068053-768x360.jpg 768w, https:\/\/gpdstore.net\/wp-content\/uploads\/2024\/05\/1068053-1536x720.jpg 1536w, https:\/\/gpdstore.net\/wp-content\/uploads\/2024\/05\/1068053-990x464.jpg 990w, https:\/\/gpdstore.net\/wp-content\/uploads\/2024\/05\/1068053-441x207.jpg 441w, https:\/\/gpdstore.net\/wp-content\/uploads\/2024\/05\/1068053.jpg 1920w\" sizes=\"(max-width: 1200px) 100vw, 1200px\" \/><\/figure>\n\n<p><br\/>Kogege tipptasemel j\u00f5udlust kompaktses pakendis GPD Micro PC-ga. See Windows 10 PRO mini s\u00fclearvuti on m\u00f5eldud neile, kes otsivad kiiret ja t\u00f5husat t\u00f6\u00f6stusarvutit, millel on tugevad sidepordid.<\/p>\n\n<figure class=\"wp-block-image size-large\"><img loading=\"lazy\" decoding=\"async\" width=\"1200\" height=\"600\" src=\"https:\/\/gpdstore.net\/wp-content\/uploads\/2024\/05\/MicroPC-1200x600.jpg\" alt=\"GPD Micro PC, v&#xE4;ike, kuid v&#xF5;imas kaasaskantav arvuti, mis on m&#xF5;eldud mitmek&#xFC;lgsete arvutit&#xF6;&#xF6;de jaoks.\" class=\"wp-image-1677\" srcset=\"https:\/\/gpdstore.net\/wp-content\/uploads\/2024\/05\/MicroPC-1200x600.jpg 1200w, https:\/\/gpdstore.net\/wp-content\/uploads\/2024\/05\/MicroPC-150x75.jpg 150w, https:\/\/gpdstore.net\/wp-content\/uploads\/2024\/05\/MicroPC-600x300.jpg 600w, https:\/\/gpdstore.net\/wp-content\/uploads\/2024\/05\/MicroPC-768x384.jpg 768w, https:\/\/gpdstore.net\/wp-content\/uploads\/2024\/05\/MicroPC-1536x768.jpg 1536w, https:\/\/gpdstore.net\/wp-content\/uploads\/2024\/05\/MicroPC-990x495.jpg 990w, https:\/\/gpdstore.net\/wp-content\/uploads\/2024\/05\/MicroPC-441x221.jpg 441w, https:\/\/gpdstore.net\/wp-content\/uploads\/2024\/05\/MicroPC.jpg 1920w\" sizes=\"(max-width: 1200px) 100vw, 1200px\" \/><\/figure>\n\n<p>Kiire Intel\u00ae Celeron\u00ae N4120 Quad Core protsessor, mis t\u00f6\u00f6tab kuni 2,6 GHz turbosagedusega ja mida toetab <a href=\"https:\/\/gpdstore.net\/et\/product-attribute\/memory-ram-capacity\/8gb-et\/\" target=\"_blank\" rel=\"noreferrer noopener\">8 GB<\/a> kiiret <a href=\"https:\/\/gpdstore.net\/et\/product-attribute\/memory-ram-technology\/lpddr4-et\/\" target=\"_blank\" rel=\"noreferrer noopener\">LPDDR4-m\u00e4lu<\/a>, tagab mikroarvuti muljetavaldava j\u00f5udluse. Valige kolme ladustamisv\u00f5imaluse vahel: <a href=\"https:\/\/gpdstore.net\/et\/product-attribute\/storage-capacity\/256gb-et\/\" target=\"_blank\" rel=\"noreferrer noopener\">256GB<\/a>, <a href=\"https:\/\/gpdstore.net\/et\/product-attribute\/storage-capacity\/512gb-et\/\" target=\"_blank\" rel=\"noreferrer noopener\">512GB<\/a> v\u00f5i <a href=\"https:\/\/gpdstore.net\/et\/product-attribute\/storage-capacity\/1tb-et\/\" target=\"_blank\" rel=\"noreferrer noopener\">1TB<\/a> NGFF M.2 SATA SSD, mida saab hiljem paindlikult uuendada.<\/p>\n\n<p>\u00dchendatavus on tipptasemel, konkureerides isegi t\u00e4ism\u00f5\u00f5tmetes t\u00f6\u00f6stusarvutitega: kolm USB 3.0 Type A porti, \u00fcks USB Type C port, RS232 jadaport, RJ45 1GB\/s Ethernet port, HDMI port ja MicroSD kaardilugeja. Juhtmevabaduste hulka kuuluvad 802.11b\/g\/n\/ac, 2.4G\/5G kahesageduslik Wi-Fi ja <a href=\"https:\/\/gpdstore.net\/et\/product-attribute\/bluetooth\/4-2-et\/\" target=\"_blank\" rel=\"noreferrer noopener\">Bluetooth 4.2<\/a>.<\/p>\n\n<p>Micro PC 6-tollise ekraani resolutsioon on 1280&#215;720 ja seda kaitseb kriimustuskindel Corning Gorilla Glass 4. Hoolimata oma v\u00f5imsast riistvarast on see seade kompaktne, m\u00f5\u00f5tmetega vaid 6&#8243; x 4,4&#8243; x 0,9&#8243; suletud kujul &#8211; see on piisavalt v\u00e4ike, et mahtuda taskusse v\u00f5i v\u00e4ikesesse kotti.<\/p>\n\n<p>GPD Micro pakub erakordset kaasaskantavust, ulatuslikke \u00fchendusv\u00f5imalusi ja suure j\u00f5udlusega funktsioone, mis teeb sellest ideaalse valiku Windows 10 mikroarvuti entusiastidele.<\/p>\n\n<figure class=\"wp-block-image size-large\"><img loading=\"lazy\" decoding=\"async\" width=\"1200\" height=\"500\" src=\"https:\/\/gpdstore.net\/wp-content\/uploads\/2024\/05\/1068559-1200x500.jpg\" alt=\"GPD Micro PC, kompaktne ja t&#xF6;&#xF6;kindel miniarvuti, mis sobib ideaalselt mobiilseks arvutit&#xF6;&#xF6;ks ja tootlikkuseks.\" class=\"wp-image-1676\" srcset=\"https:\/\/gpdstore.net\/wp-content\/uploads\/2024\/05\/1068559-1200x500.jpg 1200w, https:\/\/gpdstore.net\/wp-content\/uploads\/2024\/05\/1068559-150x63.jpg 150w, https:\/\/gpdstore.net\/wp-content\/uploads\/2024\/05\/1068559-600x250.jpg 600w, https:\/\/gpdstore.net\/wp-content\/uploads\/2024\/05\/1068559-768x320.jpg 768w, https:\/\/gpdstore.net\/wp-content\/uploads\/2024\/05\/1068559-1536x640.jpg 1536w, https:\/\/gpdstore.net\/wp-content\/uploads\/2024\/05\/1068559-990x413.jpg 990w, https:\/\/gpdstore.net\/wp-content\/uploads\/2024\/05\/1068559-441x184.jpg 441w, https:\/\/gpdstore.net\/wp-content\/uploads\/2024\/05\/1068559.jpg 1920w\" sizes=\"(max-width: 1200px) 100vw, 1200px\" \/><\/figure>\n","protected":false},"excerpt":{"rendered":"<ul>\n<li>IT-spetsialistidele kohandatud<\/li>\n<li>Inteli kiibistik N4120<\/li>\n<li>Windows 10 <strong>Pro<\/strong><\/li>\n<li>RS-232 jadaport<\/li>\n<li>Kahesageduslik Wi-Fi ja 1 Gigabit RJ45 port<\/li>\n<\/ul>\n<p>[cg_accordion title=\"MAKSUINFO\"]  Me kasutame uusimat tehnoloogiat makset\u00f6\u00f6tluses, mis v\u00f5imaldab teil kiiret ja turvalist ostu sooritada oma deebet-\/krediitkaardi v\u00f5i PayPali kaudu.[\/cg_accordion] [cg_accordion title=\"GARANTSIOON\"]  2-aastane garantii <a href=\"https:\/\/droix.net\/\" target=\"_blank\" rel=\"nofollow noopener\">DROIX Globalilt teie meelerahu tagamiseks<\/a> [\/cg_accordion] [cg_accordion title=\"KVALITEEDI TAGAMINE JA L\u00c4HETAMISEELNE TESTIMINE\"]  Klientide rahulolu tagamine k\u00f5rgeimal tasemel: Iga seade l\u00e4bib enne saatmist ranged testid ja mitmepunktilise kvaliteedikontrolli. Meie p\u00fchendunud meeskond kontrollib j\u00f5udlust, funktsionaalsust ja komponentide terviklikkust, et tagada, et teie GPD-seade on saabumisel t\u00e4iuslikus t\u00f6\u00f6korras, tagades teile kindlustunde ja meelerahu. [\/cg_accordion] [cg_accordion title=\"PRICING, TAXES AND SHIPPING\"] <strong><u>M\u00e4rkus:<\/u><\/strong><\/p>\n<ul>\n<li>Ameerika \u00dchendriikide kliendid: N\u00e4idatud hind ei sisalda makse ega tollimaksu. Vastutus tollivormistuse ja sellega seotud maksude\/tollimaksude tasumise eest lasub kliendil. <\/li>\n<li>ELi kliendid: N\u00e4idatud hind sisaldab kohaldatavat maksu, mis v\u00f5ib s\u00f5ltuvalt teie riigist olla kuni 25%.<\/li>\n<li>Kanada kliendid: N\u00e4idatud hind sisaldab kohaldatavaid makse, mis v\u00f5ivad sisaldada 5% GST ja t\u00e4iendavaid provintsi m\u00fc\u00fcgimakse (PST), \u00fchtlustatud m\u00fc\u00fcgimaksu (HST) v\u00f5i Quebeci m\u00fc\u00fcgimaksu (QST), s\u00f5ltuvalt teie provintsist.<\/li>\n<\/ul>\n<p><strong>AINULT ELi klientidele:<\/strong> Express DDP (Delivered Duty Paid). See t\u00e4hendab: <\/p>\n<ul>\n<li style=\"list-style-type: none;\">\n<ul>\n<li>K\u00f5ik tollimaksud ja maksud sisalduvad toote lehel n\u00e4idatud hinnas.<\/li>\n<li>Te ei pea tarnimisel lisatasusid maksma.<\/li>\n<li>Harva esinevate tolliprobleemide korral tegeleb meie meeskond teie nimel tollivormistusega, et tagada sujuv tarne.<\/li>\n<p>Oluline teave tagastuste kohta:<\/p>\n<li>Kui te otsustate oma tellimuse tagastada v\u00f5i taotleda raha tagasi, siis pidage meeles, et teie eest DDP tingimuste alusel makstud makse ja tollimakse ei saa tagasi maksta.<\/li>\n<p>Palun vaadake meie<\/ul>\n<\/li>\n<\/ul>\n<p><a href=\"https:\/\/droix.net\/terms-and-conditions\/\" target=\"_blank\" rel=\"nofollow noopener\">Tingimused<\/a><\/p>\n<ul>\u00fcksikasjaliku teabe saamiseks.<\/ul>\n<p>[\/cg_accordion] [cg_accordion title=\"KLIENDITUGI\"]  Kas teil on k\u00fcsimus? Oleme l\u00fchikese teksti kaugusel sellest, et teie k\u00fcsimus oleks lahendatud!  \u00dcksikasjalikku teavet leiate meie <a href=\"https:\/\/gpdstore.net\/et\/terms-of-service\/\" target=\"_blank\" rel=\"nofollow noopener\">Tingimustest<\/a>.  [\/cg_accordion] [cg_accordion title=\"WHAT'S INCLUDED\"]<\/p>\n<ul>\n<li>1x GPD Micro PC<\/li>\n<li>1x toiteadapter<\/li>\n<li>1x USB Type-C kaabel<\/li>\n<li>1x kasutusjuhend<\/li>\n<\/ul>\n<p>[\/cg_accordion]<\/p>\n","protected":false},"featured_media":116917,"template":"","meta":{"_acf_changed":false},"product_brand":[],"product_cat":[6949],"product_tag":[16608,7513],"woo-feed-brand":[5566],"class_list":{"0":"post-141501","1":"product","2":"type-product","3":"status-publish","4":"has-post-thumbnail","6":"product_cat-gpd-mini-sulearvutid","7":"product_tag-10xmsale-et","8":"product_tag-gpd-mikro-pc-et","9":"product_shipping_class-standard","10":"pa_bluetooth-4-2-et","11":"pa_brand-gpd","12":"pa_graphics-gpu-model-uhd-graafika-600","13":"pa_i-o-video-1x-hdmi-2-0-tuup-a","14":"pa_memory-ram-capacity-8gb-et","15":"pa_memory-ram-technology-lpddr4-et","16":"pa_processor-cpu-model-celeron-n4120-processor","17":"pa_storage-capacity-1tb-et","18":"pa_storage-capacity-1tb","19":"pa_storage-capacity-256gb","20":"pa_storage-capacity-256gb-et","21":"pa_storage-capacity-512gb-et","22":"pa_storage-capacity-512gb","23":"pa_storage-technology-m-2-2242-ssd-et","24":"pa_wi-fi-2-4g-5g-dual-band-et","25":"woo-feed-brand-gpd-et","27":"first","28":"outofstock","29":"sale","30":"taxable","31":"shipping-taxable","32":"purchasable","33":"product-type-variable","34":"has-default-attributes"},"acf":[],"aioseo_notices":[],"_links":{"self":[{"href":"https:\/\/gpdstore.net\/et\/wp-json\/wp\/v2\/product\/141501","targetHints":{"allow":["GET"]}}],"collection":[{"href":"https:\/\/gpdstore.net\/et\/wp-json\/wp\/v2\/product"}],"about":[{"href":"https:\/\/gpdstore.net\/et\/wp-json\/wp\/v2\/types\/product"}],"wp:featuredmedia":[{"embeddable":true,"href":"https:\/\/gpdstore.net\/et\/wp-json\/wp\/v2\/media\/116917"}],"wp:attachment":[{"href":"https:\/\/gpdstore.net\/et\/wp-json\/wp\/v2\/media?parent=141501"}],"wp:term":[{"taxonomy":"product_brand","embeddable":true,"href":"https:\/\/gpdstore.net\/et\/wp-json\/wp\/v2\/product_brand?post=141501"},{"taxonomy":"product_cat","embeddable":true,"href":"https:\/\/gpdstore.net\/et\/wp-json\/wp\/v2\/product_cat?post=141501"},{"taxonomy":"product_tag","embeddable":true,"href":"https:\/\/gpdstore.net\/et\/wp-json\/wp\/v2\/product_tag?post=141501"},{"taxonomy":"woo-feed-brand","embeddable":true,"href":"https:\/\/gpdstore.net\/et\/wp-json\/wp\/v2\/woo-feed-brand?post=141501"}],"curies":[{"name":"wp","href":"https:\/\/api.w.org\/{rel}","templated":true}]}}