{"id":1261133,"date":"2025-10-23T08:14:29","date_gmt":"2025-10-23T08:14:29","guid":{"rendered":"https:\/\/gpdstore.net\/?post_type=product&#038;p=1261133"},"modified":"2026-01-19T14:22:29","modified_gmt":"2026-01-19T14:22:29","slug":"gpd-win-5-battery","status":"publish","type":"product","link":"https:\/\/gpdstore.net\/et\/product\/gpd-win-5-battery\/","title":{"rendered":"GPD WIN 5 aku"},"content":{"rendered":"\n<p><strong>GPD WIN 5 laetav Li-ion akupakett on<\/strong> oluline lisatarvik, mis on loodud selleks, et maksimeerida GPD WIN 5 pihuarvuti kaasaskantavat m\u00e4nguaega. Suure j\u00f5udluse ja t\u00f5rgeteta integreeritavuse tagamiseks loodud ehtne 80Wh v\u00e4lise aku v\u00f5imaldab teil seinast lahti \u00fchendada ja nautida tipptasemel arvutim\u00e4ngu teel olles.<\/p>\n\n<hr class=\"wp-block-separator has-alpha-channel-opacity\"\/>\n\n<h3 class=\"wp-block-heading\">Peamised omadused:<\/h3>\n\n<p>\ud83d\udd0b Laiendatud 80.04Wh mahutavus<\/p>\n\n<p>See aku pakub suurt nimienergiat 80,04 Wh ja nimimahtu 5170 mAh, mis v\u00f5imaldab teil nautida pikemaid m\u00e4ngusessioone pistikupesast eemal.<\/p>\n\n<p>\u26a1 K\u00f5rge v\u00f5imsuse tarnimine<\/p>\n\n<p>See 4-elemendiline Li-ion-pakett, mille nimipinge on 15,48 V ja piiratud laadimispinge 17,80 V, on loodud selleks, et tulla toime GPD WIN 5 v\u00f5imsa AMD Strix Halo APU n\u00f5udliku voolutarbimisega.<\/p>\n\n<p>\ud83d\udd04 Kiirelt kinnitatav modulaarne konstruktsioon<\/p>\n\n<p>Akul on patenteeritud kiir\u00fchendusmehhanism, mis kinnitub lihtsalt ja kindlalt GPD WIN 5 pihuarvuti tagak\u00fcljele (nagu pildil n\u00e4idatud), muutes selle modulaarseks ja vahetatavaks varuakuga.<\/p>\n\n<p>\ud83d\udcaa Ergonoomiline ja integreeritud<\/p>\n\n<p>Akupakett, mis on loodud ideaalselt integreeruma GPD WIN 5 korpusega, s\u00e4ilitab seadme k\u00e4ep\u00e4rase vormi, lisades samas vajaliku ergonoomilise haarde ja energiaallika.<\/p>\n\n<p>\ud83d\udd0c Ehtne GPD lisavarustus<\/p>\n\n<p>See on ametlik GPD Li-ion akupakett (mudel: 5.054BAG, mudel: 4ICP 77\/48\/100), mis tagab t\u00e4iusliku \u00fchilduvuse, ohutuse ja optimaalse j\u00f5udluse teie GPD WIN 5 seadmega.<\/p>\n\n<hr class=\"wp-block-separator has-alpha-channel-opacity\"\/>\n\n<h3 class=\"wp-block-heading\">Spetsifikatsioonid:<\/h3>\n\n<figure class=\"wp-block-table\"><table class=\"has-fixed-layout\"><thead><tr><td><strong>Detail<\/strong><\/td><td><strong>Spetsifikatsioon<\/strong><\/td><\/tr><\/thead><tbody><tr><td><strong>Mudel<\/strong><\/td><td>5.054BAG (4ICP 77\/48\/100)<\/td><\/tr><tr><td><strong>Aku t\u00fc\u00fcp<\/strong><\/td><td>Laetav Li-ioon akupakett<\/td><\/tr><tr><td><strong>Hinnatud energia<\/strong><\/td><td>80,04 Wh<\/td><\/tr><tr><td><strong>Nimiv\u00f5imsus<\/strong><\/td><td>5170 mAh<\/td><\/tr><tr><td><strong>Nimipinge<\/strong><\/td><td>15.48 V<\/td><\/tr><tr><td><strong>Piiratud laadimispinge<\/strong><\/td><td>17.80 V<\/td><\/tr><tr><td><strong>\u00dchilduvus<\/strong><\/td><td>GPD WIN 5 pihuarvuti<\/td><\/tr><\/tbody><\/table><\/figure>\n","protected":false},"excerpt":{"rendered":"<ul>\n<li><strong>80.04Wh Maht:<\/strong> Pakub pikendatud, suure v\u00f5imsusega kaasaskantavat m\u00e4nguaega.<\/li>\n<li><strong>5170mAh Nimimaht:<\/strong> Tagab pikaajalise ja usaldusv\u00e4\u00e4rse kasutamise teel.<\/li>\n<li><strong>Modulaarne disain:<\/strong> Kiirkinnitusmehhanism lihtsaks vahetamiseks ja eemaldamiseks.<\/li>\n<li><strong>K\u00f5rgepinge v\u00f5imsus: ehitatud<\/strong> GPD WIN 5 v\u00f5imsa APU toetamiseks.<\/li>\n<li><strong>Ametlik GPD lisavarustus:<\/strong> Tagab t\u00e4iusliku sobivuse, \u00fchilduvuse ja ohutuse.<\/li>\n<\/ul>\n<pre><b>Objekt on ettetellimisel<\/b>\nV\u00e4ljaandmise kuup\u00e4ev ETA:\n<ul>\n<li>2. veebruar 2026<\/li><\/pre>\n<\/ul>\n[cg_accordion title=\"MAKSUINFO\"]<\/p>\n<p>Me kasutame uusimat tehnoloogiat makset\u00f6\u00f6tluses, mis v\u00f5imaldab teil kiiret ja turvalist maksekorraldust oma deebet-\/ krediitkaardi v\u00f5i PayPali kaudu.[\/cg_accordion]\n[cg_accordion title=\"GARANTSIOON\"]<\/p>\n<p>2-aastane garantii <a href=\"https:\/\/droix.net\/\" target=\"_blank\" rel=\"nofollow noopener\">DROIX Globalilt teie meelerahu tagamiseks<\/a> [\/cg_accordion]\n[cg_accordion title=\"KVALITEEDI TAGAMINE JA L\u00c4HETAMISEELNE TESTIMINE\"]<\/p>\n<p>Klientide rahulolu tagamine k\u00f5rgeimal tasemel: Iga seade l\u00e4bib enne saatmist ranged testid ja mitmepunktilise kvaliteedikontrolli. Meie p\u00fchendunud meeskond kontrollib j\u00f5udlust, funktsionaalsust ja komponentide terviklikkust, et tagada, et teie GPD-seade on saabumisel t\u00e4iuslikus t\u00f6\u00f6korras, tagades teile kindlustunde ja meelerahu. [\/cg_accordion]\n[cg_accordion title=\"HINNAKUJUNDUS, MAKSUD JA KOHALETOIMETAMINE\"]<\/p>\n<p><strong><u>M\u00e4rkus:<\/u><\/strong><\/p>\n<ul>\n<li>Ameerika \u00dchendriikide kliendid: N\u00e4idatud hind ei sisalda makse ega tollimaksu. Vastutus tollivormistuse ja sellega seotud maksude\/tollimaksude tasumise eest lasub kliendil. <\/li>\n<li>ELi kliendid: N\u00e4idatud hind sisaldab kohaldatavat maksu, mis v\u00f5ib s\u00f5ltuvalt teie riigist olla kuni 25%.<\/li>\n<li>Kanada kliendid: N\u00e4idatud hind sisaldab kohaldatavaid makse, mis v\u00f5ivad sisaldada 5% GST ja t\u00e4iendavaid provintsi m\u00fc\u00fcgimakse (PST), \u00fchtlustatud m\u00fc\u00fcgimaksu (HST) v\u00f5i Quebeci m\u00fc\u00fcgimaksu (QST), s\u00f5ltuvalt teie provintsist.<\/li>\n<\/ul>\n<p>Meie USA klientidele: Tellimused saadetakse DAP (Delivered At Place). Kuigi kliendid vastutavad k\u00f5igi kohaldatavate tariifide tasumise eest, tugineme meie ulatuslikele kogemustele \u00dchendkuningriigist saatmisel, et tagada, et maksate v\u00f5imalikult v\u00e4he tasu. Meie andmetel ei \u00fcleta need tasud tavaliselt 10% eseme v\u00e4\u00e4rtusest.  <\/p>\n<p><strong>AINULT ELi klientidele:<\/strong> Express DDP (Delivered Duty Paid). See t\u00e4hendab: <\/p>\n<ul>\n<li>K\u00f5ik tollimaksud ja maksud sisalduvad toote lehel n\u00e4idatud hinnas.<\/li>\n<li>Te ei pea tarnimisel lisatasusid maksma.<\/li>\n<li>Harva esinevate tolliprobleemide korral tegeleb meie meeskond teie nimel tollivormistusega, et tagada sujuv tarne.<\/li>\n<p>Oluline teave tagastuste kohta:<\/p>\n<li>Kui te otsustate oma tellimuse tagastada v\u00f5i taotleda raha tagasi, siis pidage meeles, et teie eest DDP tingimuste alusel makstud makse ja tollimakse ei saa tagasi maksta.<\/li>\n<p>\u00dcksikasjalik teave <a href=\"https:\/\/droix.net\/terms-and-conditions\/\" target=\"_blank\" rel=\"nofollow noopener\">on esitatud meie Tingimustes<\/a>.\n<\/ul>\n<p>[\/cg_accordion]\n[cg_accordion title=\"KLIENDITUGI\"]<\/p>\n<p>Kas teil on k\u00fcsimus? Oleme l\u00fchikese teksti kaugusel sellest, et teie k\u00fcsimus oleks lahendatud! <\/p>\n<p>\u00dcksikasjalik teave <a href=\"https:\/\/gpdstore.net\/et\/terms-of-service\/\" target=\"_blank\" rel=\"nofollow noopener\">on esitatud meie Tingimustes<\/a>.\n<\/ul>\n<p>[\/cg_accordion]\n[cg_accordion title=\"MIDA SISALDAB\"]<\/p>\n<ul>\n<li>1x GPD WIN 5 aku<\/li>\n<\/ul>\n<p>[\/cg_accordion]\n","protected":false},"featured_media":1261148,"template":"","meta":{"_acf_changed":false},"product_brand":[],"product_cat":[5039],"product_tag":[],"woo-feed-brand":[5566],"class_list":{"0":"post-1261133","1":"product","2":"type-product","3":"status-publish","4":"has-post-thumbnail","6":"product_cat-tarvikud","7":"product_shipping_class-low-end","8":"pa_accessory-type-add-ons-et","9":"pa_brand-gpd","10":"woo-feed-brand-gpd-et","12":"first","13":"instock","14":"taxable","15":"shipping-taxable","16":"purchasable","17":"product-type-variable","18":"has-default-attributes"},"acf":[],"aioseo_notices":[],"_links":{"self":[{"href":"https:\/\/gpdstore.net\/et\/wp-json\/wp\/v2\/product\/1261133","targetHints":{"allow":["GET"]}}],"collection":[{"href":"https:\/\/gpdstore.net\/et\/wp-json\/wp\/v2\/product"}],"about":[{"href":"https:\/\/gpdstore.net\/et\/wp-json\/wp\/v2\/types\/product"}],"wp:featuredmedia":[{"embeddable":true,"href":"https:\/\/gpdstore.net\/et\/wp-json\/wp\/v2\/media\/1261148"}],"wp:attachment":[{"href":"https:\/\/gpdstore.net\/et\/wp-json\/wp\/v2\/media?parent=1261133"}],"wp:term":[{"taxonomy":"product_brand","embeddable":true,"href":"https:\/\/gpdstore.net\/et\/wp-json\/wp\/v2\/product_brand?post=1261133"},{"taxonomy":"product_cat","embeddable":true,"href":"https:\/\/gpdstore.net\/et\/wp-json\/wp\/v2\/product_cat?post=1261133"},{"taxonomy":"product_tag","embeddable":true,"href":"https:\/\/gpdstore.net\/et\/wp-json\/wp\/v2\/product_tag?post=1261133"},{"taxonomy":"woo-feed-brand","embeddable":true,"href":"https:\/\/gpdstore.net\/et\/wp-json\/wp\/v2\/woo-feed-brand?post=1261133"}],"curies":[{"name":"wp","href":"https:\/\/api.w.org\/{rel}","templated":true}]}}