{"id":1258275,"date":"2025-10-21T14:46:01","date_gmt":"2025-10-21T14:46:01","guid":{"rendered":"https:\/\/gpdstore.net\/product\/gpd-win-5-dokkimisjaam\/"},"modified":"2026-01-19T15:24:13","modified_gmt":"2026-01-19T15:24:13","slug":"gpd-win-5-docking-station","status":"publish","type":"product","link":"https:\/\/gpdstore.net\/et\/product\/gpd-win-5-docking-station\/","title":{"rendered":"GPD WIN 5 dokkimisjaam"},"content":{"rendered":"\n<p><strong>GPD WIN 5 dokkimisjaam (<\/strong> mida sageli nimetatakse ka Smart Dockiks) on oluline t\u00f6\u00f6laua keskpunkt, mis on loodud selleks, et vabastada GPD WIN 5 <a href=\"https:\/\/gpdstore.net\/et\/product\/gpd-win-5\/\" target=\"_blank\" rel=\"noopener\" title=\"\">pihuarvuti kogu potentsiaal .<\/a> Muuda oma kaasaskantav j\u00f5ujaam \u00fche lihtsa \u00fchendusega t\u00e4ielikuks lauaarvuti m\u00e4ngu- ja tootlikkusseadmeks, tagades maksimaalse v\u00f5imsuse ja \u00f5mblusteta lisaseadmete integreerimise.<\/p>\n\n<hr class=\"wp-block-separator has-alpha-channel-opacity\"\/>\n\n<h2 class=\"wp-block-heading\">Peamised omadused:<\/h2>\n\n<p>\u26a1 Maksimaalne <strong>v\u00f5imsus maksimaalse j\u00f5udluse tagamiseks Dokk on<\/strong> m\u00f5eldud \u00fchendamiseks GPD WIN 5 spetsiaalse toitepordi k\u00fclge, mis v\u00f5imaldab seadmel kasutada kogu 100 W v\u00f5imsust oma laadijast. See v\u00f5imaldab suure j\u00f5udlusega Strix Halo APU-l s\u00e4ilitada oma maksimaalset TDP-d lauaarvutiklassi kaadrisageduse jaoks ilma termilise drosseldamiseta. <\/p>\n\n<p>\ud83d\udcbb Vahetu <strong>t\u00f6\u00f6laua \u00fcmberkujundamine \u00dchendage<\/strong> GPD WIN 5 <strong>h\u00f5lpsasti dokkidesse<\/strong>, et \u00fchendada see kohe k\u00f5igi oma t\u00f6\u00f6laua v\u00e4lisseadmetega.<sup><\/sup> Muuda oma pihuarvuti konsool t\u00e4ie\u00f5iguslikuks Windows 11 arvutiks, mis on valmis v\u00f5istlusm\u00e4ngudeks, t\u00f6\u00f6ks v\u00f5i meediatarbimiseks.<sup><\/sup><\/p>\n\n<p>\ud83d\udda5\ufe0f <strong>Kiire 4K-ekraaniv\u00e4ljund, mis on varustatud<\/strong> spetsiaalse <strong>HDMI 2.1 pordiga,<\/strong> suudab <strong>Smart<\/strong> Dock edastada kuni 4K <strong>-eraldusv\u00f5imega <sup><\/sup>144<\/strong> Hz v\u00e4lise m\u00e4ngumonitori v\u00f5i teleri, pakkudes v\u00f5is\u00f5bralikku ja k\u00f5rgekvaliteedilist m\u00e4ngukogemust, mis konkureerib traditsiooniliste lauaarvutitega.<sup><\/sup><\/p>\n\n<p><strong>\ud83d\udd0c P\u00f5hjalik I\/O laiendus<\/strong> Laiendage <strong>m\u00e4rkimisv\u00e4\u00e4rselt<\/strong> oma \u00fchendusv\u00f5imalusi, et mahutada k\u00f5ik oma m\u00e4ngu- ja t\u00f6\u00f6vahendid:<\/p>\n\n<ul class=\"wp-block-list\">\n<li><strong>1x HDMI 2.1 port:<\/strong> K\u00f5rgresolutsiooniga, suure v\u00e4rskendussagedusega ekraaniv\u00e4ljundiks.<\/li>\n\n\n\n<li><strong>3x USB A-t\u00fc\u00fcpi pordid:<\/strong> \u00dchendage v\u00e4lised klaviatuurid, hiired, m\u00e4lupulgad ja muud v\u00e4lisseadmed.<\/li>\n\n\n\n<li><strong>1x Ethernet port (RJ45):<\/strong> Tagab madala viivitusega stabiilse traadiga \u00fchenduse konkurentsiv\u00f5imeliste v\u00f5rgum\u00e4ngude jaoks.<\/li>\n\n\n\n<li><strong>1x USB Type-C port:<\/strong> Andmete v\u00f5i lisaseadmete \u00fchendamiseks.<\/li>\n<\/ul>\n\n<p>\ud83d\udd0b All-in-One <strong>Smart Cradle Ainulaadne disain<\/strong> on \u00fchtlasi turvaline statiiv ja voolukeskus. See pakub GPD WIN 5 jaoks stabiilset, p\u00fcstist toetuskohta, laadides samal ajal aktiivselt s\u00fcsteemi ja andes vajalikku energiat p\u00fcsivalt suure j\u00f5udlusega m\u00e4ngimiseks. <\/p>\n\n<h2 class=\"wp-block-heading\">Miks valida GPD WIN 5 dokkimisjaam?<\/h2>\n\n<p>GPD WIN 5 on loodud lauaarvuti asendamiseks ja see Smart Dock on sild. See k\u00f5rvaldab kaablisegaduse, tagades samal ajal, et teie v\u00f5imas Strix Halo kiip saab kogu 100 W v\u00f5imsuse, mida ta vajab RTX 4060-klassi j\u00f5udluse tagamiseks suurel ekraanil. See on h\u00e4davajalik tarvik \u00fclimaks plug-and-play lauaarvuti m\u00e4ngukogemuseks. <\/p>\n\n<hr class=\"wp-block-separator has-alpha-channel-opacity\"\/>\n\n<h3 class=\"wp-block-heading\">Spetsifikatsioonid:<\/h3>\n\n<figure class=\"wp-block-table\"><table class=\"has-fixed-layout\"><thead><tr><td>Detail<\/td><td>Spetsifikatsioon<\/td><\/tr><\/thead><tbody><tr><td><strong>\u00dchilduvus<\/strong><\/td><td>GPD WIN 5 pihuarvuti<\/td><\/tr><tr><td><strong>Video v\u00e4ljund<\/strong><\/td><td>1\u00d7HDMI 2.1 (kuni 4K @144 Hz)<\/td><\/tr><tr><td><strong>USB-pordid<\/strong><\/td><td>3\u00d7USB Type-A, 1\u00d7USB Type-C<\/td><\/tr><tr><td><strong>V\u00f5rk<\/strong><\/td><td>1 \u00d7 Ethernet port (RJ45)<\/td><\/tr><tr><td><strong>V\u00f5imsuse sisend<\/strong><\/td><td>Barrel Jack (m\u00f5eldud 100 W GPD WIN 5 laadija jaoks)<\/td><\/tr><tr><td><strong>Funktsioon<\/strong><\/td><td>Dokkimine, laadimine, v\u00e4ljapanek, statiiv<\/td><\/tr><\/tbody><\/table><\/figure>\n\n<p><\/p>\n","protected":false},"excerpt":{"rendered":"<ul>\n<li><strong>180W Power Passthrough:<\/strong> Maksimaalne v\u00f5imsus maksimaalse j\u00f5udluse tagamiseks.<\/li>\n<li><strong>T\u00f6\u00f6laua re\u017eiim:<\/strong> Muudab pihuarvuti koheselt t\u00e4ielikuks lauaarvutiks.<\/li>\n<li><strong>4K ekraaniv\u00e4ljund:<\/strong> HDMI 2.1 v\u00e4lismonitoride jaoks.<\/li>\n<li><strong>Wired Gaming:<\/strong> Kaasa arvatud Ethernet-port stabiilse ja viivituseta v\u00f5rgum\u00e4ngu jaoks.<\/li>\n<li><strong>Ametlik sobivus:<\/strong> GPD WIN 5 jaoks kohandatud GPD lisavarustus.<\/li>\n<\/ul>\n[cg_accordion title=\"MAKSUINFO\"]<\/p>\n<p>Me kasutame uusimat tehnoloogiat makset\u00f6\u00f6tluses, mis v\u00f5imaldab teil kiiret ja turvalist maksekorraldust oma deebet-\/ krediitkaardi v\u00f5i PayPali kaudu.[\/cg_accordion]\n[cg_accordion title=\"GARANTSIOON\"]<\/p>\n<p>2-aastane garantii <a href=\"https:\/\/droix.net\/\" target=\"_blank\" rel=\"nofollow noopener\">DROIX Globalilt teie meelerahu tagamiseks<\/a> [\/cg_accordion]\n[cg_accordion title=\"KVALITEEDI TAGAMINE JA L\u00c4HETAMISEELNE TESTIMINE\"]<\/p>\n<p>Klientide rahulolu tagamine k\u00f5rgeimal tasemel: Iga seade l\u00e4bib enne saatmist ranged testid ja mitmepunktilise kvaliteedikontrolli. Meie p\u00fchendunud meeskond kontrollib j\u00f5udlust, funktsionaalsust ja komponentide terviklikkust, et tagada, et teie GPD-seade on saabumisel t\u00e4iuslikus t\u00f6\u00f6korras, tagades teile kindlustunde ja meelerahu. [\/cg_accordion]\n[cg_accordion title=\"HINNAKUJUNDUS, MAKSUD JA KOHALETOIMETAMINE\"]<\/p>\n<p><strong><u>M\u00e4rkus:<\/u><\/strong><\/p>\n<ul>\n<li>Ameerika \u00dchendriikide kliendid: N\u00e4idatud hind ei sisalda makse ega tollimaksu. Vastutus tollivormistuse ja sellega seotud maksude\/tollimaksude tasumise eest lasub kliendil. <\/li>\n<li>ELi kliendid: N\u00e4idatud hind sisaldab kohaldatavat maksu, mis v\u00f5ib s\u00f5ltuvalt teie riigist olla kuni 25%.<\/li>\n<li>Kanada kliendid: N\u00e4idatud hind sisaldab kohaldatavaid makse, mis v\u00f5ivad sisaldada 5% GST ja t\u00e4iendavaid provintsi m\u00fc\u00fcgimakse (PST), \u00fchtlustatud m\u00fc\u00fcgimaksu (HST) v\u00f5i Quebeci m\u00fc\u00fcgimaksu (QST), s\u00f5ltuvalt teie provintsist.<\/li>\n<\/ul>\n<p>Meie USA klientidele: Tellimused saadetakse DAP (Delivered At Place). Kuigi kliendid vastutavad k\u00f5igi kohaldatavate tariifide tasumise eest, tugineme meie ulatuslikele kogemustele \u00dchendkuningriigist saatmisel, et tagada, et maksate v\u00f5imalikult v\u00e4he tasu. Meie andmetel ei \u00fcleta need tasud tavaliselt 10% eseme v\u00e4\u00e4rtusest.  <\/p>\n<p><strong>AINULT ELi klientidele:<\/strong> Express DDP (Delivered Duty Paid). See t\u00e4hendab: <\/p>\n<ul>\n<li>K\u00f5ik tollimaksud ja maksud sisalduvad toote lehel n\u00e4idatud hinnas.<\/li>\n<li>Te ei pea tarnimisel lisatasusid maksma.<\/li>\n<li>Harva esinevate tolliprobleemide korral tegeleb meie meeskond teie nimel tollivormistusega, et tagada sujuv tarne.<\/li>\n<p>Oluline teave tagastuste kohta:<\/p>\n<li>Kui te otsustate oma tellimuse tagastada v\u00f5i taotleda raha tagasi, siis pidage meeles, et teie eest DDP tingimuste alusel makstud makse ja tollimakse ei saa tagasi maksta.<\/li>\n<p>\u00dcksikasjalik teave <a href=\"https:\/\/droix.net\/terms-and-conditions\/\" target=\"_blank\" rel=\"nofollow noopener\">on esitatud meie Tingimustes<\/a>.\n<\/ul>\n<p>[\/cg_accordion]\n[cg_accordion title=\"KLIENDITUGI\"]<\/p>\n<p>Kas teil on k\u00fcsimus? Oleme l\u00fchikese teksti kaugusel sellest, et teie k\u00fcsimus oleks lahendatud! <\/p>\n<p>\u00dcksikasjalik teave <a href=\"https:\/\/gpdstore.net\/et\/terms-of-service\/\" target=\"_blank\" rel=\"nofollow noopener\">on esitatud meie Tingimustes<\/a>.\n<\/ul>\n<p>[\/cg_accordion]\n[cg_accordion title=\"MIDA SISALDAB\"]<\/p>\n<ul>\n<li>1x ametlik GPD WIN 5 dokkimisjaam<\/li>\n<\/ul>\n<p>[\/cg_accordion]\n","protected":false},"featured_media":1261014,"template":"","meta":{"_acf_changed":false},"product_brand":[],"product_cat":[5039],"product_tag":[],"woo-feed-brand":[],"class_list":{"0":"post-1258275","1":"product","2":"type-product","3":"status-publish","4":"has-post-thumbnail","6":"product_cat-tarvikud","7":"product_shipping_class-low-end","8":"product_shipping_class-premium","9":"pa_accessory-type-dokkimisjaam","10":"pa_brand-gpd","12":"first","13":"instock","14":"taxable","15":"shipping-taxable","16":"purchasable","17":"product-type-variable","18":"has-default-attributes"},"acf":[],"aioseo_notices":[],"_links":{"self":[{"href":"https:\/\/gpdstore.net\/et\/wp-json\/wp\/v2\/product\/1258275","targetHints":{"allow":["GET"]}}],"collection":[{"href":"https:\/\/gpdstore.net\/et\/wp-json\/wp\/v2\/product"}],"about":[{"href":"https:\/\/gpdstore.net\/et\/wp-json\/wp\/v2\/types\/product"}],"wp:featuredmedia":[{"embeddable":true,"href":"https:\/\/gpdstore.net\/et\/wp-json\/wp\/v2\/media\/1261014"}],"wp:attachment":[{"href":"https:\/\/gpdstore.net\/et\/wp-json\/wp\/v2\/media?parent=1258275"}],"wp:term":[{"taxonomy":"product_brand","embeddable":true,"href":"https:\/\/gpdstore.net\/et\/wp-json\/wp\/v2\/product_brand?post=1258275"},{"taxonomy":"product_cat","embeddable":true,"href":"https:\/\/gpdstore.net\/et\/wp-json\/wp\/v2\/product_cat?post=1258275"},{"taxonomy":"product_tag","embeddable":true,"href":"https:\/\/gpdstore.net\/et\/wp-json\/wp\/v2\/product_tag?post=1258275"},{"taxonomy":"woo-feed-brand","embeddable":true,"href":"https:\/\/gpdstore.net\/et\/wp-json\/wp\/v2\/woo-feed-brand?post=1258275"}],"curies":[{"name":"wp","href":"https:\/\/api.w.org\/{rel}","templated":true}]}}