{"id":122145,"date":"2024-01-24T17:32:18","date_gmt":"2024-01-24T17:32:18","guid":{"rendered":"https:\/\/gpdstore.net\/maaratlemata\/sd1-dokkimisjaam\/"},"modified":"2025-12-23T10:21:07","modified_gmt":"2025-12-23T10:21:07","slug":"sd1-docking-station","status":"publish","type":"product","link":"https:\/\/gpdstore.net\/et\/product\/sd1-docking-station\/","title":{"rendered":"SD1 dokkimisjaam"},"content":{"rendered":"\n<h1 class=\"wp-block-heading\"><strong>Vabastage SD1 dokkimisjaamaga k\u00e4sipillide m\u00e4ngimise t\u00e4ielik potentsiaal!<\/strong><\/h1>\n\n<h3 class=\"wp-block-heading\">Saamatu m\u00e4ngude integreerimine sinu k\u00e4eulatuses!<\/h3>\n\n<p>Tere tulemast k\u00e4ep\u00e4raste m\u00e4ngude arvutitarvikute \u00fclima muutja juurde! Esitleme SD1 dokkimisjaama, mis on loodud spetsiaalselt kirglikele m\u00e4ngijatele, kes ihkavad sujuvat ja katkematut m\u00e4ngukogemust. Selle tipptasemel dokkimisjaama abil saavad m\u00e4ngijad oma pihuarvutite v\u00f5imalusi suurendada nagu kunagi varem. Alates populaarsest Steam Deckist kuni peenikese AYA NEO Geek 1S-ni &#8211; SD1 on mitmek\u00fclgselt kasutatav, tagades, et teie lemmik pihuarvuti saab vajaliku t\u00f5uke. Lihtsalt \u00fchenda see USB Type-C kaabli abil ja vaata, kuidas maagia avaneb.<\/p>\n\n<h3 class=\"wp-block-heading\"><strong>\u00dclikiire ja stabiilne interneti\u00fchendus<\/strong><\/h3>\n\n<p>Rohkem ei ole viivitus. Ei mingeid katkestusi. Sukeldu m\u00e4ngude universumisse SD1 RJ45 Gigabit Ethernetiga. Kuni 1000M kiirusega tagab see dokkimisjaam mitmekesi m\u00e4ngudes eelise, pakkudes \u00fclitundlikke m\u00e4ngusessioone. \u00dctle h\u00fcvasti pettumust tekitava viivitusajaga ja tervita sujuvat reaalajas m\u00e4ngude interaktsiooni. Kui iga millisekund loeb, tagab SD1, et olete alati sammu v\u00f5rra ees.<\/p>\n\n<h3 class=\"wp-block-heading\"><strong>Elav ja terav ekraanikogemus<\/strong><\/h3>\n\n<p>T\u00f5sta oma visuaalset m\u00e4ngukogemust! SD1 dokkimisjaam on varustatud HDMI 2.0 v\u00e4ljundiga, mis v\u00f5imaldab m\u00e4ngijatel sukelduda rikkalikesse 4K-v\u00e4ljunditesse siidiselt sujuva 60 Hz kiirusega. Kuni 4096&#215;2160-ni ulatuva eraldusv\u00f5imega saab iga piksel ellu \u00e4ratada, mis viib teid tegevuse keskmesse. Kogege m\u00e4nge kogu nende hiilguses, laitmatu detailsuse, eluj\u00f5uliste v\u00e4rvide ja v\u00f5rratu selgusega.<\/p>\n\n<h3 class=\"wp-block-heading\"><strong>Kiire ja t\u00f5hus energiatarne<\/strong><\/h3>\n\n<p>V\u00f5ime l\u00f5putult m\u00e4ngida! SD1 dokkimisjaam ei ole m\u00f5eldud ainult \u00fchenduvuse ja visuaalsete vahendite jaoks, vaid ka selleks, et tagada, et teie m\u00e4nguseade oleks alati voolu t\u00e4is. Uskumatu 100 W PD-laadimisv\u00f5imega seade t\u00e4idab teie seadet kiiresti, tagades, et aku ei saa kunagi lahingu tuhinas otsa. M\u00e4ngige edasi, olles kindel, et teie seade saab pidevalt toidet usaldusv\u00e4\u00e4rse ja kiire laadimiss\u00fcsteemi kaudu.<\/p>\n\n<h3 class=\"wp-block-heading\"><strong>Mitme pordi juurdep\u00e4\u00e4setavus parema kasutatavuse tagamiseks<\/strong><\/h3>\n\n<p>Mitmek\u00fclgsus on parim! SD1 on varustatud kolme A-t\u00fc\u00fcpi 3.0 USB-porti, mis pakub m\u00e4ngijatele luksust mitme v\u00e4lisseadme \u00fchendamiseks. Olgu see siis lisakontroller, peakomplekt v\u00f5i m\u00f5ni muu USB-p\u00f5hine lisatarvik, SD1 dokkimisjaam tagab, et oled valmis igaks m\u00e4ngustsenaariumiks. Kogege kiiremat andmeedastuskiirust ja nautige segadusteta m\u00e4ngukeskkonda.<\/p>\n\n<h3 class=\"wp-block-heading\"><strong>Vastupidav ja t\u00f5hus \u00fchenduvus<\/strong><\/h3>\n\n<p>M\u00e4nguv\u00f5imaluste maailm, mis avaneb \u00fche kaabli abil. SD1 kasutab USB Type-C v\u00f5imsust, tagades stabiilse ja t\u00f5husa \u00fchenduse dokkimisjaama ja teie k\u00e4eshoitava m\u00e4nguseadme vahel. See uuenduslik \u00fchenduslahendus ei luba mitte ainult kiiremat andmeedastuskiirust, vaid tagab ka universaalse \u00fchilduvuse uusimate m\u00e4nguseadmetega.<\/p>\n\n<h3 class=\"wp-block-heading\"><strong>Tugev konstruktsioon koos elegantse esteetikaga<\/strong><\/h3>\n\n<p>Lisaks oma tehnilisele v\u00f5imekusele on SD1 elegantse disaini ja tugeva konstruktsiooni tunnistus. See on valmistatud hallist alumiiniumist, mis kiirgab esmaklassilist tunnet ja lubab samas pikka kasutusaega. Et teie hinnatud m\u00e4nguseadmed oleksid alati kaitstud, on see varustatud mustade silikoonist padjadega, mis pakuvad t\u00e4iendavat kaitset kriimustuste ja tahtmatu libisemise eest.<\/p>\n\n<h3 class=\"wp-block-heading\"><strong>Universaalne \u00fchilduvus: Gamer&#8217;s Delight!<\/strong><\/h3>\n\n<p>Suurep\u00e4rase lisaseadme tunnuseks on selle kohandatavus ja SD1 paistab selles osas silma. See on m\u00f5eldud paljude erinevate pihuarvutite jaoks ja tagab, et \u00fckski m\u00e4ngur ei j\u00e4\u00e4 maha. Olenemata sellest, kas teil on uusim GPD WIN 4 2023 v\u00f5i ONEXPLAYER 2, on see dokkimisjaam teie universaalne lahendus t\u00e4iustatud m\u00e4nguv\u00f5imaluste jaoks. Testitud Steam Deck, ROG Ally, GPD WIN 4, GPD WIN 4 2023, ONEXPLAYER 2, AYA NEO 2S, AYA NEO Geek ja AYA NEO Geek 1S.<\/p>\n\n<h3 class=\"wp-block-heading\"><strong>Kokkuv\u00f5ttes<\/strong><\/h3>\n\n<p>Astu SD1 dokkimisjaama abil k\u00e4eshoitavate m\u00e4ngude tulevikku. See ei ole lihtsalt dokkimisjaam; see on kogemus, reis, uus viis m\u00e4ngimiseks. T\u00f5sta oma m\u00e4ngusessioonid k\u00f5rgemale ja v\u00f5ta SD1 dokkimisjaamaga vastu uus k\u00e4eshoitavate m\u00e4ngude ajastu.<\/p>\n\n<p><\/p>\n","protected":false},"excerpt":{"rendered":"<ul>\n<li><strong>SD1 <\/strong>dokkimisjaam<\/li>\n<li>Gigabit Ethernet<\/li>\n<li>100W PD USB-C<\/li>\n<li>HDMI v\u00e4ljund<\/li>\n<li><strong>\u00dchildub<\/strong> GPD WIN 4 2024 ja paljude teistega.<\/li>\n<\/ul>\n[cg_accordion title=\"MAKSUINFO\"]<\/p>\n<p>Me kasutame uusimat makset\u00f6\u00f6tlustehnoloogiat, mis v\u00f5imaldab teil kiiret ja turvalist maksmist Apple Pay, Google Pay, deebet-\/krediitkaardi, PayPali v\u00f5i BNPL-meetodite, nagu Klarna, Affirm v\u00f5i AfterPay kaudu.[\/cg_accordion]\n[cg_accordion title=\"GARANTSIOON\"]<\/p>\n<p>2-aastane garantii <a href=\"https:\/\/droix.net\/\" target=\"_blank\" rel=\"nofollow noopener\">DROIX Globalilt teie meelerahu tagamiseks<\/a> [\/cg_accordion]\n[cg_accordion title=\"HINNAKUJUNDUS, MAKSUD JA KOHALETOIMETAMINE\"]<\/p>\n<p><strong><u>M\u00e4rkus:<\/u><\/strong><\/p>\n<ul>\n<li>Ameerika \u00dchendriikide kliendid: N\u00e4idatud hind ei sisalda makse ega tollimaksu. Vastutus tollivormistuse ja sellega seotud maksude\/tollimaksude tasumise eest lasub kliendil. <\/li>\n<li>ELi kliendid: N\u00e4idatud hind sisaldab kohaldatavat maksu, mis v\u00f5ib s\u00f5ltuvalt teie riigist olla kuni 25%.<\/li>\n<li>Kanada kliendid: N\u00e4idatud hind sisaldab kohaldatavaid makse, mis v\u00f5ivad sisaldada 5% GST ja t\u00e4iendavaid provintsi m\u00fc\u00fcgimakse (PST), \u00fchtlustatud m\u00fc\u00fcgimaksu (HST) v\u00f5i Quebeci m\u00fc\u00fcgimaksu (QST), s\u00f5ltuvalt teie provintsist.<\/li>\n<\/ul>\n<p><strong>AINULT ELi klientidele:<\/strong> Express DDP (Delivered Duty Paid). See t\u00e4hendab: <\/p>\n<ul>\n<li>K\u00f5ik tollimaksud ja maksud sisalduvad toote lehel n\u00e4idatud hinnas.<\/li>\n<li>Te ei pea tarnimisel lisatasusid maksma.<\/li>\n<li>Harva esinevate tolliprobleemide korral tegeleb meie meeskond teie nimel tollivormistusega, et tagada sujuv tarne.<\/li>\n<p>Oluline teave tagastuste kohta:<\/p>\n<li>Kui te otsustate oma tellimuse tagastada v\u00f5i taotleda raha tagasi, siis pidage meeles, et teie eest DDP tingimuste alusel makstud makse ja tollimakse ei saa tagasi maksta.<\/li>\n<p>\u00dcksikasjalik teave <a href=\"https:\/\/gpdstore.net\/et\/terms-of-service\/\" target=\"_blank\" rel=\"nofollow noopener\">on esitatud meie Tingimustes<\/a>.\n<\/ul>\n<p>[\/cg_accordion]\n[cg_accordion title=\"KLIENDITUGI\"]<\/p>\n<p>Kas teil on k\u00fcsimus? Oleme l\u00fchikese teksti kaugusel sellest, et teie k\u00fcsimus oleks lahendatud!<br \/>\n[\/cg_accordion]\n[cg_accordion title=\"MIDA SISALDAB\"]<\/p>\n<ul>\n<li>1x SD1 dokkimisjaam<\/li>\n<\/ul>\n<p>[\/cg_accordion]\n","protected":false},"featured_media":117547,"template":"","meta":{"_acf_changed":false},"product_brand":[],"product_cat":[5039],"product_tag":[14864,5120],"woo-feed-brand":[5121],"class_list":{"0":"post-122145","1":"product","2":"type-product","3":"status-publish","4":"has-post-thumbnail","6":"product_cat-tarvikud","7":"product_tag-40xmsale-et-2","8":"product_tag-droix-hub-et","9":"product_shipping_class-low-end","10":"product_shipping_class-standard","12":"pa_accessory-type-dokkimisjaam","13":"pa_i-o-video-1x-hdmi-et","14":"woo-feed-brand-droix-et","16":"first","17":"outofstock","18":"sale","19":"taxable","20":"shipping-taxable","21":"purchasable","22":"product-type-simple"},"acf":[],"aioseo_notices":[],"_links":{"self":[{"href":"https:\/\/gpdstore.net\/et\/wp-json\/wp\/v2\/product\/122145","targetHints":{"allow":["GET"]}}],"collection":[{"href":"https:\/\/gpdstore.net\/et\/wp-json\/wp\/v2\/product"}],"about":[{"href":"https:\/\/gpdstore.net\/et\/wp-json\/wp\/v2\/types\/product"}],"wp:featuredmedia":[{"embeddable":true,"href":"https:\/\/gpdstore.net\/et\/wp-json\/wp\/v2\/media\/117547"}],"wp:attachment":[{"href":"https:\/\/gpdstore.net\/et\/wp-json\/wp\/v2\/media?parent=122145"}],"wp:term":[{"taxonomy":"product_brand","embeddable":true,"href":"https:\/\/gpdstore.net\/et\/wp-json\/wp\/v2\/product_brand?post=122145"},{"taxonomy":"product_cat","embeddable":true,"href":"https:\/\/gpdstore.net\/et\/wp-json\/wp\/v2\/product_cat?post=122145"},{"taxonomy":"product_tag","embeddable":true,"href":"https:\/\/gpdstore.net\/et\/wp-json\/wp\/v2\/product_tag?post=122145"},{"taxonomy":"woo-feed-brand","embeddable":true,"href":"https:\/\/gpdstore.net\/et\/wp-json\/wp\/v2\/woo-feed-brand?post=122145"}],"curies":[{"name":"wp","href":"https:\/\/api.w.org\/{rel}","templated":true}]}}