{"id":1199314,"date":"2025-10-08T14:34:02","date_gmt":"2025-10-08T14:34:02","guid":{"rendered":"https:\/\/gpdstore.net\/product\/biwin-mini-ssd\/"},"modified":"2026-01-19T15:23:33","modified_gmt":"2026-01-19T15:23:33","slug":"biwin-mini-ssd","status":"publish","type":"product","link":"https:\/\/gpdstore.net\/et\/product\/biwin-mini-ssd\/","title":{"rendered":"BIWIN Mini SSD"},"content":{"rendered":"\n<h2 class=\"wp-block-heading\"><strong>Vabastage oma seadme t\u00f5eline potentsiaal<\/strong><\/h2>\n\n<p>Eliittehnoloogia maailmas on kiirus k\u00f5ik. BIWIN Mini SSD on kompromissitu v\u00f5imsuse deklaratsioon, mis on loodud PCIe Gen4x2 tehnoloogiaga, et saavutada h\u00e4mmastav teoreetiline kiirus 3700 <strong>MB\/s.<\/strong><sup><\/sup> See ei ole lihtsalt uuendamine, vaid revolutsioon postmargist v\u00e4iksemas pakendis. <\/p>\n\n<p>J\u00e4rgmise p\u00f5lvkonna pihuarvutite, nagu <a href=\"https:\/\/gpdstore.net\/et\/product\/gpd-win-5\/\" target=\"_blank\" rel=\"noopener\" title=\"\">GPD WIN 5,<\/a> kasutajate jaoks on BIWIN Mini SSD v\u00f5ti seadme maksimaalse salvestuskiiruse avamiseks. Kuigi need seadmed kasutavad PCIe 4&#215;1 pesa, pakub meie Mini SSD ikkagi hingematvat ~ <strong>1700 MB\/s tegelikku j\u00f5udlust<\/strong> &#8211; see \u00fcletab mis tahes microSD-kaardi kiiruse ja tagab, et teie m\u00e4ngud laaditakse v\u00e4lkkiirelt.<\/p>\n\n<p>\u00c4\u00e4rmuslike olude jaoks loodud IP68 <strong>veekindel ja<\/strong> <strong>3 meetri k\u00f5rguselt kukkumiskindel korpus<\/strong> t\u00e4hendab, et selle v\u00f5imsusega kaasneb legendaarne vastupidavus.<sup><\/sup> Kuni <strong>2TB mahutavusega<\/strong> BIWIN Mini SSD on parim kompromissitu salvestuslahendus neile, kes n\u00f5uavad absoluutselt parimat.<\/p>\n","protected":false},"excerpt":{"rendered":"<ul>\n<li>Kasutajaliides: **NVMe 1.4** <strong>protokolliga PCIe Gen4x2<\/strong> <\/li>\n<li>Vormifaktor: <strong>(<\/strong> 15,0 mm \u00d7 17,0 mm \u00d7 1,4 mm): <strong>\u00dclimalt kompaktne LGA-pakett (<\/strong> 15,0 mm \u00d7 17,0 mm \u00d7 1,4 mm)<\/li>\n<li>Tulemused: Kuni **3,700 MB\/s lugemine** \/ Kuni **3,400 MB\/s kirjutamine**<\/li>\n<li>Mahtuvus: 512 GB, 1 TB v\u00f5i 2 TB 3D TLC NAND<\/li>\n<li>Vastupidavus: <strong>IP68 tolmu-<\/strong> ja veekindlus \/ **3 meetri kukkumine** Elluj\u00e4\u00e4mine<\/li>\n<li>Tehnoloogia: D\u00fcnaamiline **SLC vahem\u00e4lu** ja **Kandmise tasandamine**.<\/li>\n<\/ul>\n[cg_accordion title=\"MAKSUINFO\"]<\/p>\n<p>Me kasutame uusimat tehnoloogiat makset\u00f6\u00f6tluses, mis v\u00f5imaldab teil kiiret ja turvalist maksekorraldust oma deebet-\/ krediitkaardi v\u00f5i PayPali kaudu.[\/cg_accordion]\n[cg_accordion title=\"GARANTSIOON\"]<\/p>\n<p>2-aastane garantii <a href=\"https:\/\/droix.net\/\" target=\"_blank\" rel=\"nofollow noopener\">DROIX Globalilt teie meelerahu tagamiseks<\/a> [\/cg_accordion]\n[cg_accordion title=\"KVALITEEDI TAGAMINE JA L\u00c4HETAMISEELNE TESTIMINE\"]<\/p>\n<p>Klientide rahulolu tagamine k\u00f5rgeimal tasemel: Iga seade l\u00e4bib enne saatmist ranged testid ja mitmepunktilise kvaliteedikontrolli. Meie p\u00fchendunud meeskond kontrollib j\u00f5udlust, funktsionaalsust ja komponentide terviklikkust, et tagada, et teie GPD-seade on saabumisel t\u00e4iuslikus t\u00f6\u00f6korras, tagades teile kindlustunde ja meelerahu. [\/cg_accordion]\n[cg_accordion title=\"HINNAKUJUNDUS, MAKSUD JA KOHALETOIMETAMINE\"]<\/p>\n<p><strong><u>M\u00e4rkus:<\/u><\/strong><\/p>\n<ul>\n<li>Ameerika \u00dchendriikide kliendid: N\u00e4idatud hind ei sisalda makse ega tollimaksu. Vastutus tollivormistuse ja sellega seotud maksude\/tollimaksude tasumise eest lasub kliendil. <\/li>\n<li>ELi kliendid: N\u00e4idatud hind sisaldab kohaldatavat maksu, mis v\u00f5ib s\u00f5ltuvalt teie riigist olla kuni 25%.<\/li>\n<li>Kanada kliendid: N\u00e4idatud hind sisaldab kohaldatavaid makse, mis v\u00f5ivad sisaldada 5% GST ja t\u00e4iendavaid provintsi m\u00fc\u00fcgimakse (PST), \u00fchtlustatud m\u00fc\u00fcgimaksu (HST) v\u00f5i Quebeci m\u00fc\u00fcgimaksu (QST), s\u00f5ltuvalt teie provintsist.<\/li>\n<\/ul>\n<p>Meie USA klientidele: Tellimused saadetakse DAP (Delivered At Place). Kuigi kliendid vastutavad k\u00f5igi kohaldatavate tariifide tasumise eest, tugineme meie ulatuslikele kogemustele \u00dchendkuningriigist saatmisel, et tagada, et maksate v\u00f5imalikult v\u00e4he tasu. Meie andmetel ei \u00fcleta need tasud tavaliselt 10% eseme v\u00e4\u00e4rtusest.  <\/p>\n<p><strong>AINULT ELi klientidele:<\/strong> Express DDP (Delivered Duty Paid). See t\u00e4hendab: <\/p>\n<ul>\n<li>K\u00f5ik tollimaksud ja maksud sisalduvad toote lehel n\u00e4idatud hinnas.<\/li>\n<li>Te ei pea tarnimisel lisatasusid maksma.<\/li>\n<li>Harva esinevate tolliprobleemide korral tegeleb meie meeskond teie nimel tollivormistusega, et tagada sujuv tarne.<\/li>\n<p>Oluline teave tagastuste kohta:<\/p>\n<li>Kui te otsustate oma tellimuse tagastada v\u00f5i taotleda raha tagasi, siis pidage meeles, et teie eest DDP tingimuste alusel makstud makse ja tollimakse ei saa tagasi maksta.<\/li>\n<p>\u00dcksikasjalik teave <a href=\"https:\/\/droix.net\/terms-and-conditions\/\" target=\"_blank\" rel=\"nofollow noopener\">on esitatud meie Tingimustes<\/a>.\n<\/ul>\n<p>[\/cg_accordion]\n[cg_accordion title=\"KLIENDITUGI\"]<\/p>\n<p>Kas teil on k\u00fcsimus? Oleme l\u00fchikese teksti kaugusel sellest, et teie k\u00fcsimus oleks lahendatud! <\/p>\n<p>\u00dcksikasjalik teave <a href=\"https:\/\/gpdstore.net\/et\/terms-of-service\/\" target=\"_blank\" rel=\"nofollow noopener\">on esitatud meie Tingimustes<\/a>.\n<\/ul>\n<p>[\/cg_accordion]\n[cg_accordion title=\"MIDA SISALDAB\"]<\/p>\n<ul>\n<li>1x BIWIN Mini SSD<\/li>\n<\/ul>\n<p>[\/cg_accordion]\n","protected":false},"featured_media":1196740,"template":"","meta":{"_acf_changed":false},"product_brand":[],"product_cat":[5039],"product_tag":[],"woo-feed-brand":[],"class_list":{"0":"post-1199314","1":"product","2":"type-product","3":"status-publish","4":"has-post-thumbnail","6":"product_cat-tarvikud","7":"product_shipping_class-premium","8":"pa_brand-biwin","9":"pa_storage-capacity-512gb-et","10":"pa_storage-capacity-512gb","11":"pa_storage-capacity-512gb-fr","12":"pa_storage-capacity-1tb-fr","13":"pa_storage-capacity-1tb","14":"pa_storage-capacity-1tb-et","15":"pa_storage-capacity-2tb-fr","16":"pa_storage-capacity-2tb","17":"pa_storage-capacity-2tb-et","19":"first","20":"instock","21":"taxable","22":"shipping-taxable","23":"purchasable","24":"product-type-variable","25":"has-default-attributes"},"acf":[],"aioseo_notices":[],"_links":{"self":[{"href":"https:\/\/gpdstore.net\/et\/wp-json\/wp\/v2\/product\/1199314","targetHints":{"allow":["GET"]}}],"collection":[{"href":"https:\/\/gpdstore.net\/et\/wp-json\/wp\/v2\/product"}],"about":[{"href":"https:\/\/gpdstore.net\/et\/wp-json\/wp\/v2\/types\/product"}],"wp:featuredmedia":[{"embeddable":true,"href":"https:\/\/gpdstore.net\/et\/wp-json\/wp\/v2\/media\/1196740"}],"wp:attachment":[{"href":"https:\/\/gpdstore.net\/et\/wp-json\/wp\/v2\/media?parent=1199314"}],"wp:term":[{"taxonomy":"product_brand","embeddable":true,"href":"https:\/\/gpdstore.net\/et\/wp-json\/wp\/v2\/product_brand?post=1199314"},{"taxonomy":"product_cat","embeddable":true,"href":"https:\/\/gpdstore.net\/et\/wp-json\/wp\/v2\/product_cat?post=1199314"},{"taxonomy":"product_tag","embeddable":true,"href":"https:\/\/gpdstore.net\/et\/wp-json\/wp\/v2\/product_tag?post=1199314"},{"taxonomy":"woo-feed-brand","embeddable":true,"href":"https:\/\/gpdstore.net\/et\/wp-json\/wp\/v2\/woo-feed-brand?post=1199314"}],"curies":[{"name":"wp","href":"https:\/\/api.w.org\/{rel}","templated":true}]}}