{"id":1080396,"date":"2025-04-14T09:38:22","date_gmt":"2025-04-14T09:38:22","guid":{"rendered":"https:\/\/gpdstore.net\/?post_type=product&#038;p=1080396"},"modified":"2026-03-29T01:10:10","modified_gmt":"2026-03-29T01:10:10","slug":"gpd-win-mini-case-2025","status":"publish","type":"product","link":"https:\/\/gpdstore.net\/et\/product\/gpd-win-mini-case-2025\/","title":{"rendered":"GPD WIN Mini Case 2025"},"content":{"rendered":"\n<h2 class=\"wp-block-heading\">Toote \u00fclevaade:  <\/h2>\n\n<p><strong>GPD WIN Mini 2025 kohver<\/strong> on stiilne, kompaktne ja vastupidav reisikaaslane, mis on m\u00f5eldud spetsiaalselt GPD WIN Mini 2025 pihuarvuti jaoks. See \u00fcmbris on loodud seadme kaitsmiseks k\u00f5rgekvaliteediliste materjalide ja nutika disainiga ning pakub kaasaegset kaitset koos elegantse esteetikaga &#8211; ideaalne liikuvatele m\u00e4ngijatele. <\/p>\n\n<h2 class=\"wp-block-heading\">Peamised omadused :<\/h2>\n\n<p><strong>WIN Mini 2025 jaoks kohandatud kaitse<\/strong><br\/>See spetsiaalselt GPD WIN Mini 2025 jaoks loodud \u00fcmbris tagab mugava sobivuse, et hoida teie seade reisimise v\u00f5i igap\u00e4evase kasutamise ajal turvaliselt ja kindlalt.<\/p>\n\n<p><strong>K\u00f5vakesta konstruktsioon<\/strong><br\/><strong>Vastupidav<\/strong> EVA k\u00f5vakesta v\u00e4lispind pakub t\u00e4iustatud kaitset p\u00f5rutuste, kukkumiste ja kriimustuste eest, kaitstes teie seadet igas olukorras.<\/p>\n\n<p><strong>Pehme sisemine polster<\/strong><br\/>Sisemine pehme riidest vooder ja l\u00f6\u00f6gisummutav vaht pakuvad teie konsoolile \u00f5rna hooldust, v\u00e4ltides sisemist liikumist ja pinnakahjustusi.<\/p>\n\n<p><strong>Turvaline t\u00f5mblukk<\/strong><br\/>Kvaliteetne t\u00f5mblukk hoiab k\u00f5ik kinni ja kaitseb, mist\u00f5ttu on see ideaalne kohver nii pendeldamiseks, reisimiseks kui ka pihuarvuti hoidmiseks.<\/p>\n\n<p><strong>Tarvikute hoiukamber<\/strong><br\/>Sisemine v\u00f5rktasku on ideaalne laadimiskaablite, k\u00f5rvaklappide, SD-kaartide v\u00f5i muude v\u00e4ikeste esmatarbekaupade hoiustamiseks &#8211; nii on k\u00f5ik teie varustus \u00fches kohas.<\/p>\n\n<p><strong>\u00d5huke ja kerge disain<\/strong><br\/>Selle kompaktne vorm tagab maksimaalse kaasaskantavuse ilma kaitse v\u00f5i stiili ohverdamata. L\u00fckake see h\u00f5lpsasti seljakotti v\u00f5i kandke seda \u00fcksi. <\/p>\n\n<h3 class=\"wp-block-heading\">Miks valida GPD WIN Mini 2025 Case?<\/h3>\n\n<p>See m\u00e4ngijatele m\u00f5eldud kott \u00fchendab endas vastupidava vastupidavuse ja l\u00e4bim\u00f5eldud detailid, nagu sisemine polsterdus ja tarvikute hoiukoht. Olenemata sellest, kas l\u00e4hed t\u00f6\u00f6le, reisid v\u00e4lismaale v\u00f5i m\u00e4ngid s\u00f5prade juures, on GPD WIN Mini 2025 \u00fcmbris ideaalne kaaslane, mis hoiab sinu seadet turvaliselt ja stiilselt &#8211; kuhu iganes elu sind ka ei viiks.<\/p>\n\n<hr class=\"wp-block-separator has-alpha-channel-opacity\"\/>\n\n<h3 class=\"wp-block-heading\">Spetsifikatsioonid:<\/h3>\n\n<ul class=\"wp-block-list\">\n<li><strong>Materjal:<\/strong> EVA k\u00f5va kest + pehme kangas sisemus<\/li>\n\n\n\n<li><strong>\u00dchilduvus:<\/strong> GPD WIN Mini 2025<\/li>\n\n\n\n<li><strong>Sulgemise t\u00fc\u00fcp:<\/strong>.<\/li>\n\n\n\n<li><strong>Ladustamine:<\/strong> Sisemine v\u00f5rktasku tarvikute jaoks<\/li>\n\n\n\n<li><strong>M\u00f5\u00f5tmed:<\/strong> T\u00e4pselt kavandatud GPD WIN Mini 2025 jaoks.<\/li>\n<\/ul>\n\n<p><\/p>\n","protected":false},"excerpt":{"rendered":"<ul>\n<li><strong>Ametlik sobivus:<\/strong> M\u00f5eldud GPD WIN Mini 2025 jaoks.<\/li>\n<li><strong>Turvaline rihm: hoiab<\/strong> seadme kindlalt paigal<\/li>\n<li><strong>Pehme vooder:<\/strong> Kaitseb kriimustuste ja p\u00f5rutuste eest.<\/li>\n<li><strong>K\u00e4terihm: Lihtne<\/strong> k\u00f5ikjal kaasas kanda<\/li>\n<li><strong>K\u00f5va kest:<\/strong> Vastupidav kaitse liikvel olles<\/li>\n<\/ul>\n[cg_accordion title=\"MAKSUINFO\"]<\/p>\n<p>Me kasutame uusimat tehnoloogiat makset\u00f6\u00f6tluses, mis v\u00f5imaldab teil kiiret ja turvalist maksekorraldust oma deebet-\/ krediitkaardi v\u00f5i PayPali kaudu.[\/cg_accordion]\n[cg_accordion title=\"GARANTSIOON\"]<\/p>\n<p>2-aastane garantii <a href=\"https:\/\/droix.net\/\" target=\"_blank\" rel=\"nofollow noopener\">DROIX Globalilt teie meelerahu tagamiseks<\/a> [\/cg_accordion]\n[cg_accordion title=\"KVALITEEDI TAGAMINE JA L\u00c4HETAMISEELNE TESTIMINE\"]<\/p>\n<p>Klientide rahulolu tagamine k\u00f5rgeimal tasemel: Iga seade l\u00e4bib enne saatmist ranged testid ja mitmepunktilise kvaliteedikontrolli. Meie p\u00fchendunud meeskond kontrollib j\u00f5udlust, funktsionaalsust ja komponentide terviklikkust, et tagada, et teie GPD-seade on saabumisel t\u00e4iuslikus t\u00f6\u00f6korras, tagades teile kindlustunde ja meelerahu. [\/cg_accordion]\n[cg_accordion title=\"HINNAKUJUNDUS, MAKSUD JA KOHALETOIMETAMINE\"]<\/p>\n<p><strong><u>M\u00e4rkus:<\/u><\/strong><\/p>\n<ul>\n<li>Ameerika \u00dchendriikide kliendid: N\u00e4idatud hind ei sisalda makse ega tollimaksu. Vastutus tollivormistuse ja sellega seotud maksude\/tollimaksude tasumise eest lasub kliendil. <\/li>\n<li>ELi kliendid: N\u00e4idatud hind sisaldab kohaldatavat maksu, mis v\u00f5ib s\u00f5ltuvalt teie riigist olla kuni 25%.<\/li>\n<li>Kanada kliendid: N\u00e4idatud hind sisaldab kohaldatavaid makse, mis v\u00f5ivad sisaldada 5% GST ja t\u00e4iendavaid provintsi m\u00fc\u00fcgimakse (PST), \u00fchtlustatud m\u00fc\u00fcgimaksu (HST) v\u00f5i Quebeci m\u00fc\u00fcgimaksu (QST), s\u00f5ltuvalt teie provintsist.<\/li>\n<\/ul>\n<p>Meie USA klientidele: Tellimused saadetakse DAP (Delivered At Place). Kuigi kliendid vastutavad k\u00f5igi kohaldatavate tariifide tasumise eest, tugineme meie ulatuslikele kogemustele \u00dchendkuningriigist saatmisel, et tagada, et maksate v\u00f5imalikult v\u00e4he tasu. Meie andmetel ei \u00fcleta need tasud tavaliselt 10% eseme v\u00e4\u00e4rtusest.  <\/p>\n<p><strong>AINULT ELi klientidele:<\/strong> Express DDP (Delivered Duty Paid). See t\u00e4hendab: <\/p>\n<ul>\n<li>K\u00f5ik tollimaksud ja maksud sisalduvad toote lehel n\u00e4idatud hinnas.<\/li>\n<li>Te ei pea tarnimisel lisatasusid maksma.<\/li>\n<li>Harva esinevate tolliprobleemide korral tegeleb meie meeskond teie nimel tollivormistusega, et tagada sujuv tarne.<\/li>\n<p>Oluline teave tagastuste kohta:<\/p>\n<li>Kui te otsustate oma tellimuse tagastada v\u00f5i taotleda raha tagasi, siis pidage meeles, et teie eest DDP tingimuste alusel makstud makse ja tollimakse ei saa tagasi maksta.<\/li>\n<p>\u00dcksikasjalik teave <a href=\"https:\/\/droix.net\/terms-and-conditions\/\" target=\"_blank\" rel=\"nofollow noopener\">on esitatud meie Tingimustes<\/a>.\n<\/ul>\n<p>[\/cg_accordion]\n[cg_accordion title=\"KLIENDITUGI\"]<\/p>\n<p>Kas teil on k\u00fcsimus? Oleme l\u00fchikese teksti kaugusel sellest, et teie k\u00fcsimus oleks lahendatud! <\/p>\n<p>\u00dcksikasjalik teave <a href=\"https:\/\/gpdstore.net\/et\/terms-of-service\/\" target=\"_blank\" rel=\"nofollow noopener\">on esitatud meie Tingimustes<\/a>.\n<\/ul>\n<p>[\/cg_accordion]\n[cg_accordion title=\"MIDA SISALDAB\"]<\/p>\n<ul>\n<li>1x GPD WIN Mini 2025 \u00fcmbris<\/li>\n<\/ul>\n<p>[\/cg_accordion]\n","protected":false},"featured_media":131987,"template":"","meta":{"_acf_changed":false},"product_brand":[],"product_cat":[5039],"product_tag":[18234,7137],"woo-feed-brand":[],"class_list":{"0":"post-1080396","1":"product","2":"type-product","3":"status-publish","4":"has-post-thumbnail","6":"product_cat-tarvikud","7":"product_tag-25bfsale-et","8":"product_tag-gpd-win-mini-accessory-et","9":"product_shipping_class-low-end","10":"pa_accessory-type-kaitsekohver","11":"pa_brand-gpd","13":"first","14":"instock","15":"sale","16":"taxable","17":"shipping-taxable","18":"purchasable","19":"product-type-simple"},"acf":[],"aioseo_notices":[],"_links":{"self":[{"href":"https:\/\/gpdstore.net\/et\/wp-json\/wp\/v2\/product\/1080396","targetHints":{"allow":["GET"]}}],"collection":[{"href":"https:\/\/gpdstore.net\/et\/wp-json\/wp\/v2\/product"}],"about":[{"href":"https:\/\/gpdstore.net\/et\/wp-json\/wp\/v2\/types\/product"}],"wp:featuredmedia":[{"embeddable":true,"href":"https:\/\/gpdstore.net\/et\/wp-json\/wp\/v2\/media\/131987"}],"wp:attachment":[{"href":"https:\/\/gpdstore.net\/et\/wp-json\/wp\/v2\/media?parent=1080396"}],"wp:term":[{"taxonomy":"product_brand","embeddable":true,"href":"https:\/\/gpdstore.net\/et\/wp-json\/wp\/v2\/product_brand?post=1080396"},{"taxonomy":"product_cat","embeddable":true,"href":"https:\/\/gpdstore.net\/et\/wp-json\/wp\/v2\/product_cat?post=1080396"},{"taxonomy":"product_tag","embeddable":true,"href":"https:\/\/gpdstore.net\/et\/wp-json\/wp\/v2\/product_tag?post=1080396"},{"taxonomy":"woo-feed-brand","embeddable":true,"href":"https:\/\/gpdstore.net\/et\/wp-json\/wp\/v2\/woo-feed-brand?post=1080396"}],"curies":[{"name":"wp","href":"https:\/\/api.w.org\/{rel}","templated":true}]}}