{"id":1069304,"date":"2025-01-27T10:09:41","date_gmt":"2025-01-27T10:09:41","guid":{"rendered":"https:\/\/gpdstore.net\/?post_type=product&#038;p=1069304"},"modified":"2026-03-29T00:51:29","modified_gmt":"2026-03-29T00:51:29","slug":"gpd-win-mini-grips-2025","status":"publish","type":"product","link":"https:\/\/gpdstore.net\/et\/product\/gpd-win-mini-grips-2025\/","title":{"rendered":"GPD WIN Mini Grips 2025"},"content":{"rendered":"\n<h2 class=\"wp-block-heading\">Toote \u00fclevaade:<\/h2>\n\n<p><strong>GPD Win Mini Grips 2025<\/strong> on loodud selleks, et pakkuda m\u00e4ngusessioonidel suuremat mugavust ja kontrolli. Need ergonoomilised k\u00e4epidemed kinnituvad sujuvalt teie GPD Win Mini k\u00fclge, pakkudes turvalist ja mugavat haaret, v\u00e4hendades v\u00e4simust ja tagades t\u00e4pse kontrolli pikema m\u00e4ngimise ajal. <\/p>\n\n<ol class=\"wp-block-list\">\n<li><strong>Ergonoomiline disain<\/strong> tagab maksimaalse mugavuse m\u00e4ngimise ajal.<\/li>\n\n\n\n<li><strong>Sobib ideaalselt<\/strong> GPD Win Mini konsoolile.<\/li>\n\n\n\n<li>Vastupidav materjal <strong>pikaajaliseks kasutamiseks<\/strong>.<\/li>\n\n\n\n<li>Lihtne kinnitada ja eemaldada <strong>kiireks seadistamiseks<\/strong>.<\/li>\n\n\n\n<li>Parem <strong>kontroll ja t\u00e4psus<\/strong> t\u00e4nu paremale haardele.<\/li>\n<\/ol>\n\n<hr class=\"wp-block-separator has-alpha-channel-opacity\"\/>\n\n<h2 class=\"wp-block-heading\">Miks valida GPD Win Mini Grips 2025?<\/h2>\n\n<p>Olenemata sellest, kas sa v\u00f5itled intensiivsetes mitmikm\u00e4ngudes v\u00f5i naudid pikki \u00fche m\u00e4ngija kampaaniaid, GPD Win Mini Grips 2025 pakub kaasahaaravamat ja mugavamat m\u00e4ngukogemust. Nende ergonoomiline disain ja turvaline istuvus tagavad, et saate m\u00e4ngida tundide kaupa ilma ebamugavuse v\u00f5i libisemiseta.<\/p>\n\n<hr class=\"wp-block-separator has-alpha-channel-opacity\"\/>\n\n<h2 class=\"wp-block-heading\">Spetsifikatsioonid:<\/h2>\n\n<ul class=\"wp-block-list\">\n<li><strong>Materjal:<\/strong> vastupidav plastmass, ergonoomilise tekstuurse pinnaga<\/li>\n\n\n\n<li><strong>\u00dchilduvus:<\/strong> GPD Win Mini 2025 konsool: GPD Win Mini 2025 konsool: GPD Win Mini 2025 konsool<\/li>\n\n\n\n<li><strong>Omadused:<\/strong> Kerge, vastupidav ja lihtne kinnitada<\/li>\n<\/ul>\n\n<p>T\u00e4ienda oma GPD Win Mini nende k\u00e4epidemetega, et m\u00e4ngukogemus oleks mugav ja t\u00e4pne &#8211; sest iga liigutus loeb!<\/p>\n\n<p><\/p>\n","protected":false},"excerpt":{"rendered":"<ul>\n<li><strong>Ergonoomiline disain<\/strong> tagab maksimaalse mugavuse m\u00e4ngimise ajal.<\/li>\n<li><strong>Sobib ideaalselt<\/strong> GPD Win Mini konsoolile.<\/li>\n<li>Vastupidav materjal <strong>pikaajaliseks kasutamiseks<\/strong>.<\/li>\n<li>Lihtne kinnitada ja eemaldada <strong>kiireks seadistamiseks<\/strong>.<\/li>\n<li>Parem <strong>kontroll ja t\u00e4psus<\/strong> t\u00e4nu paremale haardele.<\/li>\n<\/ul>\n[cg_accordion title=\"MAKSUINFO\"]<\/p>\n<p>Me kasutame uusimat tehnoloogiat makset\u00f6\u00f6tluses, mis v\u00f5imaldab teil kiiret ja turvalist maksekorraldust oma deebet-\/ krediitkaardi v\u00f5i PayPali kaudu.[\/cg_accordion]\n[cg_accordion title=\"GARANTSIOON\"]<\/p>\n<p>2-aastane garantii <a href=\"https:\/\/droix.net\/\" target=\"_blank\" rel=\"nofollow noopener\">DROIX Globalilt teie meelerahu tagamiseks<\/a> [\/cg_accordion]\n[cg_accordion title=\"KVALITEEDI TAGAMINE JA L\u00c4HETAMISEELNE TESTIMINE\"]<\/p>\n<p>Klientide rahulolu tagamine k\u00f5rgeimal tasemel: Iga seade l\u00e4bib enne saatmist ranged testid ja mitmepunktilise kvaliteedikontrolli. Meie p\u00fchendunud meeskond kontrollib j\u00f5udlust, funktsionaalsust ja komponentide terviklikkust, et tagada, et teie GPD-seade on saabumisel t\u00e4iuslikus t\u00f6\u00f6korras, tagades teile kindlustunde ja meelerahu. [\/cg_accordion]\n[cg_accordion title=\"HINNAKUJUNDUS, MAKSUD JA KOHALETOIMETAMINE\"]<\/p>\n<p><strong><u>M\u00e4rkus:<\/u><\/strong><\/p>\n<ul>\n<li>Ameerika \u00dchendriikide kliendid: N\u00e4idatud hind ei sisalda makse ega tollimaksu. Vastutus tollivormistuse ja sellega seotud maksude\/tollimaksude tasumise eest lasub kliendil. <\/li>\n<li>ELi kliendid: N\u00e4idatud hind sisaldab kohaldatavat maksu, mis v\u00f5ib s\u00f5ltuvalt teie riigist olla kuni 25%.<\/li>\n<li>Kanada kliendid: N\u00e4idatud hind sisaldab kohaldatavaid makse, mis v\u00f5ivad sisaldada 5% GST ja t\u00e4iendavaid provintsi m\u00fc\u00fcgimakse (PST), \u00fchtlustatud m\u00fc\u00fcgimaksu (HST) v\u00f5i Quebeci m\u00fc\u00fcgimaksu (QST), s\u00f5ltuvalt teie provintsist.<\/li>\n<\/ul>\n<p>Meie USA klientidele: Tellimused saadetakse DAP (Delivered At Place). Kuigi kliendid vastutavad k\u00f5igi kohaldatavate tariifide tasumise eest, tugineme meie ulatuslikele kogemustele \u00dchendkuningriigist saatmisel, et tagada, et maksate v\u00f5imalikult v\u00e4he tasu. Meie andmetel ei \u00fcleta need tasud tavaliselt 10% eseme v\u00e4\u00e4rtusest.  <\/p>\n<p><strong>AINULT ELi klientidele:<\/strong> Express DDP (Delivered Duty Paid). See t\u00e4hendab: <\/p>\n<ul>\n<li>K\u00f5ik tollimaksud ja maksud sisalduvad toote lehel n\u00e4idatud hinnas.<\/li>\n<li>Te ei pea tarnimisel lisatasusid maksma.<\/li>\n<li>Harva esinevate tolliprobleemide korral tegeleb meie meeskond teie nimel tollivormistusega, et tagada sujuv tarne.<\/li>\n<p>Oluline teave tagastuste kohta:<\/p>\n<li>Kui te otsustate oma tellimuse tagastada v\u00f5i taotleda raha tagasi, siis pidage meeles, et teie eest DDP tingimuste alusel makstud makse ja tollimakse ei saa tagasi maksta.<\/li>\n<p>\u00dcksikasjalik teave <a href=\"https:\/\/droix.net\/terms-and-conditions\/\" target=\"_blank\" rel=\"nofollow noopener\">on esitatud meie Tingimustes<\/a>.\n<\/ul>\n<p>[\/cg_accordion]\n[cg_accordion title=\"KLIENDITUGI\"]<\/p>\n<p>Kas teil on k\u00fcsimus? Oleme l\u00fchikese teksti kaugusel sellest, et teie k\u00fcsimus oleks lahendatud! <\/p>\n<p>\u00dcksikasjalik teave <a href=\"https:\/\/gpdstore.net\/et\/terms-of-service\/\" target=\"_blank\" rel=\"nofollow noopener\">on esitatud meie Tingimustes<\/a>.\n<\/ul>\n<p>[\/cg_accordion]\n[cg_accordion title=\"MIDA SISALDAB\"]<\/p>\n<ul>\n<li>1x GPD WIN Mini Grips 2025<\/li>\n<\/ul>\n<p>[\/cg_accordion]\n","protected":false},"featured_media":1069334,"template":"","meta":{"_acf_changed":false},"product_brand":[],"product_cat":[5039],"product_tag":[],"woo-feed-brand":[5566],"class_list":{"0":"post-1069304","1":"product","2":"type-product","3":"status-publish","4":"has-post-thumbnail","6":"product_cat-tarvikud","7":"product_shipping_class-low-end","8":"pa_accessory-type-grip-et","9":"pa_brand-gpd","10":"woo-feed-brand-gpd-et","12":"first","13":"instock","14":"sale","15":"taxable","16":"shipping-taxable","17":"purchasable","18":"product-type-simple"},"acf":[],"aioseo_notices":[],"_links":{"self":[{"href":"https:\/\/gpdstore.net\/et\/wp-json\/wp\/v2\/product\/1069304","targetHints":{"allow":["GET"]}}],"collection":[{"href":"https:\/\/gpdstore.net\/et\/wp-json\/wp\/v2\/product"}],"about":[{"href":"https:\/\/gpdstore.net\/et\/wp-json\/wp\/v2\/types\/product"}],"wp:featuredmedia":[{"embeddable":true,"href":"https:\/\/gpdstore.net\/et\/wp-json\/wp\/v2\/media\/1069334"}],"wp:attachment":[{"href":"https:\/\/gpdstore.net\/et\/wp-json\/wp\/v2\/media?parent=1069304"}],"wp:term":[{"taxonomy":"product_brand","embeddable":true,"href":"https:\/\/gpdstore.net\/et\/wp-json\/wp\/v2\/product_brand?post=1069304"},{"taxonomy":"product_cat","embeddable":true,"href":"https:\/\/gpdstore.net\/et\/wp-json\/wp\/v2\/product_cat?post=1069304"},{"taxonomy":"product_tag","embeddable":true,"href":"https:\/\/gpdstore.net\/et\/wp-json\/wp\/v2\/product_tag?post=1069304"},{"taxonomy":"woo-feed-brand","embeddable":true,"href":"https:\/\/gpdstore.net\/et\/wp-json\/wp\/v2\/woo-feed-brand?post=1069304"}],"curies":[{"name":"wp","href":"https:\/\/api.w.org\/{rel}","templated":true}]}}