{"id":1062070,"date":"2025-01-09T09:45:24","date_gmt":"2025-01-09T09:45:24","guid":{"rendered":"https:\/\/gpdstore.net\/?post_type=product&#038;p=1062070"},"modified":"2026-03-29T00:39:47","modified_gmt":"2026-03-29T00:39:47","slug":"gpd-win-max-2-2025-4g-lte-add-on","status":"publish","type":"product","link":"https:\/\/gpdstore.net\/et\/product\/gpd-win-max-2-2025-4g-lte-add-on\/","title":{"rendered":"GPD WIN MAX 2025 4G LTE lisandmoodul GPD WIN MAX 2025"},"content":{"rendered":"\n<h2 class=\"wp-block-heading\">Kogege t\u00f5elist kaasaskantavust GPD WIN MAX 2 (2025) 4G LTE lisamooduliga.<\/h2>\n\n<p><a href=\"https:\/\/gpdstore.net\/gpd-win-max-2-2025-review\/gpd-win-max-2-2025\/\" target=\"_blank\" rel=\"noreferrer noopener\">Muuda oma GPD WIN MAX 2 (2025)<\/a> 4G LTE-mooduli lisavarustusega \u00fclimaks kaasaskantavaks m\u00e4ngu- ja tootlikkuse v\u00f5imsaks j\u00f5uallikaks. Spetsiaalselt selle seadme jaoks loodud moodul tagab sujuva \u00fchenduvuse, mis v\u00f5imaldab teil igal ajal ja igal pool v\u00f5rgus olla. <\/p>\n\n<p>See moodul, mis on loodud t\u00e4psust ja kasutusmugavust silmas pidades, toetab mitmesuguseid v\u00f5rke, sealhulgas <strong>4G TD-LTE, FDD-LTE ja 3G CDMA<\/strong>, pakkudes v\u00f5rratut mitmek\u00fclgsust ja \u00fclemaailmset \u00fchilduvust. Ei ole vaja demonteerimist ega keerulist paigaldamist &#8211; tagantj\u00e4rele suunatud 4G-mooduli pesa v\u00f5imaldab kiiret ja lihtsat seadistamist. <\/p>\n\n<p>Olenemata sellest, kas m\u00e4ngid, t\u00f6\u00f6tad v\u00f5i striimid, 4G LTE moodul pakub stabiilset ja kiiret j\u00f5udlust, mis konkureerib tavap\u00e4raste s\u00fclearvutitega. Selle olulise lisaseadme abil saate nautida katkematut m\u00e4ngimist ja tootlikkust isegi keerulistes stsenaariumides v\u00f5i liikvel olles.<\/p>\n\n<h4 class=\"wp-block-heading\">Omadused:<\/h4>\n\n<ul class=\"wp-block-list\">\n<li><strong>Sihtotstarbeline disain:<\/strong> GPD WIN MAX 2 (2025) jaoks, et tagada t\u00e4iuslik sobivus ja sujuv funktsionaalsus.<\/li>\n\n\n\n<li><strong>Usaldusv\u00e4\u00e4rne \u00fchenduvus<\/strong>: V\u00f5imaldab kiire 4G LTE juurdep\u00e4\u00e4su, mis muudab selle ideaalseks m\u00e4ngimiseks, voogedastuseks ja t\u00f6\u00f6ks.<\/li>\n\n\n\n<li><strong>\u00dclemaailmne v\u00f5rgutugi<\/strong>: \u00dchildub 4G TD-LTE, FDD-LTE ja 3G CDMA v\u00f5rkudega \u00fclemaailmseks kasutamiseks.<\/li>\n\n\n\n<li><strong>Kerge paigaldus<\/strong>: Kiire ja turvaline paigaldus tagantj\u00e4rele suunatud 4G-mooduli pesa kaudu.<\/li>\n<\/ul>\n\n<h4 class=\"wp-block-heading\">Teatised:<\/h4>\n\n<ol class=\"wp-block-list\">\n<li>See lisatarvik <strong>ei \u00fchildu<\/strong> varasemate GPD WIN Max-seeria mudelitega, sealhulgas <strong>2024, 2023 ja 2021 versioonidega<\/strong>. See on m\u00f5eldud ainult <strong>GPD WIN Max 2 (2025<\/strong>) jaoks. <\/li>\n\n\n\n<li>Palun kontrollige oma seadme mudeliaastat, et tagada \u00fchilduvus enne ostu sooritamist.<\/li>\n<\/ol>\n","protected":false},"excerpt":{"rendered":"<ul>\n<li>Spetsiaalselt GPD WIN MAX 2 (2025) jaoks loodud.<\/li>\n<li>Toetab &#8211; 4G TD-LTE, FDD-LTE, 3G CDMA.<\/li>\n<li>4G TD-LTE, FDD-LTE ja 3G CDMA tugi<\/li>\n<li>Nano-SIM-pesa lihtsaks kasutamiseks<\/li>\n<li>Quectel EG25-G mudel<\/li>\n<\/ul>\n<pre><b>T\u00c4HELEPANU<\/b>\nPAIGALDAMINE N\u00d5UAB SEADME AVAMIST\nKOMPONENDID ON V\u00c4IKESED JA \u00d5RNAD\nME EI VASTUTA KLIENDI KAHJUSTUSTE EEST<\/pre>\n[cg_accordion title=\"MAKSUINFO\"]<\/p>\n<p>Me kasutame uusimat tehnoloogiat makset\u00f6\u00f6tluses, mis v\u00f5imaldab teil kiiret ja turvalist maksekorraldust oma deebet-\/ krediitkaardi v\u00f5i PayPali kaudu.[\/cg_accordion]\n[cg_accordion title=\"GARANTSIOON\"]<\/p>\n<p>2-aastane garantii <a href=\"https:\/\/droix.net\/\" target=\"_blank\" rel=\"nofollow noopener\">DROIX Globalilt teie meelerahu tagamiseks<\/a> [\/cg_accordion]\n[cg_accordion title=\"KVALITEEDI TAGAMINE JA L\u00c4HETAMISEELNE TESTIMINE\"]<\/p>\n<p>Klientide rahulolu tagamine k\u00f5rgeimal tasemel: Iga seade l\u00e4bib enne saatmist ranged testid ja mitmepunktilise kvaliteedikontrolli. Meie p\u00fchendunud meeskond kontrollib j\u00f5udlust, funktsionaalsust ja komponentide terviklikkust, et tagada, et teie GPD-seade on saabumisel t\u00e4iuslikus t\u00f6\u00f6korras, tagades teile kindlustunde ja meelerahu. [\/cg_accordion]\n[cg_accordion title=\"HINNAKUJUNDUS, MAKSUD JA KOHALETOIMETAMINE\"]<\/p>\n<p><strong><u>M\u00e4rkus:<\/u><\/strong><\/p>\n<ul>\n<li>Ameerika \u00dchendriikide kliendid: N\u00e4idatud hind ei sisalda makse ega tollimaksu. Vastutus tollivormistuse ja sellega seotud maksude\/tollimaksude tasumise eest lasub kliendil. <\/li>\n<li>ELi kliendid: N\u00e4idatud hind sisaldab kohaldatavat maksu, mis v\u00f5ib s\u00f5ltuvalt teie riigist olla kuni 25%.<\/li>\n<li>Kanada kliendid: N\u00e4idatud hind sisaldab kohaldatavaid makse, mis v\u00f5ivad sisaldada 5% GST ja t\u00e4iendavaid provintsi m\u00fc\u00fcgimakse (PST), \u00fchtlustatud m\u00fc\u00fcgimaksu (HST) v\u00f5i Quebeci m\u00fc\u00fcgimaksu (QST), s\u00f5ltuvalt teie provintsist.<\/li>\n<\/ul>\n<p>Meie USA klientidele: Tellimused saadetakse DAP (Delivered At Place). Kuigi kliendid vastutavad k\u00f5igi kohaldatavate tariifide tasumise eest, tugineme meie ulatuslikele kogemustele \u00dchendkuningriigist saatmisel, et tagada, et maksate v\u00f5imalikult v\u00e4he tasu. Meie andmetel ei \u00fcleta need tasud tavaliselt 10% eseme v\u00e4\u00e4rtusest.  <\/p>\n<p><strong>AINULT ELi klientidele:<\/strong> Express DDP (Delivered Duty Paid). See t\u00e4hendab: <\/p>\n<ul>\n<li>K\u00f5ik tollimaksud ja maksud sisalduvad toote lehel n\u00e4idatud hinnas.<\/li>\n<li>Te ei pea tarnimisel lisatasusid maksma.<\/li>\n<li>Harva esinevate tolliprobleemide korral tegeleb meie meeskond teie nimel tollivormistusega, et tagada sujuv tarne.<\/li>\n<p>Oluline teave tagastuste kohta:<\/p>\n<li>Kui te otsustate oma tellimuse tagastada v\u00f5i taotleda raha tagasi, siis pidage meeles, et teie eest DDP tingimuste alusel makstud makse ja tollimakse ei saa tagasi maksta.<\/li>\n<p>\u00dcksikasjalik teave <a href=\"https:\/\/droix.net\/terms-and-conditions\/\" target=\"_blank\" rel=\"nofollow noopener\">on esitatud meie Tingimustes<\/a>.\n<\/ul>\n<p>[\/cg_accordion]\n[cg_accordion title=\"KLIENDITUGI\"]<\/p>\n<p>Kas teil on k\u00fcsimus? Oleme l\u00fchikese teksti kaugusel sellest, et teie k\u00fcsimus oleks lahendatud! <\/p>\n<p>\u00dcksikasjalik teave <a href=\"https:\/\/gpdstore.net\/et\/terms-of-service\/\" target=\"_blank\" rel=\"nofollow noopener\">on esitatud meie Tingimustes<\/a>.\n<\/ul>\n<p>[\/cg_accordion]\n[cg_accordion title=\"MIDA SISALDAB\"]<\/p>\n<ul>\n<li>1x GPD WIN MAX 2 2025 LTE moodul<\/li>\n<\/ul>\n<p>[\/cg_accordion]\n","protected":false},"featured_media":110602,"template":"","meta":{"_acf_changed":false},"product_brand":[],"product_cat":[5039],"product_tag":[15843,6062],"woo-feed-brand":[],"class_list":{"0":"post-1062070","1":"product","2":"type-product","3":"status-publish","4":"has-post-thumbnail","6":"product_cat-tarvikud","7":"product_tag-20xmsale-et-2","8":"product_tag-gpd-wm2-lisatarvik","9":"product_shipping_class-low-end","11":"pa_accessory-type-add-ons-et","12":"pa_brand-gpd","14":"first","15":"instock","16":"sale","17":"taxable","18":"shipping-taxable","19":"purchasable","20":"product-type-simple"},"acf":[],"aioseo_notices":[],"_links":{"self":[{"href":"https:\/\/gpdstore.net\/et\/wp-json\/wp\/v2\/product\/1062070","targetHints":{"allow":["GET"]}}],"collection":[{"href":"https:\/\/gpdstore.net\/et\/wp-json\/wp\/v2\/product"}],"about":[{"href":"https:\/\/gpdstore.net\/et\/wp-json\/wp\/v2\/types\/product"}],"wp:featuredmedia":[{"embeddable":true,"href":"https:\/\/gpdstore.net\/et\/wp-json\/wp\/v2\/media\/110602"}],"wp:attachment":[{"href":"https:\/\/gpdstore.net\/et\/wp-json\/wp\/v2\/media?parent=1062070"}],"wp:term":[{"taxonomy":"product_brand","embeddable":true,"href":"https:\/\/gpdstore.net\/et\/wp-json\/wp\/v2\/product_brand?post=1062070"},{"taxonomy":"product_cat","embeddable":true,"href":"https:\/\/gpdstore.net\/et\/wp-json\/wp\/v2\/product_cat?post=1062070"},{"taxonomy":"product_tag","embeddable":true,"href":"https:\/\/gpdstore.net\/et\/wp-json\/wp\/v2\/product_tag?post=1062070"},{"taxonomy":"woo-feed-brand","embeddable":true,"href":"https:\/\/gpdstore.net\/et\/wp-json\/wp\/v2\/woo-feed-brand?post=1062070"}],"curies":[{"name":"wp","href":"https:\/\/api.w.org\/{rel}","templated":true}]}}