{"id":1059873,"date":"2025-01-03T15:47:35","date_gmt":"2025-01-03T15:47:35","guid":{"rendered":"https:\/\/gpdstore.net\/?post_type=product&#038;p=1059873"},"modified":"2026-01-23T10:36:39","modified_gmt":"2026-01-23T10:36:39","slug":"universal-stylus-pen-for-gpd","status":"publish","type":"product","link":"https:\/\/gpdstore.net\/et\/product\/universal-stylus-pen-for-gpd\/","title":{"rendered":"Universaalne mahtuvuslik pliiats GPD jaoks"},"content":{"rendered":"\n<h2 class=\"wp-block-heading\"><strong>Vabastage oma loomingulisus GPD universaalse mahtuvusliku pliiatsiga<\/strong><\/h2>\n\n<p>See t\u00e4iustatud mahtuvuslik pliiats, mis on loodud t\u00e4psuse, j\u00f5udluse ja sujuva \u00fchilduvuse tagamiseks teie lemmikseadmetega, on ideaalne t\u00f6\u00f6riist visandamiseks, kirjutamiseks v\u00f5i navigeerimiseks &#8211; ideaalne nii juhuslikuks kui ka professionaalseks kasutamiseks.<\/p>\n\n<hr class=\"wp-block-separator has-alpha-channel-opacity\"\/>\n\n<h3 class=\"wp-block-heading\"><strong>Peamised omadused:<\/strong> <\/h3>\n\n<p><strong>1. Ei n\u00f5uta sidumist<\/strong><br\/>Alusta kohe! T\u00e4nu mahtuvuslikule induktiivsele l\u00fclitile piisab sissel\u00fclitamiseks kahekordsest puudutusest &#8211; keerulist paaritamisprotsessi pole vaja. <\/p>\n\n<p><strong>2. \u00dclimalt t\u00e4pne ja viivituseta<\/strong> <br\/>Kogemused sujuvad ja t\u00e4psed l\u00f6\u00f6gid t\u00e4nu kohandatud satelliidisignaali antennile, mis tagab kiire reageerimise ja minimaalse viivituse.<\/p>\n\n<p><strong>3. Universaalne \u00fchilduvus<\/strong><br\/>T\u00f6\u00f6tab t\u00f5rgeteta k\u00f5igi mahtuvusliku puuteekraaniga seadmetega, sealhulgas GPD pihuarvutite, tahvelarvutite, nutitelefonide ja muude seadmetega, toetades iOS, Android ja Windows operatsioonis\u00fcsteeme.<\/p>\n\n<p><strong>4. Pikaajaline aku<\/strong><br\/>Nautige katkematut loovust t\u00e4nu aku m\u00e4rgutule ja t\u00f5husale Type-C laadimisele pikema kasutusaja tagamiseks.<\/p>\n\n<p><strong>5. \u00d5huke, kerge disain<\/strong><br\/>\u00d5huke, ergonoomiline konstruktsioon tagab mugava kasutamise, olenemata sellest, kas joonistad keerulisi kavandeid v\u00f5i teed kiireid m\u00e4rkmeid.<\/p>\n\n<hr class=\"wp-block-separator has-alpha-channel-opacity\"\/>\n\n<h3 class=\"wp-block-heading\"><strong>T\u00e4iuslik GPD seadmete jaoks<\/strong><\/h3>\n\n<p>See spetsiaalselt GPD-kasutajatele m\u00f5eldud mahtuvuslik pliiats t\u00e4iendab teie k\u00e4eshoitavaid m\u00e4ngukonsooli ja tahvelarvuteid, muutes selle nii tootlikkuse kui ka meelelahutuse jaoks h\u00e4davajalikuks lisaseadmeks.<\/p>\n\n<hr class=\"wp-block-separator has-alpha-channel-opacity\"\/>\n\n<h3 class=\"wp-block-heading\"><strong>Miks valida GPD jaoks universaalne mahtuvuslik pliiats?<\/strong><\/h3>\n\n<ul class=\"wp-block-list\">\n<li>Probleemivaba seadistamine ilma \u00fchendamiseta<\/li>\n\n\n\n<li>K\u00f5rge tundlikkus \u00fcksikasjaliku t\u00f6\u00f6 ja sujuva t\u00f6\u00f6 jaoks<\/li>\n\n\n\n<li>Universaalne \u00fchilduvus k\u00f5igi mahtuvuslikel puutetundlikel ekraanidel t\u00f6\u00f6tavate seadmete ja platvormide vahel<\/li>\n\n\n\n<li>Vastupidav, kerge ja kaasaskantav, et seda saaks kasutada teel olles.<\/li>\n<\/ul>\n\n<p>Oled sa loominguline professionaal, \u00fcli\u00f5pilane v\u00f5i tehnoloogiahuviline, universaalne mahtuvuslik pliiats GPD-le on sinu parim kaaslane, et saavutada t\u00e4pne ja vaevata suhtlemine oma seadmetega.<\/p>\n\n<p><strong>Tellige oma juba t\u00e4na ja t\u00f5stke oma digitaalset kogemust!<\/strong><\/p>\n\n<hr class=\"wp-block-separator has-alpha-channel-opacity\"\/>\n","protected":false},"excerpt":{"rendered":"<ul>\n<li>\u00dchildub <strong>GPD-seadmete<\/strong>, tahvelarvutite ja nutitelefonidega<\/li>\n<li><strong>Pairing puudub<\/strong> &#8211; lihtne aktiveerimine topeltpuudutusega<\/li>\n<li>Kerge ja <strong>ergonoomiline<\/strong> disain<\/li>\n<li>T\u00e4pne ja <strong>viivituseta<\/strong> j\u00f5udlus<\/li>\n<li><strong>C-t\u00fc\u00fcpi laadimisega<\/strong> akuindikaator<\/li>\n<\/ul>\n[cg_accordion title=\"MAKSUINFO\"]<\/p>\n<p>Me kasutame uusimat tehnoloogiat makset\u00f6\u00f6tluses, mis v\u00f5imaldab teil kiiret ja turvalist maksekorraldust oma deebet-\/ krediitkaardi v\u00f5i PayPali kaudu.[\/cg_accordion]\n[cg_accordion title=\"GARANTSIOON\"]<\/p>\n<p>2-aastane garantii <a href=\"https:\/\/droix.net\/\" target=\"_blank\" rel=\"nofollow noopener\">DROIX Globalilt teie meelerahu tagamiseks<\/a> [\/cg_accordion]\n[cg_accordion title=\"KVALITEEDI TAGAMINE JA L\u00c4HETAMISEELNE TESTIMINE\"]<\/p>\n<p>Klientide rahulolu tagamine k\u00f5rgeimal tasemel: Iga seade l\u00e4bib enne saatmist ranged testid ja mitmepunktilise kvaliteedikontrolli. Meie p\u00fchendunud meeskond kontrollib j\u00f5udlust, funktsionaalsust ja komponentide terviklikkust, et tagada, et teie GPD-seade on saabumisel t\u00e4iuslikus t\u00f6\u00f6korras, tagades teile kindlustunde ja meelerahu. [\/cg_accordion]\n[cg_accordion title=\"HINNAKUJUNDUS, MAKSUD JA KOHALETOIMETAMINE\"]<\/p>\n<p><strong><u>M\u00e4rkus:<\/u><\/strong><\/p>\n<ul>\n<li>Ameerika \u00dchendriikide kliendid: N\u00e4idatud hind ei sisalda makse ega tollimaksu. Vastutus tollivormistuse ja sellega seotud maksude\/tollimaksude tasumise eest lasub kliendil. <\/li>\n<li>ELi kliendid: N\u00e4idatud hind sisaldab kohaldatavat maksu, mis v\u00f5ib s\u00f5ltuvalt teie riigist olla kuni 25%.<\/li>\n<li>Kanada kliendid: N\u00e4idatud hind sisaldab kohaldatavaid makse, mis v\u00f5ivad sisaldada 5% GST ja t\u00e4iendavaid provintsi m\u00fc\u00fcgimakse (PST), \u00fchtlustatud m\u00fc\u00fcgimaksu (HST) v\u00f5i Quebeci m\u00fc\u00fcgimaksu (QST), s\u00f5ltuvalt teie provintsist.<\/li>\n<\/ul>\n<p>Meie USA klientidele: Tellimused saadetakse DAP (Delivered At Place). Kuigi kliendid vastutavad k\u00f5igi kohaldatavate tariifide tasumise eest, tugineme meie ulatuslikele kogemustele \u00dchendkuningriigist saatmisel, et tagada, et maksate v\u00f5imalikult v\u00e4he tasu. Meie andmetel ei \u00fcleta need tasud tavaliselt 10% eseme v\u00e4\u00e4rtusest.  <\/p>\n<p><strong>AINULT ELi klientidele:<\/strong> Express DDP (Delivered Duty Paid). See t\u00e4hendab: <\/p>\n<ul>\n<li>K\u00f5ik tollimaksud ja maksud sisalduvad toote lehel n\u00e4idatud hinnas.<\/li>\n<li>Te ei pea tarnimisel lisatasusid maksma.<\/li>\n<li>Harva esinevate tolliprobleemide korral tegeleb meie meeskond teie nimel tollivormistusega, et tagada sujuv tarne.<\/li>\n<p>Oluline teave tagastuste kohta:<\/p>\n<li>Kui te otsustate oma tellimuse tagastada v\u00f5i taotleda raha tagasi, siis pidage meeles, et teie eest DDP tingimuste alusel makstud makse ja tollimakse ei saa tagasi maksta.<\/li>\n<p>\u00dcksikasjalik teave <a href=\"https:\/\/droix.net\/terms-and-conditions\/\" target=\"_blank\" rel=\"nofollow noopener\">on esitatud meie Tingimustes<\/a>.\n<\/ul>\n<p>[\/cg_accordion]\n[cg_accordion title=\"KLIENDITUGI\"]<\/p>\n<p>Kas teil on k\u00fcsimus? Oleme l\u00fchikese teksti kaugusel sellest, et teie k\u00fcsimus oleks lahendatud! <\/p>\n<p>\u00dcksikasjalik teave <a href=\"https:\/\/gpdstore.net\/et\/terms-of-service\/\" target=\"_blank\" rel=\"nofollow noopener\">on esitatud meie Tingimustes<\/a>.\n<\/ul>\n<p>[\/cg_accordion]\n[cg_accordion title=\"MIDA SISALDAB\"]<\/p>\n<ul>\n<li>1x universaalne pliiats GPD jaoks<\/li>\n<\/ul>\n<p>[\/cg_accordion]\n","protected":false},"featured_media":1061352,"template":"","meta":{"_acf_changed":false},"product_brand":[],"product_cat":[5039],"product_tag":[15873,6062],"woo-feed-brand":[5121],"class_list":{"0":"post-1059873","1":"product","2":"type-product","3":"status-publish","4":"has-post-thumbnail","6":"product_cat-tarvikud","7":"product_tag-15xmsale-et","8":"product_tag-gpd-wm2-lisatarvik","9":"product_shipping_class-low-end","10":"pa_accessory-type-stylus-et","11":"pa_brand-gpd","12":"woo-feed-brand-droix-et","14":"first","15":"instock","16":"taxable","17":"shipping-taxable","18":"purchasable","19":"product-type-variable","20":"has-default-attributes"},"acf":[],"aioseo_notices":[],"_links":{"self":[{"href":"https:\/\/gpdstore.net\/et\/wp-json\/wp\/v2\/product\/1059873","targetHints":{"allow":["GET"]}}],"collection":[{"href":"https:\/\/gpdstore.net\/et\/wp-json\/wp\/v2\/product"}],"about":[{"href":"https:\/\/gpdstore.net\/et\/wp-json\/wp\/v2\/types\/product"}],"wp:featuredmedia":[{"embeddable":true,"href":"https:\/\/gpdstore.net\/et\/wp-json\/wp\/v2\/media\/1061352"}],"wp:attachment":[{"href":"https:\/\/gpdstore.net\/et\/wp-json\/wp\/v2\/media?parent=1059873"}],"wp:term":[{"taxonomy":"product_brand","embeddable":true,"href":"https:\/\/gpdstore.net\/et\/wp-json\/wp\/v2\/product_brand?post=1059873"},{"taxonomy":"product_cat","embeddable":true,"href":"https:\/\/gpdstore.net\/et\/wp-json\/wp\/v2\/product_cat?post=1059873"},{"taxonomy":"product_tag","embeddable":true,"href":"https:\/\/gpdstore.net\/et\/wp-json\/wp\/v2\/product_tag?post=1059873"},{"taxonomy":"woo-feed-brand","embeddable":true,"href":"https:\/\/gpdstore.net\/et\/wp-json\/wp\/v2\/woo-feed-brand?post=1059873"}],"curies":[{"name":"wp","href":"https:\/\/api.w.org\/{rel}","templated":true}]}}