{"id":221274,"date":"2023-03-23T16:49:44","date_gmt":"2023-03-23T16:49:44","guid":{"rendered":"https:\/\/gpdstore.net\/kupsiste-poliitika\/"},"modified":"2024-12-11T13:40:42","modified_gmt":"2024-12-11T13:40:42","slug":"kupsiste-poliitika","status":"publish","type":"page","link":"https:\/\/gpdstore.net\/et\/kupsiste-poliitika\/","title":{"rendered":"K\u00fcpsiste poliitika"},"content":{"rendered":"\n<p>J\u00e4rgnevat k\u00fcpsiste poliitikat tuleb v\u00f5tta koosk\u00f5las (koos), &#8220;\u00fches&#8221; <a href=\"https:\/\/gpdstore.net\/et\/teenuse-tingimused\/\" target=\"_blank\" data-type=\"URL\" data-id=\"\/terms-of-service\/\" rel=\"noreferrer noopener\">tingimustega<\/a>, <a href=\"https:\/\/gpdstore.net\/et\/tagasimakse-ja-tagastamispoliitika\/\" target=\"_blank\" data-type=\"URL\" data-id=\"\/refund-and-returns-policy\/\" rel=\"noreferrer noopener\">tagastamise ja tagasimaksmise poliitikaga<\/a> ning <a href=\"https:\/\/gpdstore.net\/et\/privaatsuspoliitika\/\" target=\"_blank\" data-type=\"URL\" data-id=\"\/privacy-policy\/\" rel=\"noreferrer noopener\">privaatsuspoliitikaga<\/a>.<\/p>\n\n<ol class=\"wp-block-list\">\n<li>K\u00e4esolevad m\u00fc\u00fcgitingimused kehtivad k\u00f5igi DroiX US Corp (tarnija) poolt tarnitud kaupade suhtes.\n<ol class=\"wp-block-list\">\n<li>K\u00e4esolevas lepingus viidatakse j\u00e4rgmistele dokumentidele: Meie (DroiX US Corp) oleme tarnija ja teie (klient).<\/li>\n<\/ol>\n<\/li>\n<\/ol>\n\n<ol class=\"wp-block-list\">\n<li>Tarnija veebisait kasutab k\u00fcpsiseid, et eristada klienti, st teid, teistest veebisaidi kasutajatest. See aitab tarnijal pakkuda teile head kogemust tarnija veebisaidi sirvimisel ja v\u00f5imaldab tarnijal ka meie veebisaiti t\u00e4iustada. Veebisaidi sirvimist j\u00e4tkates n\u00f5ustute sellega, et tarnija kasutab k\u00fcpsiseid.  <\/li>\n\n\n\n<li>K\u00fcpsis on v\u00e4ike t\u00e4htedest ja numbritest koosnev fail, mille tarnija salvestab teie brauserisse v\u00f5i teie arvuti v\u00f5i mobiiltelefoni k\u00f5vakettale, kui olete sellega n\u00f5us. K\u00fcpsised sisaldavad teavet, mis kantakse teie arvuti k\u00f5vakettale. <\/li>\n\n\n\n<li>Tarnija kasutab j\u00e4rgmisi k\u00fcpsiseid:\n<ol class=\"wp-block-list\">\n<li>Rangelt vajalikud k\u00fcpsised. Need on k\u00fcpsised, mis on vajalikud tarnija veebisaidi toimimiseks. Nende hulka kuuluvad n\u00e4iteks k\u00fcpsised, mis v\u00f5imaldavad teil sisse logida tarnija veebisaidi turvalistesse valdkondadesse ja sooritada tehinguid.  <\/li>\n\n\n\n<li>Anal\u00fc\u00fctilised\/tehnilised k\u00fcpsised. Need v\u00f5imaldavad tarnijal tuvastada ja loendada k\u00fclastajate arvu ning n\u00e4ha, kuidas k\u00fclastajad tarnija veebisaidi kasutamise ajal seal liiguvad. See aitab tarnijal parandada veebisaidi toimimist, n\u00e4iteks tagada, et kasutajad leiavad otsitava h\u00f5lpsasti ja probleemideta.  <\/li>\n\n\n\n<li>Tarnija kasutab Google Analyticsi k\u00fcpsiseid. Google Analytics kogub teavet anon\u00fc\u00fcmselt. See annab aru veebisaidi suundumustest ilma \u00fcksikute k\u00fclastajate tuvastamiseta. Te saate Google Analyticsist loobuda, ilma et see m\u00f5jutaks teie k\u00fclastamist sellel veebisaidil. Lisateavet Google Analyticsi kohta leiate siit.    <\/li>\n\n\n\n<li>Sihtotstarbelised k\u00fcpsised. Need k\u00fcpsised salvestavad teie k\u00fclastuse tarnija veebisaidil, k\u00fclastatud lehek\u00fcljed ja lingid, mida olete j\u00e4rginud. Teenusepakkuja kasutab seda teavet, et muuta veebisait ja seal kuvatav reklaam teie huvidele asjakohasemaks. Tarnija v\u00f5ib seda teavet sel eesm\u00e4rgil jagada ka kolmandate isikutega.   <\/li>\n<\/ol>\n<\/li>\n\n\n\n<li>Pange t\u00e4hele, et kolmandad isikud (sealhulgas n\u00e4iteks reklaamiv\u00f5rgustikud ja v\u00e4liste teenuste, n\u00e4iteks veebiliikluse anal\u00fc\u00fcsi teenuste pakkujad) v\u00f5ivad samuti kasutada k\u00fcpsiseid, mille \u00fcle Tarnijal puudub kontroll. Need k\u00fcpsised on t\u00f5en\u00e4oliselt anal\u00fc\u00fctilised\/v\u00f5imsusk\u00fcpsised v\u00f5i sihtotstarbelised k\u00fcpsised. <\/li>\n\n\n\n<li>Saate k\u00fcpsised blokeerida, aktiveerides oma brauseris seadistuse, mis v\u00f5imaldab teil keelduda k\u00f5igi v\u00f5i m\u00f5nede k\u00fcpsiste seadistamisest. Kui te kasutate oma brauseri seadeid, et blokeerida k\u00f5ik k\u00fcpsised (sealhulgas olulised k\u00fcpsised), ei pruugi teil siiski olla v\u00f5imalik p\u00e4\u00e4seda ligi kogu tarnija veebisaidile v\u00f5i selle osadele. <\/li>\n<\/ol>\n\n<p>Viimati uuendatud k\u00fcpsiste poliitika: 23 m\u00e4rts, 2023 &#8211; 4:48PM.<\/p>\n","protected":false},"excerpt":{"rendered":"<p>J\u00e4rgnevat k\u00fcpsiste poliitikat tuleb v\u00f5tta koosk\u00f5las (koos), &#8220;\u00fches&#8221; tingimustega, tagastamise ja tagasimaksmise poliitikaga ning privaatsuspoliitikaga. Viimati uuendatud k\u00fcpsiste poliitika: 23 m\u00e4rts, 2023 &#8211; 4:48PM.<\/p>\n","protected":false},"author":1,"featured_media":0,"parent":0,"menu_order":0,"comment_status":"closed","ping_status":"closed","template":"template-fullwidth.php","meta":{"_acf_changed":false,"footnotes":""},"class_list":["post-221274","page","type-page","status-publish","hentry"],"acf":[],"aioseo_notices":[],"_links":{"self":[{"href":"https:\/\/gpdstore.net\/et\/wp-json\/wp\/v2\/pages\/221274","targetHints":{"allow":["GET"]}}],"collection":[{"href":"https:\/\/gpdstore.net\/et\/wp-json\/wp\/v2\/pages"}],"about":[{"href":"https:\/\/gpdstore.net\/et\/wp-json\/wp\/v2\/types\/page"}],"author":[{"embeddable":true,"href":"https:\/\/gpdstore.net\/et\/wp-json\/wp\/v2\/users\/1"}],"replies":[{"embeddable":true,"href":"https:\/\/gpdstore.net\/et\/wp-json\/wp\/v2\/comments?post=221274"}],"version-history":[{"count":0,"href":"https:\/\/gpdstore.net\/et\/wp-json\/wp\/v2\/pages\/221274\/revisions"}],"wp:attachment":[{"href":"https:\/\/gpdstore.net\/et\/wp-json\/wp\/v2\/media?parent=221274"}],"curies":[{"name":"wp","href":"https:\/\/api.w.org\/{rel}","templated":true}]}}