{"id":221028,"date":"2023-03-23T16:38:25","date_gmt":"2023-03-23T16:38:25","guid":{"rendered":"https:\/\/gpdstore.net\/meie-kohta\/"},"modified":"2024-12-11T13:38:49","modified_gmt":"2024-12-11T13:38:49","slug":"meie-kohta","status":"publish","type":"page","link":"https:\/\/gpdstore.net\/et\/meie-kohta\/","title":{"rendered":"Meie kohta"},"content":{"rendered":"\t\t<div data-elementor-type=\"wp-page\" data-elementor-id=\"221028\" class=\"elementor elementor-221028 elementor-10\" data-elementor-settings=\"{&quot;element_pack_global_tooltip_width&quot;:{&quot;unit&quot;:&quot;px&quot;,&quot;size&quot;:&quot;&quot;,&quot;sizes&quot;:[]},&quot;element_pack_global_tooltip_width_tablet&quot;:{&quot;unit&quot;:&quot;px&quot;,&quot;size&quot;:&quot;&quot;,&quot;sizes&quot;:[]},&quot;element_pack_global_tooltip_width_mobile&quot;:{&quot;unit&quot;:&quot;px&quot;,&quot;size&quot;:&quot;&quot;,&quot;sizes&quot;:[]},&quot;element_pack_global_tooltip_padding&quot;:{&quot;unit&quot;:&quot;px&quot;,&quot;top&quot;:&quot;&quot;,&quot;right&quot;:&quot;&quot;,&quot;bottom&quot;:&quot;&quot;,&quot;left&quot;:&quot;&quot;,&quot;isLinked&quot;:true},&quot;element_pack_global_tooltip_padding_tablet&quot;:{&quot;unit&quot;:&quot;px&quot;,&quot;top&quot;:&quot;&quot;,&quot;right&quot;:&quot;&quot;,&quot;bottom&quot;:&quot;&quot;,&quot;left&quot;:&quot;&quot;,&quot;isLinked&quot;:true},&quot;element_pack_global_tooltip_padding_mobile&quot;:{&quot;unit&quot;:&quot;px&quot;,&quot;top&quot;:&quot;&quot;,&quot;right&quot;:&quot;&quot;,&quot;bottom&quot;:&quot;&quot;,&quot;left&quot;:&quot;&quot;,&quot;isLinked&quot;:true},&quot;element_pack_global_tooltip_border_radius&quot;:{&quot;unit&quot;:&quot;px&quot;,&quot;top&quot;:&quot;&quot;,&quot;right&quot;:&quot;&quot;,&quot;bottom&quot;:&quot;&quot;,&quot;left&quot;:&quot;&quot;,&quot;isLinked&quot;:true},&quot;element_pack_global_tooltip_border_radius_tablet&quot;:{&quot;unit&quot;:&quot;px&quot;,&quot;top&quot;:&quot;&quot;,&quot;right&quot;:&quot;&quot;,&quot;bottom&quot;:&quot;&quot;,&quot;left&quot;:&quot;&quot;,&quot;isLinked&quot;:true},&quot;element_pack_global_tooltip_border_radius_mobile&quot;:{&quot;unit&quot;:&quot;px&quot;,&quot;top&quot;:&quot;&quot;,&quot;right&quot;:&quot;&quot;,&quot;bottom&quot;:&quot;&quot;,&quot;left&quot;:&quot;&quot;,&quot;isLinked&quot;:true}}\" data-elementor-post-type=\"page\">\n\t\t\t\t\t\t<section class=\"elementor-section elementor-top-section elementor-element elementor-element-9ee181d elementor-section-height-min-height elementor-section-content-middle elementor-reverse-mobile elementor-section-boxed elementor-section-height-default elementor-section-items-middle\" data-id=\"9ee181d\" data-element_type=\"section\" data-settings=\"{&quot;background_background&quot;:&quot;classic&quot;,&quot;background_motion_fx_motion_fx_scrolling&quot;:&quot;yes&quot;,&quot;background_motion_fx_blur_effect&quot;:&quot;yes&quot;,&quot;background_motion_fx_range&quot;:&quot;viewport&quot;,&quot;background_motion_fx_motion_fx_mouse&quot;:&quot;yes&quot;,&quot;background_motion_fx_mouseTrack_effect&quot;:&quot;yes&quot;,&quot;background_motion_fx_blur_direction&quot;:&quot;out-in&quot;,&quot;background_motion_fx_blur_level&quot;:{&quot;unit&quot;:&quot;px&quot;,&quot;size&quot;:7,&quot;sizes&quot;:[]},&quot;background_motion_fx_blur_range&quot;:{&quot;unit&quot;:&quot;%&quot;,&quot;size&quot;:&quot;&quot;,&quot;sizes&quot;:{&quot;start&quot;:20,&quot;end&quot;:80}},&quot;background_motion_fx_devices&quot;:[&quot;desktop&quot;,&quot;tablet&quot;,&quot;mobile&quot;],&quot;background_motion_fx_mouseTrack_speed&quot;:{&quot;unit&quot;:&quot;px&quot;,&quot;size&quot;:1,&quot;sizes&quot;:[]}}\">\n\t\t\t\t\t\t<div class=\"elementor-container elementor-column-gap-no\">\n\t\t\t\t\t<div class=\"elementor-column elementor-col-100 elementor-top-column elementor-element elementor-element-53c0e4e\" data-id=\"53c0e4e\" data-element_type=\"column\" data-settings=\"{&quot;background_background&quot;:&quot;classic&quot;}\">\n\t\t\t<div class=\"elementor-widget-wrap elementor-element-populated\">\n\t\t\t\t\t\t<div class=\"elementor-element elementor-element-d21bfa3 elementor-widget elementor-widget-heading\" data-id=\"d21bfa3\" data-element_type=\"widget\" data-widget_type=\"heading.default\">\n\t\t\t\t<div class=\"elementor-widget-container\">\n\t\t\t\t\t<h2 class=\"elementor-heading-title elementor-size-default\">GPD<br>x<br>DROIX<\/h2>\t\t\t\t<\/div>\n\t\t\t\t<\/div>\n\t\t\t\t<div class=\"elementor-element elementor-element-4bf96d9 elementor-widget elementor-widget-text-editor\" data-id=\"4bf96d9\" data-element_type=\"widget\" data-widget_type=\"text-editor.default\">\n\t\t\t\t<div class=\"elementor-widget-container\">\n\t\t\t\t\t\t\t\t\t<p>Tere tulemast GPD Store&#8217;ile, mis on teie \u00fcks peatuspaik turul olevate k\u00f5ige uuemate pihuarvutite jaoks.<\/p>\n<p>Oleme uhke GPD (GamePad Digital) toodete jaem\u00fc\u00fcja, pakkudes teile uusimaid ja k\u00f5ige uuenduslikumaid seadmeid, sealhulgas GPD WIN 4, GPD Pocket 4, GPD Pocket 3 ja palju teisi GPD vidinaid. Meie p\u00fchendumine tippkvaliteediga m\u00e4nguelamuste pakkumisele teeb meid kaasaskantavaid v\u00f5imsusi otsivate entusiastide jaoks esimeseks valikuks. <\/p>\n<p>GPD Store&#8217;is m\u00f5istame, et t\u00e4iuslik m\u00e4ngukogemus ei piirdu ainult seadmega. Seep\u00e4rast oleme teinud koost\u00f6\u00f6d DroiXiga, mis on usaldusv\u00e4\u00e4rne nimi logistika ja klienditoe valdkonnas, et tagada, et teie ostuteekond meie juures oleks sujuv ja sujuv. DroiXi ekspertiis alates tellimuse esitamisest kuni seadme k\u00e4ttesaamiseni ja kaugemale, tagab probleemideta kogemuse, mis v\u00f5imaldab teil keskenduda sellele, mis on k\u00f5ige olulisem &#8211; oma lemmikm\u00e4ngudesse sukeldumisele.  <\/p>\n<p>Meie missioon GPD Store&#8217;is on pakkuda teile \u00fclimat m\u00e4ngukogemust, mida toetab meie vankumatu p\u00fchendumine klientide rahulolule. Kuna me ise oleme m\u00e4nguhuvilised, m\u00f5istame, kui t\u00e4htis on, et teie k\u00e4es oleks \u00f5ige seade. Seep\u00e4rast p\u00fc\u00fcame pidevalt pakkuda parimaid GPD-tooteid turul koos tipptasemel klienditeenindusega.  <\/p>\n<p>GPD Store&#8217;ist ostes ei osta sa lihtsalt seadet, vaid liitud m\u00e4ngijate kogukonnaga, kes hindavad t\u00e4iuslikku tasakaalu v\u00f5imsuse ja kaasaskantavuse vahel. Kutsume teid \u00fcles uurima meie tootevalikut ja kogema erinevust, mida GPD Store pakub. Ole valmis koos meiega oma m\u00e4ngimist taset t\u00f5stma!  <\/p>\n\t\t\t\t\t\t\t\t<\/div>\n\t\t\t\t<\/div>\n\t\t\t\t\t<\/div>\n\t\t<\/div>\n\t\t\t\t\t<\/div>\n\t\t<\/section>\n\t\t\t\t<\/div>\n\t\t","protected":false},"excerpt":{"rendered":"<p>GPDxDROIX Tere tulemast GPD Store&#8217;ile, mis on teie \u00fcks peatuspaik turul olevate k\u00f5ige uuemate pihuarvutite jaoks. Oleme uhke GPD (GamePad Digital) toodete jaem\u00fc\u00fcja, pakkudes teile uusimaid ja k\u00f5ige uuenduslikumaid seadmeid, sealhulgas GPD WIN 4, GPD Pocket 4, GPD Pocket 3 ja palju teisi GPD vidinaid. Meie p\u00fchendumine tippkvaliteediga m\u00e4nguelamuste pakkumisele teeb meid kaasaskantavaid v\u00f5imsusi otsivate [&hellip;]<\/p>\n","protected":false},"author":1,"featured_media":0,"parent":0,"menu_order":0,"comment_status":"closed","ping_status":"closed","template":"template-fullwidth-no-heading.php","meta":{"_acf_changed":false,"footnotes":""},"class_list":["post-221028","page","type-page","status-publish","hentry"],"acf":[],"aioseo_notices":[],"_links":{"self":[{"href":"https:\/\/gpdstore.net\/et\/wp-json\/wp\/v2\/pages\/221028","targetHints":{"allow":["GET"]}}],"collection":[{"href":"https:\/\/gpdstore.net\/et\/wp-json\/wp\/v2\/pages"}],"about":[{"href":"https:\/\/gpdstore.net\/et\/wp-json\/wp\/v2\/types\/page"}],"author":[{"embeddable":true,"href":"https:\/\/gpdstore.net\/et\/wp-json\/wp\/v2\/users\/1"}],"replies":[{"embeddable":true,"href":"https:\/\/gpdstore.net\/et\/wp-json\/wp\/v2\/comments?post=221028"}],"version-history":[{"count":0,"href":"https:\/\/gpdstore.net\/et\/wp-json\/wp\/v2\/pages\/221028\/revisions"}],"wp:attachment":[{"href":"https:\/\/gpdstore.net\/et\/wp-json\/wp\/v2\/media?parent=221028"}],"curies":[{"name":"wp","href":"https:\/\/api.w.org\/{rel}","templated":true}]}}