{"id":210304,"date":"2023-03-23T16:52:33","date_gmt":"2023-03-23T16:52:33","guid":{"rendered":"https:\/\/gpdstore.net\/tagasimakse-ja-tagastamispoliitika\/"},"modified":"2025-05-11T14:50:51","modified_gmt":"2025-05-11T14:50:51","slug":"refund-and-returns-policy","status":"publish","type":"page","link":"https:\/\/gpdstore.net\/et\/refund-and-returns-policy\/","title":{"rendered":"Tagasimakse- ja tagastamispoliitika"},"content":{"rendered":"\n<p>J\u00e4rgmisi tingimusi tuleb v\u00f5tta koosk\u00f5las (koos), &#8220;\u00fches&#8221; <a href=\"https:\/\/gpdstore.net\/et\/teenuse-tingimused\/\" data-type=\"URL\" data-id=\"\/terms-of-service\/\" target=\"_blank\" rel=\"noreferrer noopener\">Teenusetingimustega<\/a>, <a href=\"https:\/\/gpdstore.net\/et\/privaatsuspoliitika\/\" target=\"_blank\" rel=\"noreferrer noopener\">Privaatsuspoliitikaga<\/a> ja <a href=\"https:\/\/gpdstore.net\/et\/kupsiste-poliitika\/\" data-type=\"URL\" data-id=\"\/cookies-policy\/\" target=\"_blank\" rel=\"noreferrer noopener\">K\u00fcpsiste poliitikaga<\/a>.<\/p>\n\n<h3 class=\"wp-block-heading\" id=\"h-cancellations\">ANNELLATSIOONID  <\/h3>\n\n<ol class=\"wp-block-list\">\n<li>Kui te ei ole \u00e4riklient, on teil \u00f5igus leping igal ajal t\u00fchistada kuni 30 kalendrip\u00e4eva jooksul p\u00e4rast kauba k\u00e4ttesaamist (vt allpool).<\/li>\n\n\n\n<li>T\u00fchistamis\u00f5iguse kasutamiseks peate esitama tarnijale kirjaliku teate isiklikult, posti teel, e-posti teel, sotsiaalmeedias v\u00f5i veebilehe kaudu, esitades \u00fcksikasjad tellitud kaupade ja (vajaduse korral) nende tarnimise kohta. Telefoni teel teavitamine ei ole piisav.<\/li>\n\n\n\n<li>Kui te kasutate oma t\u00fchistamis\u00f5igust p\u00e4rast kauba tarnimist, olete kohustatud kauba tarnijale omal kulul tagastama, v\u00e4lja arvatud vigase v\u00f5i valesti kirjeldatud kauba puhul. Kaup tuleb tagastada tarnija poolt teatatud aadressil. Te peate hoolitsema selle eest, et kaup ei saaks vahepeal v\u00f5i transpordil kahjustada.\n<ol class=\"wp-block-list\">\n<li>Vigase v\u00f5i valesti kirjeldatud kauba puhul peab tarnija p\u00e4rast tingimuste kohase teate saamist kas v\u00f5tma kauba teilt vastu v\u00f5i paluma teil kaup ise tagastada, pakkudes teile samal ajal vastuv\u00f5etavat tagastamismeetodit.  <\/li>\n<\/ol>\n<\/li>\n\n\n\n<li>Tellimuse t\u00fchistamise eest transpordil tuleb tasuda tavap\u00e4rane t\u00fchistamistasu, millele lisanduvad t\u00e4iendavad transpordikulud kliendi kulul.<\/li>\n<\/ol>\n\n<h3 class=\"wp-block-heading\" id=\"h-returns\">TAGASI<\/h3>\n\n<ol class=\"wp-block-list\">\n<li>Isikup\u00e4rastatud esemeid ei tagastata. Pange t\u00e4hele, et see ei m\u00f5juta teie seadusest tulenevaid \u00f5igusi.<\/li>\n\n\n\n<li>Kliendi individuaalsete spetsifikatsioonide j\u00e4rgi ehitatud arvutis\u00fcsteemid on kaugm\u00fc\u00fcgieeskirjade kohaselt t\u00fchistamis\u00f5igusest vabastatud.<\/li>\n\n\n\n<li>Kaubad peavad olema originaalpakendis, kui see moodustab osa kaubast, n\u00e4iteks karbis olev kaup). Teil on seadusest tulenev kohustus hoolitseda kauba eest m\u00f5istlikult, kui see on teie valduses. Kui te seda kohustust ei t\u00e4ida, v\u00f5ib tarnijal olla \u00f5igus n\u00f5uda teie vastu h\u00fcvitist kuni 50% ulatuses kauba v\u00e4\u00e4rtusest (tagastamistasu). See kehtib k\u00f5igi tagastatavate kaupade kohta.<\/li>\n\n\n\n<li>Kui kliendile on antud RMA-number ja tagastusjuhised, peab ta tagama, et toode toimetatakse tarnija aadressile, mis on m\u00e4rgitud tagastusjuhistes. Tarnija ei vastuta puuduvate v\u00f5i valesti tarnitud esemete eest. Soovitame k\u00f5ik tagastused saata tarnijale j\u00e4lgituna, allkirjastatuna ja kindlustatuna.<\/li>\n\n\n\n<li>Vastavalt <a href=\"https:\/\/www.legislation.gov.uk\/ukpga\/2015\/15\/contents\/enacted\" target=\"_blank\" rel=\"noreferrer noopener\">2015. aasta tarbija\u00f5iguste seadusele<\/a> ei tagasta tarnija erisaadetiste saatekulusid.<\/li>\n\n\n\n<li>Kui tagastamis\u00f5iguse kasutamise taotlusel on m\u00e4rgitud viga ja see viga ei esine seadmel, j\u00e4tab tarnija endale \u00f5iguse kinni pidada summa, mis ei \u00fcleta 10 naelsterlingit v\u00f5i 5 % toote hinnast kliendile esitatud ettemakstud sildi eest.<\/li>\n\n\n\n<li>Kui teile makstakse raha tagasi v\u00f5i tagastatakse, kannab tarnija raha \u00fcle sama meetodit kasutades, mida kasutasite algselt ostu eest tasumiseks. Kui tarnija ei saa raha tagasi maksta algse makseviisi kaudu, v\u00f5etakse teiega \u00fchendust, et korraldada alternatiivne makseviis.<\/li>\n\n\n\n<li>Kui te ei ole kauba eest m\u00f5istlikult hoolt kandnud, j\u00e4tab tarnija endale \u00f5iguse keelduda raha tagastamisest ja tagastada kaup teile omal kulul.<\/li>\n\n\n\n<li>Tagasimaksed ei h\u00f5lma impordik\u00e4ibemaksu\/tollimaksu, mis on juba makstud asjaomastele asutustele.<\/li>\n<\/ol>\n\n<p><\/p>\n","protected":false},"excerpt":{"rendered":"<p>J\u00e4rgmisi tingimusi tuleb v\u00f5tta koosk\u00f5las (koos), &#8220;\u00fches&#8221; Teenusetingimustega, Privaatsuspoliitikaga ja K\u00fcpsiste poliitikaga. ANNELLATSIOONID TAGASI<\/p>\n","protected":false},"author":1,"featured_media":0,"parent":0,"menu_order":0,"comment_status":"closed","ping_status":"closed","template":"template-fullwidth.php","meta":{"_acf_changed":false,"footnotes":""},"class_list":["post-210304","page","type-page","status-publish","hentry"],"acf":[],"aioseo_notices":[],"_links":{"self":[{"href":"https:\/\/gpdstore.net\/et\/wp-json\/wp\/v2\/pages\/210304","targetHints":{"allow":["GET"]}}],"collection":[{"href":"https:\/\/gpdstore.net\/et\/wp-json\/wp\/v2\/pages"}],"about":[{"href":"https:\/\/gpdstore.net\/et\/wp-json\/wp\/v2\/types\/page"}],"author":[{"embeddable":true,"href":"https:\/\/gpdstore.net\/et\/wp-json\/wp\/v2\/users\/1"}],"replies":[{"embeddable":true,"href":"https:\/\/gpdstore.net\/et\/wp-json\/wp\/v2\/comments?post=210304"}],"version-history":[{"count":0,"href":"https:\/\/gpdstore.net\/et\/wp-json\/wp\/v2\/pages\/210304\/revisions"}],"wp:attachment":[{"href":"https:\/\/gpdstore.net\/et\/wp-json\/wp\/v2\/media?parent=210304"}],"curies":[{"name":"wp","href":"https:\/\/api.w.org\/{rel}","templated":true}]}}