{"id":8543,"date":"2024-01-24T17:32:18","date_gmt":"2024-01-24T17:32:18","guid":{"rendered":"https:\/\/gpdstore.net\/sin%20categor\u00eda\/estacion-de-acoplamiento-sd1\/"},"modified":"2025-12-23T10:21:06","modified_gmt":"2025-12-23T10:21:06","slug":"sd1-docking-station","status":"publish","type":"product","link":"https:\/\/gpdstore.net\/es\/product\/sd1-docking-station\/","title":{"rendered":"Estaci\u00f3n de acoplamiento SD1"},"content":{"rendered":"\n<h1 class=\"wp-block-heading\"><strong>\u00a1Libera todo el potencial de los juegos de mano con la base SD1!<\/strong><\/h1>\n\n<h3 class=\"wp-block-heading\">\u00a1Integraci\u00f3n perfecta de juegos al alcance de tu mano!<\/h3>\n\n<p>Bienvenido a lo \u00faltimo en accesorios para PC de juegos port\u00e1tiles. Presentamos la estaci\u00f3n de acoplamiento SD1, dise\u00f1ada espec\u00edficamente para los jugadores apasionados que desean disfrutar de una experiencia de juego fluida e ininterrumpida. Con esta estaci\u00f3n de acoplamiento de \u00faltima generaci\u00f3n, los jugadores pueden aumentar las capacidades de sus PC port\u00e1tiles de juego como nunca antes. Desde el popular Steam Deck hasta el exquisito AYA NEO Geek 1S, la SD1 es vers\u00e1til y garantiza que tu dispositivo port\u00e1til favorito reciba el impulso que necesita. Solo tienes que acoplarlo, conectarlo con el cable USB Type-C y ver c\u00f3mo se despliega la magia.    <\/p>\n\n<h3 class=\"wp-block-heading\"><strong>Conexi\u00f3n a Internet ultrarr\u00e1pida y estable<\/strong><\/h3>\n\n<p>No m\u00e1s retrasos. No m\u00e1s interrupciones. Sum\u00e9rgete en el universo de los juegos con la conexi\u00f3n Gigabit Ethernet RJ45 de la SD1. Con velocidades de hasta 1000M, esta estaci\u00f3n de acoplamiento te garantiza una ventaja en los juegos multijugador, proporcionando sesiones de juego con una respuesta ultrarr\u00e1pida. Di adi\u00f3s a la frustrante latencia y da la bienvenida a interacciones de juego fluidas y en tiempo real. Cuando cada milisegundo cuenta, la SD1 te garantiza que siempre ir\u00e1s un paso por delante.     <\/p>\n\n<h3 class=\"wp-block-heading\"><strong>Experiencia de visualizaci\u00f3n v\u00edvida y n\u00edtida<\/strong><\/h3>\n\n<p>\u00a1Eleva tu experiencia visual de juego! La estaci\u00f3n de acoplamiento SD1 incluye una salida HDMI 2.0, que permite a los jugadores sumergirse en ricos efectos visuales 4K a una fluida frecuencia de 60 Hz. Con una resoluci\u00f3n de hasta 4096&#215;2160, cada p\u00edxel cobra vida y te sumerge en el coraz\u00f3n de la acci\u00f3n. Experimenta los juegos en todo su esplendor, con detalles impecables, colores vibrantes y una claridad inigualable.   <\/p>\n\n<h3 class=\"wp-block-heading\"><strong>Suministro de energ\u00eda r\u00e1pido y eficaz<\/strong><\/h3>\n\n<p>\u00a1El poder de jugar sin fin! La estaci\u00f3n de acoplamiento SD1 no es s\u00f3lo conectividad y efectos visuales, sino que tambi\u00e9n garantiza que tu dispositivo de juego est\u00e9 siempre cargado. Con una incre\u00edble capacidad de carga PD de 100 W, recarga r\u00e1pidamente tu dispositivo para que nunca te quedes sin bater\u00eda en el fragor de la batalla. Sigue jugando, con la confianza de que tu dispositivo est\u00e1 continuamente alimentado por un sistema de carga r\u00e1pido y fiable.   <\/p>\n\n<h3 class=\"wp-block-heading\"><strong>Accesibilidad a m\u00faltiples puertos para mejorar la usabilidad<\/strong><\/h3>\n\n<p>\u00a1Versatilidad en estado puro! La SD1 est\u00e1 equipada con tres puertos USB Tipo-A 3.0, que ofrecen a los jugadores el lujo de conectar varios perif\u00e9ricos. Ya sea un mando adicional, unos auriculares o cualquier otro accesorio basado en USB, la estaci\u00f3n de acoplamiento SD1 te garantiza que estar\u00e1s preparado para cualquier escenario de juego. Experimenta velocidades de transferencia de datos m\u00e1s r\u00e1pidas y disfruta de un entorno de juego libre de desorden.   <\/p>\n\n<h3 class=\"wp-block-heading\"><strong>Conectividad robusta y eficiente<\/strong><\/h3>\n\n<p>Un mundo de oportunidades de juego desbloqueadas con un solo cable. La SD1 aprovecha la potencia del USB Tipo-C, garantizando una conexi\u00f3n estable y eficiente entre la base de conexi\u00f3n y tu dispositivo port\u00e1til de juego. Esta innovadora soluci\u00f3n de conectividad no s\u00f3lo promete velocidades de transferencia de datos m\u00e1s r\u00e1pidas, sino que tambi\u00e9n garantiza la compatibilidad universal con los dispositivos de juego m\u00e1s recientes.  <\/p>\n\n<h3 class=\"wp-block-heading\"><strong>Construcci\u00f3n robusta con est\u00e9tica elegante<\/strong><\/h3>\n\n<p>M\u00e1s all\u00e1 de sus proezas t\u00e9cnicas, la SD1 es un testimonio de dise\u00f1o elegante y construcci\u00f3n robusta. Fabricada en aluminio gris, irradia un tacto de primera calidad, al tiempo que promete longevidad. Para garantizar que tus preciados dispositivos de juego est\u00e9n siempre protegidos, est\u00e1 equipada con almohadillas de silicona negra, que ofrecen una capa extra de seguridad contra ara\u00f1azos y resbalones involuntarios.  <\/p>\n\n<h3 class=\"wp-block-heading\"><strong>Compatibilidad universal: \u00a1Un placer para los jugadores!<\/strong><\/h3>\n\n<p>El sello distintivo de un gran accesorio es su adaptabilidad, y el SD1 brilla con luz propia en este aspecto. Dise\u00f1ada para adaptarse a una amplia gama de PC port\u00e1tiles para juegos, garantiza que ning\u00fan jugador se quede atr\u00e1s. Tanto si tienes el \u00faltimo GPD WIN 4 2023 como el ONEXPLAYER 2, esta estaci\u00f3n de acoplamiento es la soluci\u00f3n perfecta para mejorar tus capacidades de juego. Probado con Steam Deck, ROG Ally, GPD WIN 4, GPD WIN 4 2023, ONEXPLAYER 2, AYA NEO 2S, AYA NEO Geek y AYA NEO Geek 1S.   <\/p>\n\n<h3 class=\"wp-block-heading\"><strong>En conclusi\u00f3n<\/strong><\/h3>\n\n<p>Ad\u00e9ntrate en el futuro de los juegos port\u00e1tiles con la Base SD1. No es s\u00f3lo una estaci\u00f3n de acoplamiento; es una experiencia, un viaje, una nueva forma de jugar. Eleva tus sesiones de juego y abraza la nueva era del juego port\u00e1til con la estaci\u00f3n de acoplamiento SD1.  <\/p>\n\n<p><\/p>\n","protected":false},"excerpt":{"rendered":"<ul>\n<li>Estaci\u00f3n de acoplamiento <strong>SD1 <\/strong><\/li>\n<li>Gigabit Ethernet<\/li>\n<li>100 W PD USB-C<\/li>\n<li>Salida HDMI<\/li>\n<li><strong>Compatible con<\/strong> GPD WIN 4 2024 y muchos m\u00e1s<\/li>\n<\/ul>\n[cg_accordion title=\"INFORMACI\u00d3N SOBRE EL PAGO\"]<\/p>\n<p>Utilizamos la \u00faltima tecnolog\u00eda en procesamiento de pagos, lo que le permite pagar a trav\u00e9s de Apple Pay, Google Pay, su tarjeta de d\u00e9bito\/cr\u00e9dito, PayPal o m\u00e9todos BNPL como Klarna, Affirm o AfterPay para una experiencia r\u00e1pida y segura.[\/cg_accordion]\n[cg_accordion title=\"GARANT\u00cdA\"]<\/p>\n<p>2 a\u00f1os de garant\u00eda de <a href=\"https:\/\/droix.net\/\" target=\"_blank\" rel=\"nofollow noopener\">DROIX Global<\/a> para su tranquilidad[\/cg_accordion]\n[cg_accordion title=\"PRECIOS, IMPUESTOS Y ENV\u00cdO\"]<\/p>\n<p><strong><u>Nota:<\/u><\/strong><\/p>\n<ul>\n<li>Clientes de Estados Unidos: El precio indicado NO incluye impuestos ni aranceles. El cliente es responsable del despacho de aduanas y del pago de los impuestos y aranceles correspondientes. <\/li>\n<li>Clientes de la UE: El precio mostrado incluye el IMPUESTO aplicable, que puede ser de hasta el 25% dependiendo de su pa\u00eds.<\/li>\n<li>Clientes de Canad\u00e1: El precio mostrado incluye los impuestos aplicables, que pueden incluir un 5% de GST e impuestos de venta provinciales (PST) adicionales, impuesto de venta armonizado (HST) o impuesto de venta de Quebec (QST), dependiendo de su provincia.<\/li>\n<\/ul>\n<p><strong>S\u00d3LO para clientes de la UE:<\/strong> Express DDP (Entrega con derechos pagados). Esto significa: <\/p>\n<ul>\n<li>Todos los derechos de aduana e impuestos est\u00e1n incluidos en el precio que aparece en la p\u00e1gina del producto.<\/li>\n<li>No tendr\u00e1 que pagar ning\u00fan gasto adicional en el momento de la entrega.<\/li>\n<li>En el raro caso de que surjan problemas relacionados con las aduanas, nuestro equipo se encargar\u00e1 del proceso de despacho de aduanas en su nombre para garantizar una entrega sin problemas.<\/li>\n<p>Informaci\u00f3n importante sobre devoluciones:<\/p>\n<li>Si decide devolver su pedido o solicitar un reembolso, tenga en cuenta que los impuestos y aranceles pagados en su nombre con arreglo a las condiciones del DDP no pueden reembolsarse.<\/li>\n<p>Consulte nuestras <a href=\"https:\/\/gpdstore.net\/es\/terms-of-service\/\" target=\"_blank\" rel=\"nofollow noopener\">Condiciones generales<\/a> para obtener informaci\u00f3n detallada.\n<\/ul>\n<p>[\/cg_accordion]\n[cg_accordion title=\"ATENCI\u00d3N AL CLIENTE\"]<\/p>\n<p>\u00bfTiene alguna pregunta? Estamos a un paso de resolver su problema.<br \/>\n[\/cg_accordion]\n[cg_accordion title=\"QU\u00c9 INCLUYE\"]<\/p>\n<ul>\n<li>1x Estaci\u00f3n de acoplamiento SD1<\/li>\n<\/ul>\n<p>[\/cg_accordion]\n","protected":false},"featured_media":11343,"template":"","meta":{"_acf_changed":false},"product_brand":[],"product_cat":[1338],"product_tag":[14800,3187],"woo-feed-brand":[2429],"class_list":{"0":"post-8543","1":"product","2":"type-product","3":"status-publish","4":"has-post-thumbnail","6":"product_cat-accesorios","7":"product_tag-40xmsale-es","8":"product_tag-droix-hub-es","9":"product_shipping_class-standard","11":"pa_accessory-type-estacion-de-acoplamiento","12":"pa_i-o-video-1x-hdmi-es","13":"woo-feed-brand-droix-es","15":"first","16":"outofstock","17":"sale","18":"taxable","19":"shipping-taxable","20":"purchasable","21":"product-type-simple"},"acf":[],"aioseo_notices":[],"_links":{"self":[{"href":"https:\/\/gpdstore.net\/es\/wp-json\/wp\/v2\/product\/8543","targetHints":{"allow":["GET"]}}],"collection":[{"href":"https:\/\/gpdstore.net\/es\/wp-json\/wp\/v2\/product"}],"about":[{"href":"https:\/\/gpdstore.net\/es\/wp-json\/wp\/v2\/types\/product"}],"wp:featuredmedia":[{"embeddable":true,"href":"https:\/\/gpdstore.net\/es\/wp-json\/wp\/v2\/media\/11343"}],"wp:attachment":[{"href":"https:\/\/gpdstore.net\/es\/wp-json\/wp\/v2\/media?parent=8543"}],"wp:term":[{"taxonomy":"product_brand","embeddable":true,"href":"https:\/\/gpdstore.net\/es\/wp-json\/wp\/v2\/product_brand?post=8543"},{"taxonomy":"product_cat","embeddable":true,"href":"https:\/\/gpdstore.net\/es\/wp-json\/wp\/v2\/product_cat?post=8543"},{"taxonomy":"product_tag","embeddable":true,"href":"https:\/\/gpdstore.net\/es\/wp-json\/wp\/v2\/product_tag?post=8543"},{"taxonomy":"woo-feed-brand","embeddable":true,"href":"https:\/\/gpdstore.net\/es\/wp-json\/wp\/v2\/woo-feed-brand?post=8543"}],"curies":[{"name":"wp","href":"https:\/\/api.w.org\/{rel}","templated":true}]}}