{"id":8512,"date":"2024-01-23T15:11:56","date_gmt":"2024-01-23T15:11:56","guid":{"rendered":"https:\/\/gpdstore.net\/sin%20categor\u00eda\/mini-punos-gpd-win\/"},"modified":"2025-12-23T10:21:43","modified_gmt":"2025-12-23T10:21:43","slug":"gpd-win-mini-grips","status":"publish","type":"product","link":"https:\/\/gpdstore.net\/es\/product\/gpd-win-mini-grips\/","title":{"rendered":"GPD WIN Mini pu\u00f1os"},"content":{"rendered":"\n<p><strong>GPD WIN Mini Grips &#8211; Mejora tu experiencia de juego<\/strong> <\/p>\n\n<p>Mejora tu GPD WIN Mini con los pu\u00f1os oficiales de GPD WIN Mini. Adem\u00e1s de ofrecer un mejor agarre en el GPD WIN Mini, puede hacer que su GPD WIN Mini se vea un poco m\u00e1s elegante. <\/p>\n","protected":false},"excerpt":{"rendered":"<ul>\n<li>GPD WIN Mini Grips oficiales<\/li>\n<li>Proporcionar una sujeci\u00f3n superior<\/li>\n<li>Comodidad para sesiones prolongadas<\/li>\n<li>F\u00e1cil instalaci\u00f3n y desmontaje<\/li>\n<li>Todo incluido ; Tornillos, destornillador y empu\u00f1aduras<\/li>\n<\/ul>\n<p> [cg_accordion title=\"INFORMACI\u00d3N SOBRE EL PAGO\"] Utilizamos la \u00faltima tecnolog\u00eda en procesamiento de pagos, lo que le permite pagar a trav\u00e9s de Apple Pay, Google Pay, su tarjeta de d\u00e9bito \/ cr\u00e9dito, PayPal o m\u00e9todos BNPL como Klarna, Affirm o AfterPay para una experiencia r\u00e1pida y segura.[\/cg_accordion] [cg_accordion title=\"GARANT\u00cdA\"] Garant\u00eda de 2 a\u00f1os de <a href=\"https:\/\/droix.net\/\" target=\"_blank\" rel=\"nofollow noopener\">DROIX<\/a> Global para su tranquilidad.[\/cg_accordion] [cg_accordion title=\"PRICING, TAXES AND SHIPPING\"] <strong><u>Nota:<\/u><\/strong><\/p>\n<ul>\n<li>Clientes de Estados Unidos: El precio indicado NO incluye impuestos ni aranceles. El cliente es responsable del despacho de aduanas y del pago de los impuestos y aranceles correspondientes. <\/li>\n<li>Clientes de la UE: El precio mostrado incluye el IMPUESTO aplicable, que puede ser de hasta el 25% dependiendo de su pa\u00eds.<\/li>\n<li>Clientes de Canad\u00e1: El precio mostrado incluye los impuestos aplicables, que pueden incluir un 5% de GST e impuestos de venta provinciales (PST) adicionales, impuesto de venta armonizado (HST) o impuesto de venta de Quebec (QST), dependiendo de su provincia.<\/li>\n<\/ul>\n<p><strong>S\u00d3LO para clientes de la UE:<\/strong> Express DDP (Entrega con derechos pagados). Esto significa: <\/p>\n<ul>\n<li style=\"list-style-type: none;\">\n<ul>\n<li>Todos los derechos de aduana e impuestos est\u00e1n incluidos en el precio que aparece en la p\u00e1gina del producto.<\/li>\n<li>No tendr\u00e1 que pagar ning\u00fan gasto adicional en el momento de la entrega.<\/li>\n<li>En el raro caso de que surjan problemas relacionados con las aduanas, nuestro equipo se encargar\u00e1 del proceso de despacho de aduanas en su nombre para garantizar una entrega sin problemas.<\/li>\n<p>Informaci\u00f3n importante sobre devoluciones:<\/p>\n<li>Si decide devolver su pedido o solicitar un reembolso, tenga en cuenta que los impuestos y aranceles pagados en su nombre con arreglo a las condiciones del DDP no pueden reembolsarse.<\/li>\n<p>Consulte nuestra<\/ul>\n<\/li>\n<\/ul>\n<p><a href=\"https:\/\/gpdstore.net\/es\/terms-of-service\/\" target=\"_blank\" rel=\"nofollow noopener\">Condiciones generales<\/a><\/p>\n<ul>para obtener informaci\u00f3n detallada.<\/ul>\n<p>[\/cg_accordion] [cg_accordion title=\"ATENCI\u00d3N AL CLIENTE\"]  \u00bfTiene alguna pregunta? Estamos a un paso de resolver su problema.   [\/cg_accordion] [cg_accordion title=\"WHAT'S INCLUDED\"]<\/p>\n<ul>\n<li>1x GPD WIN Mini Grips<\/li>\n<\/ul>\n<p>[\/cg_accordion]<\/p>\n","protected":false},"featured_media":11056,"template":"","meta":{"_acf_changed":false},"product_brand":[],"product_cat":[1338],"product_tag":[12487,4529],"woo-feed-brand":[738],"class_list":{"0":"post-8512","1":"product","2":"type-product","3":"status-publish","4":"has-post-thumbnail","6":"product_cat-accesorios","7":"product_tag-25bfsale-es","8":"product_tag-gpd-win-mini-accesorio","9":"product_shipping_class-standard","11":"pa_accessory-type-agarra","12":"pa_brand-gpd","13":"woo-feed-brand-gpd-es","15":"first","16":"outofstock","17":"sale","18":"taxable","19":"shipping-taxable","20":"purchasable","21":"product-type-variable","22":"has-default-attributes"},"acf":[],"aioseo_notices":[],"_links":{"self":[{"href":"https:\/\/gpdstore.net\/es\/wp-json\/wp\/v2\/product\/8512","targetHints":{"allow":["GET"]}}],"collection":[{"href":"https:\/\/gpdstore.net\/es\/wp-json\/wp\/v2\/product"}],"about":[{"href":"https:\/\/gpdstore.net\/es\/wp-json\/wp\/v2\/types\/product"}],"wp:featuredmedia":[{"embeddable":true,"href":"https:\/\/gpdstore.net\/es\/wp-json\/wp\/v2\/media\/11056"}],"wp:attachment":[{"href":"https:\/\/gpdstore.net\/es\/wp-json\/wp\/v2\/media?parent=8512"}],"wp:term":[{"taxonomy":"product_brand","embeddable":true,"href":"https:\/\/gpdstore.net\/es\/wp-json\/wp\/v2\/product_brand?post=8512"},{"taxonomy":"product_cat","embeddable":true,"href":"https:\/\/gpdstore.net\/es\/wp-json\/wp\/v2\/product_cat?post=8512"},{"taxonomy":"product_tag","embeddable":true,"href":"https:\/\/gpdstore.net\/es\/wp-json\/wp\/v2\/product_tag?post=8512"},{"taxonomy":"woo-feed-brand","embeddable":true,"href":"https:\/\/gpdstore.net\/es\/wp-json\/wp\/v2\/woo-feed-brand?post=8512"}],"curies":[{"name":"wp","href":"https:\/\/api.w.org\/{rel}","templated":true}]}}