{"id":8453,"date":"2024-01-23T12:16:16","date_gmt":"2024-01-23T12:16:16","guid":{"rendered":"https:\/\/gpdstore.net\/sin%20categor\u00eda\/gpd-micro-pc\/"},"modified":"2025-12-23T10:23:48","modified_gmt":"2025-12-23T10:23:48","slug":"gpd-micro-pc","status":"publish","type":"product","link":"https:\/\/gpdstore.net\/es\/product\/gpd-micro-pc\/","title":{"rendered":"GPD Micro PC UMPC"},"content":{"rendered":"\n<figure class=\"wp-block-video\"><video controls=\"\" muted=\"\" poster=\"https:\/\/gpdstore.net\/wp-content\/uploads\/2024\/01\/gpd-hero.jpg\" src=\"https:\/\/gpdstore.net\/wp-content\/uploads\/2024\/01\/Video-Project-22.mp4\"><\/video><\/figure>\n\n<div class=\"wp-block-columns is-layout-flex wp-container-core-columns-is-layout-28f84493 wp-block-columns-is-layout-flex\">\n<div class=\"wp-block-column is-layout-flow wp-block-column-is-layout-flow\" style=\"flex-basis:33.33%\">\n<figure class=\"wp-block-image size-full\"><img fetchpriority=\"high\" decoding=\"async\" width=\"1200\" height=\"929\" src=\"https:\/\/gpdstore.net\/wp-content\/uploads\/2024\/05\/1271643.jpg\" alt=\"GPD Micro PC, un mini PC compacto y vers&#xE1;til dise&#xF1;ado para la inform&#xE1;tica y la productividad sobre la marcha.\" class=\"wp-image-1670\" srcset=\"https:\/\/gpdstore.net\/wp-content\/uploads\/2024\/05\/1271643.jpg 1200w, https:\/\/gpdstore.net\/wp-content\/uploads\/2024\/05\/1271643-150x116.jpg 150w, https:\/\/gpdstore.net\/wp-content\/uploads\/2024\/05\/1271643-600x465.jpg 600w, https:\/\/gpdstore.net\/wp-content\/uploads\/2024\/05\/1271643-768x595.jpg 768w, https:\/\/gpdstore.net\/wp-content\/uploads\/2024\/05\/1271643-990x766.jpg 990w, https:\/\/gpdstore.net\/wp-content\/uploads\/2024\/05\/1271643-441x341.jpg 441w\" sizes=\"(max-width: 1200px) 100vw, 1200px\" \/><\/figure>\n<\/div>\n\n\n\n<div class=\"wp-block-column is-layout-flow wp-block-column-is-layout-flow\" style=\"flex-basis:66.66%\">\n<h2 class=\"wp-block-heading\">Herramienta de productividad m\u00f3vil multi-interfaz: \u00a1el MicroPC de 6&#8243;!<\/h2>\n\n\n\n<p>Mientras que la Microsoft Surface Go ha sido celebrada como una potencia compacta, ligera y asequible, el MicroPC de 6&#8243; la lleva al siguiente nivel. No s\u00f3lo es m\u00e1s peque\u00f1o que el Surface Go, sino que tambi\u00e9n cuenta con m\u00e1s interfaces, lo que lo convierte en un dispositivo incre\u00edblemente vers\u00e1til. Esta maravilla del tama\u00f1o de la palma de la mano, que mide s\u00f3lo 15 mm en su punto m\u00e1s delgado y pesa apenas 440 g, est\u00e1 dise\u00f1ada para ser ultraport\u00e1til sin comprometer el rendimiento. Con un consumo de energ\u00eda de dise\u00f1o t\u00e9rmico de s\u00f3lo 10 W, el MicroPC ofrece un rendimiento a la altura del Surface Go, todo ello a un precio m\u00e1s asequible. Ideal para profesionales de todos los sectores, el MicroPC es la herramienta de productividad m\u00f3vil por excelencia.<\/p>\n<\/div>\n<\/div>\n\n<h2 class=\"wp-block-heading has-text-align-center\">Portabilidad extrema y dise\u00f1o pr\u00e1ctico: Especificaciones y factor de forma del GPD Micro PC<\/h2>\n\n<div class=\"wp-block-columns is-layout-flex wp-container-core-columns-is-layout-28f84493 wp-block-columns-is-layout-flex\">\n<div class=\"wp-block-column is-layout-flow wp-block-column-is-layout-flow\">\n<figure class=\"wp-block-image size-full is-resized\"><img decoding=\"async\" width=\"1000\" height=\"899\" src=\"https:\/\/gpdstore.net\/wp-content\/uploads\/2024\/05\/714PPtewL._AC_UF10001000_QL80_.jpg\" alt=\"GPD Micro PC con pantalla IPS de 6 pulgadas, ideal para inform&#xE1;tica port&#xE1;til y tareas multimedia.\" class=\"wp-image-1675\" style=\"width:299px;height:auto\" srcset=\"https:\/\/gpdstore.net\/wp-content\/uploads\/2024\/05\/714PPtewL._AC_UF10001000_QL80_.jpg 1000w, https:\/\/gpdstore.net\/wp-content\/uploads\/2024\/05\/714PPtewL._AC_UF10001000_QL80_-150x135.jpg 150w, https:\/\/gpdstore.net\/wp-content\/uploads\/2024\/05\/714PPtewL._AC_UF10001000_QL80_-600x539.jpg 600w, https:\/\/gpdstore.net\/wp-content\/uploads\/2024\/05\/714PPtewL._AC_UF10001000_QL80_-768x690.jpg 768w, https:\/\/gpdstore.net\/wp-content\/uploads\/2024\/05\/714PPtewL._AC_UF10001000_QL80_-990x890.jpg 990w, https:\/\/gpdstore.net\/wp-content\/uploads\/2024\/05\/714PPtewL._AC_UF10001000_QL80_-441x396.jpg 441w\" sizes=\"(max-width: 1000px) 100vw, 1000px\" \/><\/figure>\n\n\n\n<h3 class=\"wp-block-heading\">El PC de bolsillo definitivo: Por qu\u00e9 el formato de 6 pulgadas es perfecto para los n\u00f3madas digitales<\/h3>\n\n\n\n<p>Con unas medidas de s\u00f3lo 6 por 4 pulgadas y un peso de s\u00f3lo 440 gramos, este mini PC es perfecto para profesionales, estudiantes y n\u00f3madas digitales siempre en movimiento. Con un procesador Intel de cuatro n\u00facleos, <a href=\"https:\/\/gpdstore.net\/es\/product-attribute\/memory-ram-capacity\/8gb-es\/\" target=\"_blank\" rel=\"noreferrer noopener\">8 GB<\/a> de RAM y almacenamiento de <a href=\"https:\/\/gpdstore.net\/es\/product-attribute\/storage-capacity\/256-gb-es\/\" target=\"_blank\" data-type=\"link\" data-id=\"https:\/\/gpdstore.net\/product-attribute\/storage-capacity\/256gb\/\" rel=\"noreferrer noopener\">256 GB<\/a>, <a href=\"https:\/\/gpdstore.net\/es\/product-attribute\/storage-capacity\/512-gb-es\/\" target=\"_blank\" rel=\"noreferrer noopener\">512 GB<\/a> o <a href=\"https:\/\/gpdstore.net\/es\/product-attribute\/storage-capacity\/1tb-es\/\" target=\"_blank\" rel=\"noreferrer noopener\">1 TB<\/a>, ofrece un rendimiento \u00e1gil para la multitarea y el entretenimiento en su pantalla de alta resoluci\u00f3n.<\/p>\n<\/div>\n\n\n\n<div class=\"wp-block-column is-layout-flow wp-block-column-is-layout-flow\">\n<figure class=\"wp-block-image size-full\"><img decoding=\"async\" width=\"300\" height=\"300\" src=\"https:\/\/gpdstore.net\/wp-content\/uploads\/2024\/05\/078e6b89-8d78-4318-bf09-8caf8fecef63.__CR1800840840_PT0_SX300_V1___.jpg\" alt=\"GPD Micro PC, dise&#xF1;ado para ser resistente a los impactos para una mayor durabilidad en diversos entornos\" class=\"wp-image-1672\" srcset=\"https:\/\/gpdstore.net\/wp-content\/uploads\/2024\/05\/078e6b89-8d78-4318-bf09-8caf8fecef63.__CR1800840840_PT0_SX300_V1___.jpg 300w, https:\/\/gpdstore.net\/wp-content\/uploads\/2024\/05\/078e6b89-8d78-4318-bf09-8caf8fecef63.__CR1800840840_PT0_SX300_V1___-150x150.jpg 150w, https:\/\/gpdstore.net\/wp-content\/uploads\/2024\/05\/078e6b89-8d78-4318-bf09-8caf8fecef63.__CR1800840840_PT0_SX300_V1___-100x100.jpg 100w\" sizes=\"(max-width: 300px) 100vw, 300px\" \/><\/figure>\n\n\n\n<h3 class=\"wp-block-heading\"><strong>Carcasa ABS de calidad aeron\u00e1utica: Revisi\u00f3n de la durabilidad y protecci\u00f3n del GPD Micro PC<\/strong><\/h3>\n\n\n\n<p>Fabricado con resina sint\u00e9tica ABS antichoque de grado aeron\u00e1utico LG-DOW 121H, importada de Corea del Sur, este material ofrece una durabilidad y protecci\u00f3n excepcionales. Con un grosor considerable de 1 mm, presume de ser ign\u00edfugo, resistente a altas temperaturas y con certificaci\u00f3n ign\u00edfuga V-0. Su impresionante dureza Rockwell de hasta 109 R y su resistencia a la flexi\u00f3n de 26000 kg\/cm\u00b2.<\/p>\n<\/div>\n\n\n\n<div class=\"wp-block-column is-layout-flow wp-block-column-is-layout-flow\">\n<figure class=\"wp-block-image size-full\"><img loading=\"lazy\" decoding=\"async\" width=\"300\" height=\"300\" src=\"https:\/\/gpdstore.net\/wp-content\/uploads\/2024\/05\/84908091-c530-4179-9369-d0a566b13ce8.__CR1260949949_PT0_SX300_V1___.jpg\" alt=\"GPD Micro PC con soporte para perif&#xE9;ricos ampliados, que permite una conectividad y funcionalidad vers&#xE1;tiles en un formato compacto\" class=\"wp-image-1674\" srcset=\"https:\/\/gpdstore.net\/wp-content\/uploads\/2024\/05\/84908091-c530-4179-9369-d0a566b13ce8.__CR1260949949_PT0_SX300_V1___.jpg 300w, https:\/\/gpdstore.net\/wp-content\/uploads\/2024\/05\/84908091-c530-4179-9369-d0a566b13ce8.__CR1260949949_PT0_SX300_V1___-150x150.jpg 150w, https:\/\/gpdstore.net\/wp-content\/uploads\/2024\/05\/84908091-c530-4179-9369-d0a566b13ce8.__CR1260949949_PT0_SX300_V1___-100x100.jpg 100w\" sizes=\"(max-width: 300px) 100vw, 300px\" \/><\/figure>\n\n\n\n<h3 class=\"wp-block-heading\"><strong>Ampliaci\u00f3n del almacenamiento y la funcionalidad: Usando el USB 3.0 y la Ranura Micro SD<\/strong><\/h3>\n\n\n\n<p>Equipado con tres interfaces USB 3.0 y una ranura Micro SD, este dispositivo puede alojar hasta cuatro dispositivos de almacenamiento externo, ofreciendo una capacidad de almacenamiento pr\u00e1cticamente ilimitada. Pero la versatilidad no acaba ah\u00ed. Con la opci\u00f3n de conectar perif\u00e9ricos adicionales a trav\u00e9s del Hub, puedes personalizar tu configuraci\u00f3n para adaptarla a tus necesidades, ya sea mejorar la productividad o ampliar la funcionalidad.<\/p>\n<\/div>\n<\/div>\n\n<figure class=\"wp-block-image size-large\"><img loading=\"lazy\" decoding=\"async\" width=\"1200\" height=\"563\" src=\"https:\/\/gpdstore.net\/wp-content\/uploads\/2024\/05\/1068053-1200x563.jpg\" alt=\"GPD Micro PC, un miniordenador compacto y potente ideal para la inform&#xE1;tica m&#xF3;vil y la productividad en los desplazamientos\" class=\"wp-image-1678\" srcset=\"https:\/\/gpdstore.net\/wp-content\/uploads\/2024\/05\/1068053-1200x563.jpg 1200w, https:\/\/gpdstore.net\/wp-content\/uploads\/2024\/05\/1068053-150x70.jpg 150w, https:\/\/gpdstore.net\/wp-content\/uploads\/2024\/05\/1068053-600x281.jpg 600w, https:\/\/gpdstore.net\/wp-content\/uploads\/2024\/05\/1068053-768x360.jpg 768w, https:\/\/gpdstore.net\/wp-content\/uploads\/2024\/05\/1068053-1536x720.jpg 1536w, https:\/\/gpdstore.net\/wp-content\/uploads\/2024\/05\/1068053-990x464.jpg 990w, https:\/\/gpdstore.net\/wp-content\/uploads\/2024\/05\/1068053-441x207.jpg 441w, https:\/\/gpdstore.net\/wp-content\/uploads\/2024\/05\/1068053.jpg 1920w\" sizes=\"(max-width: 1200px) 100vw, 1200px\" \/><\/figure>\n\n<p><br\/>Experimenta un rendimiento de primer nivel en un paquete compacto con el GPD Micro PC. Este miniport\u00e1til con Windows 10 PRO est\u00e1 hecho a medida para quienes buscan un PC industrial r\u00e1pido y eficiente con s\u00f3lidos puertos de comunicaci\u00f3n.<\/p>\n\n<figure class=\"wp-block-image size-large\"><img loading=\"lazy\" decoding=\"async\" width=\"1200\" height=\"600\" src=\"https:\/\/gpdstore.net\/wp-content\/uploads\/2024\/05\/MicroPC-1200x600.jpg\" alt=\"GPD Micro PC, un peque&#xF1;o pero potente ordenador port&#xE1;til dise&#xF1;ado para tareas inform&#xE1;ticas vers&#xE1;tiles\" class=\"wp-image-1677\" srcset=\"https:\/\/gpdstore.net\/wp-content\/uploads\/2024\/05\/MicroPC-1200x600.jpg 1200w, https:\/\/gpdstore.net\/wp-content\/uploads\/2024\/05\/MicroPC-150x75.jpg 150w, https:\/\/gpdstore.net\/wp-content\/uploads\/2024\/05\/MicroPC-600x300.jpg 600w, https:\/\/gpdstore.net\/wp-content\/uploads\/2024\/05\/MicroPC-768x384.jpg 768w, https:\/\/gpdstore.net\/wp-content\/uploads\/2024\/05\/MicroPC-1536x768.jpg 1536w, https:\/\/gpdstore.net\/wp-content\/uploads\/2024\/05\/MicroPC-990x495.jpg 990w, https:\/\/gpdstore.net\/wp-content\/uploads\/2024\/05\/MicroPC-441x221.jpg 441w, https:\/\/gpdstore.net\/wp-content\/uploads\/2024\/05\/MicroPC.jpg 1920w\" sizes=\"(max-width: 1200px) 100vw, 1200px\" \/><\/figure>\n\n<p>Funcionando con un procesador Intel\u00ae Celeron\u00ae N4120 Quad Core de alta velocidad, que alcanza una frecuencia turbo de hasta 2,6 GHz, y respaldado por <a href=\"https:\/\/gpdstore.net\/es\/product-attribute\/memory-ram-capacity\/8gb-es\/\" target=\"_blank\" rel=\"noreferrer noopener\">8 GB<\/a> de veloz memoria RAM <a href=\"https:\/\/gpdstore.net\/es\/product-attribute\/memory-ram-technology\/lpddr4-es\/\" target=\"_blank\" rel=\"noreferrer noopener\">LPDDR4<\/a>, el Micro PC ofrece un rendimiento impresionante. Elige entre tres opciones de almacenamiento: <a href=\"https:\/\/gpdstore.net\/es\/product-attribute\/storage-capacity\/256-gb-es\/\" target=\"_blank\" rel=\"noreferrer noopener\">256 GB<\/a>, <a href=\"https:\/\/gpdstore.net\/es\/product-attribute\/storage-capacity\/512-gb-es\/\" target=\"_blank\" rel=\"noreferrer noopener\">512 GB<\/a> o <a href=\"https:\/\/gpdstore.net\/es\/product-attribute\/storage-capacity\/1tb-es\/\" target=\"_blank\" rel=\"noreferrer noopener\">1 TB<\/a> NGFF M.2 SATA SSD, con la flexibilidad de actualizarlo m\u00e1s adelante.<\/p>\n\n<p>La conectividad es un aspecto destacado, rivalizando incluso con los PC industriales de tama\u00f1o normal, ya que cuenta con tres puertos USB 3.0 Tipo A, un puerto USB Tipo-C, un puerto serie RS232, un puerto Ethernet RJ45 a 1 GB\/s, un puerto HDMI y un lector de tarjetas MicroSD. Las opciones inal\u00e1mbricas incluyen Wi-Fi de doble banda 802.11b\/g\/n\/ac, 2,4G\/5G y <a href=\"https:\/\/gpdstore.net\/es\/product-attribute\/bluetooth\/4-2-es\/\" target=\"_blank\" rel=\"noreferrer noopener\">Bluetooth 4.2<\/a>.<\/p>\n\n<p>La pantalla de 6 pulgadas del Micro PC tiene una resoluci\u00f3n de 1280 x 720 p\u00edxeles y est\u00e1 protegida por un cristal Corning Gorilla Glass 4 resistente a los ara\u00f1azos. A pesar de su potente hardware, este dispositivo es compacto, ya que s\u00f3lo mide 15 cm x 15 cm x 0,9 cm cuando est\u00e1 cerrado, lo suficientemente peque\u00f1o como para caber en un bolsillo o en un bolso peque\u00f1o.<\/p>\n\n<p>Para disfrutar de lo \u00faltimo en microordenadores, el GPD Micro ofrece una portabilidad excepcional, una amplia conectividad y funciones de alto rendimiento, lo que lo convierte en la opci\u00f3n ideal para los entusiastas de los microordenadores con Windows 10&#8230;.<\/p>\n\n<figure class=\"wp-block-image size-large\"><img loading=\"lazy\" decoding=\"async\" width=\"1200\" height=\"500\" src=\"https:\/\/gpdstore.net\/wp-content\/uploads\/2024\/05\/1068559-1200x500.jpg\" alt=\"GPD Micro PC, un miniordenador compacto y robusto perfecto para la inform&#xE1;tica m&#xF3;vil y la productividad.\" class=\"wp-image-1676\" srcset=\"https:\/\/gpdstore.net\/wp-content\/uploads\/2024\/05\/1068559-1200x500.jpg 1200w, https:\/\/gpdstore.net\/wp-content\/uploads\/2024\/05\/1068559-150x63.jpg 150w, https:\/\/gpdstore.net\/wp-content\/uploads\/2024\/05\/1068559-600x250.jpg 600w, https:\/\/gpdstore.net\/wp-content\/uploads\/2024\/05\/1068559-768x320.jpg 768w, https:\/\/gpdstore.net\/wp-content\/uploads\/2024\/05\/1068559-1536x640.jpg 1536w, https:\/\/gpdstore.net\/wp-content\/uploads\/2024\/05\/1068559-990x413.jpg 990w, https:\/\/gpdstore.net\/wp-content\/uploads\/2024\/05\/1068559-441x184.jpg 441w, https:\/\/gpdstore.net\/wp-content\/uploads\/2024\/05\/1068559.jpg 1920w\" sizes=\"(max-width: 1200px) 100vw, 1200px\" \/><\/figure>\n","protected":false},"excerpt":{"rendered":"<ul>\n<li>A la medida de los profesionales inform\u00e1ticos<\/li>\n<li>Chipset Intel N4120<\/li>\n<li>Windows 10 <strong>Pro<\/strong><\/li>\n<li>Puerto serie RS-232<\/li>\n<li>Wi-Fi de doble banda y 1 puerto Gigabit RJ45<\/li>\n<\/ul>\n<p>[cg_accordion title=\"INFORMACI\u00d3N SOBRE EL PAGO\"]  Utilizamos la \u00faltima tecnolog\u00eda en procesamiento de pagos, lo que te permite pagar con tarjeta de d\u00e9bito\/cr\u00e9dito o PayPal de forma r\u00e1pida y segura.[\/cg_accordion] [cg_accordion title=\"GARANT\u00cdA\"]  2 A\u00f1os de Garant\u00eda de <a href=\"https:\/\/droix.net\/\" target=\"_blank\" rel=\"nofollow noopener\">DROIX<\/a> Global para tu tranquilidad[\/cg_accordion] [cg_accordion title=\"GARANT\u00cdA DE CALIDAD Y PRUEBAS PREVIAS A LA EXPEDICI\u00d3N\"]  Garantizamos la satisfacci\u00f3n del cliente al m\u00e1s alto nivel: Cada dispositivo se somete a rigurosas pruebas y a una comprobaci\u00f3n de garant\u00eda de calidad en varios puntos antes de ser enviado. Nuestro equipo especializado verifica el rendimiento, la funcionalidad y la integridad de los componentes para garantizar que tu dispositivo GPD est\u00e9 en perfecto estado de funcionamiento a su llegada, proporcion\u00e1ndote confianza y tranquilidad. [\/cg_accordion] [cg_accordion title=\"PRICING, TAXES AND SHIPPING\"] <strong><u>Nota:<\/u><\/strong><\/p>\n<ul>\n<li>Clientes de Estados Unidos: El precio indicado NO incluye impuestos ni aranceles. El cliente es responsable del despacho de aduanas y del pago de los impuestos y aranceles correspondientes. <\/li>\n<li>Clientes de la UE: El precio mostrado incluye el IMPUESTO aplicable, que puede ser de hasta el 25% dependiendo de su pa\u00eds.<\/li>\n<li>Clientes de Canad\u00e1: El precio mostrado incluye los impuestos aplicables, que pueden incluir un 5% de GST e impuestos de venta provinciales (PST) adicionales, impuesto de venta armonizado (HST) o impuesto de venta de Quebec (QST), dependiendo de su provincia.<\/li>\n<\/ul>\n<p><strong>S\u00d3LO para clientes de la UE:<\/strong> Express DDP (Entrega con derechos pagados). Esto significa: <\/p>\n<ul>\n<li style=\"list-style-type: none;\">\n<ul>\n<li>Todos los derechos de aduana e impuestos est\u00e1n incluidos en el precio que aparece en la p\u00e1gina del producto.<\/li>\n<li>No tendr\u00e1 que pagar ning\u00fan gasto adicional en el momento de la entrega.<\/li>\n<li>En el raro caso de que surjan problemas relacionados con las aduanas, nuestro equipo se encargar\u00e1 del proceso de despacho de aduanas en su nombre para garantizar una entrega sin problemas.<\/li>\n<p>Informaci\u00f3n importante sobre devoluciones:<\/p>\n<li>Si decide devolver su pedido o solicitar un reembolso, tenga en cuenta que los impuestos y aranceles pagados en su nombre con arreglo a las condiciones del DDP no pueden reembolsarse.<\/li>\n<p>Consulte nuestra<\/ul>\n<\/li>\n<\/ul>\n<p><a href=\"https:\/\/droix.net\/terms-and-conditions\/\" target=\"_blank\" rel=\"nofollow noopener\">Condiciones generales<\/a><\/p>\n<ul>para obtener informaci\u00f3n detallada.<\/ul>\n<p>[\/cg_accordion] [cg_accordion title=\"ATENCI\u00d3N AL CLIENTE\"]  \u00bfTiene alguna pregunta? Estamos a un paso de resolver su problema.  Consulte nuestras <a href=\"https:\/\/gpdstore.net\/es\/terms-of-service\/\" target=\"_blank\" rel=\"nofollow noopener\">Condiciones generales<\/a> para obtener informaci\u00f3n detallada.  [\/cg_accordion] [cg_accordion title=\"WHAT'S INCLUDED\"]<\/p>\n<ul>\n<li>1x GPD Micro PC<\/li>\n<li>1x adaptador de corriente<\/li>\n<li>1x Cable USB Tipo-C<\/li>\n<li>1x Manual del usuario<\/li>\n<\/ul>\n<p>[\/cg_accordion]<\/p>\n","protected":false},"featured_media":10854,"template":"","meta":{"_acf_changed":false},"product_brand":[],"product_cat":[1281],"product_tag":[16897,4613],"woo-feed-brand":[738],"class_list":{"0":"post-8453","1":"product","2":"type-product","3":"status-publish","4":"has-post-thumbnail","6":"product_cat-miniportatiles-gpd","7":"product_tag-10xmsale-es","8":"product_tag-gpd-micro-pc-es","9":"product_shipping_class-standard","10":"pa_bluetooth-4-2-es","11":"pa_brand-gpd","12":"pa_graphics-gpu-model-graficos-uhd-600","13":"pa_i-o-video-1x-hdmi-2-0-tipo-a","14":"pa_memory-ram-capacity-8gb-es","15":"pa_memory-ram-technology-lpddr4-es","16":"pa_processor-cpu-model-celeron-n4120-processor","17":"pa_storage-capacity-256-gb-es","18":"pa_storage-capacity-256gb","19":"pa_storage-capacity-512-gb-es","20":"pa_storage-capacity-512gb","21":"pa_storage-capacity-1tb-es","22":"pa_storage-capacity-1tb","23":"pa_storage-technology-unidad-ssd-m-2-2242","24":"pa_wi-fi-2-4g-5g-doble-banda","25":"woo-feed-brand-gpd-es","27":"first","28":"outofstock","29":"sale","30":"taxable","31":"shipping-taxable","32":"purchasable","33":"product-type-variable","34":"has-default-attributes"},"acf":[],"aioseo_notices":[],"_links":{"self":[{"href":"https:\/\/gpdstore.net\/es\/wp-json\/wp\/v2\/product\/8453","targetHints":{"allow":["GET"]}}],"collection":[{"href":"https:\/\/gpdstore.net\/es\/wp-json\/wp\/v2\/product"}],"about":[{"href":"https:\/\/gpdstore.net\/es\/wp-json\/wp\/v2\/types\/product"}],"wp:featuredmedia":[{"embeddable":true,"href":"https:\/\/gpdstore.net\/es\/wp-json\/wp\/v2\/media\/10854"}],"wp:attachment":[{"href":"https:\/\/gpdstore.net\/es\/wp-json\/wp\/v2\/media?parent=8453"}],"wp:term":[{"taxonomy":"product_brand","embeddable":true,"href":"https:\/\/gpdstore.net\/es\/wp-json\/wp\/v2\/product_brand?post=8453"},{"taxonomy":"product_cat","embeddable":true,"href":"https:\/\/gpdstore.net\/es\/wp-json\/wp\/v2\/product_cat?post=8453"},{"taxonomy":"product_tag","embeddable":true,"href":"https:\/\/gpdstore.net\/es\/wp-json\/wp\/v2\/product_tag?post=8453"},{"taxonomy":"woo-feed-brand","embeddable":true,"href":"https:\/\/gpdstore.net\/es\/wp-json\/wp\/v2\/woo-feed-brand?post=8453"}],"curies":[{"name":"wp","href":"https:\/\/api.w.org\/{rel}","templated":true}]}}