{"id":8168,"date":"2023-11-17T17:45:40","date_gmt":"2023-11-17T17:45:40","guid":{"rendered":"https:\/\/gpdstore.net\/sin%20categor\u00eda\/gpd-win-mini-pc-portatil-para-juegos\/"},"modified":"2025-12-19T16:26:56","modified_gmt":"2025-12-19T16:26:56","slug":"gpd-win-mini","status":"publish","type":"product","link":"https:\/\/gpdstore.net\/es\/product\/gpd-win-mini\/","title":{"rendered":"GPD WIN Mini PC port\u00e1til para juegos"},"content":{"rendered":"\n<figure class=\"wp-block-video\"><video controls=\"\" src=\"https:\/\/gpdstore.net\/wp-content\/uploads\/\"><\/video><\/figure>\n\n<div class=\"wp-block-columns is-layout-flex wp-container-core-columns-is-layout-28f84493 wp-block-columns-is-layout-flex\">\n<div class=\"wp-block-column is-layout-flow wp-block-column-is-layout-flow\" style=\"flex-basis:33.33%\">\n<figure class=\"wp-block-image size-full\"><img fetchpriority=\"high\" decoding=\"async\" width=\"640\" height=\"640\" src=\"https:\/\/gpdstore.net\/wp-content\/uploads\/2024\/03\/4ebac7a0-58e9-47ef-a036-783efd2a5e00._CR00640640_.jpg\" alt=\"gpd win mini 2024\" class=\"wp-image-1650\" srcset=\"https:\/\/gpdstore.net\/wp-content\/uploads\/2024\/03\/4ebac7a0-58e9-47ef-a036-783efd2a5e00._CR00640640_.jpg 640w, https:\/\/gpdstore.net\/wp-content\/uploads\/2024\/03\/4ebac7a0-58e9-47ef-a036-783efd2a5e00._CR00640640_-600x600.jpg 600w, https:\/\/gpdstore.net\/wp-content\/uploads\/2024\/03\/4ebac7a0-58e9-47ef-a036-783efd2a5e00._CR00640640_-150x150.jpg 150w, https:\/\/gpdstore.net\/wp-content\/uploads\/2024\/03\/4ebac7a0-58e9-47ef-a036-783efd2a5e00._CR00640640_-441x441.jpg 441w, https:\/\/gpdstore.net\/wp-content\/uploads\/2024\/03\/4ebac7a0-58e9-47ef-a036-783efd2a5e00._CR00640640_-100x100.jpg 100w\" sizes=\"(max-width: 640px) 100vw, 640px\" \/><\/figure>\n<\/div>\n\n\n\n<div class=\"wp-block-column is-layout-flow wp-block-column-is-layout-flow\" style=\"flex-basis:66.66%\">\n<h2 class=\"wp-block-heading\"><strong>GPD WIN Mini (2023 Edition) &#8211; AMD Ryzen 7 7840U Handheld Gaming PC | 7&#8243; 120Hz LTPS Screen | 32GB\/64GB LPDDR5 | OcuLink SGLM Support &#8211; Best Value UMPC<\/strong><\/h2>\n\n\n\n<p>Why pay 2025 flagship prices? The GPD WIN Mini (2023 Edition) remains the ultimate &#8220;Silicon Sweet Spot.&#8221; Powered by the legendary AMD Ryzen 7 7840U, it delivers the perfect balance of Zen 4 power and portability for gamers who demand elite performance without the &#8220;Strix Point&#8221; premium. This Mobile Gaming PC redefines on-the-go gaming by seamlessly integrating the raw power of top-tier hardware into a form factor that comfortably nestles in the palm of your hand. Brace yourself for unparalleled gaming adventures with the GPD WIN Mini, your portal to gaming excellence in a compact, lightweight, and formidable package.<\/p>\n<\/div>\n<\/div>\n\n<h2 class=\"wp-block-heading has-text-align-center\">La precisi\u00f3n se une a la portabilidad: Los controles avanzados y el dise\u00f1o de concha de la GPD WIN Mini<\/h2>\n\n<div class=\"wp-block-columns is-layout-flex wp-container-core-columns-is-layout-28f84493 wp-block-columns-is-layout-flex\">\n<div class=\"wp-block-column is-layout-flow wp-block-column-is-layout-flow\">\n<figure class=\"wp-block-image size-full\"><img decoding=\"async\" width=\"300\" height=\"300\" src=\"https:\/\/gpdstore.net\/wp-content\/uploads\/2024\/03\/cc2489ee-271a-4803-836e-eb3326d46fd8.__CR1310638638_PT0_SX300_V1___-1.png\" alt=\"GPD Win Mini Joysticks\" class=\"wp-image-1652\" srcset=\"https:\/\/gpdstore.net\/wp-content\/uploads\/2024\/03\/cc2489ee-271a-4803-836e-eb3326d46fd8.__CR1310638638_PT0_SX300_V1___-1.png 300w, https:\/\/gpdstore.net\/wp-content\/uploads\/2024\/03\/cc2489ee-271a-4803-836e-eb3326d46fd8.__CR1310638638_PT0_SX300_V1___-1-150x150.png 150w, https:\/\/gpdstore.net\/wp-content\/uploads\/2024\/03\/cc2489ee-271a-4803-836e-eb3326d46fd8.__CR1310638638_PT0_SX300_V1___-1-100x100.png 100w\" sizes=\"(max-width: 300px) 100vw, 300px\" \/><\/figure>\n\n\n\n<h3 class=\"wp-block-heading\"><strong><strong>Cero zonas muertas:<\/strong> Mejora de la precisi\u00f3n en un 37,5% con minijoyas de efecto Hall.<\/strong><\/h3>\n\n\n\n<p>Los mini joysticks de Efecto Hall incorporados adoptan un dise\u00f1o hundido con soporte de presi\u00f3n hacia abajo para L3 y R3, y son infinitamente ajustables y superlineales. Tras la calibraci\u00f3n, los joysticks de Efecto Hall han mejorado la precisi\u00f3n de retorno y la precisi\u00f3n de divisi\u00f3n de tensi\u00f3n en un 37,5% y un 25% respectivamente, en comparaci\u00f3n con los joysticks est\u00e1ndar, eliminando casi por completo la posibilidad de que se produzcan zonas muertas en el punto central. <\/p>\n<\/div>\n\n\n\n<div class=\"wp-block-column is-layout-flow wp-block-column-is-layout-flow\">\n<figure class=\"wp-block-image size-full\"><img decoding=\"async\" src=\"https:\/\/gpdstore.net\/wp-content\/uploads\/\" alt=\"GPD Win Mini L2 R2\" class=\"wp-image-1654\"\/><\/figure>\n\n\n\n<h3 class=\"wp-block-heading\"><strong><strong>Realismo Inmersivo:<\/strong> Simulaci\u00f3n de Tiro y Aceleraci\u00f3n con Disparadores Lineales Anal\u00f3gicos L2\/R2.<\/strong><\/h3>\n\n\n\n<p>En comparaci\u00f3n con el WIN 2, los gatillos L2 \/ R2 del WIN Mini se han cambiado por botones de disparo anal\u00f3gicos lineales, que simulan con precisi\u00f3n la respuesta de los botones bajo diferentes intensidades y permiten disparar, acelerar y realizar otras operaciones con precisi\u00f3n. Esto proporciona una experiencia m\u00e1s realista de los cambios din\u00e1micos en los juegos, un uso c\u00f3modo del mando y una mayor inmersi\u00f3n y jugabilidad en los juegos. <\/p>\n<\/div>\n\n\n\n<div class=\"wp-block-column is-layout-flow wp-block-column-is-layout-flow\">\n<figure class=\"wp-block-image size-full\"><img decoding=\"async\" width=\"300\" height=\"300\" src=\"https:\/\/gpdstore.net\/wp-content\/uploads\/2024\/05\/81bbfc87-3418-4c8a-90fa-bd4c521a3eba.__CR1710559559_PT0_SX300_V1___-1.png\" alt=\"GPD WIN Mini SSD\" class=\"wp-image-1655\" srcset=\"https:\/\/gpdstore.net\/wp-content\/uploads\/2024\/05\/81bbfc87-3418-4c8a-90fa-bd4c521a3eba.__CR1710559559_PT0_SX300_V1___-1.png 300w, https:\/\/gpdstore.net\/wp-content\/uploads\/2024\/05\/81bbfc87-3418-4c8a-90fa-bd4c521a3eba.__CR1710559559_PT0_SX300_V1___-1-150x150.png 150w, https:\/\/gpdstore.net\/wp-content\/uploads\/2024\/05\/81bbfc87-3418-4c8a-90fa-bd4c521a3eba.__CR1710559559_PT0_SX300_V1___-1-65x65.png 65w, https:\/\/gpdstore.net\/wp-content\/uploads\/2024\/05\/81bbfc87-3418-4c8a-90fa-bd4c521a3eba.__CR1710559559_PT0_SX300_V1___-1-100x100.png 100w\" sizes=\"(max-width: 300px) 100vw, 300px\" \/><\/figure>\n\n\n\n<h3 class=\"wp-block-heading\"><strong><strong>Retraso Cero: Elimina los tiempos de carga con hasta 4 TB de almacenamiento SSD PCIe 4.0.<\/strong><\/strong><\/h3>\n\n\n\n<p>El AMD Ryzen 7 7840U es compatible con la especificaci\u00f3n PCIe Gen4 con un rendimiento m\u00e1ximo te\u00f3rico de hasta 7,877 GB\/s. La configuraci\u00f3n oficial incluye un WD SN740 M.2 2230 SSD de 512 GB a 2 TB (PCIe Gen4), con una velocidad de lectura y escritura secuencial medida de hasta 5150 MB\/s, y es ampliable sin l\u00edmites.  <br\/><\/p>\n<\/div>\n<\/div>\n\n<h2 class=\"wp-block-heading has-text-align-center\">Liberar todo el potencial: Conectividad, personalizaci\u00f3n y ecosistema<\/h2>\n\n<div class=\"wp-block-columns is-layout-flex wp-container-core-columns-is-layout-28f84493 wp-block-columns-is-layout-flex\">\n<div class=\"wp-block-column is-layout-flow wp-block-column-is-layout-flow\" style=\"flex-basis:33.33%\">\n<figure class=\"wp-block-image size-full\"><img loading=\"lazy\" decoding=\"async\" width=\"300\" height=\"300\" src=\"https:\/\/gpdstore.net\/wp-content\/uploads\/2024\/03\/49ca9adf-2d79-4de3-8125-bfa7036712ac.__CR00742742_PT0_SX300_V1___.png\" alt=\"65W\" class=\"wp-image-1656\" srcset=\"https:\/\/gpdstore.net\/wp-content\/uploads\/2024\/03\/49ca9adf-2d79-4de3-8125-bfa7036712ac.__CR00742742_PT0_SX300_V1___.png 300w, https:\/\/gpdstore.net\/wp-content\/uploads\/2024\/03\/49ca9adf-2d79-4de3-8125-bfa7036712ac.__CR00742742_PT0_SX300_V1___-150x150.png 150w, https:\/\/gpdstore.net\/wp-content\/uploads\/2024\/03\/49ca9adf-2d79-4de3-8125-bfa7036712ac.__CR00742742_PT0_SX300_V1___-65x65.png 65w, https:\/\/gpdstore.net\/wp-content\/uploads\/2024\/03\/49ca9adf-2d79-4de3-8125-bfa7036712ac.__CR00742742_PT0_SX300_V1___-100x100.png 100w\" sizes=\"(max-width: 300px) 100vw, 300px\" \/><\/figure>\n<\/div>\n\n\n\n<div class=\"wp-block-column is-layout-flow wp-block-column-is-layout-flow\" style=\"flex-basis:66.66%\">\n<h3 class=\"wp-block-heading\"><br\/><br\/>Puerto Tipo-C con todas las funciones<\/h3>\n\n\n\n<p>Cuando se utiliza el puerto USB4, la WIN Mini puede seguir cargando y transfiriendo audio, v\u00eddeo y datos a trav\u00e9s de este puerto Tipo-C completo con un ancho de banda de 10 Gbps (USB 3.2 Gen 2) y compatible con una pantalla externa 8K@60Hz.<\/p>\n<\/div>\n<\/div>\n\n<h2 class=\"wp-block-heading\"><strong>Desatando una destreza de procesamiento sin igual: El dominio de AMD Ryzen<\/strong><\/h2>\n\n<p>Zen 4 Performance: The Legendary 7840U &#8220;Phoenix&#8221;<\/p>\n\n<p>The Emulation King: Native AVX-512 support makes the 7840U faster than many newer chips for PS3 (RPCS3) and Xbox 360 (Xenia) emulation.<\/p>\n\n<p>Radeon 780M + AFMF 2: Boost your frame rates in AAA titles like <em>Cyberpunk 2077<\/em> using the latest AMD Fluid Motion Frames software.<\/p>\n\n<p>64GB LPDDR5 Power: One of the few ultra-portables offering massive RAM configurations for heavy multitasking and virtualization.<\/p>\n\n<p>This Portable Gaming PC fearlessly tackles the most demanding gaming titles and resource-intensive applications, showcasing unparalleled prowess. Immerse yourself in seamless multitasking, accelerated load times, and ultra-smooth gameplay as you traverse the expansive gaming universe on the go.<\/p>\n\n<p>The AMD Ryzen 7 7840U remains a fan favorite in 2025 for its incredible efficiency-to-power ratio.<\/p>\n\n<h2 class=\"wp-block-heading\"><strong>Elevando los visuales m\u00e1s all\u00e1 de la realidad: Gr\u00e1ficos AMD Radeon<\/strong><\/h2>\n\n<p>Disfruta de im\u00e1genes de juego que trascienden la realidad, cortes\u00eda de los gr\u00e1ficos AMD Radeon alojados en el GPD WIN Mini. La AMD Radeon <a href=\"https:\/\/www.techpowerup.com\/gpu-specs\/radeon-780m.c4020\">780M<\/a> (modelo 7840U), con 12 unidades de computaci\u00f3n y velocidades de reloj de hasta 2700 MHz, o la AMD Radeon 760M (modelo 7640U), con 8 unidades de computaci\u00f3n y velocidades de reloj de hasta 2600 MHz, ofrecen gr\u00e1ficos incre\u00edblemente realistas y frecuencias de cuadro ultrarr\u00e1pidas. Sum\u00e9rgete en paisajes exuberantes, entornos realistas y acci\u00f3n explosiva, todo ello presentado en el lienzo del tama\u00f1o de la palma de la mano de esta maravilla port\u00e1til de los juegos.  <\/p>\n\n<h2 class=\"wp-block-heading\"><strong>Memoria y almacenamiento infatigables: Rendimiento a toda potencia<\/strong><\/h2>\n\n<p>Ni\u00e9gate a hacer concesiones cuando se trata de memoria y almacenamiento. El GPD WIN Mini presenta dos opciones de RAM: una asombrosa de 64 GB <a href=\"https:\/\/en.wikipedia.org\/wiki\/LPDDR\">LPDDR5<\/a> 6400 MT\/s con el modelo 7840U, o una robusta de 16 GB LPDDR5 6400 MT\/s con el modelo 7640U. Garantizando que est\u00e1 equipado para manejar los escenarios multitarea m\u00e1s intensivos sin problemas. Con opciones de almacenamiento de hasta unos colosales 2 TB PCIe 4.0 x 4 NVMe 1.3\/1.4, disfrute de un amplio espacio para su extensa biblioteca de juegos, archivos multimedia y mucho m\u00e1s. No m\u00e1s compromisos, solo pura potencia al alcance de tu mano.    <\/p>\n\n<h2 class=\"wp-block-heading\"><strong>Dominio visual elevado: Presentamos la pantalla para juegos de 7 pulgadas y 120 Hz de alta frecuencia de refresco<\/strong><\/h2>\n\n<p>Sum\u00e9rjase en un reino de perfecci\u00f3n visual con la revolucionaria pantalla de juego de 7 pulgadas, una sinfon\u00eda de tecnolog\u00eda LTPS y una impresionante tasa de refresco de 120 Hz. Envuelta en la sexta generaci\u00f3n Corning Gorilla Glass, esta pantalla cautiva con tiempos de respuesta m\u00e1s bajos, mientras que el revestimiento antirreflejos AF+AR orquesta una pantalla sin reflejos, lo que lleva a un brillo radiante de 500 nits. Una resoluci\u00f3n 1080P pinta meticulosamente cada p\u00edxel, mientras que la opci\u00f3n de alternar entre frecuencias de refresco de 60 Hz y 120 Hz esculpe su experiencia visual. A 314 PPP, la nitidez y la inmersi\u00f3n convergen, y la innovaci\u00f3n no cesa: la atenuaci\u00f3n de CC garantiza la indulgencia sin parpadeos en las maravillas del mundo de los juegos.   <\/p>\n\n<h2 class=\"wp-block-heading\"><strong>Carga tu GPD WIN Mini con la GPD G1 eGPU Docking Station<\/strong><\/h2>\n\n<p>La GPD G1 eGPU Docking Station con tarjeta gr\u00e1fica redefine el rendimiento de los juegos con su GPU AMD Radeon RX 7600M XT con arquitectura RDNA 3.0, que proporciona im\u00e1genes asombrosas y un juego fluido. Con 8 GB de RAM GDDR6, la multitarea se vuelve fluida y los tiempos de carga ultrarr\u00e1pidos elevan tu experiencia de juego. Su compatibilidad con <a href=\"https:\/\/droix.net\/blogs\/oculink-transforming-graphics-card-connectivity\/\">OCuLink<\/a> y USB 4 garantiza una conectividad vers\u00e1til entre dispositivos, incluido el GPD WIN Mini, mientras que los m\u00faltiples puertos gr\u00e1ficos y de v\u00eddeo permiten la conexi\u00f3n a tres pantallas externas para una configuraci\u00f3n envolvente. El sistema de refrigeraci\u00f3n activa de GPD G1 mantiene un rendimiento \u00f3ptimo durante las sesiones m\u00e1s intensas.   <\/p>\n\n<h2 class=\"wp-block-heading\"><strong>Controles de juego: Una revoluci\u00f3n en precisi\u00f3n<\/strong><\/h2>\n\n<p>GPD WIN Mini eleva los controles de los juegos al siguiente nivel. Los joysticks duales de efecto Hall ofrecen una entrada precisa y sensible, mientras que el dise\u00f1o infinito y ultralineal erradica las zonas muertas, garantizando que cada movimiento cuente. La funcionalidad L3\/R3, cuando se pulsa, otorga una capa extra de control. Los botones L2 y R2 de disparo anal\u00f3gico lineal ofrecen una sensibilidad inigualable, lo que le permite ajustar con precisi\u00f3n sus acciones. La incorporaci\u00f3n de botones macro programables, el cl\u00e1sico D-pad y los botones de men\u00fa te permiten personalizar tu experiencia de juego hasta el \u00faltimo detalle.    <\/p>\n\n<h2 class=\"wp-block-heading\"><strong>Experiencia de entrada elevada: Excelencia en teclado y touchpad<\/strong><\/h2>\n\n<p>Con un teclado QWERTY completo con teclas de tijera y un dise\u00f1o retroiluminado, el ordenador de juegos de mano GPD WIN Mini va m\u00e1s all\u00e1 del mero juego. Se transforma en un centro neur\u00e1lgico de productividad sobre la marcha, permiti\u00e9ndole alternar a la perfecci\u00f3n entre el trabajo y el juego. La almohadilla t\u00e1ctil de precisi\u00f3n, compatible con gestos de hasta 4 dedos, introduce un nuevo nivel de control, tanto para navegar por los men\u00fas como para editar documentos. Este PC port\u00e1til para juegos no es s\u00f3lo para jugar, sino para mejorar toda su experiencia inform\u00e1tica port\u00e1til.   <\/p>\n\n<h2 class=\"wp-block-heading\"><strong>Audiovisuales inmersivos: Efectos de sonido DTS:X Ultra<\/strong><\/h2>\n\n<p>Prep\u00e1rese para una experiencia audiovisual envolvente que desaf\u00eda las expectativas. El GPD WIN Mini incorpora dos altavoces hiperlineales complementados por <a href=\"DTS:X%20Ultra%20Sonido%20Efectos\">los efectos de sonido DTS:X Ultra<\/a>. Estos efectos simulan la experiencia de audio de una configuraci\u00f3n f\u00edsica de 7.1 canales, envolvi\u00e9ndole en cada sonido, ya sea el susurro de las hojas o el rugido explosivo de un tiroteo. La compatibilidad con auriculares y altavoces garantiza una aventura auditiva a la altura del espect\u00e1culo visual.   <\/p>\n\n<h2 class=\"wp-block-heading\"><strong>Conectividad m\u00e1s all\u00e1 de los l\u00edmites: Wi-Fi 6 y Bluetooth 5.2<\/strong><\/h2>\n\n<p>Mantente conectado all\u00e1 donde te lleven tus juegos. GPD WIN Mini es compatible con Wi-Fi 6 IEEE 802.11 a\/b\/g\/n\/ac\/ax con soporte de banda de frecuencia dual 2.4G\/5G y una velocidad de transmisi\u00f3n m\u00e1xima de 2402 Mbps de doble canal. Esto garantiza juegos en l\u00ednea sin problemas, descargas r\u00e1pidas y streaming sin interrupciones. Con Bluetooth 5.2, conecte f\u00e1cilmente perif\u00e9ricos, auriculares y mucho m\u00e1s, convirtiendo este PC para juegos compacto en su centro de juegos m\u00f3vil definitivo.   <\/p>\n\n<h2 class=\"wp-block-heading\"><strong>Interfaces de E\/S vers\u00e1tiles: USB4 y USB 3.2 Gen 2 Tipo-C<\/strong><\/h2>\n\n<p>El GPD WIN Mini est\u00e1 equipado con una amplia gama de interfaces de E\/S, incluido un rapid\u00edsimo puerto USB4 con velocidades de hasta 40 Gbps. Adem\u00e1s, el puerto USB 3.2 Gen 2 Type-C ofrece velocidades de hasta 10 Gbps, lo que garantiza transferencias de datos ultrarr\u00e1pidas y una conectividad de perif\u00e9ricos fluida. La inclusi\u00f3n del puerto OCuLink (SFF-8612) a\u00f1ade a\u00fan m\u00e1s versatilidad a este ordenador port\u00e1til para juegos, convirti\u00e9ndolo en un concentrador para todas tus necesidades de conectividad.  <\/p>\n\n<h2 class=\"wp-block-heading\"><strong>Almacenamiento ampliable: ranura microSD para mayor comodidad<\/strong><\/h2>\n\n<p>El GPD WIN Mini no se detiene en el amplio almacenamiento interno. Incorpora una ranura microSD con protocolo SD 3.0, compatible con la interfaz de bus UHS-I, Video Speed Class V30 y un impresionante rendimiento de E\/S. Con una velocidad de lectura te\u00f3rica de 160 MB\/s y una velocidad de escritura de 120 MB\/s, ampl\u00ede sin esfuerzo su almacenamiento sobre la marcha. Compatible con tarjetas microSDHC, microSDXC y microSDUC, disfrute de la flexibilidad de transportar sus medios, documentos y archivos con facilidad.   <\/p>\n\n<h2 class=\"wp-block-heading\"><strong>Sesiones de juego prolongadas: Bater\u00eda de larga duraci\u00f3n<\/strong><\/h2>\n\n<p>Juega durante mucho tiempo sin preocuparte de quedarte sin bater\u00eda. GPD WIN Mini est\u00e1 equipado con una bater\u00eda de pol\u00edmero de litio de 44,24 Wh que se adapta a su uso. Tanto si est\u00e1s inmerso en intensas sesiones de juego como si necesitas realizar tareas de trabajo, la duraci\u00f3n de la bater\u00eda no te decepcionar\u00e1. Experimenta hasta 3 horas de uso intensivo, 6-8 horas de uso moderado o unas impresionantes 14 horas de uso ligero, dependiendo de tu escenario de uso espec\u00edfico.   <\/p>\n\n<h2 class=\"wp-block-heading\"><strong>Hecho a mano para la elegancia: Dise\u00f1o de concha de almeja te\u00f1ida de \u00f3xido<\/strong><\/h2>\n\n<p>El GPD WIN Mini no es s\u00f3lo una potencia en rendimiento; es una obra maestra en dise\u00f1o. El dise\u00f1o en forma de almeja te\u00f1ido de \u00f3xido, fabricado con una aleaci\u00f3n de aluminio de primera calidad, no s\u00f3lo irradia elegancia, sino que tambi\u00e9n garantiza su durabilidad. Su formato compacto de 6,6 x 4,2 x 1,02 pulgadas (16,8\u00d710,9\u00d72,6 cm) y su peso de apenas 520 g hacen que sea f\u00e1cil de llevar en el bolso o el bolsillo, garantizando que la excelencia en los juegos est\u00e9 siempre al alcance de la mano.  <\/p>\n\n<h2 class=\"wp-block-heading\"><strong>Por qu\u00e9 deber\u00edas elegir la GPD WIN Mini<\/strong><\/h2>\n\n<p>En conclusi\u00f3n, el GPD WIN Mini Portable Gaming PC no es simplemente un dispositivo de juego; es una potencia port\u00e1til que garantiza un rendimiento sin concesiones, una versatilidad excepcional y una experiencia de juego envolvente que supera las expectativas. Con un hardware de primer nivel, un dise\u00f1o cuidado y un factor de forma que redefine la portabilidad, este PC para juegos compacto es la puerta de entrada a la grandeza de los juegos en cualquier lugar. Eleve su estilo de vida de juego con el GPD WIN Mini y emb\u00e1rquese en un viaje que difumina las l\u00edneas entre la realidad y los mundos virtuales.  <\/p>\n\n<h3 class=\"wp-block-heading\"><strong>Order Your GPD WIN Mini \u2013 In Stock &amp; Ready to Ship<\/strong><\/h3>\n\n<p>Secure the best-value ultra-portable on the market. Get flagship power without the flagship price tag.<\/p>\n\n<ul class=\"wp-block-list\">\n<li>Authentic GPD Product: Guaranteed genuine Zen 4 hardware.<\/li>\n\n\n\n<li>12-Month Official Warranty: Full support for your high-performance investment.<\/li>\n\n\n\n<li>Global Express Shipping: Tracked and insured delivery to your door.<\/li>\n<\/ul>\n\n<p>Explora nuestro an\u00e1lisis completo de GPD WIN Mini <a href=\"https:\/\/droix.net\/blogs\/gpd-win-mini-review\/\">aqu\u00ed<\/a>. \u00bfTe interesa la estaci\u00f3n de acoplamiento GPD G1 eGPU para mejorar tu rendimiento en los juegos? Sum\u00e9rgete en nuestro an\u00e1lisis en profundidad de la estaci\u00f3n de acoplamiento GPD G1 eGPU <a href=\"https:\/\/droix.net\/blogs\/gpd-g1-egpu-docking-station-review\/\">aqu\u00ed<\/a>.<\/p>\n","protected":false},"excerpt":{"rendered":"<ul>\n<li>CPU: AMD Ryzen 5 \/ 7<strong> 7640U \/ 7840U <\/strong> <\/li>\n<li>GPU: AMD Radeon<strong> 760M \/ 780M<\/strong><\/li>\n<li>RAM: hasta<strong> 64 GB LPDDR5 a 6400 MT\/s<\/strong><\/li>\n<li>ALMACENAMIENTO: hasta<strong> 2 TB<\/strong> <strong>Gen 4<\/strong> PCI-E NVMe SSD<\/li>\n<li>CONECTIVIDAD: Compatible con Wi-Fi<strong> 6<\/strong> y Bluetooth <strong>5.2<\/strong> <\/li>\n<\/ul>\n[cg_accordion title=\"INFORMACI\u00d3N SOBRE EL PAGO\"]<\/p>\n<p>Utilizamos la \u00faltima tecnolog\u00eda en procesamiento de pagos, lo que le permite pagar a trav\u00e9s de su tarjeta de d\u00e9bito o cr\u00e9dito, o PayPal para una experiencia r\u00e1pida y segura.[\/cg_accordion]\n[cg_accordion title=\"GARANT\u00cdA\"]<\/p>\n<p>2 a\u00f1os de garant\u00eda de <a href=\"https:\/\/droix.net\/\" target=\"_blank\" rel=\"nofollow noopener\">DROIX Global<\/a> para su tranquilidad[\/cg_accordion]\n[cg_accordion title=\"GARANT\u00cdA DE CALIDAD Y PRUEBAS PREVIAS A LA EXPEDICI\u00d3N\"]<\/p>\n<p>Garantizamos la satisfacci\u00f3n del cliente al m\u00e1s alto nivel: Cada dispositivo se somete a rigurosas pruebas y a una comprobaci\u00f3n de garant\u00eda de calidad en varios puntos antes de ser enviado. Nuestro equipo especializado verifica el rendimiento, la funcionalidad y la integridad de los componentes para garantizar que tu dispositivo GPD est\u00e9 en perfecto estado de funcionamiento a su llegada, proporcion\u00e1ndote confianza y tranquilidad. [\/cg_accordion]\n[cg_accordion title=\"PRECIOS, IMPUESTOS Y GASTOS DE ENV\u00cdO\"]<\/p>\n<p><strong><u>Nota:<\/u><\/strong><\/p>\n<ul>\n<li>Clientes de Estados Unidos: El precio indicado NO incluye impuestos ni aranceles. El cliente es responsable del despacho de aduanas y del pago de los impuestos y aranceles correspondientes. <\/li>\n<li>Clientes de la UE: El precio mostrado incluye el IMPUESTO aplicable, que puede ser de hasta el 25% dependiendo de su pa\u00eds.<\/li>\n<li>Clientes de Canad\u00e1: El precio mostrado incluye los impuestos aplicables, que pueden incluir un 5% de GST e impuestos de venta provinciales (PST) adicionales, impuesto de venta armonizado (HST) o impuesto de venta de Quebec (QST), dependiendo de su provincia.<\/li>\n<\/ul>\n<p><strong>S\u00d3LO para clientes de la UE:<\/strong> Express DDP (Entrega con derechos pagados). Esto significa: <\/p>\n<ul>\n<li>Todos los derechos de aduana e impuestos est\u00e1n incluidos en el precio que aparece en la p\u00e1gina del producto.<\/li>\n<li>No tendr\u00e1 que pagar ning\u00fan gasto adicional en el momento de la entrega.<\/li>\n<li>En el raro caso de que surjan problemas relacionados con las aduanas, nuestro equipo se encargar\u00e1 del proceso de despacho de aduanas en su nombre para garantizar una entrega sin problemas.<\/li>\n<p>Informaci\u00f3n importante sobre devoluciones:<\/p>\n<li>Si decide devolver su pedido o solicitar un reembolso, tenga en cuenta que los impuestos y aranceles pagados en su nombre con arreglo a las condiciones del DDP no pueden reembolsarse.<\/li>\n<p>Consulte nuestras <a href=\"https:\/\/droix.net\/terms-and-conditions\/\" target=\"_blank\" rel=\"nofollow noopener\">Condiciones generales<\/a> para obtener informaci\u00f3n detallada.\n<\/ul>\n<p>[\/cg_accordion]\n[cg_accordion title=\"ATENCI\u00d3N AL CLIENTE\"]<\/p>\n<p>\u00bfTiene alguna pregunta? Estamos a un paso de resolver su problema. <\/p>\n<p>Consulte nuestras <a href=\"https:\/\/gpdstore.net\/es\/terms-of-service\/\" target=\"_blank\" rel=\"nofollow noopener\">Condiciones generales<\/a> para obtener informaci\u00f3n detallada.\n<\/ul>\n<p>[\/cg_accordion]\n[cg_accordion title=\"QU\u00c9 INCLUYE\"]<\/p>\n<ul>\n<li>1x GPD WIN Mini<\/li>\n<li>1x Cable USB-C<\/li>\n<li>1x Enchufe<\/li>\n<li>1x Correa de transporte<\/li>\n<li>1x Conversor USB C &gt; A<\/li>\n<li>1x Gu\u00eda del usuario<\/li>\n<\/ul>\n<p>[\/cg_accordion]\n","protected":false},"featured_media":10507,"template":"","meta":{"_acf_changed":false},"product_brand":[],"product_cat":[734],"product_tag":[16881,4383],"woo-feed-brand":[738],"class_list":{"0":"post-8168","1":"product","2":"type-product","3":"status-publish","4":"has-post-thumbnail","6":"product_cat-gpd-pc-portatil-para-juegos","7":"product_tag-13xmsale-es","8":"product_tag-gpd-win-mini-es","9":"product_shipping_class-premium","10":"pa_bluetooth-5-2-es","11":"pa_brand-gpd","12":"pa_graphics-gpu-model-radeon-760m-es","13":"pa_graphics-gpu-model-graficos-intel-iris-xe","14":"pa_i-o-video-1x-oculink-es","15":"pa_i-o-video-mediante-1x-usb-3-2-gen-2-tipo-c","16":"pa_i-o-video-mediante-1x-usb-4-0-tipo-c-a-40-gb-s","17":"pa_memory-ram-capacity-16-gb-es","18":"pa_memory-ram-capacity-32-gb-es","19":"pa_memory-ram-capacity-64-gb-es","20":"pa_memory-ram-technology-lpddr5-es","21":"pa_processor-cpu-model-amd-ryzen-5-7640u","22":"pa_processor-cpu-model-amd-ryzen-7-7840u","23":"pa_storage-capacity-512-gb-es","24":"pa_storage-capacity-1tb-es","25":"pa_storage-capacity-4tb-es","26":"pa_storage-technology-pcie-gen-4-es","27":"pa_wi-fi-wi-fi-6-es","28":"woo-feed-brand-gpd-es","30":"first","31":"outofstock","32":"sale","33":"taxable","34":"shipping-taxable","35":"purchasable","36":"product-type-variable","37":"has-default-attributes"},"acf":[],"aioseo_notices":[],"_links":{"self":[{"href":"https:\/\/gpdstore.net\/es\/wp-json\/wp\/v2\/product\/8168","targetHints":{"allow":["GET"]}}],"collection":[{"href":"https:\/\/gpdstore.net\/es\/wp-json\/wp\/v2\/product"}],"about":[{"href":"https:\/\/gpdstore.net\/es\/wp-json\/wp\/v2\/types\/product"}],"wp:featuredmedia":[{"embeddable":true,"href":"https:\/\/gpdstore.net\/es\/wp-json\/wp\/v2\/media\/10507"}],"wp:attachment":[{"href":"https:\/\/gpdstore.net\/es\/wp-json\/wp\/v2\/media?parent=8168"}],"wp:term":[{"taxonomy":"product_brand","embeddable":true,"href":"https:\/\/gpdstore.net\/es\/wp-json\/wp\/v2\/product_brand?post=8168"},{"taxonomy":"product_cat","embeddable":true,"href":"https:\/\/gpdstore.net\/es\/wp-json\/wp\/v2\/product_cat?post=8168"},{"taxonomy":"product_tag","embeddable":true,"href":"https:\/\/gpdstore.net\/es\/wp-json\/wp\/v2\/product_tag?post=8168"},{"taxonomy":"woo-feed-brand","embeddable":true,"href":"https:\/\/gpdstore.net\/es\/wp-json\/wp\/v2\/woo-feed-brand?post=8168"}],"curies":[{"name":"wp","href":"https:\/\/api.w.org\/{rel}","templated":true}]}}