{"id":808702,"date":"2024-11-21T09:56:41","date_gmt":"2024-11-21T09:56:41","guid":{"rendered":"https:\/\/gpdstore.net\/?post_type=product&#038;p=808702"},"modified":"2025-12-23T10:03:36","modified_gmt":"2025-12-23T10:03:36","slug":"gpd-duo-protective-case","status":"publish","type":"product","link":"https:\/\/gpdstore.net\/es\/product\/gpd-duo-protective-case\/","title":{"rendered":"Funda protectora GPD DUO"},"content":{"rendered":"\n<p>Protege tu GPD DUO con estilo con la Funda <strong>protectora oficial de GPD DUO<\/strong>. Dise\u00f1ada exclusivamente para la GPD DUO, esta funda elegante y duradera ofrece la combinaci\u00f3n perfecta de funcionalidad y protecci\u00f3n. Tanto si te desplazas al trabajo, como si viajas o simplemente guardas tu dispositivo, esta funda garantiza que tu GPD DUO permanezca segura y protegida.  <\/p>\n\n<p>La funda tiene un <strong>exterior de tela resistente<\/strong> para proteger tu dispositivo de da\u00f1os externos y un <strong>interior suave y acolchado<\/strong> para protegerlo de ara\u00f1azos y golpes. Con su dise\u00f1o compacto, acomoda f\u00e1cilmente tu GPD DUO dejando espacio para los accesorios esenciales. <\/p>\n\n<p>La funda est\u00e1 equipada con <strong>asas dobles<\/strong> para facilitar su transporte y una <strong>correa ajustable para el hombro<\/strong>, lo que te da flexibilidad para llevarla de la forma que m\u00e1s te convenga. Su construcci\u00f3n ligera la hace ideal para usuarios en movimiento que desean una protecci\u00f3n fiable sin un volumen innecesario. <\/p>\n\n<h3 class=\"wp-block-heading\"><strong>Caracter\u00edsticas principales:<\/strong><\/h3>\n\n<ul class=\"wp-block-list\">\n<li>Producto oficial de GPD dise\u00f1ado espec\u00edficamente para la GPD DUO<\/li>\n\n\n\n<li>Exterior de tejido duradero para una mayor protecci\u00f3n<\/li>\n\n\n\n<li>Interior suave y acolchado para proteger tu dispositivo de ara\u00f1azos y golpes<\/li>\n\n\n\n<li>Asas dobles y correa ajustable para el hombro, para opciones de transporte vers\u00e1tiles<\/li>\n\n\n\n<li>Dise\u00f1o compacto y ligero para una m\u00e1xima portabilidad<\/li>\n<\/ul>\n\n<p>Ll\u00e9vate tu GPD DUO a cualquier parte con confianza, sabiendo que est\u00e1 protegida por una funda que combina practicidad, durabilidad y estilo.<\/p>\n\n<p><\/p>\n","protected":false},"excerpt":{"rendered":"<ul>\n<li>Producto oficial <strong>GPD<\/strong> <\/li>\n<li>Dise\u00f1ado espec\u00edficamente para el <strong>GPD DUO<\/strong><\/li>\n<li>Exterior de tejido duradero para una mayor protecci\u00f3n<\/li>\n<li>Interior suave y acolchado para evitar ara\u00f1azos y golpes<\/li>\n<li>Incluye dos asas dobles y una correa ajustable para el hombro, para opciones de transporte vers\u00e1tiles<\/li>\n<\/ul>\n[cg_accordion title=\"INFORMACI\u00d3N SOBRE EL PAGO\"]<\/p>\n<p>Utilizamos la \u00faltima tecnolog\u00eda en procesamiento de pagos, que te permite pagar mediante Apple Pay, Google Pay, tu tarjeta de d\u00e9bito\/cr\u00e9dito, PayPal o m\u00e9todos BNPL como Klarna, Affirm o AfterPay para una experiencia r\u00e1pida y segura.[\/cg_accordion]\n[cg_accordion title=\"GARANT\u00cdA\"]<\/p>\n<p>2 a\u00f1os de garant\u00eda de <a href=\"https:\/\/droix.net\/\" target=\"_blank\" rel=\"nofollow noopener\">DROIX Global<\/a> para su tranquilidad[\/cg_accordion]\n[cg_accordion title=\"PRECIOS, IMPUESTOS Y GASTOS DE ENV\u00cdO\"]<\/p>\n<p><strong><u>Nota:<\/u><\/strong><\/p>\n<ul>\n<li>Clientes de Estados Unidos: El precio indicado NO incluye impuestos ni aranceles. La responsabilidad de despachar aduanas y pagar cualquier impuesto o arancel asociado recae en el cliente. <\/li>\n<li>Clientes de la UE: El precio indicado incluye el IMPUESTO aplicable, que puede ser de hasta el 25% dependiendo de tu pa\u00eds.<\/li>\n<li>Clientes de Canad\u00e1: El precio mostrado incluye los impuestos aplicables, que pueden incluir un 5% de GST e impuestos de venta provinciales (PST), impuestos de venta armonizados (HST) o impuestos de venta de Quebec (QST) adicionales, dependiendo de tu provincia.<\/li>\n<\/ul>\n<p><strong>S\u00d3LO para clientes de la UE:<\/strong> DDP expr\u00e9s (entrega con derechos pagados). Esto significa: <\/p>\n<ul>\n<li>Todos los derechos de aduana e impuestos est\u00e1n incluidos en el precio que aparece en la p\u00e1gina del producto.<\/li>\n<li>No tendr\u00e1s que pagar ning\u00fan gasto adicional en el momento de la entrega.<\/li>\n<li>En el raro caso de que surjan problemas relacionados con las aduanas, nuestro equipo se encargar\u00e1 del proceso de despacho de aduanas en tu nombre para garantizar una experiencia de entrega sin problemas.<\/li>\n<p>Informaci\u00f3n importante sobre devoluciones:<\/p>\n<li>Si decides devolver tu pedido o solicitar un reembolso, ten en cuenta que los impuestos y aranceles pagados en tu nombre seg\u00fan las condiciones del DDP no pueden reembolsarse.<\/li>\n<p>Consulte nuestras <a href=\"https:\/\/gpdstore.net\/es\/terms-of-service\/\" target=\"_blank\" rel=\"nofollow noopener\">Condiciones generales<\/a> para obtener informaci\u00f3n detallada.\n<\/ul>\n<p>[\/cg_accordion]\n[cg_accordion title=\"ATENCI\u00d3N AL CLIENTE\"]<\/p>\n<p>\u00bfTiene alguna pregunta? Estamos a un paso de resolver su problema.<br \/>\n[\/cg_accordion]\n[cg_accordion title=\"QU\u00c9 INCLUYE\"]<\/p>\n<ul>\n<li>1x Estuche GPD DUO<\/li>\n<\/ul>\n<p>[\/cg_accordion]\n","protected":false},"featured_media":818189,"template":"","meta":{"_acf_changed":false},"product_brand":[],"product_cat":[1338],"product_tag":[15759],"woo-feed-brand":[],"class_list":{"0":"post-808702","1":"product","2":"type-product","3":"status-publish","4":"has-post-thumbnail","6":"product_cat-accesorios","7":"product_tag-20xmsale-es-2","8":"product_shipping_class-low-end","9":"pa_accessory-type-funda-protectora","10":"pa_brand-gpd","12":"first","13":"instock","14":"sale","15":"taxable","16":"shipping-taxable","17":"purchasable","18":"product-type-simple"},"acf":[],"aioseo_notices":[],"_links":{"self":[{"href":"https:\/\/gpdstore.net\/es\/wp-json\/wp\/v2\/product\/808702","targetHints":{"allow":["GET"]}}],"collection":[{"href":"https:\/\/gpdstore.net\/es\/wp-json\/wp\/v2\/product"}],"about":[{"href":"https:\/\/gpdstore.net\/es\/wp-json\/wp\/v2\/types\/product"}],"wp:featuredmedia":[{"embeddable":true,"href":"https:\/\/gpdstore.net\/es\/wp-json\/wp\/v2\/media\/818189"}],"wp:attachment":[{"href":"https:\/\/gpdstore.net\/es\/wp-json\/wp\/v2\/media?parent=808702"}],"wp:term":[{"taxonomy":"product_brand","embeddable":true,"href":"https:\/\/gpdstore.net\/es\/wp-json\/wp\/v2\/product_brand?post=808702"},{"taxonomy":"product_cat","embeddable":true,"href":"https:\/\/gpdstore.net\/es\/wp-json\/wp\/v2\/product_cat?post=808702"},{"taxonomy":"product_tag","embeddable":true,"href":"https:\/\/gpdstore.net\/es\/wp-json\/wp\/v2\/product_tag?post=808702"},{"taxonomy":"woo-feed-brand","embeddable":true,"href":"https:\/\/gpdstore.net\/es\/wp-json\/wp\/v2\/woo-feed-brand?post=808702"}],"curies":[{"name":"wp","href":"https:\/\/api.w.org\/{rel}","templated":true}]}}