{"id":8012,"date":"2023-11-17T16:30:05","date_gmt":"2023-11-17T16:30:05","guid":{"rendered":"https:\/\/gpdstore.net\/sin%20categor\u00eda\/gpd-win-max-2-2023-pc-portatil-para-juegos\/"},"modified":"2025-12-19T16:31:36","modified_gmt":"2025-12-19T16:31:36","slug":"gpd-win-max-2-2023","status":"publish","type":"product","link":"https:\/\/gpdstore.net\/es\/product\/gpd-win-max-2-2023\/","title":{"rendered":"GPD WIN MAX 2 2023 PC port\u00e1til para juegos"},"content":{"rendered":"\n<figure class=\"wp-block-video\"><video controls=\"\" muted=\"\" poster=\"https:\/\/gpdstore.net\/wp-content\/uploads\/2024\/03\/q2hzxpbiybborpwbpolh-ezgif.com-webp-to-png-converter.png\" src=\"https:\/\/gpdstore.net\/wp-content\/uploads\/2024\/05\/gpd-win-max-2.mp4\"><\/video><\/figure>\n\n<div class=\"wp-block-columns is-layout-flex wp-container-core-columns-is-layout-28f84493 wp-block-columns-is-layout-flex\">\n<div class=\"wp-block-column is-layout-flow wp-block-column-is-layout-flow\" style=\"flex-basis:33.33%\">\n<figure class=\"wp-block-image size-full\"><img fetchpriority=\"high\" decoding=\"async\" width=\"669\" height=\"582\" src=\"https:\/\/gpdstore.net\/wp-content\/uploads\/2024\/05\/7044098-1.png\" alt=\"gpd win max 2\" class=\"wp-image-1642\" srcset=\"https:\/\/gpdstore.net\/wp-content\/uploads\/2024\/05\/7044098-1.png 669w, https:\/\/gpdstore.net\/wp-content\/uploads\/2024\/05\/7044098-1-150x130.png 150w, https:\/\/gpdstore.net\/wp-content\/uploads\/2024\/05\/7044098-1-600x522.png 600w, https:\/\/gpdstore.net\/wp-content\/uploads\/2024\/05\/7044098-1-441x384.png 441w\" sizes=\"(max-width: 669px) 100vw, 669px\" \/><\/figure>\n<\/div>\n\n\n\n<div class=\"wp-block-column is-layout-flow wp-block-column-is-layout-flow\" style=\"flex-basis:66.66%\">\n<h2 class=\"wp-block-heading\"><strong>GPD WIN MAX 2 2023 Handheld Gaming PC &#8211; AMD Ryzen 7 7840U (Zen 4), 10.1&#8243; 2.5K Display, 64GB RAM, OcuLink Support<\/strong><\/h2>\n\n\n\n<p>Why pay 2025 flagship prices when the GPD WIN MAX 2 2023 remains a top-tier contender? Powered by the legendary AMD Ryzen 7 7840U, this device is the ultimate &#8220;Silicon Sweet Spot&#8221; for gamers and professionals who demand 2.5K resolution and desktop-grade multitasking without the 2025 premium.<\/p>\n<\/div>\n<\/div>\n\n<h2 class=\"wp-block-heading has-text-align-center\">Dise\u00f1ado para la excelencia: Controles de precisi\u00f3n, versatilidad profesional y refrigeraci\u00f3n inteligente<\/h2>\n\n<div class=\"wp-block-columns is-layout-flex wp-container-core-columns-is-layout-28f84493 wp-block-columns-is-layout-flex\">\n<div class=\"wp-block-column is-layout-flow wp-block-column-is-layout-flow\">\n<figure class=\"wp-block-image size-full\"><img decoding=\"async\" width=\"300\" height=\"300\" src=\"https:\/\/gpdstore.net\/wp-content\/uploads\/2024\/05\/074b1b41-54da-4de3-8a68-9035e22feb91.__CR880899899_PT0_SX300_V1___-1.jpg\" alt=\"quitar bot&#xF3;n para gpd win max 2\" class=\"wp-image-1643\" srcset=\"https:\/\/gpdstore.net\/wp-content\/uploads\/2024\/05\/074b1b41-54da-4de3-8a68-9035e22feb91.__CR880899899_PT0_SX300_V1___-1.jpg 300w, https:\/\/gpdstore.net\/wp-content\/uploads\/2024\/05\/074b1b41-54da-4de3-8a68-9035e22feb91.__CR880899899_PT0_SX300_V1___-1-150x150.jpg 150w, https:\/\/gpdstore.net\/wp-content\/uploads\/2024\/05\/074b1b41-54da-4de3-8a68-9035e22feb91.__CR880899899_PT0_SX300_V1___-1-100x100.jpg 100w\" sizes=\"(max-width: 300px) 100vw, 300px\" \/><\/figure>\n\n\n\n<h3 class=\"wp-block-heading\"><strong><strong><strong>La Ventaja del Sensor Hall:<\/strong> C\u00f3mo la Inducci\u00f3n Magn\u00e9tica Elimina el &#8220;Stick Drift&#8221; y el Desgaste F\u00edsico.<\/strong><\/strong><\/h3>\n\n\n\n<p>El potenci\u00f3metro tradicional que se basa en el cepillo de resistencia para generar la se\u00f1al de tensi\u00f3n es propenso a los problemas de \u201cderiva\u201d causados por el desgaste en el uso a largo plazo. Con WIN Max 2 2023, hemos introducido por primera vez palos con sensor Hall con bobinas de inductancia incorporadas. El principio de funcionamiento de la inducci\u00f3n magn\u00e9tica (se generan diferentes flujos magn\u00e9ticos cuando el bast\u00f3n gira a diferentes posiciones, lo que a su vez genera diferentes se\u00f1ales de tensi\u00f3n) determina que los bastones con sensor Hall no sufran desgaste y, por lo tanto, no tengan el problema de la deriva del bast\u00f3n.<\/p>\n<\/div>\n\n\n\n<div class=\"wp-block-column is-layout-flow wp-block-column-is-layout-flow\">\n<figure class=\"wp-block-image size-full\"><img decoding=\"async\" src=\"https:\/\/gpdstore.net\/wp-content\/uploads\/\" alt=\"cubiertas magn&#xE9;ticas para gpd\" class=\"wp-image-1645\"\/><\/figure>\n\n\n\n<h3 class=\"wp-block-heading\"><strong><strong><strong><strong>Magnetic Stealth Covers:<\/strong> Hide the joysticks for a clean, professional look in meetings.<\/strong><\/strong><\/strong><\/h3>\n\n\n\n<p>El mando de juegos integrado en el PC port\u00e1til puede hacerlo inadecuado para el lugar de trabajo. Para solucionar este problema, hemos a\u00f1adido dos fundas de palo para WIN Max 2 2023. El dise\u00f1o magn\u00e9tico garantiza que las dos cubiertas no se caigan al utilizar el dispositivo. Cuando juegues, tambi\u00e9n puedes guardar las fundas en el compartimento trasero, \u00a1lo que ayuda a evitar p\u00e9rdidas accidentales!<\/p>\n<\/div>\n\n\n\n<div class=\"wp-block-column is-layout-flow wp-block-column-is-layout-flow\">\n<figure class=\"wp-block-image size-full\"><img decoding=\"async\" width=\"300\" height=\"300\" src=\"https:\/\/gpdstore.net\/wp-content\/uploads\/2024\/05\/5f397565-522a-44f6-910c-e7d2cec4ed88.__CR107012291229_PT0_SX300_V1___-1.jpg\" alt=\"refrigeraci&#xF3;n win max 2\" class=\"wp-image-1646\" srcset=\"https:\/\/gpdstore.net\/wp-content\/uploads\/2024\/05\/5f397565-522a-44f6-910c-e7d2cec4ed88.__CR107012291229_PT0_SX300_V1___-1.jpg 300w, https:\/\/gpdstore.net\/wp-content\/uploads\/2024\/05\/5f397565-522a-44f6-910c-e7d2cec4ed88.__CR107012291229_PT0_SX300_V1___-1-150x150.jpg 150w, https:\/\/gpdstore.net\/wp-content\/uploads\/2024\/05\/5f397565-522a-44f6-910c-e7d2cec4ed88.__CR107012291229_PT0_SX300_V1___-1-100x100.jpg 100w\" sizes=\"(max-width: 300px) 100vw, 300px\" \/><\/figure>\n\n\n\n<h3 class=\"wp-block-heading\"><strong><strong>Hardware avanzado:<\/strong> Aprovechando un Turboventilador de Alto Rendimiento y Tubos de Calor Dobles para un Flujo de Aire Robusto.<\/strong><\/h3>\n\n\n\n<p>GPD WIN MAX 2 2023 viene con un sistema de refrigeraci\u00f3n mejorado, apto para PC, con un gran turboventilador + tubos de calor dobles, que cuenta con un soplado de aire lateral de gran volumen y un control de velocidad muy inteligente. Cuando la temperatura interna sea inferior a 40\u00b0C, la velocidad del ventilador no superar\u00e1 el 20% de su capacidad m\u00e1xima. Cuando la temperatura interna supera los 40\u00b0C, la velocidad del ventilador aumenta en incrementos PWM del 2% hasta alcanzar su umbral m\u00e1ximo (100%).<\/p>\n<\/div>\n<\/div>\n\n<h3 class=\"wp-block-heading\"><strong>UN PLACER VISUAL: PANTALLA DE CONTROL T\u00c1CTIL DE 10,1<\/strong><\/h3>\n\n<figure class=\"wp-block-image size-large\"><img loading=\"lazy\" decoding=\"async\" width=\"1200\" height=\"782\" src=\"https:\/\/gpdstore.net\/wp-content\/uploads\/2024\/05\/7044066-1-1200x782.png\" alt=\"GPD win max con PC\" class=\"wp-image-1648\" srcset=\"https:\/\/gpdstore.net\/wp-content\/uploads\/2024\/05\/7044066-1-1200x782.png 1200w, https:\/\/gpdstore.net\/wp-content\/uploads\/2024\/05\/7044066-1-150x98.png 150w, https:\/\/gpdstore.net\/wp-content\/uploads\/2024\/05\/7044066-1-600x391.png 600w, https:\/\/gpdstore.net\/wp-content\/uploads\/2024\/05\/7044066-1-768x501.png 768w, https:\/\/gpdstore.net\/wp-content\/uploads\/2024\/05\/7044066-1-990x645.png 990w, https:\/\/gpdstore.net\/wp-content\/uploads\/2024\/05\/7044066-1-441x287.png 441w, https:\/\/gpdstore.net\/wp-content\/uploads\/2024\/05\/7044066-1.png 1442w\" sizes=\"(max-width: 1200px) 100vw, 1200px\" \/><\/figure>\n\n<p>Prep\u00e1rate para asombrarte con la pantalla t\u00e1ctil de 10,1&#8243; y 10 puntos Touch Control de la GPD WIN MAX 2 2023. Con una relaci\u00f3n de aspecto 16:10 y una resoluci\u00f3n de 1920&#215;1200, esta vibrante pantalla ofrece unos efectos visuales asombrosos. Compatible con resoluciones de hasta 2560&#215;1600 y una densidad de p\u00edxeles de 299 <a href=\"https:\/\/www.displayninja.com\/what-is-pixel-density\/\">PPI<\/a>, cada detalle es n\u00edtido y claro para una experiencia de juego envolvente.  <\/p>\n\n<h2 class=\"wp-block-heading\"><strong><strong>Zen 4 Performance: The Emulation King<\/strong><\/strong><\/h2>\n\n<p>The 7840U Phoenix architecture remains a fan favorite in 2025 for its incredible efficiency.<\/p>\n\n<p>Native OcuLink: Skip the USB4 bottlenecks. Connect directly to the GPD G1 eGPU for a 4K desktop experience.<\/p>\n\n<p>Pro-Grade Emulation: Native AVX-512 support allows for superior PS3 (RPCS3) and Xbox 360 (Xenia) performance compared to many newer, more expensive handhelds.<\/p>\n\n<p>Software Boosted: Fully compatible with AMD AFMF 2 and FSR 3.1, allowing you to play AAA titles at smooth frame rates on the 10.1&#8243; screen.<\/p>\n\n<h2 class=\"wp-block-heading\"><strong>GR\u00c1FICOS QUE ASOMBRAN: GPU AMD RADEON 780M<\/strong><\/h2>\n\n<p>D\u00e9jate sorprender por los impresionantes efectos visuales del GPD WIN MAX 2 2023, gracias a su <a href=\"https:\/\/www.notebookcheck.net\/AMD-Radeon-780M-GPU-Benchmarks-and-Specs.680539.0.html\" target=\"_blank\" rel=\"noreferrer noopener nofollow\">GPU AMD Radeon 780M<\/a>. Esta potente tarjeta gr\u00e1fica ofrece frecuencias de cuadro fluidas y gr\u00e1ficos impresionantes para una experiencia de juego visualmente asombrosa.<\/p>\n\n<h2 class=\"wp-block-heading\"><strong>MEMORIA SIN IGUAL: HASTA 64GB DE RAM LPDDR5<\/strong><\/h2>\n\n<p>GPD WIN MAX 2 2023 est\u00e1 equipado con una memoria RAM <a href=\"https:\/\/en.wikipedia.org\/wiki\/LPDDR\">LPDDR5<\/a> de 6400 MT\/s rapid\u00edsima, que garantiza tiempos de carga r\u00e1pidos, multitarea sin interrupciones y juego fluido en escenarios exigentes.<\/p>\n\n<h2 class=\"wp-block-heading\"><strong>GRAN CAPACIDAD DE ALMACENAMIENTO: M.2 NVME 2280 SSD 4TB <\/strong><\/h2>\n\n<p>Olv\u00eddate de quedarte sin espacio de almacenamiento con la espaciosa SSD M.2 <a href=\"https:\/\/en.wikipedia.org\/wiki\/NVM_Express#:~:text=NVM%20Express%20(NVMe)%20or%20Non,via%20the%20PCI%20Express%20bus.\">NVME<\/a> 2280, que cuenta con la friolera de 4 TB de capacidad. Desp\u00eddete de borrar juegos para ganar espacio; con GPD WIN MAX 2 2023, las posibilidades son infinitas.<\/p>\n\n<h2 class=\"wp-block-heading\"><strong>MANTENTE CONECTADO: WI-FI 6 Y BLUETOOTH 5.2<\/strong><\/h2>\n\n<p>La conectividad es clave con <a href=\"https:\/\/www.theverge.com\/2019\/2\/21\/18232026\/wi-fi-6-speed-explained-router-wifi-how-does-work\">WiFi 6<\/a> para conexiones a Internet r\u00e1pidas y estables, que garantizan experiencias de juego en l\u00ednea fluidas. <a href=\"https:\/\/www.bluetooth.com\/bluetooth-resources\/whats-new-in-core-spec-version-5-2\/\">Bluetooth 5.2<\/a> te permite conectar perif\u00e9ricos inal\u00e1mbricos para una experiencia de juego realmente envolvente.<\/p>\n\n<h2 class=\"wp-block-heading\"><strong>CONECTIVIDAD SIN FISURAS: PUERTOS VERS\u00c1TILES<\/strong><\/h2>\n\n<p>GPD WIN MAX 2 2023 cuenta con una serie de puertos para todas las necesidades de juegos y perif\u00e9ricos. Con 1 puerto USB 4, 1 puerto USB 3.2 Gen 2 Tipo-C, 2 puertos USB 3.2 Gen 2 Tipo-A y un puerto <a href=\"https:\/\/blog.fosketts.net\/2017\/06\/22\/what-is-oculink\/\" target=\"_blank\" rel=\"noreferrer noopener nofollow\">OCuLink<\/a>(SFF-8612), conecta dispositivos externos f\u00e1cilmente. <\/p>\n\n<h2 class=\"wp-block-heading\"><strong>FUNCIONES MEJORADAS PARA UNA COMODIDAD INIGUALABLE<\/strong><\/h2>\n\n<p>El GPD WIN MAX 2 2023 proporciona una experiencia de juego fluida con un sensor de huellas dactilares para desbloquear el dispositivo de forma r\u00e1pida y segura. Un Microsoft Precision Touchpad (PTP) garantiza un control suave y preciso del cursor, y el teclado retroiluminado permite jugar en entornos con poca luz. <\/p>\n\n<h2 class=\"wp-block-heading\"><strong>ENERG\u00cdA QUE DURA: BATER\u00cdA DE LARGA DURACI\u00d3N<\/strong><\/h2>\n\n<p>La bater\u00eda de pol\u00edmero de litio de 67 Wh de GPD WIN MAX 2 2023 proporciona hasta 3 horas de uso intensivo, 6-8 horas de uso moderado y unas impresionantes 14 horas de uso ligero, lo que garantiza una fuente de energ\u00eda fiable y duradera para los jugadores.<\/p>\n\n<h2 class=\"wp-block-heading\"><strong>DISE\u00d1O COMPACTO Y LIGERO<\/strong><\/h2>\n\n<p>GPD WIN MAX 2 2023 ofrece un potente rendimiento en un dise\u00f1o compacto y ligero, con unas dimensiones de s\u00f3lo 8,9 x 6,2 x 0,9 pulgadas y un peso de s\u00f3lo 1005 g. Fabricado con materiales de alta calidad, garantiza durabilidad y calidad de construcci\u00f3n para jugar sobre la marcha. <\/p>\n\n<h2 class=\"wp-block-heading\"><strong>WINDOWS 11 HOME PREINSTALADO<\/strong><\/h2>\n\n<p>GPD WIN MAX 2 2023 viene preinstalado con <a href=\"https:\/\/www.microsoft.com\/en-gb\/windows\/windows-11\" target=\"_blank\" rel=\"noreferrer noopener nofollow\">Windows 11 Home<\/a>, que ofrece una experiencia de juego optimizada con su interfaz intuitiva y funciones de juego mejoradas.<\/p>\n\n<h2 class=\"wp-block-heading\"><strong>CONCLUSI\u00d3N<\/strong><\/h2>\n\n<p>El GPD WIN MAX 2 2023 es el PC de juegos port\u00e1til definitivo, que ofrece un rendimiento de juego de gama alta en un formato compacto. Con una CPU AMD Ryzen 7 7840U o Ryzen 5 7640U, una GPU AMD Radeon 780M y hasta 64 GB de RAM, garantiza un rendimiento excepcional para los juegos m\u00e1s exigentes. La pantalla de control t\u00e1ctil de 10,1&#8243;, las vers\u00e1tiles opciones de conectividad y las c\u00f3modas funciones hacen que jugar sobre la marcha sea pan comido. Con una bater\u00eda de larga duraci\u00f3n y un dise\u00f1o compacto, disfruta de los juegos sin l\u00edmites.   <\/p>\n\n<h3 class=\"wp-block-heading\"><strong>Ventajas de la GPD WIN MAX 2 2023:<\/strong><\/h3>\n\n<ol class=\"wp-block-list\">\n<li>Powerful Performance: AMD Ryzen 7 7840U CPU and Ryzen 5 7640U with AMD Radeon 780M GPU deliver impressive performance for demanding games.<\/li>\n\n\n\n<li>Compact and Portable: The GPD WIN MAX 2 2023 offers unparalleled portability, making it easy to game on the go.<\/li>\n\n\n\n<li>Stunning Display: The 10.1&#8243; touch control display provides vibrant visuals and a high-resolution experience.<\/li>\n\n\n\n<li>Versatile Connectivity: The GPD WIN MAX 2 2023 offers a range of ports and wireless connectivity options, ensuring seamless integration with peripherals and online gaming experiences.<\/li>\n\n\n\n<li>Ample Storage: The spacious 4TB SSD eliminates the need to constantly delete and reinstall games.<\/li>\n<\/ol>\n\n<h3 class=\"wp-block-heading\">Order Your GPD WIN MAX 2 \u2013 In Stock &amp; Ready to Ship<\/h3>\n\n<p>Get the industry\u2019s most versatile work-and-play hybrid with a full 12-month official warranty.<\/p>\n\n<ul class=\"wp-block-list\">\n<li>Status: In Stock (Ships within 24 hours).<\/li>\n\n\n\n<li>Shipping: Insured worldwide express delivery.<\/li>\n\n\n\n<li>Support: Authorized GPD technical assistance included.<\/li>\n<\/ul>\n\n<p>Lee <a href=\"https:\/\/droix.net\/blogs\/gpd-win-max-2-2023-review\/\">aqu\u00ed<\/a> nuestro an\u00e1lisis completo de GPD WIN MAX 2 2023 para conocer las funciones detalladas, los puntos de referencia, la jugabilidad y el rendimiento de la emulaci\u00f3n.<\/p>\n","protected":false},"excerpt":{"rendered":"<ul>\n<li>CPU: AMD Ryzen 5 \/ 7<strong> 7640U \/ 7840U <\/strong> <\/li>\n<li>GPU: AMD Radeon<strong> 760M \/ 780M<\/strong><\/li>\n<li>RAM: hasta<strong> 64 GB LPDDR5X a 6400 MT\/s<\/strong><\/li>\n<li>ALMACENAMIENTO: hasta<strong> 4 TB<\/strong> <strong>Gen 3<\/strong> PCI-E NVMe SSD<\/li>\n<li>CONECTIVIDAD: Compatible con Wi-Fi<strong> 6<\/strong> y Bluetooth <strong>5.2<\/strong> <\/li>\n<\/ul>\n[cg_accordion title=\"INFORMACI\u00d3N SOBRE EL PAGO\"]<\/p>\n<p>Utilizamos la \u00faltima tecnolog\u00eda en procesamiento de pagos, lo que le permite pagar a trav\u00e9s de su tarjeta de d\u00e9bito o cr\u00e9dito, o PayPal para una experiencia r\u00e1pida y segura.[\/cg_accordion]\n[cg_accordion title=\"GARANT\u00cdA\"]<\/p>\n<p>2 a\u00f1os de garant\u00eda de <a href=\"https:\/\/droix.net\/\" target=\"_blank\" rel=\"nofollow noopener\">DROIX Global<\/a> para su tranquilidad[\/cg_accordion]\n[cg_accordion title=\"GARANT\u00cdA DE CALIDAD Y PRUEBAS PREVIAS A LA EXPEDICI\u00d3N\"]<\/p>\n<p>Garantizamos la satisfacci\u00f3n del cliente al m\u00e1s alto nivel: Cada dispositivo se somete a rigurosas pruebas y a una comprobaci\u00f3n de garant\u00eda de calidad en varios puntos antes de ser enviado. Nuestro equipo especializado verifica el rendimiento, la funcionalidad y la integridad de los componentes para garantizar que tu dispositivo GPD est\u00e9 en perfecto estado de funcionamiento a su llegada, proporcion\u00e1ndote confianza y tranquilidad. [\/cg_accordion]\n[cg_accordion title=\"PRECIOS, IMPUESTOS Y GASTOS DE ENV\u00cdO\"]<\/p>\n<p><strong><u>Nota:<\/u><\/strong><\/p>\n<ul>\n<li>Clientes de Estados Unidos: El precio indicado NO incluye impuestos ni aranceles. El cliente es responsable del despacho de aduanas y del pago de los impuestos y aranceles correspondientes. <\/li>\n<li>Clientes de la UE: El precio mostrado incluye el IMPUESTO aplicable, que puede ser de hasta el 25% dependiendo de su pa\u00eds.<\/li>\n<li>Clientes de Canad\u00e1: El precio mostrado incluye los impuestos aplicables, que pueden incluir un 5% de GST e impuestos de venta provinciales (PST) adicionales, impuesto de venta armonizado (HST) o impuesto de venta de Quebec (QST), dependiendo de su provincia.<\/li>\n<\/ul>\n<p><strong>S\u00d3LO para clientes de la UE:<\/strong> Express DDP (Entrega con derechos pagados). Esto significa: <\/p>\n<ul>\n<li>Todos los derechos de aduana e impuestos est\u00e1n incluidos en el precio que aparece en la p\u00e1gina del producto.<\/li>\n<li>No tendr\u00e1 que pagar ning\u00fan gasto adicional en el momento de la entrega.<\/li>\n<li>En el raro caso de que surjan problemas relacionados con las aduanas, nuestro equipo se encargar\u00e1 del proceso de despacho de aduanas en su nombre para garantizar una entrega sin problemas.<\/li>\n<p>Informaci\u00f3n importante sobre devoluciones:<\/p>\n<li>Si decide devolver su pedido o solicitar un reembolso, tenga en cuenta que los impuestos y aranceles pagados en su nombre con arreglo a las condiciones del DDP no pueden reembolsarse.<\/li>\n<p>Consulte nuestras <a href=\"https:\/\/droix.net\/terms-and-conditions\/\" target=\"_blank\" rel=\"nofollow noopener\">Condiciones generales<\/a> para obtener informaci\u00f3n detallada.\n<\/ul>\n<p>[\/cg_accordion]\n[cg_accordion title=\"ATENCI\u00d3N AL CLIENTE\"]<\/p>\n<p>\u00bfTiene alguna pregunta? Estamos a un paso de resolver su problema. <\/p>\n<p>Consulte nuestras <a href=\"https:\/\/gpdstore.net\/es\/terms-of-service\/\" target=\"_blank\" rel=\"nofollow noopener\">Condiciones generales<\/a> para obtener informaci\u00f3n detallada.\n<\/ul>\n<p>[\/cg_accordion]\n[cg_accordion title=\"QU\u00c9 INCLUYE\"]<\/p>\n<ul>\n<li>1x GPD WIN MAX 2 2023<\/li>\n<li>1x adaptador de corriente<\/li>\n<li>1x Cable USB Tipo-C<\/li>\n<li>1x Manual del usuario<\/li>\n<\/ul>\n<p>[\/cg_accordion]\n","protected":false},"featured_media":15265,"template":"","meta":{"_acf_changed":false},"product_brand":[],"product_cat":[734],"product_tag":[17853,2183],"woo-feed-brand":[738],"class_list":{"0":"post-8012","1":"product","2":"type-product","3":"status-publish","4":"has-post-thumbnail","6":"product_cat-gpd-pc-portatil-para-juegos","7":"product_tag-15xmsale-es","8":"product_tag-gpd-win-max-2-es","9":"product_shipping_class-premium","10":"pa_bluetooth-5-2-es","11":"pa_brand-gpd","12":"pa_graphics-gpu-model-graficos-intel-iris-xe","13":"pa_graphics-gpu-model-radeon-760m-es","14":"pa_i-o-video-1x-hdmi-2-1-es","15":"pa_i-o-video-1x-oculink-es","16":"pa_i-o-video-mediante-1x-usb-4-0-tipo-c-a-40-gb-s","17":"pa_memory-ram-capacity-16-gb-es","18":"pa_memory-ram-capacity-32-gb-es","19":"pa_memory-ram-capacity-64-gb-es","20":"pa_memory-ram-technology-lpddr5x-es","21":"pa_processor-cpu-model-amd-ryzen-5-7640u","22":"pa_processor-cpu-model-amd-ryzen-7-7840u","23":"pa_storage-capacity-1tb-es","24":"pa_storage-capacity-2tb-es","25":"pa_storage-capacity-4tb-es","26":"pa_storage-technology-pcie-gen-3-es","27":"pa_wi-fi-wi-fi-6-es","28":"woo-feed-brand-gpd-es","30":"first","31":"outofstock","32":"sale","33":"taxable","34":"shipping-taxable","35":"purchasable","36":"product-type-variable","37":"has-default-attributes"},"acf":[],"aioseo_notices":[],"_links":{"self":[{"href":"https:\/\/gpdstore.net\/es\/wp-json\/wp\/v2\/product\/8012","targetHints":{"allow":["GET"]}}],"collection":[{"href":"https:\/\/gpdstore.net\/es\/wp-json\/wp\/v2\/product"}],"about":[{"href":"https:\/\/gpdstore.net\/es\/wp-json\/wp\/v2\/types\/product"}],"wp:featuredmedia":[{"embeddable":true,"href":"https:\/\/gpdstore.net\/es\/wp-json\/wp\/v2\/media\/15265"}],"wp:attachment":[{"href":"https:\/\/gpdstore.net\/es\/wp-json\/wp\/v2\/media?parent=8012"}],"wp:term":[{"taxonomy":"product_brand","embeddable":true,"href":"https:\/\/gpdstore.net\/es\/wp-json\/wp\/v2\/product_brand?post=8012"},{"taxonomy":"product_cat","embeddable":true,"href":"https:\/\/gpdstore.net\/es\/wp-json\/wp\/v2\/product_cat?post=8012"},{"taxonomy":"product_tag","embeddable":true,"href":"https:\/\/gpdstore.net\/es\/wp-json\/wp\/v2\/product_tag?post=8012"},{"taxonomy":"woo-feed-brand","embeddable":true,"href":"https:\/\/gpdstore.net\/es\/wp-json\/wp\/v2\/woo-feed-brand?post=8012"}],"curies":[{"name":"wp","href":"https:\/\/api.w.org\/{rel}","templated":true}]}}