{"id":7778,"date":"2023-03-24T15:25:19","date_gmt":"2023-03-24T15:25:19","guid":{"rendered":"https:\/\/gpdstore.net\/sin%20categor\u00eda\/protector-de-pantalla-gpd-win-4\/"},"modified":"2025-12-23T10:33:47","modified_gmt":"2025-12-23T10:33:47","slug":"gpd-win-4-screen-protector","status":"publish","type":"product","link":"https:\/\/gpdstore.net\/es\/product\/gpd-win-4-screen-protector\/","title":{"rendered":"Protector de pantalla GPD WIN 4"},"content":{"rendered":"\n<p>Presentamos el protector de pantalla GPD Win 4: el complemento perfecto para tu PC port\u00e1til de juegos. Fabricado con materiales de alta calidad, nuestro protector de pantalla ofrece una protecci\u00f3n superior contra ara\u00f1azos, polvo y otros peligros comunes que pueden da\u00f1ar tu GPD Win 4. Con recortes precisos y un ajuste perfecto, nuestro protector de pantalla no interferir\u00e1 en la sensibilidad t\u00e1ctil ni en la claridad de tu dispositivo. Su dise\u00f1o ultrafino conserva el aspecto y el tacto originales de tu PC port\u00e1til para juegos. F\u00e1cil de instalar y quitar, nuestro protector de pantalla garantiza que tu GPD Win 4 se mantenga en perfectas condiciones. \u00a1Pide el tuyo ahora!     <\/p>\n","protected":false},"excerpt":{"rendered":"<ul>\n<li>Dise\u00f1ado por <strong>GPD<\/strong><\/li>\n<li><strong>Compatible<\/strong> con la <strong>GPD WIN 4<\/strong><\/li>\n<li>Protege contra ara\u00f1azos y polvo<\/li>\n<li>F\u00e1cil de instalar y quitar<\/li>\n<li>Material de <strong>alta calidad<\/strong> <\/li>\n<\/ul>\n[cg_accordion title=\"INFORMACI\u00d3N SOBRE EL PAGO\"]<\/p>\n<p>Utilizamos la \u00faltima tecnolog\u00eda en procesamiento de pagos, lo que le permite pagar a trav\u00e9s de Apple Pay, Google Pay, su tarjeta de d\u00e9bito\/cr\u00e9dito, PayPal o m\u00e9todos BNPL como Klarna, Affirm o AfterPay para una experiencia r\u00e1pida y segura.[\/cg_accordion]\n[cg_accordion title=\"GARANT\u00cdA\"]<\/p>\n<p>2 a\u00f1os de garant\u00eda de <a href=\"https:\/\/droix.net\/\" target=\"_blank\" rel=\"nofollow noopener\">DROIX Global<\/a> para su tranquilidad[\/cg_accordion]\n[cg_accordion title=\"PRECIOS, IMPUESTOS Y GASTOS DE ENV\u00cdO\"]<\/p>\n<p><strong><u>Nota:<\/u><\/strong><\/p>\n<ul>\n<li>Clientes de Estados Unidos: El precio indicado NO incluye impuestos ni aranceles. El cliente es responsable del despacho de aduanas y del pago de los impuestos y aranceles correspondientes. <\/li>\n<li>Clientes de la UE: El precio mostrado incluye el IMPUESTO aplicable, que puede ser de hasta el 25% dependiendo de su pa\u00eds.<\/li>\n<li>Clientes de Canad\u00e1: El precio mostrado incluye los impuestos aplicables, que pueden incluir un 5% de GST e impuestos de venta provinciales (PST) adicionales, impuesto de venta armonizado (HST) o impuesto de venta de Quebec (QST), dependiendo de su provincia.<\/li>\n<\/ul>\n<p><strong>S\u00d3LO para clientes de la UE:<\/strong> Express DDP (Entrega con derechos pagados). Esto significa: <\/p>\n<ul>\n<li>Todos los derechos de aduana e impuestos est\u00e1n incluidos en el precio que aparece en la p\u00e1gina del producto.<\/li>\n<li>No tendr\u00e1 que pagar ning\u00fan gasto adicional en el momento de la entrega.<\/li>\n<li>En el raro caso de que surjan problemas relacionados con las aduanas, nuestro equipo se encargar\u00e1 del proceso de despacho de aduanas en su nombre para garantizar una entrega sin problemas.<\/li>\n<p>Informaci\u00f3n importante sobre devoluciones:<\/p>\n<li>Si decide devolver su pedido o solicitar un reembolso, tenga en cuenta que los impuestos y aranceles pagados en su nombre con arreglo a las condiciones del DDP no pueden reembolsarse.<\/li>\n<p>Consulte nuestras <a href=\"https:\/\/gpdstore.net\/es\/terms-of-service\/\" target=\"_blank\" rel=\"nofollow noopener\">Condiciones generales<\/a> para obtener informaci\u00f3n detallada.\n<\/ul>\n<p>[\/cg_accordion]\n[cg_accordion title=\"ATENCI\u00d3N AL CLIENTE\"]<\/p>\n<p>\u00bfTiene alguna pregunta? Estamos a un paso de resolver su problema.<br \/>\n[\/cg_accordion]\n[cg_accordion title=\"QU\u00c9 INCLUYE\"]<\/p>\n<ul>\n<li>1x Protector de pantalla GPD WIN 4<\/li>\n<\/ul>\n<p>[\/cg_accordion]\n","protected":false},"featured_media":7779,"template":"","meta":{"_acf_changed":false},"product_brand":[],"product_cat":[1338],"product_tag":[2125],"woo-feed-brand":[738],"class_list":{"0":"post-7778","1":"product","2":"type-product","3":"status-publish","4":"has-post-thumbnail","6":"product_cat-accesorios","7":"product_tag-gpd-win-4-accessory-es","8":"product_shipping_class-low-end","9":"pa_accessory-type-protector-de-pantalla","10":"woo-feed-brand-gpd-es","12":"first","13":"outofstock","14":"taxable","15":"shipping-taxable","16":"purchasable","17":"product-type-simple"},"acf":[],"aioseo_notices":[],"_links":{"self":[{"href":"https:\/\/gpdstore.net\/es\/wp-json\/wp\/v2\/product\/7778","targetHints":{"allow":["GET"]}}],"collection":[{"href":"https:\/\/gpdstore.net\/es\/wp-json\/wp\/v2\/product"}],"about":[{"href":"https:\/\/gpdstore.net\/es\/wp-json\/wp\/v2\/types\/product"}],"wp:featuredmedia":[{"embeddable":true,"href":"https:\/\/gpdstore.net\/es\/wp-json\/wp\/v2\/media\/7779"}],"wp:attachment":[{"href":"https:\/\/gpdstore.net\/es\/wp-json\/wp\/v2\/media?parent=7778"}],"wp:term":[{"taxonomy":"product_brand","embeddable":true,"href":"https:\/\/gpdstore.net\/es\/wp-json\/wp\/v2\/product_brand?post=7778"},{"taxonomy":"product_cat","embeddable":true,"href":"https:\/\/gpdstore.net\/es\/wp-json\/wp\/v2\/product_cat?post=7778"},{"taxonomy":"product_tag","embeddable":true,"href":"https:\/\/gpdstore.net\/es\/wp-json\/wp\/v2\/product_tag?post=7778"},{"taxonomy":"woo-feed-brand","embeddable":true,"href":"https:\/\/gpdstore.net\/es\/wp-json\/wp\/v2\/woo-feed-brand?post=7778"}],"curies":[{"name":"wp","href":"https:\/\/api.w.org\/{rel}","templated":true}]}}