{"id":7742,"date":"2023-03-24T15:50:53","date_gmt":"2023-03-24T15:50:53","guid":{"rendered":"https:\/\/gpdstore.net\/sin%20categor\u00eda\/gpd-stylus-4096-pp\/"},"modified":"2025-12-23T10:33:24","modified_gmt":"2025-12-23T10:33:24","slug":"gpd-stylus-4096-pp","status":"publish","type":"product","link":"https:\/\/gpdstore.net\/es\/product\/gpd-stylus-4096-pp\/","title":{"rendered":"GPD Stylus 4096 PP"},"content":{"rendered":"\n<p>Mejora tus juegos y tu productividad sobre la marcha con nuestro Stylus para Ultrabook, especialmente dise\u00f1ado para dispositivos GPD. El GPD Stylus cuenta con 4096 puntos de presi\u00f3n para una entrada precisa y natural, mientras que su elegante color gris y su bater\u00eda interna ofrecen una experiencia de usuario de primera. Perfectamente compatible con GPD Pocket 3 y WIN Max 2, nuestro l\u00e1piz ofrece mayor control y precisi\u00f3n para tus juegos y aplicaciones favoritos. Tanto si est\u00e1s dibujando, tomando notas o navegando por tu dispositivo, nuestro GPD Stylus es el accesorio ideal para tu ultrabook. \u00a1P\u00eddelo ahora para llevar tu productividad y creatividad al siguiente nivel!    <\/p>\n","protected":false},"excerpt":{"rendered":"<ul>\n<li>Compatible con <strong>GPD Pocket 3<\/strong> y <strong>GPD WIN MAX 2<\/strong><\/li>\n<li>Sensibilidad a la presi\u00f3n del l\u00e1piz <strong>de 4096 niveles<\/strong> <\/li>\n<li>Dise\u00f1o <strong>elegante<\/strong> y ergon\u00f3mico<\/li>\n<li><strong>Bater\u00eda recargable<\/strong> con hasta 10 horas de autonom\u00eda<\/li>\n<li>Escritura de notas e introducci\u00f3n de caracteres<\/li>\n<\/ul>\n[cg_accordion title=\"INFORMACI\u00d3N SOBRE EL PAGO\"]<\/p>\n<p>Utilizamos la \u00faltima tecnolog\u00eda en procesamiento de pagos, lo que le permite pagar a trav\u00e9s de Apple Pay, Google Pay, su tarjeta de d\u00e9bito\/cr\u00e9dito, PayPal o m\u00e9todos BNPL como Klarna, Affirm o AfterPay para una experiencia r\u00e1pida y segura.[\/cg_accordion]\n[cg_accordion title=\"GARANT\u00cdA\"]<\/p>\n<p>2 a\u00f1os de garant\u00eda de <a href=\"https:\/\/droix.net\/\" target=\"_blank\" rel=\"nofollow noopener\">DROIX Global<\/a> para su tranquilidad[\/cg_accordion]\n[cg_accordion title=\"PRECIOS, IMPUESTOS Y GASTOS DE ENV\u00cdO\"]<\/p>\n<p><strong><u>Nota:<\/u><\/strong><\/p>\n<ul>\n<li>Clientes de Estados Unidos: El precio indicado NO incluye impuestos ni aranceles. El cliente es responsable del despacho de aduanas y del pago de los impuestos y aranceles correspondientes. <\/li>\n<li>Clientes de la UE: El precio mostrado incluye el IMPUESTO aplicable, que puede ser de hasta el 25% dependiendo de su pa\u00eds.<\/li>\n<li>Clientes de Canad\u00e1: El precio mostrado incluye los impuestos aplicables, que pueden incluir un 5% de GST e impuestos de venta provinciales (PST) adicionales, impuesto de venta armonizado (HST) o impuesto de venta de Quebec (QST), dependiendo de su provincia.<\/li>\n<\/ul>\n<p><strong>S\u00d3LO para clientes de la UE:<\/strong> Express DDP (Entrega con derechos pagados). Esto significa: <\/p>\n<ul>\n<li>Todos los derechos de aduana e impuestos est\u00e1n incluidos en el precio que aparece en la p\u00e1gina del producto.<\/li>\n<li>No tendr\u00e1 que pagar ning\u00fan gasto adicional en el momento de la entrega.<\/li>\n<li>En el raro caso de que surjan problemas relacionados con las aduanas, nuestro equipo se encargar\u00e1 del proceso de despacho de aduanas en su nombre para garantizar una entrega sin problemas.<\/li>\n<p>Informaci\u00f3n importante sobre devoluciones:<\/p>\n<li>Si decide devolver su pedido o solicitar un reembolso, tenga en cuenta que los impuestos y aranceles pagados en su nombre con arreglo a las condiciones del DDP no pueden reembolsarse.<\/li>\n<p>Consulte nuestras <a href=\"https:\/\/gpdstore.net\/es\/terms-of-service\/\" target=\"_blank\" rel=\"nofollow noopener\">Condiciones generales<\/a> para obtener informaci\u00f3n detallada.\n<\/ul>\n<p>[\/cg_accordion]\n[cg_accordion title=\"ATENCI\u00d3N AL CLIENTE\"]<\/p>\n<p>\u00bfTiene alguna pregunta? Estamos a un paso de resolver su problema.<br \/>\n[\/cg_accordion]\n[cg_accordion title=\"QU\u00c9 INCLUYE\"]<\/p>\n<ul>\n<li>1x Palpador GPD<\/li>\n<\/ul>\n<p>[\/cg_accordion]\n","protected":false},"featured_media":7747,"template":"","meta":{"_acf_changed":false},"product_brand":[],"product_cat":[1338],"product_tag":[1761],"woo-feed-brand":[738],"class_list":{"0":"post-7742","1":"product","2":"type-product","3":"status-publish","4":"has-post-thumbnail","6":"product_cat-accesorios","7":"product_tag-gpd-wm2-accesorio","8":"product_shipping_class-low-end","9":"pa_accessory-type-estilete","10":"pa_brand-gpd","11":"woo-feed-brand-gpd-es","13":"first","14":"outofstock","15":"sale","16":"taxable","17":"shipping-taxable","18":"purchasable","19":"product-type-simple"},"acf":[],"aioseo_notices":[],"_links":{"self":[{"href":"https:\/\/gpdstore.net\/es\/wp-json\/wp\/v2\/product\/7742","targetHints":{"allow":["GET"]}}],"collection":[{"href":"https:\/\/gpdstore.net\/es\/wp-json\/wp\/v2\/product"}],"about":[{"href":"https:\/\/gpdstore.net\/es\/wp-json\/wp\/v2\/types\/product"}],"wp:featuredmedia":[{"embeddable":true,"href":"https:\/\/gpdstore.net\/es\/wp-json\/wp\/v2\/media\/7747"}],"wp:attachment":[{"href":"https:\/\/gpdstore.net\/es\/wp-json\/wp\/v2\/media?parent=7742"}],"wp:term":[{"taxonomy":"product_brand","embeddable":true,"href":"https:\/\/gpdstore.net\/es\/wp-json\/wp\/v2\/product_brand?post=7742"},{"taxonomy":"product_cat","embeddable":true,"href":"https:\/\/gpdstore.net\/es\/wp-json\/wp\/v2\/product_cat?post=7742"},{"taxonomy":"product_tag","embeddable":true,"href":"https:\/\/gpdstore.net\/es\/wp-json\/wp\/v2\/product_tag?post=7742"},{"taxonomy":"woo-feed-brand","embeddable":true,"href":"https:\/\/gpdstore.net\/es\/wp-json\/wp\/v2\/woo-feed-brand?post=7742"}],"curies":[{"name":"wp","href":"https:\/\/api.w.org\/{rel}","templated":true}]}}