{"id":7595,"date":"2023-03-26T17:56:24","date_gmt":"2023-03-26T17:56:24","guid":{"rendered":"https:\/\/gpdstore.net\/sin%20categor\u00eda\/pc-portatil-para-juegos-gpd-win-max-2021\/"},"modified":"2025-12-23T10:31:35","modified_gmt":"2025-12-23T10:31:35","slug":"gpd-win-max-2021","status":"publish","type":"product","link":"https:\/\/gpdstore.net\/es\/product\/gpd-win-max-2021\/","title":{"rendered":"GPD WIN MAX 2021 PC port\u00e1til para juegos"},"content":{"rendered":"\n<p>El GPD WIN MAX 2021 es un ultrabook para juegos dise\u00f1ado para jugar en cualquier lugar. Este potente dispositivo est\u00e1 disponible en dos versiones, una con el procesador Intel\u00ae Core\u2122 i7-1195G7 y otra con la cpu AMD Ryzen\u2122 7 4800U. Aparte de las diferentes opciones de cpu, ambas versiones del dispositivo son exactamente iguales.  <\/p>\n\n<p>En GPD Store, estamos orgullosos de ofrecer el GPD WIN MAX 2021 a los jugadores que quieren un dispositivo port\u00e1til de alto rendimiento para juegos de PC que puedan llevarse a cualquier parte. Este ultrabook es perfecto para los jugadores que quieren disfrutar de sus juegos favoritos sobre la marcha, sin tener que sacrificar rendimiento ni calidad. <\/p>\n\n<p>El GPD WIN MAX 2021 es un potente ultrabook para juegos que incorpora una pantalla t\u00e1ctil IPS de 8,0 pulgadas con una resoluci\u00f3n de 1280 x 800 p\u00edxeles. El dispositivo viene con una tarjeta gr\u00e1fica integrada Intel\u00ae Iris\u00ae Xe Graphics o AMD Radeon\u2122 Graphics, lo que lo hace perfecto para ejecutar juegos y aplicaciones exigentes. <\/p>\n\n<p>En cuanto a potencia de procesamiento, la GPD WIN MAX 2021 est\u00e1 disponible con el procesador Intel\u00ae Core\u2122 i7-1195G7 o con la CPU AMD Ryzen\u2122 7 4800U. Estos potentes procesadores garantizan que el dispositivo pueda manejar con facilidad incluso los juegos y aplicaciones m\u00e1s exigentes. <\/p>\n\n<p>El GPD WIN MAX 2021 tambi\u00e9n cuenta con 16 GB de RAM LPDDR4X 4266 MT\/s y 1 TB de almacenamiento SSD M.2 NVMe, lo que te garantiza espacio de sobra para guardar tus juegos y otros datos.  El dispositivo tambi\u00e9n cuenta con diversos puertos, como un puerto USB Tipo-C, un puerto USB 3.0, un puerto HDMI y una toma de auriculares de 3,5 mm.<\/p>\n\n<p>Una de las caracter\u00edsticas m\u00e1s destacadas de la GPD WIN MAX 2021 es su tama\u00f1o compacto. A pesar de ser un potente ultrabook, el dispositivo mide s\u00f3lo 8,5 x 5,7 x 1,1 pulgadas y pesa s\u00f3lo 1,5 libras. Esto hace que sea f\u00e1cil de llevar a todas partes, tanto si est\u00e1s de viaje como si s\u00f3lo quieres disfrutar de tus juegos favoritos mientras est\u00e1s en el sof\u00e1.  <\/p>\n\n<p>La GPD WIN MAX 2021 tambi\u00e9n incorpora un mando de juego, con un D-pad, sticks anal\u00f3gicos y botones de disparo. Esto facilita jugar a tus juegos favoritos sin tener que conectar un mando externo. El dispositivo tambi\u00e9n cuenta con un teclado QWERTY completo, que facilita la escritura y la navegaci\u00f3n por los men\u00fas.  <\/p>\n\n<p>En GPD Store, creemos que el GPD WIN MAX 2021 es el ultrabook perfecto para los jugadores que quieren un PC port\u00e1til de alto rendimiento para jugar que puedan llevarse a cualquier parte. Este potente dispositivo es perfecto para los jugadores que quieren disfrutar de sus juegos favoritos sobre la marcha, sin tener que sacrificar rendimiento ni calidad. <\/p>\n\n<p>Tanto si eres un jugador ocasional como un jugador empedernido, el GPD WIN MAX 2021 es el dispositivo perfecto para ti. Con su potente procesador, gr\u00e1ficos de alta calidad y tama\u00f1o compacto, es el ultrabook definitivo para jugar al PC en cualquier lugar. Entonces, \u00bfpor qu\u00e9 esperar? Visita GPD Store hoy mismo y hazte con la GPD WIN MAX 2021.   <\/p>\n","protected":false},"excerpt":{"rendered":"<ul>\n<li>AMD <strong>Ryzen 7 6800U<\/strong> @2,7GHz TDP 15-28W<\/li>\n<li>AMD Radeon 680M <strong>12 CUs @2200 MHz<\/strong><\/li>\n<li><strong>hasta 32 GB LPDDR5-6400 MT\/s<\/strong><\/li>\n<li>SSD <strong>NVMe<\/strong> PCI-E de alta velocidad de <strong>hasta 2 TB<\/strong> <\/li>\n<li>Compatible con WiFi 6 y Bluetooth <strong>5.2<\/strong>  <\/li>\n<\/ul>\n<p> [cg_accordion title=\"INFORMACI\u00d3N SOBRE EL PAGO\"] Utilizamos la \u00faltima tecnolog\u00eda en procesamiento de pagos, lo que le permite pagar a trav\u00e9s de Apple Pay, Google Pay, su tarjeta de d\u00e9bito \/ cr\u00e9dito, PayPal o m\u00e9todos BNPL como Klarna, Affirm o AfterPay para una experiencia r\u00e1pida y segura.[\/cg_accordion] [cg_accordion title=\"GARANT\u00cdA\"] Garant\u00eda de 2 a\u00f1os de <a href=\"https:\/\/droix.net\/\" target=\"_blank\" rel=\"nofollow noopener\">DROIX<\/a> Global para su tranquilidad.[\/cg_accordion] [cg_accordion title=\"PRICING, TAXES AND SHIPPING\"] <strong><u>Nota:<\/u><\/strong><\/p>\n<ul>\n<li>Clientes de Estados Unidos: El precio indicado NO incluye impuestos ni aranceles. El cliente es responsable del despacho de aduanas y del pago de los impuestos y aranceles correspondientes. <\/li>\n<li>Clientes de la UE: El precio mostrado incluye el IMPUESTO aplicable, que puede ser de hasta el 25% dependiendo de su pa\u00eds.<\/li>\n<li>Clientes de Canad\u00e1: El precio mostrado incluye los impuestos aplicables, que pueden incluir un 5% de GST e impuestos de venta provinciales (PST) adicionales, impuesto de venta armonizado (HST) o impuesto de venta de Quebec (QST), dependiendo de su provincia.<\/li>\n<\/ul>\n<p><strong>S\u00d3LO para clientes de la UE:<\/strong> Express DDP (Entrega con derechos pagados). Esto significa: <\/p>\n<ul>\n<li style=\"list-style-type: none;\">\n<ul>\n<li>Todos los derechos de aduana e impuestos est\u00e1n incluidos en el precio que aparece en la p\u00e1gina del producto.<\/li>\n<li>No tendr\u00e1 que pagar ning\u00fan gasto adicional en el momento de la entrega.<\/li>\n<li>En el raro caso de que surjan problemas relacionados con las aduanas, nuestro equipo se encargar\u00e1 del proceso de despacho de aduanas en su nombre para garantizar una entrega sin problemas.<\/li>\n<p>Informaci\u00f3n importante sobre devoluciones:<\/p>\n<li>Si decide devolver su pedido o solicitar un reembolso, tenga en cuenta que los impuestos y aranceles pagados en su nombre con arreglo a las condiciones del DDP no pueden reembolsarse.<\/li>\n<p>Consulte nuestra<\/ul>\n<\/li>\n<\/ul>\n<p><a href=\"https:\/\/gpdstore.net\/terms-of-service\/\" target=\"_blank\" rel=\"nofollow noopener\">Condiciones generales<\/a><\/p>\n<ul>para obtener informaci\u00f3n detallada.<\/ul>\n<p>[\/cg_accordion] [cg_accordion title=\"ATENCI\u00d3N AL CLIENTE\"]  \u00bfTiene alguna pregunta? Estamos a un paso de resolver su problema.   [\/cg_accordion] [cg_accordion title=\"WHAT'S INCLUDED\"]<\/p>\n<ul>\n<li>1x GPD WIN MAX 2021<\/li>\n<li>1x adaptador de corriente<\/li>\n<li>1x Cable USB Tipo-C<\/li>\n<li>1x Manual del usuario<\/li>\n<\/ul>\n<p>[\/cg_accordion]<\/p>\n","protected":false},"featured_media":7599,"template":"","meta":{"_acf_changed":false},"product_brand":[],"product_cat":[734],"product_tag":[4029],"woo-feed-brand":[738],"class_list":{"0":"post-7595","1":"product","2":"type-product","3":"status-publish","4":"has-post-thumbnail","6":"product_cat-gpd-pc-portatil-para-juegos","7":"product_tag-gpd-win-max-es","8":"product_shipping_class-premium","9":"pa_bluetooth-5-es","10":"pa_bluetooth-5-2-es","11":"pa_display-type-h-ips-es","12":"pa_graphics-gpu-model-graficos-radeon","13":"pa_graphics-gpu-model-graficos-intel-iris-xe","14":"pa_i-o-video-1x-hdmi-2-0b-es","15":"pa_memory-ram-capacity-16-gb-es","16":"pa_memory-ram-technology-lpddr4x-es","17":"pa_processor-cpu-model-amd-ryzen-7-4800u","18":"pa_processor-cpu-model-intel-core-i7-1195g7","19":"pa_storage-capacity-1tb-es","20":"pa_wi-fi-wi-fi-6-es","21":"woo-feed-brand-gpd-es","23":"first","24":"outofstock","25":"sale","26":"taxable","27":"shipping-taxable","28":"purchasable","29":"product-type-variable","30":"has-default-attributes"},"acf":[],"aioseo_notices":[],"_links":{"self":[{"href":"https:\/\/gpdstore.net\/es\/wp-json\/wp\/v2\/product\/7595","targetHints":{"allow":["GET"]}}],"collection":[{"href":"https:\/\/gpdstore.net\/es\/wp-json\/wp\/v2\/product"}],"about":[{"href":"https:\/\/gpdstore.net\/es\/wp-json\/wp\/v2\/types\/product"}],"wp:featuredmedia":[{"embeddable":true,"href":"https:\/\/gpdstore.net\/es\/wp-json\/wp\/v2\/media\/7599"}],"wp:attachment":[{"href":"https:\/\/gpdstore.net\/es\/wp-json\/wp\/v2\/media?parent=7595"}],"wp:term":[{"taxonomy":"product_brand","embeddable":true,"href":"https:\/\/gpdstore.net\/es\/wp-json\/wp\/v2\/product_brand?post=7595"},{"taxonomy":"product_cat","embeddable":true,"href":"https:\/\/gpdstore.net\/es\/wp-json\/wp\/v2\/product_cat?post=7595"},{"taxonomy":"product_tag","embeddable":true,"href":"https:\/\/gpdstore.net\/es\/wp-json\/wp\/v2\/product_tag?post=7595"},{"taxonomy":"woo-feed-brand","embeddable":true,"href":"https:\/\/gpdstore.net\/es\/wp-json\/wp\/v2\/woo-feed-brand?post=7595"}],"curies":[{"name":"wp","href":"https:\/\/api.w.org\/{rel}","templated":true}]}}