{"id":7568,"date":"2023-03-26T17:49:20","date_gmt":"2023-03-26T17:49:20","guid":{"rendered":"https:\/\/gpdstore.net\/sin%20categor\u00eda\/biwin-2230-almacenamiento-nvme\/"},"modified":"2025-12-23T10:30:53","modified_gmt":"2025-12-23T10:30:53","slug":"biwin-2230-nvme-storage","status":"publish","type":"product","link":"https:\/\/gpdstore.net\/es\/product\/biwin-2230-nvme-storage\/","title":{"rendered":"BiWin 2230 Almacenamiento NVMe"},"content":{"rendered":"\n<p>\u00bfBuscas una actualizaci\u00f3n de almacenamiento de alto rendimiento para tu GPD WIN MAX 2 o tu Steam Deck de Valve? No busques m\u00e1s: \u00a1la SSD BiWin 22*30 PCI-e NVMe! Esta SSD compacta pero potente est\u00e1 dise\u00f1ada para ofrecer velocidades de lectura y escritura ultrarr\u00e1pidas, garantizando que tus juegos y aplicaciones favoritos se carguen r\u00e1pidamente y funcionen sin problemas.  <\/p>\n\n<p>Con s\u00f3lo 22 mm x 30 mm, la BiWin 22*30 es una de las SSD NVMe m\u00e1s peque\u00f1as del mercado actual. Pero no dejes que su tama\u00f1o compacto te enga\u00f1e: \u00a1este SSD es muy potente! Con velocidades de lectura de hasta 3500 MB\/s y velocidades de escritura de hasta 3000 MB\/s, es m\u00e1s que capaz de mantener el ritmo de los juegos y aplicaciones m\u00e1s exigentes.  <\/p>\n\n<p>Una de las mayores ventajas del BiWin 2230<em>es su compatibilidad tanto con el GPD WIN MAX 2 como con el Steam Deck de Valve. Si quieres actualizar el almacenamiento de cualquiera de estos dispositivos, el BiWin 2230<\/em>es la elecci\u00f3n perfecta. S\u00f3lo tienes que instalar el SSD en la ranura NVMe del dispositivo y \u00a1listo! <\/p>\n\n<p>Otra ventaja del BiWin 22*30 es su compatibilidad con una amplia gama de sistemas operativos, incluidos Windows, Linux y macOS. Esto lo convierte en una opci\u00f3n vers\u00e1til para cualquiera que desee actualizar su almacenamiento, independientemente del sistema que utilice. <\/p>\n\n<p>Por supuesto, uno de los mejores lugares para comprar el BiWin 22*30 es la Tienda GPD. Como distribuidor l\u00edder de productos GPD, la Tienda GPD es el lugar perfecto para encontrar todos los accesorios y mejoras que necesitas para sacar el m\u00e1ximo partido a tu GPD WIN MAX 2 o Steam Deck. Y con un env\u00edo r\u00e1pido, precios incre\u00edbles y un servicio de atenci\u00f3n al cliente de primera categor\u00eda, puedes comprar con confianza sabiendo que est\u00e1s consiguiendo la mejor oferta posible.  <\/p>\n\n<p>As\u00ed que si est\u00e1s buscando una actualizaci\u00f3n de SSD NVMe de alto rendimiento para tu GPD WIN MAX 2 o Steam Deck, no busques m\u00e1s: la BiWin 22*30. Con su tama\u00f1o compacto, velocidad vertiginosa y amplia compatibilidad, es la elecci\u00f3n perfecta para cualquiera que desee llevar su experiencia inform\u00e1tica y de juego al siguiente nivel. Y con la Tienda GPD a un solo clic, \u00a1nunca ha sido tan f\u00e1cil conseguir los productos que necesitas para triunfar!  <\/p>\n","protected":false},"excerpt":{"rendered":"<ul>\n<li>Compatible con el Steam Deck de Valve, GPD WIN MAX 2, GPD WIN 4<\/li>\n<li>Hasta 3200 MB\/s de lectura | 2600 MB\/s de escritura<\/li>\n<li>0,107 ms Latencia de lectura | 0,109 ms Latencia de escritura<\/li>\n<li>Compatible con recogida de basura, TRIM y Modern Standby<\/li>\n<\/ul>\n[cg_accordion title=\"INFORMACI\u00d3N SOBRE EL PAGO\"]<\/p>\n<p>Utilizamos la \u00faltima tecnolog\u00eda en procesamiento de pagos, lo que le permite pagar a trav\u00e9s de Apple Pay, Google Pay, su tarjeta de d\u00e9bito\/cr\u00e9dito, PayPal o m\u00e9todos BNPL como Klarna, Affirm o AfterPay para una experiencia r\u00e1pida y segura.[\/cg_accordion]\n[cg_accordion title=\"GARANT\u00cdA\"]<\/p>\n<p>2 a\u00f1os de garant\u00eda de <a href=\"https:\/\/droix.net\/\" target=\"_blank\" rel=\"nofollow noopener\">DROIX Global<\/a> para su tranquilidad[\/cg_accordion]\n[cg_accordion title=\"PRECIOS, IMPUESTOS Y GASTOS DE ENV\u00cdO\"]<\/p>\n<p><strong><u>Nota:<\/u><\/strong><\/p>\n<ul>\n<li>Clientes de Estados Unidos: El precio indicado NO incluye impuestos ni aranceles. El cliente es responsable del despacho de aduanas y del pago de los impuestos y aranceles correspondientes. <\/li>\n<li>Clientes de la UE: El precio mostrado incluye el IMPUESTO aplicable, que puede ser de hasta el 25% dependiendo de su pa\u00eds.<\/li>\n<li>Clientes de Canad\u00e1: El precio mostrado incluye los impuestos aplicables, que pueden incluir un 5% de GST e impuestos de venta provinciales (PST) adicionales, impuesto de venta armonizado (HST) o impuesto de venta de Quebec (QST), dependiendo de su provincia.<\/li>\n<\/ul>\n<p><strong>S\u00d3LO para clientes de la UE:<\/strong> Express DDP (Entrega con derechos pagados). Esto significa: <\/p>\n<ul>\n<li>Todos los derechos de aduana e impuestos est\u00e1n incluidos en el precio que aparece en la p\u00e1gina del producto.<\/li>\n<li>No tendr\u00e1 que pagar ning\u00fan gasto adicional en el momento de la entrega.<\/li>\n<li>En el raro caso de que surjan problemas relacionados con las aduanas, nuestro equipo se encargar\u00e1 del proceso de despacho de aduanas en su nombre para garantizar una entrega sin problemas.<\/li>\n<p>Informaci\u00f3n importante sobre devoluciones:<\/p>\n<li>Si decide devolver su pedido o solicitar un reembolso, tenga en cuenta que los impuestos y aranceles pagados en su nombre con arreglo a las condiciones del DDP no pueden reembolsarse.<\/li>\n<p>Consulte nuestras <a href=\"https:\/\/gpdstore.net\/es\/terms-of-service\/\" target=\"_blank\" rel=\"nofollow noopener\">Condiciones generales<\/a> para obtener informaci\u00f3n detallada.\n<\/ul>\n<p>[\/cg_accordion]\n[cg_accordion title=\"ATENCI\u00d3N AL CLIENTE\"]<\/p>\n<p>\u00bfTiene alguna pregunta? Estamos a un paso de resolver su problema.<br \/>\n[\/cg_accordion]\n[cg_accordion title=\"QU\u00c9 INCLUYE\"]<\/p>\n<ul>\n<li>1x BiWIN 2230 NVMe<\/li>\n<\/ul>\n<p>[\/cg_accordion]\n","protected":false},"featured_media":7570,"template":"","meta":{"_acf_changed":false},"product_brand":[],"product_cat":[1338],"product_tag":[3948],"woo-feed-brand":[],"class_list":{"0":"post-7568","1":"product","2":"type-product","3":"status-publish","4":"has-post-thumbnail","6":"product_cat-accesorios","7":"product_tag-hardware-es-2","8":"product_shipping_class-low-end","9":"pa_accessory-type-complementos","10":"pa_brand-biwin","12":"first","13":"outofstock","14":"sold-individually","15":"taxable","16":"shipping-taxable","17":"purchasable","18":"product-type-simple"},"acf":[],"aioseo_notices":[],"_links":{"self":[{"href":"https:\/\/gpdstore.net\/es\/wp-json\/wp\/v2\/product\/7568","targetHints":{"allow":["GET"]}}],"collection":[{"href":"https:\/\/gpdstore.net\/es\/wp-json\/wp\/v2\/product"}],"about":[{"href":"https:\/\/gpdstore.net\/es\/wp-json\/wp\/v2\/types\/product"}],"wp:featuredmedia":[{"embeddable":true,"href":"https:\/\/gpdstore.net\/es\/wp-json\/wp\/v2\/media\/7570"}],"wp:attachment":[{"href":"https:\/\/gpdstore.net\/es\/wp-json\/wp\/v2\/media?parent=7568"}],"wp:term":[{"taxonomy":"product_brand","embeddable":true,"href":"https:\/\/gpdstore.net\/es\/wp-json\/wp\/v2\/product_brand?post=7568"},{"taxonomy":"product_cat","embeddable":true,"href":"https:\/\/gpdstore.net\/es\/wp-json\/wp\/v2\/product_cat?post=7568"},{"taxonomy":"product_tag","embeddable":true,"href":"https:\/\/gpdstore.net\/es\/wp-json\/wp\/v2\/product_tag?post=7568"},{"taxonomy":"woo-feed-brand","embeddable":true,"href":"https:\/\/gpdstore.net\/es\/wp-json\/wp\/v2\/woo-feed-brand?post=7568"}],"curies":[{"name":"wp","href":"https:\/\/api.w.org\/{rel}","templated":true}]}}