{"id":7488,"date":"2023-03-26T17:20:14","date_gmt":"2023-03-26T17:20:14","guid":{"rendered":"https:\/\/gpdstore.net\/sin%20categor\u00eda\/pc-portatil-para-juegos-gpd-win-max-2\/"},"modified":"2026-04-02T03:47:04","modified_gmt":"2026-04-02T03:47:04","slug":"gpd-win-max-2","status":"publish","type":"product","link":"https:\/\/gpdstore.net\/es\/product\/gpd-win-max-2\/","title":{"rendered":"GPD WIN MAX 2 PC port\u00e1til para juegos"},"content":{"rendered":"\n<p>El GPD WIN MAX 2, disponible en la GPD Store, es un impresionante Ultrabook que combina trabajo y juego en un solo dispositivo. Este PC port\u00e1til para juegos cuenta con un procesador AMD Ryzen 7 6800U de alto rendimiento con ocho n\u00facleos y diecis\u00e9is hilos, capaz de alcanzar hasta 4,7GHz entre un TDP configurable de 15W-28W. La AMD Radeon 680M proporciona hasta 2,2GHz de potencia, garantizando visuales fluidos en la pantalla t\u00e1ctil IPS de 10,1&#8243;.  <\/p>\n\n<p>Con unas dimensiones compactas de 22,7 \u00d7 16,0 \u00d7 2,3 cm (8,9 x 6,2 x 0,9 pulgadas) y un peso de poco m\u00e1s de un kilo, el GPD WIN MAX 2 es muy port\u00e1til y cabe f\u00e1cilmente en la bolsa o malet\u00edn de un port\u00e1til. Este PC port\u00e1til para juegos admite hasta 32 GB de RAM LPDDR5-6400 MT\/s y hasta 2 TB de SSD, con una ranura adicional en la parte trasera para SSD m.2 PCIe 3.0 de hasta 2 TB.  <\/p>\n\n<p>El GPD WIN MAX 2 tambi\u00e9n viene equipado con controles de juego completos, incluidos sticks anal\u00f3gicos duales con sensor de efecto Hall, un D-Pad de juego y gatillos de efecto Hall. Incluso hay dos botones adicionales en la parte trasera que puedes configurar a tu gusto. Este Ultrabook tambi\u00e9n cuenta con WiFi 6 r\u00e1pido y Bluetooth 5.2, con soporte 4G LTE opcional para datos m\u00f3viles.  <\/p>\n\n<p>La GPD WIN MAX 2 funciona con una bater\u00eda de pol\u00edmero de litio de 67 Wh, que proporciona hasta 14 horas de uso ligero, 6-8 horas de uso moderado y 3 horas de uso intensivo. Adem\u00e1s, con un puerto Thunderbolt 4, puedes conectar una tarjeta gr\u00e1fica externa (eGPU) para un rendimiento a\u00fan m\u00e1s r\u00e1pido. Hay incluso un HDMI 2.1 integrado para la visualizaci\u00f3n en dos monitores.  <\/p>\n\n<p>En general, el GPD WIN MAX 2 es un excepcional PC port\u00e1til para juegos que transita sin problemas entre el trabajo y el juego, con una gran duraci\u00f3n de la bater\u00eda. Tanto si trabajas con exigentes documentos de oficina como si te deleitas con tus juegos AAA favoritos, este Ultrabook te tiene cubierto. <\/p>\n\n<p><\/p>\n","protected":false},"excerpt":{"rendered":"<ul>\n<li>AMD <strong>Ryzen 7 6800U<\/strong> @2,7GHz TDP 15-28W<\/li>\n<li>AMD Radeon 680M <strong>12 CUs @2200 MHz<\/strong><\/li>\n<li><strong>hasta 32 GB LPDDR5-6400 MT\/s<\/strong><\/li>\n<li>SSD <strong>NVMe<\/strong> PCI-E de alta velocidad de <strong>hasta 2 TB<\/strong> <\/li>\n<li>Compatible con WiFi 6 y Bluetooth <strong>5.2<\/strong>  <\/li>\n<\/ul>\n[cg_accordion title=\"INFORMACI\u00d3N SOBRE EL PAGO\"]<\/p>\n<p>Utilizamos la \u00faltima tecnolog\u00eda en procesamiento de pagos, lo que le permite pagar a trav\u00e9s de su tarjeta de d\u00e9bito o cr\u00e9dito, o PayPal para una experiencia r\u00e1pida y segura.[\/cg_accordion]\n[cg_accordion title=\"GARANT\u00cdA\"]<\/p>\n<p>2 a\u00f1os de garant\u00eda de <a href=\"https:\/\/droix.net\/\" target=\"_blank\" rel=\"nofollow noopener\">DROIX Global<\/a> para su tranquilidad[\/cg_accordion]\n[cg_accordion title=\"PRECIOS, IMPUESTOS Y GASTOS DE ENV\u00cdO\"]<\/p>\n<p><strong><u>Nota:<\/u><\/strong><\/p>\n<ul>\n<li>Clientes de Estados Unidos: El precio indicado NO incluye impuestos ni aranceles. El cliente es responsable del despacho de aduanas y del pago de los impuestos y aranceles correspondientes. <\/li>\n<li>Clientes de la UE: El precio mostrado incluye el IMPUESTO aplicable, que puede ser de hasta el 25% dependiendo de su pa\u00eds.<\/li>\n<li>Clientes de Canad\u00e1: El precio mostrado incluye los impuestos aplicables, que pueden incluir un 5% de GST e impuestos de venta provinciales (PST) adicionales, impuesto de venta armonizado (HST) o impuesto de venta de Quebec (QST), dependiendo de su provincia.<\/li>\n<\/ul>\n<p><strong>S\u00d3LO para clientes de la UE:<\/strong> Express DDP (Entrega con derechos pagados). Esto significa: <\/p>\n<ul>\n<li>Todos los derechos de aduana e impuestos est\u00e1n incluidos en el precio que aparece en la p\u00e1gina del producto.<\/li>\n<li>No tendr\u00e1 que pagar ning\u00fan gasto adicional en el momento de la entrega.<\/li>\n<li>En el raro caso de que surjan problemas relacionados con las aduanas, nuestro equipo se encargar\u00e1 del proceso de despacho de aduanas en su nombre para garantizar una entrega sin problemas.<\/li>\n<p>Informaci\u00f3n importante sobre devoluciones:<\/p>\n<li>Si decide devolver su pedido o solicitar un reembolso, tenga en cuenta que los impuestos y aranceles pagados en su nombre con arreglo a las condiciones del DDP no pueden reembolsarse.<\/li>\n<p>Consulte nuestras <a href=\"https:\/\/droix.net\/terms-and-conditions\/\" target=\"_blank\" rel=\"nofollow noopener\">Condiciones generales<\/a> para obtener informaci\u00f3n detallada.\n<\/ul>\n<p>[\/cg_accordion]\n[cg_accordion title=\"ATENCI\u00d3N AL CLIENTE\"]<\/p>\n<p>\u00bfTiene alguna pregunta? Estamos a un paso de resolver su problema. <\/p>\n<p>Consulte nuestras <a href=\"https:\/\/gpdstore.net\/es\/terms-of-service\/\" target=\"_blank\" rel=\"nofollow noopener\">Condiciones generales<\/a> para obtener informaci\u00f3n detallada.\n<\/ul>\n<p>[\/cg_accordion]\n[cg_accordion title=\"QU\u00c9 INCLUYE\"]<\/p>\n<ul>\n<li>1x GPD WIN MAX 2<\/li>\n<li>1x adaptador de corriente<\/li>\n<li>1x Cable USB Tipo-C<\/li>\n<li>1x Manual del usuario<\/li>\n<\/ul>\n<p>[\/cg_accordion]\n","protected":false},"featured_media":7491,"template":"","meta":{"_acf_changed":false},"product_brand":[],"product_cat":[734],"product_tag":[2183],"woo-feed-brand":[738],"class_list":{"0":"post-7488","1":"product","2":"type-product","3":"status-publish","4":"has-post-thumbnail","6":"product_cat-gpd-pc-portatil-para-juegos","7":"product_tag-gpd-win-max-2-es","8":"product_shipping_class-premium","9":"pa_bluetooth-5-2-es","10":"pa_display-type-h-ips-es","11":"pa_graphics-gpu-model-radeon-680m-es","12":"pa_i-o-video-1x-hdmi-2-1-es","13":"pa_i-o-video-mediante-1x-usb-4-0-tipo-c-a-40-gb-s","14":"pa_memory-ram-capacity-16-gb-es","15":"pa_memory-ram-capacity-32-gb-es","16":"pa_memory-ram-technology-lpddr5-es","17":"pa_processor-cpu-model-ryzen-7-6800u","18":"pa_storage-capacity-1tb-es","19":"pa_storage-capacity-2tb-es","20":"pa_wi-fi-wi-fi-6-es","21":"woo-feed-brand-gpd-es","23":"first","24":"outofstock","25":"taxable","26":"shipping-taxable","27":"purchasable","28":"product-type-variable","29":"has-default-attributes"},"acf":[],"aioseo_notices":[],"_links":{"self":[{"href":"https:\/\/gpdstore.net\/es\/wp-json\/wp\/v2\/product\/7488","targetHints":{"allow":["GET"]}}],"collection":[{"href":"https:\/\/gpdstore.net\/es\/wp-json\/wp\/v2\/product"}],"about":[{"href":"https:\/\/gpdstore.net\/es\/wp-json\/wp\/v2\/types\/product"}],"wp:featuredmedia":[{"embeddable":true,"href":"https:\/\/gpdstore.net\/es\/wp-json\/wp\/v2\/media\/7491"}],"wp:attachment":[{"href":"https:\/\/gpdstore.net\/es\/wp-json\/wp\/v2\/media?parent=7488"}],"wp:term":[{"taxonomy":"product_brand","embeddable":true,"href":"https:\/\/gpdstore.net\/es\/wp-json\/wp\/v2\/product_brand?post=7488"},{"taxonomy":"product_cat","embeddable":true,"href":"https:\/\/gpdstore.net\/es\/wp-json\/wp\/v2\/product_cat?post=7488"},{"taxonomy":"product_tag","embeddable":true,"href":"https:\/\/gpdstore.net\/es\/wp-json\/wp\/v2\/product_tag?post=7488"},{"taxonomy":"woo-feed-brand","embeddable":true,"href":"https:\/\/gpdstore.net\/es\/wp-json\/wp\/v2\/woo-feed-brand?post=7488"}],"curies":[{"name":"wp","href":"https:\/\/api.w.org\/{rel}","templated":true}]}}