{"id":7326,"date":"2023-11-29T11:23:37","date_gmt":"2023-11-29T11:23:37","guid":{"rendered":"https:\/\/gpdstore.net\/sin%20categor\u00eda\/estacion-de-acoplamiento-gpd-g1-2024-egpu\/"},"modified":"2026-03-27T11:13:25","modified_gmt":"2026-03-27T11:13:25","slug":"gpd-g1","status":"publish","type":"product","link":"https:\/\/gpdstore.net\/es\/product\/gpd-g1\/","title":{"rendered":"GPD G1 (2024) Estaci\u00f3n de acoplamiento eGPU"},"content":{"rendered":"\n<figure class=\"wp-block-image aligncenter size-full\"><img decoding=\"async\" src=\"https:\/\/gpdstore.net\/wp-content\/uploads\/\" alt=\"Imagen de la GPD G1 2024 eGPU Docking Station, con GPU AMD Radeon RX 7600M XT, interruptor de conmutaci&#xF3;n TGP y conectividad vers&#xE1;til. Perfecto para jugadores y profesionales. P&#xED;delo ya para disfrutar de unas prestaciones revolucionarias\" class=\"wp-image-1471\"\/><\/figure>\n\n<h2 class=\"wp-block-heading\"><strong>Estaci\u00f3n de acoplamiento GPD G1 2024 eGPU: Un salto revolucionario<\/strong><\/h2>\n\n<p>La GPD G1 2024 eGPU Docking Station representa un importante salto adelante en el mundo de las unidades de procesamiento gr\u00e1fico externas. Dise\u00f1ada para usuarios que requieren tanto movilidad como computaci\u00f3n de alto rendimiento, esta estaci\u00f3n de acoplamiento redefine los est\u00e1ndares del sector de las eGPU. Con tecnolog\u00eda de vanguardia, incluida la tarjeta gr\u00e1fica AMD Radeon RX 7600M XT, y funciones innovadoras como el interruptor TGP Toggle Switch, la estaci\u00f3n de acoplamiento GPD G1 eGPU satisface a jugadores y profesionales por igual. Su dise\u00f1o elegante y port\u00e1til no s\u00f3lo mejora tu espacio de trabajo, sino que tambi\u00e9n ofrece un potente rendimiento est\u00e9s donde est\u00e9s. Con GPD G1, abrace el futuro del entretenimiento y la productividad sin concesiones.    <\/p>\n\n<figure class=\"wp-block-gallery has-nested-images columns-default is-cropped wp-block-gallery-1 is-layout-flex wp-block-gallery-is-layout-flex\">\n<figure class=\"wp-block-image size-large\"><img decoding=\"async\" data-id=\"1494\" src=\"https:\/\/gpdstore.net\/wp-content\/uploads\/\" alt=\"Imagen que muestra un dispositivo port&#xE1;til GPD G1 conectado a un port&#xE1;til WIN Max 2, con ambos dispositivos conectados a monitores externos para una configuraci&#xF3;n de visualizaci&#xF3;n ampliada\" class=\"wp-image-1494\"\/><\/figure>\n\n\n\n<figure class=\"wp-block-image size-large\"><img decoding=\"async\" data-id=\"1493\" src=\"https:\/\/gpdstore.net\/wp-content\/uploads\/\" alt=\"Imagen que muestra un dispositivo port&#xE1;til GPD G1 conectado a un port&#xE1;til WIN 4, junto a monitores externos, lo que permite una configuraci&#xF3;n multipantalla\" class=\"wp-image-1493\"\/><\/figure>\n\n\n\n<figure class=\"wp-block-image size-large\"><img decoding=\"async\" data-id=\"1467\" src=\"https:\/\/gpdstore.net\/wp-content\/uploads\/\" alt=\"Imagen que muestra un dispositivo port&#xE1;til GPD G1 conectado a un GPD Pocket 3, con ambos dispositivos conectados a monitores externos para una configuraci&#xF3;n multipantalla\" class=\"wp-image-1467\"\/><\/figure>\n\n\n\n<figure class=\"wp-block-image size-large\"><img decoding=\"async\" data-id=\"1464\" src=\"https:\/\/gpdstore.net\/wp-content\/uploads\/\" alt=\"GPD G1 2024, un elegante dispositivo port&#xE1;til de juego con una pantalla vibrante, controles ergon&#xF3;micos y un dise&#xF1;o moderno.\" class=\"wp-image-1464\"\/><\/figure>\n\n\n\n<figure class=\"wp-block-image size-large\"><img fetchpriority=\"high\" decoding=\"async\" width=\"1000\" height=\"1000\" data-id=\"1465\" src=\"https:\/\/gpdstore.net\/wp-content\/uploads\/2024\/05\/GPD-G1_2024-USAGE-IMAGE-5.jpg\" alt=\"Imagen de un dispositivo port&#xE1;til GPD G1 conectado a un ordenador port&#xE1;til.\" class=\"wp-image-1465\" srcset=\"https:\/\/gpdstore.net\/wp-content\/uploads\/2024\/05\/GPD-G1_2024-USAGE-IMAGE-5.jpg 1000w, https:\/\/gpdstore.net\/wp-content\/uploads\/2024\/05\/GPD-G1_2024-USAGE-IMAGE-5-600x600.jpg 600w, https:\/\/gpdstore.net\/wp-content\/uploads\/2024\/05\/GPD-G1_2024-USAGE-IMAGE-5-150x150.jpg 150w, https:\/\/gpdstore.net\/wp-content\/uploads\/2024\/05\/GPD-G1_2024-USAGE-IMAGE-5-768x768.jpg 768w, https:\/\/gpdstore.net\/wp-content\/uploads\/2024\/05\/GPD-G1_2024-USAGE-IMAGE-5-990x990.jpg 990w, https:\/\/gpdstore.net\/wp-content\/uploads\/2024\/05\/GPD-G1_2024-USAGE-IMAGE-5-441x441.jpg 441w, https:\/\/gpdstore.net\/wp-content\/uploads\/2024\/05\/GPD-G1_2024-USAGE-IMAGE-5-100x100.jpg 100w\" sizes=\"(max-width: 1000px) 100vw, 1000px\" \/><\/figure>\n\n\n\n<figure class=\"wp-block-image size-large\"><img decoding=\"async\" data-id=\"1466\" src=\"https:\/\/gpdstore.net\/wp-content\/uploads\/\" alt=\"GPD G1 2024 eGPU Docking Station: GPU AMD Radeon RX 7600M XT, interruptor de conmutaci&#xF3;n TGP y conectividad vers&#xE1;til. Ideal para jugadores y profesionales. \" class=\"wp-image-1466\"\/><\/figure>\n<\/figure>\n\n<div class=\"wp-block-columns is-layout-flex wp-container-core-columns-is-layout-28f84493 wp-block-columns-is-layout-flex\">\n<div class=\"wp-block-column is-layout-flow wp-block-column-is-layout-flow\" style=\"flex-basis:66.66%\">\n<figure class=\"wp-block-image size-full\"><img decoding=\"async\" src=\"https:\/\/gpdstore.net\/wp-content\/uploads\/\" alt=\"Imagen que muestra la GPD G1 2024 eGPU Docking Station, en la que destaca su GPU AMD Radeon RX 7600M XT, el interruptor de conmutaci&#xF3;n TGP y las vers&#xE1;tiles opciones de conectividad. Perfecta para jugadores y profesionales que buscan un rendimiento incomparable y un dise&#xF1;o elegante. \" class=\"wp-image-995\"\/><\/figure>\n<\/div>\n\n\n\n<div class=\"wp-block-column is-layout-flow wp-block-column-is-layout-flow\" style=\"flex-basis:33.33%\">\n<h2 class=\"wp-block-heading has-text-align-left\"><strong>GPD G1 2024<\/strong> &#8211; <strong><strong>La base de expansi\u00f3n para tarjetas gr\u00e1ficas m\u00e1s peque\u00f1a <\/strong><\/strong> <\/h2>\n\n\n\n<p>La eGPU Docking Station establece nuevos est\u00e1ndares en tecnolog\u00eda, ofreciendo un rendimiento, dise\u00f1o y funcionalidad inigualables. Con su potente GPU AMD Radeon RX 7600M XT, su innovador interruptor TGP Toggle Switch y sus vers\u00e1tiles opciones de conectividad, es la soluci\u00f3n definitiva para jugadores y profesionales. Reserva hoy mismo la GPD G1 2024 eGPU Docking Station y s\u00e9 uno de los primeros en disfrutar de sus revolucionarias funciones. Ad\u00e9ntrese en el futuro con GPD G1, donde el rendimiento se une a la portabilidad.   <\/p>\n<\/div>\n<\/div>\n\n<h2 class=\"wp-block-heading has-text-align-center\">Control del Rendimiento de Nueva Generaci\u00f3n: TGP y conectividad para usuarios avanzados<\/h2>\n\n<div class=\"wp-block-columns is-layout-flex wp-container-core-columns-is-layout-28f84493 wp-block-columns-is-layout-flex\">\n<div class=\"wp-block-column is-layout-flow wp-block-column-is-layout-flow\">\n<figure class=\"wp-block-image size-full is-resized\"><img decoding=\"async\" src=\"https:\/\/gpdstore.net\/wp-content\/uploads\/\" alt=\"Imagen de la GPD G1 2024 eGPU Docking Station, con GPU AMD Radeon RX 7600M XT, interruptor de conmutaci&#xF3;n TGP para un mayor control del rendimiento y conectividad vers&#xE1;til. Perfecto para jugadores y profesionales. P&#xED;delo ya para disfrutar de unas prestaciones revolucionarias.\" class=\"wp-image-1510\" style=\"width:281px;height:auto\"\/><\/figure>\n\n\n\n<h3 class=\"wp-block-heading\"><strong>Modo Silencioso vs. Rendimiento Mejorado: C\u00f3mo optimiza tu experiencia el conmutador TGP (60W\/100W)<\/strong><\/h3>\n\n\n\n<p>Exclusivo \u201cTGP Toggle Key\u201d, durante el juego, puedes cambiar libremente entre los modos silencioso y de rendimiento.<br\/>El TGP Toggle Switch permite a los usuarios elegir entre el modo silencioso (60W TGP) para un menor ruido y el modo normal (100W TGP) para un mayor rendimiento, ofreciendo flexibilidad en funci\u00f3n de las necesidades de los usuarios.<\/p>\n<\/div>\n\n\n\n<div class=\"wp-block-column is-layout-flow wp-block-column-is-layout-flow\">\n<figure class=\"wp-block-image size-full is-resized\"><img decoding=\"async\" src=\"https:\/\/gpdstore.net\/wp-content\/uploads\/\" alt=\"Imagen de la tarjeta adaptadora de interfaz GPD G1 2024 M.2 NVMe Protocol to Oculink SFF-8612, que ofrece una expansi&#xF3;n compacta para tarjetas gr&#xE1;ficas \" class=\"wp-image-1507\" style=\"width:284px;height:auto\"\/><\/figure>\n\n\n\n<h3 class=\"wp-block-heading\"><strong>La ventaja Oculink: Por qu\u00e9 la interfaz SFF-8612 ofrece un ancho de banda superior para las eGPUs<\/strong><\/h3>\n\n\n\n<p>Las placas base ITX como la Z690I suelen ofrecer tres interfaces M.2, una de las cuales puede utilizarse para conectar la tarjeta adaptadora. A continuaci\u00f3n, puede utilizarse un cable de doble puerto Oculink SF-8611 para conectar la interfaz Oculink SFF-8612 de la tarjeta adaptadora a la interfaz Oculink SFF-8612 de GPD G1. <\/p>\n<\/div>\n\n\n\n<div class=\"wp-block-column is-layout-flow wp-block-column-is-layout-flow\">\n<figure class=\"wp-block-image size-full is-resized\"><img decoding=\"async\" src=\"https:\/\/gpdstore.net\/wp-content\/uploads\/\" alt=\"Imagen de la tarjeta adaptadora de interfaz GPD G1 2024 SFF-8612, la base de expansi&#xF3;n de tarjetas gr&#xE1;ficas m&#xE1;s peque&#xF1;a.\" class=\"wp-image-1508\" style=\"width:227px;height:auto\"\/><\/figure>\n\n\n\n<h3 class=\"wp-block-heading\"><strong>Resolver el Problema de la Media Altura: Utilizar el Soporte Largo y Corto para Ajustar la Tarjeta Gr\u00e1fica<\/strong><\/h3>\n\n\n\n<p>Las tarjetas gr\u00e1ficas de media altura adecuadas para cajas ITX son escasas, y las tarjetas gr\u00e1ficas de media altura de alto rendimiento son casi inexistentes. Por lo tanto, puede instalar una tarjeta adaptadora de interfaz PCIe 3.0 x4 a Oculink SFF-8612 para conectar el GPD G1. El soporte largo y el soporte corto pueden sustituirse f\u00e1cilmente.  <\/p>\n\n\n\n<h3 class=\"wp-block-heading\"><strong><br\/><\/strong><\/h3>\n<\/div>\n<\/div>\n\n<h2 class=\"wp-block-heading\"><strong>Productos<\/strong><\/h2>\n\n<p>La GPD G1 2024 eGPU Docking Station encarna el avance tecnol\u00f3gico y el dise\u00f1o ergon\u00f3mico. Impulsada por la GPU AMD Radeon RX 7600M XT y la arquitectura RDNA 3.0, ofrece un rendimiento gr\u00e1fico incomparable apto para juegos AAA con una resoluci\u00f3n de hasta 4K. Desde los entusiastas de los juegos que buscan un rendimiento de gama alta hasta los profesionales que necesitan potencia de c\u00e1lculo para desplazarse, este dispositivo se adapta a una amplia gama de usuarios.  <\/p>\n\n<figure class=\"wp-block-image size-full\"><img decoding=\"async\" src=\"https:\/\/gpdstore.net\/wp-content\/uploads\/\" alt=\"Imagen de la GPD G1 2024 eGPU Docking Station con GPU AMD Radeon RX 7600M XT, interruptor de conmutaci&#xF3;n TGP y  \" class=\"wp-image-1511\"\/><\/figure>\n\n<p>La estaci\u00f3n de acoplamiento GPD G1 2024 eGPU ofrece una versatilidad excepcional gracias a sus opciones de conectividad OcuLink y USB 4, compatibles con una amplia gama de PC y dispositivos port\u00e1tiles para juegos. Su dise\u00f1o compacto y ligero, con s\u00f3lo 22,5 \u00d7 11,1 \u00d7 3,0 cm y un peso de 920 g, garantiza la portabilidad sin sacrificar el rendimiento. Tanto si est\u00e1s en casa como de viaje, la estaci\u00f3n de acoplamiento GPD G1 eGPU mejora tanto las sesiones de juego como las tareas de productividad con facilidad. Adem\u00e1s, su compatibilidad con la ROG ALLY X ampl\u00eda su uso a m\u00e1s sistemas de juego.   <\/p>\n\n<figure class=\"wp-block-image aligncenter size-full\"><img decoding=\"async\" width=\"900\" height=\"559\" src=\"https:\/\/gpdstore.net\/wp-content\/uploads\/2024\/05\/3-1.png\" alt=\"Dimensiones de la GPD G1 eGPU: Compacta y ocupa poco espacio para una integraci&#xF3;n perfecta.\" class=\"wp-image-1512\" srcset=\"https:\/\/gpdstore.net\/wp-content\/uploads\/2024\/05\/3-1.png 900w, https:\/\/gpdstore.net\/wp-content\/uploads\/2024\/05\/3-1-600x373.png 600w, https:\/\/gpdstore.net\/wp-content\/uploads\/2024\/05\/3-1-768x477.png 768w, https:\/\/gpdstore.net\/wp-content\/uploads\/2024\/05\/3-1-320x200.png 320w, https:\/\/gpdstore.net\/wp-content\/uploads\/2024\/05\/3-1-360x224.png 360w, https:\/\/gpdstore.net\/wp-content\/uploads\/2024\/05\/3-1-441x274.png 441w, https:\/\/gpdstore.net\/wp-content\/uploads\/2024\/05\/3-1-150x93.png 150w\" sizes=\"(max-width: 900px) 100vw, 900px\" \/><\/figure>\n\n<h2 class=\"wp-block-heading\"><strong>Caracter\u00edsticas detalladas<\/strong><\/h2>\n\n<p><strong>Rendimiento:<\/strong> Dise\u00f1ada para satisfacer las demandas de las aplicaciones creativas y de juego m\u00e1s exigentes, la estaci\u00f3n de acoplamiento GPD G1 2024 incorpora la GPU AMD Radeon RX 7600M XT, con 32 unidades de c\u00e1lculo a 2300Mhz y 8GB de memoria GDDR6. El cargador GaN integrado de 240 W del dispositivo proporciona potencia de sobra para un rendimiento sostenido. <\/p>\n\n<p><strong>Rendimiento gr\u00e1fico:<\/strong> El coraz\u00f3n del excepcional rendimiento de GPD G1 reside en su GPU. Capaz de manejar juegos y aplicaciones con una resoluci\u00f3n de hasta 4K, ofrece im\u00e1genes vibrantes y una jugabilidad fluida, perfecta para t\u00edtulos AAA. <\/p>\n\n<figure class=\"wp-block-image aligncenter size-full\"><img decoding=\"async\" src=\"https:\/\/gpdstore.net\/wp-content\/uploads\/\" alt=\"Imagen de la GPD G1 2024 eGPU Docking Station con GPU AMD Radeon RX 7600M XT, interruptor de conmutaci&#xF3;n TGP y vers&#xE1;tiles opciones de conectividad. Ideal para jugadores y profesionales.  P&#xED;delo ya para disfrutar de unas prestaciones revolucionarias.\" class=\"wp-image-1505\"\/><\/figure>\n\n<h2 class=\"wp-block-heading\"><strong>Puertos HDMI y USB actualizados<\/strong><\/h2>\n\n<p>El modelo GPD G1 2024 eGPU incorpora un puerto HDMI 2.1 actualizado que admite salida 4K a 120 Hz y un puerto USB 4 con salida de potencia de 65 W, lo que mejora la calidad visual y la compatibilidad de dispositivos.<\/p>\n\n<h2 class=\"wp-block-heading\"><strong>Experiencia del usuario<\/strong><\/h2>\n\n<p>GPD G1 redefine la experiencia del usuario al ofrecer un rendimiento de juego de nivel de sobremesa en un formato port\u00e1til. Con varios puertos USB y salidas HDMI y DisplayPort duales, los usuarios pueden crear configuraciones de juego envolventes o entornos multitarea productivos. El dise\u00f1o ergon\u00f3mico del dispositivo y su sencillo proceso de configuraci\u00f3n garantizan que los usuarios puedan empezar a jugar o trabajar en cuesti\u00f3n de minutos.  <\/p>\n\n<div class=\"wp-block-columns is-layout-flex wp-container-core-columns-is-layout-28f84493 wp-block-columns-is-layout-flex\">\n<div class=\"wp-block-column is-layout-flow wp-block-column-is-layout-flow\" style=\"flex-basis:100%\">\n<h2 class=\"wp-block-heading\"><strong>Conclusi\u00f3n<\/strong><\/h2>\n<\/div>\n<\/div>\n\n<p>La estaci\u00f3n de acoplamiento GPD G1 2024 eGPU lidera la innovaci\u00f3n tecnol\u00f3gica, combinando un rendimiento superior, un dise\u00f1o elegante y una funcionalidad excepcional. Equipada con la formidable GPU AMD Radeon RX 7600M XT y un pionero interruptor de palanca TGP, ofrece vers\u00e1tiles opciones de conectividad y es compatible con el ROG ALLY X. La estaci\u00f3n de acoplamiento GPD G1 eGPU es la elecci\u00f3n definitiva para quienes aspiran a los m\u00e1s altos niveles de juego y productividad.  Ad\u00e9ntrate en el futuro del entretenimiento con un dispositivo que se libera de las limitaciones de la inform\u00e1tica convencional.<\/p>\n\n<h2 class=\"wp-block-heading has-text-align-center\">Los mejores dispositivos port\u00e1tiles para juegos de PC para el GPD G1<\/h2>\n\n<p>GPD G1 2024 es una eGPU de \u00faltima generaci\u00f3n que eleva dr\u00e1sticamente el rendimiento de juego de varios PC port\u00e1tiles, por lo que es un accesorio ideal para los GPD Win Max 2 2024, Win 4 2024 y Win Mini 2024. El GPD Win Max 2 2024 cuenta con una gran pantalla de 10,1 pulgadas, un potente procesador Intel de 12\u00aa generaci\u00f3n y un teclado de tama\u00f1o completo, ofreciendo una soluci\u00f3n vers\u00e1til tanto para juegos como para productividad. El GPD Win 4 2024 presenta un dise\u00f1o compacto con teclado deslizante y est\u00e1 equipado con un procesador AMD Ryzen 7 7840U, logrando un equilibrio perfecto entre portabilidad y potencia. El GPD Win Mini 2024, el m\u00e1s nuevo y peque\u00f1o de la gama, ofrece un rendimiento impresionante gracias a su dise\u00f1o eficiente y sus componentes internos de gama alta, lo que lo convierte en la opci\u00f3n ideal para los jugadores que se desplazan. Cuando se combinan con el GPD G1 2024, estos dispositivos se transforman en potentes port\u00e1tiles de juego, capaces de manejar los \u00faltimos t\u00edtulos AAA con facilidad y proporcionar una experiencia de juego inmersiva y sin fisuras&#8230;.    <\/p>\n","protected":false},"excerpt":{"rendered":"<ul>\n<li>GPU: AMD Radeon\u2122<strong> RX 7600M XT<\/strong> eGPU  <\/li>\n<li>COMPATIBILIDAD:<strong> OCuLink, USB 4, Thunderbolt 3 y 4<\/strong><\/li>\n<li>OCULINK:<strong> Conectividad PCI Express<\/strong><\/li>\n<li>USB 4:<strong> hasta 40 Gbps<\/strong><\/li>\n<li>Dise\u00f1ado para: <strong>GPD<\/strong> WIN MAX 2, WIN 4, WIN Mini, ROG Ally X  <\/li>\n<\/ul>\n[cg_accordion title=\"INFORMACI\u00d3N SOBRE EL PAGO\"]<\/p>\n<p>Utilizamos la \u00faltima tecnolog\u00eda en procesamiento de pagos, lo que le permite pagar a trav\u00e9s de su tarjeta de d\u00e9bito o cr\u00e9dito, o PayPal para una experiencia r\u00e1pida y segura.[\/cg_accordion]\n[cg_accordion title=\"GARANT\u00cdA\"]<\/p>\n<p>2 a\u00f1os de garant\u00eda de <a href=\"https:\/\/droix.net\/\" target=\"_blank\" rel=\"nofollow noopener\">DROIX Global<\/a> para su tranquilidad[\/cg_accordion]\n[cg_accordion title=\"GARANT\u00cdA DE CALIDAD Y PRUEBAS PREVIAS A LA EXPEDICI\u00d3N\"]<\/p>\n<p>Garantizamos la satisfacci\u00f3n del cliente al m\u00e1s alto nivel: Cada dispositivo se somete a rigurosas pruebas y a una comprobaci\u00f3n de garant\u00eda de calidad en varios puntos antes de ser enviado. Nuestro equipo especializado verifica el rendimiento, la funcionalidad y la integridad de los componentes para garantizar que tu dispositivo GPD est\u00e9 en perfecto estado de funcionamiento a su llegada, proporcion\u00e1ndote confianza y tranquilidad. [\/cg_accordion]\n[cg_accordion title=\"PRECIOS, IMPUESTOS Y GASTOS DE ENV\u00cdO\"]<\/p>\n<p><strong><u>Nota:<\/u><\/strong><\/p>\n<ul>\n<li>Clientes de Estados Unidos: El precio indicado NO incluye impuestos ni aranceles. El cliente es responsable del despacho de aduanas y del pago de los impuestos y aranceles correspondientes. <\/li>\n<li>Clientes de la UE: El precio mostrado incluye el IMPUESTO aplicable, que puede ser de hasta el 25% dependiendo de su pa\u00eds.<\/li>\n<li>Clientes de Canad\u00e1: El precio mostrado incluye los impuestos aplicables, que pueden incluir un 5% de GST e impuestos de venta provinciales (PST) adicionales, impuesto de venta armonizado (HST) o impuesto de venta de Quebec (QST), dependiendo de su provincia.<\/li>\n<\/ul>\n<p><strong>S\u00d3LO para clientes de la UE:<\/strong> Express DDP (Entrega con derechos pagados). Esto significa: <\/p>\n<ul>\n<li>Todos los derechos de aduana e impuestos est\u00e1n incluidos en el precio que aparece en la p\u00e1gina del producto.<\/li>\n<li>No tendr\u00e1 que pagar ning\u00fan gasto adicional en el momento de la entrega.<\/li>\n<li>En el raro caso de que surjan problemas relacionados con las aduanas, nuestro equipo se encargar\u00e1 del proceso de despacho de aduanas en su nombre para garantizar una entrega sin problemas.<\/li>\n<p>Informaci\u00f3n importante sobre devoluciones:<\/p>\n<li>Si decide devolver su pedido o solicitar un reembolso, tenga en cuenta que los impuestos y aranceles pagados en su nombre con arreglo a las condiciones del DDP no pueden reembolsarse.<\/li>\n<p>Consulte nuestras <a href=\"https:\/\/droix.net\/terms-and-conditions\/\" target=\"_blank\" rel=\"nofollow noopener\">Condiciones generales<\/a> para obtener informaci\u00f3n detallada.\n<\/ul>\n<p>[\/cg_accordion]\n[cg_accordion title=\"ATENCI\u00d3N AL CLIENTE\"]<\/p>\n<p>\u00bfTiene alguna pregunta? Estamos a un paso de resolver su problema. <\/p>\n<p>Consulte nuestras <a href=\"https:\/\/gpdstore.net\/es\/terms-of-service\/\" target=\"_blank\" rel=\"nofollow noopener\">Condiciones generales<\/a> para obtener informaci\u00f3n detallada.\n<\/ul>\n<p>[\/cg_accordion]\n[cg_accordion title=\"QU\u00c9 INCLUYE\"]<\/p>\n<ul>\n<li>1x GPD G1 2024<\/li>\n<li>1x adaptador de corriente<\/li>\n<li>1x Cable USB Tipo-C<\/li>\n<li>1x Manual del usuario<\/li>\n<\/ul>\n<p>[\/cg_accordion]\n","protected":false},"featured_media":15380,"template":"","meta":{"_acf_changed":false},"product_brand":[],"product_cat":[1338],"product_tag":[16897,2110],"woo-feed-brand":[738],"class_list":{"0":"post-7326","1":"product","2":"type-product","3":"status-publish","4":"has-post-thumbnail","6":"product_cat-accesorios","7":"product_tag-10xmsale-es","8":"product_tag-gpd-g1-es","9":"product_shipping_class-premium","10":"pa_brand-gpd","11":"pa_graphics-gpu-model-radeon-rx-7600m-xt-es","12":"pa_i-o-video-1x-oculink-es","13":"pa_i-o-video-mediante-1x-usb-4-0-tipo-c-a-40-gb-s","14":"woo-feed-brand-gpd-es","16":"first","17":"outofstock","18":"taxable","19":"shipping-taxable","20":"purchasable","21":"product-type-variable","22":"has-default-attributes"},"acf":[],"aioseo_notices":[],"_links":{"self":[{"href":"https:\/\/gpdstore.net\/es\/wp-json\/wp\/v2\/product\/7326","targetHints":{"allow":["GET"]}}],"collection":[{"href":"https:\/\/gpdstore.net\/es\/wp-json\/wp\/v2\/product"}],"about":[{"href":"https:\/\/gpdstore.net\/es\/wp-json\/wp\/v2\/types\/product"}],"wp:featuredmedia":[{"embeddable":true,"href":"https:\/\/gpdstore.net\/es\/wp-json\/wp\/v2\/media\/15380"}],"wp:attachment":[{"href":"https:\/\/gpdstore.net\/es\/wp-json\/wp\/v2\/media?parent=7326"}],"wp:term":[{"taxonomy":"product_brand","embeddable":true,"href":"https:\/\/gpdstore.net\/es\/wp-json\/wp\/v2\/product_brand?post=7326"},{"taxonomy":"product_cat","embeddable":true,"href":"https:\/\/gpdstore.net\/es\/wp-json\/wp\/v2\/product_cat?post=7326"},{"taxonomy":"product_tag","embeddable":true,"href":"https:\/\/gpdstore.net\/es\/wp-json\/wp\/v2\/product_tag?post=7326"},{"taxonomy":"woo-feed-brand","embeddable":true,"href":"https:\/\/gpdstore.net\/es\/wp-json\/wp\/v2\/woo-feed-brand?post=7326"}],"curies":[{"name":"wp","href":"https:\/\/api.w.org\/{rel}","templated":true}]}}