{"id":7271,"date":"2024-03-18T17:00:25","date_gmt":"2024-03-18T17:00:25","guid":{"rendered":"https:\/\/gpdstore.net\/sin%20categor\u00eda\/complemento-gpd-win-max-2-2024-4g-lte\/"},"modified":"2025-12-23T10:19:44","modified_gmt":"2025-12-23T10:19:44","slug":"gpd-win-max-2-4g-lte-add-on","status":"publish","type":"product","link":"https:\/\/gpdstore.net\/es\/product\/gpd-win-max-2-4g-lte-add-on\/","title":{"rendered":"Complemento GPD WIN MAX 2 \/ 2024 4G LTE"},"content":{"rendered":"\n<p><br\/>Presentamos el nuevo m\u00f3dulo de expansi\u00f3n 4G LTE para la GPD WIN MAX 2 \/ GPD WIN MAX 2 2024. Esta innovadora expansi\u00f3n permite a los entusiastas de los juegos disfrutar de maratones de juego ininterrumpidos est\u00e9n donde est\u00e9n, gracias a su conectividad 4G sin fisuras y a su completa compatibilidad con los operadores. <\/p>\n\n<p>Elaborado en respuesta a los comentarios de los usuarios y meticulosamente dise\u00f1ado para superar los obst\u00e1culos t\u00e9cnicos, este m\u00f3dulo 4G LTE es compatible con redes 4G TD-LTE, FDD-LTE y 3G CDMA, y ofrece un rendimiento similar al de los port\u00e1tiles convencionales. Su perfecta integraci\u00f3n en la serie WIN Max 2 2024 desbloquea un reino de intrincadas experiencias de juego que antes estaban fuera del alcance de los dispositivos port\u00e1tiles. <\/p>\n","protected":false},"excerpt":{"rendered":"<ul>\n<li>M\u00f3dulo oficial GPD WIN MAX 2 2024 LTE<\/li>\n<li>Compatible con &#8211; 4G TD-LTE, FDD-LTE, 3G CDMA.<\/li>\n<li>Compatibilidad con 4G TD-LTE, FDD-LTE y 3G CDMA<\/li>\n<li>Ranura Nano-SIM para facilitar su uso<\/li>\n<li>Modelo EG25-G de Quectel<\/li>\n<\/ul>\n<pre><b>IMPORTANTE<\/b>\nLA INSTALACI\u00d3N REQUIERE LA APERTURA DEL DISPOSITIVO\nLOS COMPONENTES SON PEQUE\u00d1OS Y DELICADOS\nNO NOS HACEMOS RESPONSABLES DE LOS DA\u00d1OS OCASIONADOS POR EL CLIENTE<\/pre>\n[cg_accordion title=\"INFORMACI\u00d3N SOBRE EL PAGO\"]<\/p>\n<p>Utilizamos la \u00faltima tecnolog\u00eda en procesamiento de pagos, lo que le permite pagar a trav\u00e9s de Apple Pay, Google Pay, su tarjeta de d\u00e9bito\/cr\u00e9dito, PayPal o m\u00e9todos BNPL como Klarna, Affirm o AfterPay para una experiencia r\u00e1pida y segura.[\/cg_accordion]\n[cg_accordion title=\"GARANT\u00cdA\"]<\/p>\n<p>2 a\u00f1os de garant\u00eda de <a href=\"https:\/\/droix.net\/\" target=\"_blank\" rel=\"nofollow noopener\">DROIX Global<\/a> para su tranquilidad[\/cg_accordion]\n[cg_accordion title=\"PRECIOS, IMPUESTOS Y GASTOS DE ENV\u00cdO\"]<\/p>\n<p><strong><u>Nota:<\/u><\/strong><\/p>\n<ul>\n<li>Clientes de Estados Unidos: El precio indicado NO incluye impuestos ni aranceles. El cliente es responsable del despacho de aduanas y del pago de los impuestos y aranceles correspondientes. <\/li>\n<li>Clientes de la UE: El precio mostrado incluye el IMPUESTO aplicable, que puede ser de hasta el 25% dependiendo de su pa\u00eds.<\/li>\n<li>Clientes de Canad\u00e1: El precio mostrado incluye los impuestos aplicables, que pueden incluir un 5% de GST e impuestos de venta provinciales (PST) adicionales, impuesto de venta armonizado (HST) o impuesto de venta de Quebec (QST), dependiendo de su provincia.<\/li>\n<\/ul>\n<p><strong>S\u00d3LO para clientes de la UE:<\/strong> Express DDP (Entrega con derechos pagados). Esto significa: <\/p>\n<ul>\n<li>Todos los derechos de aduana e impuestos est\u00e1n incluidos en el precio que aparece en la p\u00e1gina del producto.<\/li>\n<li>No tendr\u00e1 que pagar ning\u00fan gasto adicional en el momento de la entrega.<\/li>\n<li>En el raro caso de que surjan problemas relacionados con las aduanas, nuestro equipo se encargar\u00e1 del proceso de despacho de aduanas en su nombre para garantizar una entrega sin problemas.<\/li>\n<p>Informaci\u00f3n importante sobre devoluciones:<\/p>\n<li>Si decide devolver su pedido o solicitar un reembolso, tenga en cuenta que los impuestos y aranceles pagados en su nombre con arreglo a las condiciones del DDP no pueden reembolsarse.<\/li>\n<p>Consulte nuestras <a href=\"https:\/\/gpdstore.net\/es\/terms-of-service\/\" target=\"_blank\" rel=\"nofollow noopener\">Condiciones generales<\/a> para obtener informaci\u00f3n detallada.\n<\/ul>\n<p>[\/cg_accordion]\n[cg_accordion title=\"ATENCI\u00d3N AL CLIENTE\"]<\/p>\n<p>\u00bfTiene alguna pregunta? Estamos a un paso de resolver su problema.<br \/>\n[\/cg_accordion]\n[cg_accordion title=\"QU\u00c9 INCLUYE\"]<\/p>\n<ul>\n<li>1x M\u00f3dulo GPD WIN MAX 2 LTE<\/li>\n<\/ul>\n<p>[\/cg_accordion]\n","protected":false},"featured_media":11612,"template":"","meta":{"_acf_changed":false},"product_brand":[],"product_cat":[1338],"product_tag":[15759,1761],"woo-feed-brand":[738],"class_list":{"0":"post-7271","1":"product","2":"type-product","3":"status-publish","4":"has-post-thumbnail","6":"product_cat-accesorios","7":"product_tag-20xmsale-es-2","8":"product_tag-gpd-wm2-accesorio","9":"product_shipping_class-low-end","10":"pa_accessory-type-complementos","11":"pa_brand-gpd","12":"woo-feed-brand-gpd-es","14":"first","15":"outofstock","16":"sale","17":"taxable","18":"shipping-taxable","19":"purchasable","20":"product-type-simple"},"acf":[],"aioseo_notices":[],"_links":{"self":[{"href":"https:\/\/gpdstore.net\/es\/wp-json\/wp\/v2\/product\/7271","targetHints":{"allow":["GET"]}}],"collection":[{"href":"https:\/\/gpdstore.net\/es\/wp-json\/wp\/v2\/product"}],"about":[{"href":"https:\/\/gpdstore.net\/es\/wp-json\/wp\/v2\/types\/product"}],"wp:featuredmedia":[{"embeddable":true,"href":"https:\/\/gpdstore.net\/es\/wp-json\/wp\/v2\/media\/11612"}],"wp:attachment":[{"href":"https:\/\/gpdstore.net\/es\/wp-json\/wp\/v2\/media?parent=7271"}],"wp:term":[{"taxonomy":"product_brand","embeddable":true,"href":"https:\/\/gpdstore.net\/es\/wp-json\/wp\/v2\/product_brand?post=7271"},{"taxonomy":"product_cat","embeddable":true,"href":"https:\/\/gpdstore.net\/es\/wp-json\/wp\/v2\/product_cat?post=7271"},{"taxonomy":"product_tag","embeddable":true,"href":"https:\/\/gpdstore.net\/es\/wp-json\/wp\/v2\/product_tag?post=7271"},{"taxonomy":"woo-feed-brand","embeddable":true,"href":"https:\/\/gpdstore.net\/es\/wp-json\/wp\/v2\/woo-feed-brand?post=7271"}],"curies":[{"name":"wp","href":"https:\/\/api.w.org\/{rel}","templated":true}]}}