{"id":6894,"date":"2024-08-22T08:22:33","date_gmt":"2024-08-22T08:22:33","guid":{"rendered":"https:\/\/gpdstore.net\/sin%20categor\u00eda\/miniportatil-gpd-p2-max-2022\/"},"modified":"2025-12-23T10:05:58","modified_gmt":"2025-12-23T10:05:58","slug":"gpd-p2-max-2022-mini-laptop","status":"publish","type":"product","link":"https:\/\/gpdstore.net\/es\/product\/gpd-p2-max-2022-mini-laptop\/","title":{"rendered":"GPD P2 Max 2022 Miniport\u00e1til"},"content":{"rendered":"\n<figure class=\"wp-block-image aligncenter\"><a href=\"https:\/\/droix.net\/wp-content\/uploads\/2022\/01\/GPD-P2-MAX-2022-MARKETING-IMAGE-1.png\"><img decoding=\"async\" src=\"https:\/\/droix.net\/wp-content\/uploads\/2022\/01\/GPD-P2-MAX-2022-MARKETING-IMAGE-1.png\" alt=\"GPD P2 Max Ultrabook 2022 con l&#xE1;piz &#xF3;ptico\" class=\"wp-image-10581\"\/><\/a><\/figure>\n\n<figure class=\"wp-block-image aligncenter\"><a href=\"https:\/\/droix.net\/wp-content\/uploads\/2022\/01\/GPD-P2-MAX-2022-MARKETING-IMAGE-2.png\"><img decoding=\"async\" src=\"https:\/\/droix.net\/wp-content\/uploads\/2022\/01\/GPD-P2-MAX-2022-MARKETING-IMAGE-2.png\" alt=\"GPD P2 Max Ultrabook 2022 con teclado\" class=\"wp-image-10582\"\/><\/a><\/figure>\n\n<figure class=\"wp-block-image aligncenter\"><a href=\"https:\/\/droix.net\/wp-content\/uploads\/2022\/01\/GPD-P2-MAX-2022-MARKETING-IMAGE-3.png\"><img decoding=\"async\" src=\"https:\/\/droix.net\/wp-content\/uploads\/2022\/01\/GPD-P2-MAX-2022-MARKETING-IMAGE-3.png\" alt=\"GPD P2 Max Ultrabook de 2022 con sensor de huellas dactilares\" class=\"wp-image-10583\"\/><\/a><\/figure>\n\n<figure class=\"wp-block-image aligncenter\"><a href=\"https:\/\/droix.net\/wp-content\/uploads\/2022\/01\/GPD-P2-MAX-2022-MARKETING-IMAGE-4.png\"><img decoding=\"async\" src=\"https:\/\/droix.net\/wp-content\/uploads\/2022\/01\/GPD-P2-MAX-2022-MARKETING-IMAGE-4.png\" alt=\"GPD P2 Max 2022 Ultrabook que muestra el procesador\" class=\"wp-image-10584\"\/><\/a><\/figure>\n\n<figure class=\"wp-block-image aligncenter\"><a href=\"https:\/\/droix.net\/wp-content\/uploads\/2022\/01\/GPD-P2-MAX-2022-MARKETING-IMAGE-5.png\"><img decoding=\"async\" src=\"https:\/\/droix.net\/wp-content\/uploads\/2022\/01\/GPD-P2-MAX-2022-MARKETING-IMAGE-5.png\" alt=\"GPD P2 Max 2022 Ultrabook mostrando usb c\" class=\"wp-image-10585\"\/><\/a><\/figure>\n\n<p><span data-contrast=\"none\">\u00a1Ya est\u00e1 aqu\u00ed la renovaci\u00f3n de un popular ultrabook! El <strong>GPD P2 Max 2022<\/strong> entra en escena con una serie de mejoras que lo mantienen actualizado y a la altura de los tiempos que corren. Es el compa\u00f1ero perfecto para largos desplazamientos al trabajo, para el escritor viajero y para todo tipo de situaciones.  <\/span><\/p>\n\n<p><span data-contrast=\"none\">En el coraz\u00f3n del <strong>P2 Max 2022<\/strong> est\u00e1 el Intel Pentium N6000. Este procesador de cuatro n\u00facleos combina eficiencia energ\u00e9tica con un rendimiento respetable. Maneja c\u00f3modamente cualquier tarea cotidiana que se le plantee.  <\/span><\/p>\n\n<p><span data-contrast=\"none\"><strong>16 GB de memoria RAM LPDDR4x<\/strong> garantizan un rendimiento estable y fiable durante la multitarea y la producci\u00f3n\/edici\u00f3n de contenidos. Comb\u00ednalo con <strong>1 TB de<\/strong> almacenamiento <strong>NVMe de alta velocidad<\/strong> y tendr\u00e1s una estaci\u00f3n de trabajo muy flexible y port\u00e1til. <\/span><\/p>\n\n<p><span data-contrast=\"none\">La gran <strong>pantalla de 8,9 pulgadas<\/strong> tiene una resoluci\u00f3n de 2560x1600p, que te proporciona im\u00e1genes n\u00edtidas y claras para todos tus programas, fotos, v\u00eddeos y mucho m\u00e1s. Adem\u00e1s, esta pantalla <strong>es t\u00e1ctil<\/strong> y puede utilizarse incluso con l\u00e1pices \u00f3pticos. <\/span><\/p>\n\n<p><span data-contrast=\"none\">En cuanto a conectividad, este <strong>miniport\u00e1til<\/strong> dispone de lo justo sin resultar demasiado voluminoso. Con dos puertos USB de tipo A, un puerto USB de tipo C, un conector de audio de 3,5 mm   <\/span><strong><span data-contrast=\"none\">y<\/span><\/strong><span data-contrast=\"none\">  un puerto Micro HDMI, el P2 Max 2022 es tan c\u00f3modo en el regazo como acoplado a una base de conexi\u00f3n. Para los que prefieren la conectividad inal\u00e1mbrica, <strong>GPD P2 Max 2022<\/strong> incorpora Wi-Fi 6 para ofrecer la m\u00e1xima velocidad y estabilidad de red. <\/span>.<\/p>\n\n<p><\/p>\n","protected":false},"excerpt":{"rendered":"<ul>\n<li>Procesador Intel\u00ae Pentium\u00ae Silver N6000<\/li>\n<li><strong>16 GB de RAM LPDDR4x<\/strong> a 2933Mhz<\/li>\n<li><strong>Pantalla t\u00e1ctil de 8,9&#8243; \/ Esc\u00e1ner de huellas dactilares<\/strong><\/li>\n<li><strong>1 TB<\/strong> de PCI-E NVMe SSD<\/li>\n<li>Compatible con <strong>Windows 11<\/strong><\/li>\n<\/ul>\n<p> [cg_accordion title=\"INFORMACI\u00d3N SOBRE EL PAGO\"] Utilizamos la \u00faltima tecnolog\u00eda en procesamiento de pagos, lo que le permite pagar a trav\u00e9s de Apple Pay, Google Pay, su tarjeta de d\u00e9bito \/ cr\u00e9dito, PayPal o m\u00e9todos BNPL como Klarna, Affirm o AfterPay para una experiencia r\u00e1pida y segura.[\/cg_accordion] [cg_accordion title=\"GARANT\u00cdA\"] Garant\u00eda de 2 a\u00f1os de <a href=\"https:\/\/droix.net\/\" target=\"_blank\" rel=\"nofollow noopener\">DROIX<\/a> Global para su tranquilidad.[\/cg_accordion] [cg_accordion title=\"PRICING, TAXES AND SHIPPING\"] <strong><u>Nota:<\/u><\/strong><\/p>\n<ul>\n<li>Clientes de Estados Unidos: El precio indicado NO incluye impuestos ni aranceles. El cliente es responsable del despacho de aduanas y del pago de los impuestos y aranceles correspondientes. <\/li>\n<li>Clientes de la UE: El precio mostrado incluye el IMPUESTO aplicable, que puede ser de hasta el 25% dependiendo de su pa\u00eds.<\/li>\n<li>Clientes de Canad\u00e1: El precio mostrado incluye los impuestos aplicables, que pueden incluir un 5% de GST e impuestos de venta provinciales (PST) adicionales, impuesto de venta armonizado (HST) o impuesto de venta de Quebec (QST), dependiendo de su provincia.<\/li>\n<\/ul>\n<p><strong>S\u00d3LO para clientes de la UE:<\/strong> Express DDP (Entrega con derechos pagados). Esto significa: <\/p>\n<ul>\n<li style=\"list-style-type: none;\">\n<ul>\n<li>Todos los derechos de aduana e impuestos est\u00e1n incluidos en el precio que aparece en la p\u00e1gina del producto.<\/li>\n<li>No tendr\u00e1 que pagar ning\u00fan gasto adicional en el momento de la entrega.<\/li>\n<li>En el raro caso de que surjan problemas relacionados con las aduanas, nuestro equipo se encargar\u00e1 del proceso de despacho de aduanas en su nombre para garantizar una entrega sin problemas.<\/li>\n<p>Informaci\u00f3n importante sobre devoluciones:<\/p>\n<li>Si decide devolver su pedido o solicitar un reembolso, tenga en cuenta que los impuestos y aranceles pagados en su nombre con arreglo a las condiciones del DDP no pueden reembolsarse.<\/li>\n<p>Consulte nuestra<\/ul>\n<\/li>\n<\/ul>\n<p><a href=\"https:\/\/gpdstore.net\/es\/terms-of-service\/\" target=\"_blank\" rel=\"nofollow noopener\">Condiciones generales<\/a><\/p>\n<ul>para obtener informaci\u00f3n detallada.<\/ul>\n<p>[\/cg_accordion] [cg_accordion title=\"ATENCI\u00d3N AL CLIENTE\"]  \u00bfTiene alguna pregunta? Estamos a un paso de resolver su problema.   [\/cg_accordion] [cg_accordion title=\"WHAT'S INCLUDED\"]<\/p>\n<ul>\n<li>1x Cable USB Tipo-C<\/li>\n<li>1x adaptador de corriente<\/li>\n<li>1x Manual del usuario<\/li>\n<\/ul>\n<p>[\/cg_accordion]<\/p>\n","protected":false},"featured_media":6895,"template":"","meta":{"_acf_changed":false},"product_brand":[],"product_cat":[1403,1281],"product_tag":[3473],"woo-feed-brand":[738],"class_list":{"0":"post-6894","1":"product","2":"type-product","3":"status-publish","4":"has-post-thumbnail","6":"product_cat-portatiles","7":"product_cat-miniportatiles-gpd","8":"product_tag-gpd-p2-max-es-2","9":"product_shipping_class-premium","10":"pa_bluetooth-5-es","11":"pa_brand-gpd","12":"pa_display-type-h-ips-es","13":"pa_graphics-gpu-model-graficos-intel-uhd","14":"pa_i-o-video-mediante-1x-usb-3-2-gen-2-tipo-c","15":"pa_memory-ram-capacity-16-gb-es","16":"pa_memory-ram-technology-lpddr4x-es","17":"pa_storage-capacity-1tb-es","18":"pa_wi-fi-wi-fi-6-es","19":"woo-feed-brand-gpd-es","21":"first","22":"outofstock","23":"sale","24":"taxable","25":"shipping-taxable","26":"purchasable","27":"product-type-variable","28":"has-default-attributes"},"acf":[],"aioseo_notices":[],"_links":{"self":[{"href":"https:\/\/gpdstore.net\/es\/wp-json\/wp\/v2\/product\/6894","targetHints":{"allow":["GET"]}}],"collection":[{"href":"https:\/\/gpdstore.net\/es\/wp-json\/wp\/v2\/product"}],"about":[{"href":"https:\/\/gpdstore.net\/es\/wp-json\/wp\/v2\/types\/product"}],"wp:featuredmedia":[{"embeddable":true,"href":"https:\/\/gpdstore.net\/es\/wp-json\/wp\/v2\/media\/6895"}],"wp:attachment":[{"href":"https:\/\/gpdstore.net\/es\/wp-json\/wp\/v2\/media?parent=6894"}],"wp:term":[{"taxonomy":"product_brand","embeddable":true,"href":"https:\/\/gpdstore.net\/es\/wp-json\/wp\/v2\/product_brand?post=6894"},{"taxonomy":"product_cat","embeddable":true,"href":"https:\/\/gpdstore.net\/es\/wp-json\/wp\/v2\/product_cat?post=6894"},{"taxonomy":"product_tag","embeddable":true,"href":"https:\/\/gpdstore.net\/es\/wp-json\/wp\/v2\/product_tag?post=6894"},{"taxonomy":"woo-feed-brand","embeddable":true,"href":"https:\/\/gpdstore.net\/es\/wp-json\/wp\/v2\/woo-feed-brand?post=6894"}],"curies":[{"name":"wp","href":"https:\/\/api.w.org\/{rel}","templated":true}]}}