{"id":6757,"date":"2024-08-12T15:14:19","date_gmt":"2024-08-12T15:14:19","guid":{"rendered":"https:\/\/gpdstore.net\/sin%20categor\u00eda\/hub-usb-droix-nh8-con-nvme\/"},"modified":"2025-12-23T10:13:52","modified_gmt":"2025-12-23T10:13:52","slug":"droix-nh8-nvme-usb-hub","status":"publish","type":"product","link":"https:\/\/gpdstore.net\/es\/product\/droix-nh8-nvme-usb-hub\/","title":{"rendered":"Hub USB DroiX NH8 con NVMe"},"content":{"rendered":"\n<h3 class=\"wp-block-heading\">Presentamos el Hub DroiX NH8 con ranura NVMe: \u00a1tu soluci\u00f3n de conectividad definitiva!<\/h3>\n\n<h3 class=\"wp-block-heading\">Gigabit Ethernet ultrarr\u00e1pido<\/h3>\n\n<p>\u00a1Ad\u00e9ntrate en el futuro de la conectividad a Internet con el concentrador DroiX NH8! Con un robusto puerto Ethernet Gigabit 10\/100\/1000M RJ45, este concentrador proporciona una conexi\u00f3n a Internet ultrarr\u00e1pida, estable y ultrafiable. Tanto si est\u00e1s jugando, haciendo streaming o una videollamada importante, experimenta el rendimiento fluido y sin retrasos que s\u00f3lo puede ofrecer una conexi\u00f3n por cable. Desp\u00eddete de los problemas del Wi-Fi y da la bienvenida a un acceso de alta velocidad constante.   <\/p>\n\n<h3 class=\"wp-block-heading\">Salida de v\u00eddeo impresionante<\/h3>\n\n<p>Transforma tu experiencia visual con la compatibilidad HDMI 2.0 del Hub DroiX NH8. Tanto si te sumerges en una pel\u00edcula 4K, como si haces una presentaci\u00f3n a un cliente o juegas a altas resoluciones, el concentrador emite im\u00e1genes asombrosas a una resoluci\u00f3n de 4096&#215;2160 con una frecuencia de refresco suave de 60 Hz. Prep\u00e1rate para quedar cautivado por los colores vibrantes y los detalles n\u00edtidos que te sumergir\u00e1n en cada fotograma.  <\/p>\n\n<h3 class=\"wp-block-heading\">Ampliaci\u00f3n de almacenamiento sin esfuerzo<\/h3>\n\n<p>\u00bfTe quedas sin espacio de almacenamiento? El Hub DroiX NH8 te cubre. Con su ranura PCIe NVMe integrada, ampliar tu almacenamiento nunca ha sido tan f\u00e1cil. Ideal para aplicaciones de alto rendimiento o almacenamiento de archivos de gran tama\u00f1o, esta ranura admite velocidades de transferencia de datos ultrarr\u00e1pidas, garantizando que tu sistema funcione de forma fluida y eficiente. Personaliza tu almacenamiento para que se adapte a tus necesidades y mant\u00e9n tu dispositivo rindiendo al m\u00e1ximo.    <\/p>\n\n<h3 class=\"wp-block-heading\">Transferencia de datos de alta velocidad<\/h3>\n\n<p>\u00bfNecesitas transferir archivos grandes en un santiam\u00e9n? El Hub DroiX NH8 cuenta con un puerto USB Tipo-A 3.0, que proporciona r\u00e1pidas velocidades de transferencia de datos que hacen que la gesti\u00f3n de archivos sea pan comido. Tanto si est\u00e1s conectando perif\u00e9ricos, cargando dispositivos o moviendo datos, este hub garantiza que todo se haga de forma r\u00e1pida y eficiente, ahorr\u00e1ndote un tiempo valioso.  <\/p>\n\n<h3 class=\"wp-block-heading\">Compatibilidad universal USB Tipo-C<\/h3>\n\n<p>El Hub DroiX NH8 viene equipado con un vers\u00e1til cable USB Tipo-C, que ofrece compatibilidad universal con una amplia gama de dispositivos. Este cable todo en uno no s\u00f3lo permite una r\u00e1pida transferencia de datos, sino tambi\u00e9n una carga eficiente, lo que lo convierte en un compa\u00f1ero esencial para tus necesidades de conectividad. Se acabaron los l\u00edos con varios cables: mantente conectado con facilidad.  <\/p>\n\n<h3 class=\"wp-block-heading\">Acceso multimedia sin fisuras<\/h3>\n\n<p>Accede y transfiere tus archivos multimedia sin esfuerzo con el lector de tarjetas SD integrado en el Hub DroiX NH8. Compatible con tarjetas Micro SD y SD, esta funci\u00f3n te permite hacer copias de seguridad o acceder r\u00e1pidamente a tus archivos, ya sean fotos, v\u00eddeos o documentos importantes. La comodidad nunca ha sido tan accesible.  <\/p>\n\n<h3 class=\"wp-block-heading\">Versatilidad inigualable<\/h3>\n\n<p>Lo que realmente diferencia al Hub DroiX NH8 es su inigualable versatilidad. Dise\u00f1ado para funcionar a la perfecci\u00f3n con una amplia gama de dispositivos USB de tipo C -ya sean PC, mini PC, port\u00e1tiles, dispositivos port\u00e1tiles para juegos, etc.-, este concentrador se adapta a tus necesidades y ofrece un rendimiento de primera clase en todos los \u00e1mbitos. No es s\u00f3lo un concentrador; es una potencia de conectividad.  <\/p>\n\n<h3 class=\"wp-block-heading\">Conclusi\u00f3n: Eleva tu experiencia de conectividad<\/h3>\n\n<p>El Hub DroiX NH8 es m\u00e1s que una simple herramienta de conectividad; es una soluci\u00f3n integral dise\u00f1ada para satisfacer las diversas necesidades de los usuarios expertos en tecnolog\u00eda de hoy en d\u00eda. Cada caracter\u00edstica es un reflejo de un dise\u00f1o superior, un rendimiento excepcional y un enfoque vanguardista de la conectividad. \u00a1Eleva tu experiencia y transforma tu forma de conectarte con el Hub DroiX NH8!  <\/p>\n\n<p>Obt\u00e9n m\u00e1s informaci\u00f3n en nuestra gu\u00eda <strong>Introducci\u00f3n al concentrador USB Droix NH8<\/strong>.<\/p>\n\n<p><\/p>\n","protected":false},"excerpt":{"rendered":"<ul>\n<li>Hub USB DroiX<strong> NH8 <\/strong>con NVMe<\/li>\n<li><strong>10\/100\/1000M<\/strong> Gigabit Ethernet<\/li>\n<li><strong>Ranura PCIe NVMe integrada<\/strong> para ampliar el almacenamiento<\/li>\n<li><strong>Salida de pantalla 4K<\/strong> a trav\u00e9s de HDMI<\/li>\n<li><strong>Ranura para tarjetas MicroSD \/ SD<\/strong> &#8211; Hasta 5 Gbps<\/li>\n<\/ul>\n[cg_accordion title=\"INFORMACI\u00d3N SOBRE EL PAGO\"]<\/p>\n<p>Utilizamos la \u00faltima tecnolog\u00eda en procesamiento de pagos, lo que le permite pagar a trav\u00e9s de su tarjeta de d\u00e9bito o cr\u00e9dito, o PayPal para una experiencia r\u00e1pida y segura.[\/cg_accordion]\n[cg_accordion title=\"GARANT\u00cdA\"]<\/p>\n<p>2 a\u00f1os de garant\u00eda de <a href=\"https:\/\/droix.net\/\" target=\"_blank\" rel=\"nofollow noopener\">DROIX Global<\/a> para su tranquilidad[\/cg_accordion]\n[cg_accordion title=\"GARANT\u00cdA DE CALIDAD Y PRUEBAS PREVIAS A LA EXPEDICI\u00d3N\"]<\/p>\n<p>Garantizamos la satisfacci\u00f3n del cliente al m\u00e1s alto nivel: Cada dispositivo se somete a rigurosas pruebas y a una comprobaci\u00f3n de garant\u00eda de calidad en varios puntos antes de ser enviado. Nuestro equipo especializado verifica el rendimiento, la funcionalidad y la integridad de los componentes para garantizar que tu dispositivo GPD est\u00e9 en perfecto estado de funcionamiento a su llegada, proporcion\u00e1ndote confianza y tranquilidad. [\/cg_accordion]\n[cg_accordion title=\"PRECIOS, IMPUESTOS Y GASTOS DE ENV\u00cdO\"]<\/p>\n<p><strong><u>Nota:<\/u><\/strong><\/p>\n<ul>\n<li>Clientes de Estados Unidos: El precio indicado NO incluye impuestos ni aranceles. El cliente es responsable del despacho de aduanas y del pago de los impuestos y aranceles correspondientes. <\/li>\n<li>Clientes de la UE: El precio mostrado incluye el IMPUESTO aplicable, que puede ser de hasta el 25% dependiendo de su pa\u00eds.<\/li>\n<li>Clientes de Canad\u00e1: El precio mostrado incluye los impuestos aplicables, que pueden incluir un 5% de GST e impuestos de venta provinciales (PST) adicionales, impuesto de venta armonizado (HST) o impuesto de venta de Quebec (QST), dependiendo de su provincia.<\/li>\n<\/ul>\n<p><strong>S\u00d3LO para clientes de la UE:<\/strong> Express DDP (Entrega con derechos pagados). Esto significa: <\/p>\n<ul>\n<li>Todos los derechos de aduana e impuestos est\u00e1n incluidos en el precio que aparece en la p\u00e1gina del producto.<\/li>\n<li>No tendr\u00e1 que pagar ning\u00fan gasto adicional en el momento de la entrega.<\/li>\n<li>En el raro caso de que surjan problemas relacionados con las aduanas, nuestro equipo se encargar\u00e1 del proceso de despacho de aduanas en su nombre para garantizar una entrega sin problemas.<\/li>\n<p>Informaci\u00f3n importante sobre devoluciones:<\/p>\n<li>Si decide devolver su pedido o solicitar un reembolso, tenga en cuenta que los impuestos y aranceles pagados en su nombre con arreglo a las condiciones del DDP no pueden reembolsarse.<\/li>\n<p>Consulte nuestras <a href=\"https:\/\/droix.net\/terms-and-conditions\/\" target=\"_blank\" rel=\"nofollow noopener\">Condiciones generales<\/a> para obtener informaci\u00f3n detallada.\n<\/ul>\n<p>[\/cg_accordion]\n[cg_accordion title=\"ATENCI\u00d3N AL CLIENTE\"]<\/p>\n<p>\u00bfTiene alguna pregunta? Estamos a un paso de resolver su problema. <\/p>\n<p>Consulte nuestras <a href=\"https:\/\/gpdstore.net\/es\/terms-of-service\/\" target=\"_blank\" rel=\"nofollow noopener\">Condiciones generales<\/a> para obtener informaci\u00f3n detallada.\n<\/ul>\n<p>[\/cg_accordion]\n[cg_accordion title=\"QU\u00c9 INCLUYE\"]<\/p>\n<ul>\n<li>1x Hub USB DroiX NH8 con NVMe<\/li>\n<\/ul>\n<p>[\/cg_accordion]\n","protected":false},"featured_media":17053,"template":"","meta":{"_acf_changed":false},"product_brand":[],"product_cat":[1338],"product_tag":[14800,3187],"woo-feed-brand":[2429],"class_list":{"0":"post-6757","1":"product","2":"type-product","3":"status-publish","4":"has-post-thumbnail","6":"product_cat-accesorios","7":"product_tag-40xmsale-es","8":"product_tag-droix-hub-es","9":"product_shipping_class-low-end","10":"pa_brand-droix","11":"pa_i-o-video-1x-hdmi-es","12":"woo-feed-brand-droix-es","14":"first","15":"outofstock","16":"sale","17":"taxable","18":"shipping-taxable","19":"purchasable","20":"product-type-variable","21":"has-default-attributes"},"acf":[],"aioseo_notices":[],"_links":{"self":[{"href":"https:\/\/gpdstore.net\/es\/wp-json\/wp\/v2\/product\/6757","targetHints":{"allow":["GET"]}}],"collection":[{"href":"https:\/\/gpdstore.net\/es\/wp-json\/wp\/v2\/product"}],"about":[{"href":"https:\/\/gpdstore.net\/es\/wp-json\/wp\/v2\/types\/product"}],"wp:featuredmedia":[{"embeddable":true,"href":"https:\/\/gpdstore.net\/es\/wp-json\/wp\/v2\/media\/17053"}],"wp:attachment":[{"href":"https:\/\/gpdstore.net\/es\/wp-json\/wp\/v2\/media?parent=6757"}],"wp:term":[{"taxonomy":"product_brand","embeddable":true,"href":"https:\/\/gpdstore.net\/es\/wp-json\/wp\/v2\/product_brand?post=6757"},{"taxonomy":"product_cat","embeddable":true,"href":"https:\/\/gpdstore.net\/es\/wp-json\/wp\/v2\/product_cat?post=6757"},{"taxonomy":"product_tag","embeddable":true,"href":"https:\/\/gpdstore.net\/es\/wp-json\/wp\/v2\/product_tag?post=6757"},{"taxonomy":"woo-feed-brand","embeddable":true,"href":"https:\/\/gpdstore.net\/es\/wp-json\/wp\/v2\/woo-feed-brand?post=6757"}],"curies":[{"name":"wp","href":"https:\/\/api.w.org\/{rel}","templated":true}]}}