{"id":6709,"date":"2024-07-12T13:07:42","date_gmt":"2024-07-12T13:07:42","guid":{"rendered":"https:\/\/gpdstore.net\/sin%20categor\u00eda\/monitor-portatil-4k-de-156-con-pantalla-tactil\/"},"modified":"2026-01-17T18:07:31","modified_gmt":"2026-01-17T18:07:31","slug":"15-6-4k-portable-monitor-with-touchscreen","status":"publish","type":"product","link":"https:\/\/gpdstore.net\/es\/product\/15-6-4k-portable-monitor-with-touchscreen\/","title":{"rendered":"Monitor port\u00e1til 4K de 15,6&#8243; con pantalla t\u00e1ctil"},"content":{"rendered":"\n<p>Presentamos el monitor port\u00e1til S23b-1 4K: Eleva tu experiencia visual en cualquier lugar<\/p>\n\n<p>Experimenta una claridad visual y un brillo sin igual con el Monitor Port\u00e1til S23b-1 4K. Dise\u00f1ado para quienes exigen lo mejor en pantallas port\u00e1tiles, este monitor ofrece una asombrosa resoluci\u00f3n 4K UHD en una pantalla compacta de 15,6 pulgadas. Tanto si est\u00e1s editando fotos de alta resoluci\u00f3n, dise\u00f1ando gr\u00e1ficos intrincados o sumergi\u00e9ndote en mundos de juego inmersivos, el S23b-1 garantiza que cada detalle cobre vida con una precisi\u00f3n excepcional y colores vibrantes.<\/p>\n\n<p>Dise\u00f1ado con un panel LCD TFT IPS, disfrute de una precisi\u00f3n de color superior y amplios \u00e1ngulos de visi\u00f3n, perfectos para compartir contenidos con amigos o colaborar con colegas. La pantalla t\u00e1ctil capacitiva G+G mejora tu interacci\u00f3n, ofreciendo un control preciso con una navegaci\u00f3n fluida por men\u00fas y documentos.<\/p>\n\n<p>La conectividad se realiza sin esfuerzo con el minipuerto HDMI y los dos puertos Tipo-C, que permiten el suministro de energ\u00eda y la transferencia de datos a alta velocidad a trav\u00e9s de varios dispositivos. Para mayor comodidad, hay un puerto de auriculares para escuchar en privado y un puerto Micro-USB para perif\u00e9ricos como teclados y ratones.<\/p>\n\n<p>Fabricado con una duradera aleaci\u00f3n de aluminio, el S23b-1 combina un perfil elegante e imposiblemente delgado con una portabilidad ligera, lo que lo convierte en el compa\u00f1ero ideal para viajar o desplazarse entre espacios de trabajo. La funda plegable sirve tambi\u00e9n de soporte para colocarla de forma estable sobre cualquier superficie plana, garantizando versatilidad all\u00e1 donde vayas.<\/p>\n\n<p>Pros:<\/p>\n\n<ul class=\"wp-block-list\">\n<li>Impresionante pantalla 4K UHD para im\u00e1genes envolventes<\/li>\n\n\n\n<li>Opciones de conectividad vers\u00e1tiles que incluyen puertos HDMI Mini y Tipo-C<\/li>\n\n\n\n<li>Dise\u00f1o elegante y ligero fabricado con aleaci\u00f3n de aluminio de alta calidad<\/li>\n\n\n\n<li>Pantalla t\u00e1ctil capacitiva G+G con gran capacidad de respuesta para una interacci\u00f3n intuitiva<\/li>\n<\/ul>\n\n<p>Contras:<\/p>\n\n<ul class=\"wp-block-list\">\n<li>Limitado al tama\u00f1o de pantalla de 15,6 pulgadas<\/li>\n\n\n\n<li>Los altavoces integrados pueden no igualar la calidad del audio externo<\/li>\n<\/ul>\n\n<p>Tanto si eres un profesional creativo, un \u00e1vido jugador o un entusiasta de los desplazamientos, el monitor port\u00e1til S23b-1 4K redefine la excelencia de las pantallas port\u00e1tiles, ofreciendo un rendimiento excepcional en un paquete compacto.<\/p>\n","protected":false},"excerpt":{"rendered":"<ul>\n<li>Monitor port\u00e1til <strong>4K de 15,6&#8243;<\/strong> con pantalla t\u00e1ctil para alta definici\u00f3n<\/li>\n<li>Tama\u00f1o compacto de 14,17 x 8,4 x 0,43 pulgadas y un peso <strong>de 920 g<\/strong><\/li>\n<li>Pantalla t\u00e1ctil compatible con <strong>MacOS<\/strong><\/li>\n<li>La pantalla t\u00e1ctil <strong>admite la entrada t\u00e1ctil<\/strong> en dispositivos compatibles<\/li>\n<li><strong>Alimentaci\u00f3n por USB<\/strong>, compatible con mini-HDMI, USB Tipo-C<\/li>\n<\/ul>\n[cg_accordion title=\"INFORMACI\u00d3N SOBRE EL PAGO\"]<\/p>\n<p>Utilizamos la \u00faltima tecnolog\u00eda en procesamiento de pagos, lo que le permite pagar a trav\u00e9s de su tarjeta de d\u00e9bito o cr\u00e9dito, o PayPal para una experiencia r\u00e1pida y segura.[\/cg_accordion]\n[cg_accordion title=\"GARANT\u00cdA\"]<\/p>\n<p>2 a\u00f1os de garant\u00eda de <a href=\"https:\/\/droix.net\/\" target=\"_blank\" rel=\"nofollow noopener\">DROIX Global<\/a> para su tranquilidad[\/cg_accordion]\n[cg_accordion title=\"PRECIOS, IMPUESTOS Y GASTOS DE ENV\u00cdO\"]<\/p>\n<p><strong><u>Nota:<\/u><\/strong><\/p>\n<ul>\n<li>Clientes de Estados Unidos: El precio indicado NO incluye impuestos ni aranceles. El cliente es responsable del despacho de aduanas y del pago de los impuestos y aranceles correspondientes. <\/li>\n<li>Clientes de la UE: El precio mostrado incluye el IMPUESTO aplicable, que puede ser de hasta el 25% dependiendo de su pa\u00eds.<\/li>\n<li>Clientes de Canad\u00e1: El precio mostrado incluye los impuestos aplicables, que pueden incluir un 5% de GST e impuestos de venta provinciales (PST) adicionales, impuesto de venta armonizado (HST) o impuesto de venta de Quebec (QST), dependiendo de su provincia.<\/li>\n<\/ul>\n<p><strong>S\u00d3LO para clientes de la UE:<\/strong> Express DDP (Entrega con derechos pagados). Esto significa: <\/p>\n<ul>\n<li>Todos los derechos de aduana e impuestos est\u00e1n incluidos en el precio que aparece en la p\u00e1gina del producto.<\/li>\n<li>No tendr\u00e1 que pagar ning\u00fan gasto adicional en el momento de la entrega.<\/li>\n<li>En el raro caso de que surjan problemas relacionados con las aduanas, nuestro equipo se encargar\u00e1 del proceso de despacho de aduanas en su nombre para garantizar una entrega sin problemas.<\/li>\n<p>Informaci\u00f3n importante sobre devoluciones:<\/p>\n<li>Si decide devolver su pedido o solicitar un reembolso, tenga en cuenta que los impuestos y aranceles pagados en su nombre con arreglo a las condiciones del DDP no pueden reembolsarse.<\/li>\n<p>Consulte nuestras <a href=\"https:\/\/droix.net\/terms-and-conditions\/\" target=\"_blank\" rel=\"nofollow noopener\">Condiciones generales<\/a> para obtener informaci\u00f3n detallada.\n<\/ul>\n<p>[\/cg_accordion]\n[cg_accordion title=\"ATENCI\u00d3N AL CLIENTE\"]<\/p>\n<p>\u00bfTiene alguna pregunta? Estamos a un paso de resolver su problema. <\/p>\n<p>Consulte nuestras <a href=\"https:\/\/gpdstore.net\/es\/terms-of-service\/\" target=\"_blank\" rel=\"nofollow noopener\">Condiciones generales<\/a> para obtener informaci\u00f3n detallada.\n<\/ul>\n<p>[\/cg_accordion]\n[cg_accordion title=\"QU\u00c9 INCLUYE\"]<\/p>\n<ul>\n<li>1x enchufe (UE\/EE.UU.)<\/li>\n<li>1x Manual del usuario<\/li>\n<\/ul>\n<p>[\/cg_accordion]\n","protected":false},"featured_media":15929,"template":"","meta":{"_acf_changed":false},"product_brand":[],"product_cat":[2426],"product_tag":[2427,2428],"woo-feed-brand":[2429],"class_list":{"0":"post-6709","1":"product","2":"type-product","3":"status-publish","4":"has-post-thumbnail","6":"product_cat-monitores-portatiles","7":"product_tag-30gpdsale-es","8":"product_tag-droix-monitor-portatil","9":"product_shipping_class-standard","10":"pa_brand-droix","11":"woo-feed-brand-droix-es","13":"first","14":"outofstock","15":"sale","16":"taxable","17":"shipping-taxable","18":"purchasable","19":"product-type-variable","20":"has-default-attributes"},"acf":[],"aioseo_notices":[],"_links":{"self":[{"href":"https:\/\/gpdstore.net\/es\/wp-json\/wp\/v2\/product\/6709","targetHints":{"allow":["GET"]}}],"collection":[{"href":"https:\/\/gpdstore.net\/es\/wp-json\/wp\/v2\/product"}],"about":[{"href":"https:\/\/gpdstore.net\/es\/wp-json\/wp\/v2\/types\/product"}],"wp:featuredmedia":[{"embeddable":true,"href":"https:\/\/gpdstore.net\/es\/wp-json\/wp\/v2\/media\/15929"}],"wp:attachment":[{"href":"https:\/\/gpdstore.net\/es\/wp-json\/wp\/v2\/media?parent=6709"}],"wp:term":[{"taxonomy":"product_brand","embeddable":true,"href":"https:\/\/gpdstore.net\/es\/wp-json\/wp\/v2\/product_brand?post=6709"},{"taxonomy":"product_cat","embeddable":true,"href":"https:\/\/gpdstore.net\/es\/wp-json\/wp\/v2\/product_cat?post=6709"},{"taxonomy":"product_tag","embeddable":true,"href":"https:\/\/gpdstore.net\/es\/wp-json\/wp\/v2\/product_tag?post=6709"},{"taxonomy":"woo-feed-brand","embeddable":true,"href":"https:\/\/gpdstore.net\/es\/wp-json\/wp\/v2\/woo-feed-brand?post=6709"}],"curies":[{"name":"wp","href":"https:\/\/api.w.org\/{rel}","templated":true}]}}