{"id":6695,"date":"2024-07-12T12:39:31","date_gmt":"2024-07-12T12:39:31","guid":{"rendered":"https:\/\/gpdstore.net\/sin%20categor\u00eda\/monitor-portatil-4k-de-156-con-soporte-para-lapiz-optico\/"},"modified":"2025-12-23T10:13:59","modified_gmt":"2025-12-23T10:13:59","slug":"15-6-4k-portable-monitor-with-stylus-support","status":"publish","type":"product","link":"https:\/\/gpdstore.net\/es\/product\/15-6-4k-portable-monitor-with-stylus-support\/","title":{"rendered":"Monitor port\u00e1til 4K de 15,6&#8243; con soporte para l\u00e1piz \u00f3ptico"},"content":{"rendered":"\n<p>Presentamos el monitor port\u00e1til 4K de 15,6&#8243;: Eleva tu experiencia de visualizaci\u00f3n m\u00f3vil<\/p>\n\n<p>Descubre un nuevo est\u00e1ndar en pantallas port\u00e1tiles con el monitor port\u00e1til 4K de 15,6&#8243;. Dise\u00f1ada para quienes exigen lo mejor en rendimiento visual y flexibilidad, esta pantalla de vanguardia redefine la inform\u00e1tica sobre la marcha. Ya seas n\u00f3mada digital, fot\u00f3grafo o dise\u00f1ador, es tu puerta de entrada a una productividad sin fisuras y a un entretenimiento envolvente all\u00e1 donde vayas.<\/p>\n\n<p>Pantalla 4K UHD inmersiva: Tu ventana m\u00f3vil a la brillantez<\/p>\n\n<p>Experimenta una claridad impresionante en la pantalla 4K UHD de 15,6 pulgadas. Con una pantalla t\u00e1ctil de laminaci\u00f3n completa G+G y una relaci\u00f3n de aspecto panor\u00e1mico 16:9, su tecnolog\u00eda de retroiluminaci\u00f3n LED garantiza colores vivos y contrastes n\u00edtidos para que los contenidos salten de la pantalla. Ideal para ver contenido multimedia 4K, editar fotos o sumergirse en proyectos de dise\u00f1o gr\u00e1fico, su resoluci\u00f3n de 3840 x 2160 y su profundidad de color de 10 bits ofrecen un nivel de detalle inigualable.<\/p>\n\n<p>Dise\u00f1o elegante, pantalla t\u00e1ctil intuitiva: Dise\u00f1ada para una interacci\u00f3n sin esfuerzo<\/p>\n\n<p>Fabricado en aleaci\u00f3n de aluminio de primera calidad, el monitor combina durabilidad con un perfil elegante. El dise\u00f1o de bordes estrechos maximiza el espacio en pantalla, creando una experiencia visual envolvente. Con una pantalla t\u00e1ctil capacitiva de 10 puntos, navegar por los men\u00fas, editar fotos o esbozar ideas resulta natural e intuitivo.<\/p>\n\n<p>Placer visual mejorado: brillante desde todos los \u00e1ngulos<\/p>\n\n<p>Con un amplio panel de 15,6 pulgadas y \u00e1ngulos de visi\u00f3n de 85 grados, comparta la pantalla sin esfuerzo y sin renunciar a la calidad de imagen. Una elevada relaci\u00f3n de contraste de 1500:1 y un brillo de 600 cd\/m2 garantizan negros profundos y colores vivos, incluso en entornos bien iluminados.<\/p>\n\n<p>Conectividad sin fisuras, mayor versatilidad<\/p>\n\n<p>La conectividad se realiza sin esfuerzo gracias a los puertos HDMI Mini y Tipo C para la transferencia de v\u00eddeo y energ\u00eda, compatibles con smartphones, port\u00e1tiles y consolas de juegos como PlayStation 5 y Xbox. Un puerto micro-USB lo transforma f\u00e1cilmente en una estaci\u00f3n de trabajo.<\/p>\n\n<p>Libera la creatividad con precisi\u00f3n<\/p>\n\n<p>Para los profesionales creativos, el monitor admite un l\u00e1piz \u00f3ptico de presi\u00f3n 4096 (se vende por separado), que ofrece un control preciso para hacer bocetos, tomar notas o editar fotos con facilidad natural.<\/p>\n\n<p>Potencia port\u00e1til: Trabajar y jugar sin l\u00edmites<\/p>\n\n<p>Con una bater\u00eda integrada de 10000 mAh, disfrute de 4 a 5 horas de uso ininterrumpido, perfecto para trabajar en cualquier lugar o ver sus programas favoritos. Compacto y ligero, se desliza sin esfuerzo en su bolso, garantizando productividad y entretenimiento de alta resoluci\u00f3n siempre a mano.<\/p>\n\n<p>Aumenta tu productividad y entretenimiento<\/p>\n\n<p>Ampl\u00eda el espacio de tu pantalla sin problemas para realizar varias tareas a la vez, conecta consolas de videojuegos para disfrutar de un juego envolvente o disfruta de pel\u00edculas con asombrosos detalles 4K UHD: este monitor transforma cada tarea en una experiencia excepcional.<\/p>\n\n<p>Audio rico, compatibilidad fiable<\/p>\n\n<p>Los dos altavoces integrados ofrecen un sonido rico y realzan el placer de ver pel\u00edculas, jugar o escuchar m\u00fasica. Compatible con una amplia gama de dispositivos HDMI y Type-C, se adapta a tus necesidades con facilidad.<\/p>\n\n<p>Dise\u00f1ado para Profesionales: Donde la precisi\u00f3n se une al rendimiento<\/p>\n\n<p>Perfecta para fot\u00f3grafos y dise\u00f1adores gr\u00e1ficos, su resoluci\u00f3n 4K UHD y su reproducci\u00f3n precisa del color garantizan im\u00e1genes fieles a la realidad. Con una cobertura sRGB del 100% y una profundidad de color de 10 bits, satisface las demandas de los profesionales m\u00e1s exigentes.<\/p>\n\n<p>Instalaci\u00f3n sin esfuerzo, construcci\u00f3n fiable<\/p>\n\n<p>Con la sencillez plug-and-play, se configura en cuesti\u00f3n de segundos, sin necesidad de complicadas instalaciones. Los controles intuitivos permiten personalizar ajustes como el brillo y el contraste sin esfuerzo, garantizando una comodidad \u00f3ptima para un uso prolongado.<\/p>\n\n<p>Duradera, elegante y preparada para el futuro<\/p>\n\n<p>Fabricado para resistir con una elegante carcasa de aleaci\u00f3n de aluminio, ofrece una protecci\u00f3n robusta para el uso diario y los viajes. Su dise\u00f1o de borde estrecho combina la est\u00e9tica con la funcionalidad, maximizando el placer visual sin distracciones.<\/p>\n\n<p>Conclusi\u00f3n: Redefine la visualizaci\u00f3n m\u00f3vil con el monitor port\u00e1til 4K de 15,6 pulgadas<\/p>\n\n<p>Experimente el futuro de las pantallas port\u00e1tiles con el monitor port\u00e1til 4K de 15,6&#8243;, una obra maestra de claridad, versatilidad y portabilidad. Tanto si est\u00e1s creando, jugando o disfrutando del entretenimiento, te ofrece un rendimiento inigualable all\u00e1 donde te lleve la vida.<\/p>\n\n<p>Pros:<\/p>\n\n<ul class=\"wp-block-list\">\n<li>Impresionante pantalla 4K UHD<\/li>\n\n\n\n<li>Capacidad de pantalla t\u00e1ctil intuitiva<\/li>\n\n\n\n<li>Opciones de conectividad vers\u00e1tiles<\/li>\n\n\n\n<li>Dise\u00f1o ligero y port\u00e1til<\/li>\n\n\n\n<li>Construcci\u00f3n duradera y elegante<\/li>\n<\/ul>\n\n<p>Contras:<\/p>\n\n<ul class=\"wp-block-list\">\n<li>El l\u00e1piz \u00f3ptico se vende por separado<\/li>\n\n\n\n<li>Duraci\u00f3n limitada de la bater\u00eda para un uso prolongado<\/li>\n\n\n\n<li>Los altavoces integrados pueden no cumplir los est\u00e1ndares audi\u00f3filos<\/li>\n<\/ul>\n\n\r\n<div class=\"wp-block-jetpack-tiled-gallery aligncenter is-style-rectangular\">\r\n<div class=\"tiled-gallery__gallery\">\r\n<div class=\"tiled-gallery__row\">\r\n<div class=\"tiled-gallery__col\" style=\"flex-basis: 55.49556%;\">\r\n<figure class=\"tiled-gallery__item\"><img decoding=\"async\" src=\"https:\/\/i2.wp.com\/droix.net\/wp-content\/uploads\/2023\/04\/S23B_5-MONITOR-MARKETING-IMAGE-DONE-2.jpg?ssl=1\" alt=\"\" data-height=\"1000\" data-id=\"157015\" data-link=\"https:\/\/droix.net\/?attachment_id=157015\" data-url=\"https:\/\/droix.net\/wp-content\/uploads\/2023\/04\/S23B_5-MONITOR-MARKETING-IMAGE-DONE-2.jpg\" data-width=\"1000\" data-amp-layout=\"responsive\"><\/figure>\r\n<\/div>\r\n<div class=\"tiled-gallery__col\" style=\"flex-basis: 44.50444%;\">\r\n<figure class=\"tiled-gallery__item\"><img decoding=\"async\" src=\"https:\/\/i0.wp.com\/droix.net\/wp-content\/uploads\/2023\/04\/S23B_5-MONITOR-MARKETING-IMAGE-DONE-1.jpg?ssl=1\" alt=\"\" data-height=\"619\" data-id=\"157010\" data-link=\"https:\/\/droix.net\/?attachment_id=157010\" data-url=\"https:\/\/droix.net\/wp-content\/uploads\/2023\/04\/S23B_5-MONITOR-MARKETING-IMAGE-DONE-1.jpg\" data-width=\"1000\" data-amp-layout=\"responsive\"><\/figure>\r\n<figure class=\"tiled-gallery__item\"><img decoding=\"async\" src=\"https:\/\/i2.wp.com\/droix.net\/wp-content\/uploads\/2023\/04\/S23B_5-MONITOR-MARKETING-IMAGE-DONE-3.jpg?ssl=1\" alt=\"\" data-height=\"619\" data-id=\"157020\" data-link=\"https:\/\/droix.net\/?attachment_id=157020\" data-url=\"https:\/\/droix.net\/wp-content\/uploads\/2023\/04\/S23B_5-MONITOR-MARKETING-IMAGE-DONE-3.jpg\" data-width=\"1000\" data-amp-layout=\"responsive\"><\/figure>\r\n<\/div>\r\n<\/div>\r\n<div class=\"tiled-gallery__row\">\r\n<div class=\"tiled-gallery__col\" style=\"flex-basis: 37.61498%;\">\r\n<figure class=\"tiled-gallery__item\"><img decoding=\"async\" src=\"https:\/\/i2.wp.com\/droix.net\/wp-content\/uploads\/2023\/04\/S23B_5-MONITOR-MARKETING-IMAGE-DONE-4.jpg?ssl=1\" alt=\"\" data-height=\"1000\" data-id=\"157025\" data-link=\"https:\/\/droix.net\/?attachment_id=157025\" data-url=\"https:\/\/droix.net\/wp-content\/uploads\/2023\/04\/S23B_5-MONITOR-MARKETING-IMAGE-DONE-4.jpg\" data-width=\"1000\" data-amp-layout=\"responsive\"><\/figure>\r\n<figure class=\"tiled-gallery__item\"><img decoding=\"async\" src=\"https:\/\/i0.wp.com\/droix.net\/wp-content\/uploads\/2023\/04\/S23B_5-MONITOR-MARKETING-IMAGE-DONE-5.jpg?ssl=1\" alt=\"\" data-height=\"619\" data-id=\"157030\" data-link=\"https:\/\/droix.net\/?attachment_id=157030\" data-url=\"https:\/\/droix.net\/wp-content\/uploads\/2023\/04\/S23B_5-MONITOR-MARKETING-IMAGE-DONE-5.jpg\" data-width=\"1000\" data-amp-layout=\"responsive\"><\/figure>\r\n<\/div>\r\n<div class=\"tiled-gallery__col\" style=\"flex-basis: 62.38502%;\">\r\n<figure class=\"tiled-gallery__item\"><img decoding=\"async\" src=\"https:\/\/i0.wp.com\/droix.net\/wp-content\/uploads\/2023\/04\/S23B_5-MONITOR-MARKETING-IMAGE-DONE-6.jpg?ssl=1\" alt=\"\" data-height=\"981\" data-id=\"157035\" data-link=\"https:\/\/droix.net\/?attachment_id=157035\" data-url=\"https:\/\/droix.net\/wp-content\/uploads\/2023\/04\/S23B_5-MONITOR-MARKETING-IMAGE-DONE-6.jpg\" data-width=\"1000\" data-amp-layout=\"responsive\"><\/figure>\r\n<\/div>\r\n<\/div>\r\n<div class=\"tiled-gallery__row\">\r\n<div class=\"tiled-gallery__col\" style=\"flex-basis: 33.33333%;\">\r\n<figure class=\"tiled-gallery__item\"><img decoding=\"async\" src=\"https:\/\/i1.wp.com\/droix.net\/wp-content\/uploads\/2023\/04\/S23B_5-MONITOR-MARKETING-IMAGE-DONE-7.jpg?ssl=1\" alt=\"\" data-height=\"1000\" data-id=\"157040\" data-link=\"https:\/\/droix.net\/?attachment_id=157040\" data-url=\"https:\/\/droix.net\/wp-content\/uploads\/2023\/04\/S23B_5-MONITOR-MARKETING-IMAGE-DONE-7.jpg\" data-width=\"1000\" data-amp-layout=\"responsive\"><\/figure>\r\n<\/div>\r\n<div class=\"tiled-gallery__col\" style=\"flex-basis: 33.33333%;\">\r\n<figure class=\"tiled-gallery__item\"><img decoding=\"async\" src=\"https:\/\/i1.wp.com\/droix.net\/wp-content\/uploads\/2023\/04\/S23B_5-MONITOR-MARKETING-IMAGE-DONE-8.jpg?ssl=1\" alt=\"\" data-height=\"1000\" data-id=\"157045\" data-link=\"https:\/\/droix.net\/?attachment_id=157045\" data-url=\"https:\/\/droix.net\/wp-content\/uploads\/2023\/04\/S23B_5-MONITOR-MARKETING-IMAGE-DONE-8.jpg\" data-width=\"1000\" data-amp-layout=\"responsive\"><\/figure>\r\n<\/div>\r\n<div class=\"tiled-gallery__col\" style=\"flex-basis: 33.33333%;\">\r\n<figure class=\"tiled-gallery__item\"><img decoding=\"async\" src=\"https:\/\/i1.wp.com\/droix.net\/wp-content\/uploads\/2023\/04\/S23B_5-MONITOR-MARKETING-IMAGE-DONE-9.jpg?ssl=1\" alt=\"\" data-height=\"1000\" data-id=\"157050\" data-link=\"https:\/\/droix.net\/?attachment_id=157050\" data-url=\"https:\/\/droix.net\/wp-content\/uploads\/2023\/04\/S23B_5-MONITOR-MARKETING-IMAGE-DONE-9.jpg\" data-width=\"1000\" data-amp-layout=\"responsive\"><\/figure>\r\n<\/div>\r\n<\/div>\r\n<div class=\"tiled-gallery__row\">\r\n<div class=\"tiled-gallery__col\" style=\"flex-basis: 50.00000%;\">\r\n<figure class=\"tiled-gallery__item\"><img decoding=\"async\" src=\"https:\/\/i0.wp.com\/droix.net\/wp-content\/uploads\/2023\/04\/S23B_5-MONITOR-MARKETING-IMAGE-DONE-10.jpg?ssl=1\" alt=\"\" data-height=\"1000\" data-id=\"157055\" data-link=\"https:\/\/droix.net\/?attachment_id=157055\" data-url=\"https:\/\/droix.net\/wp-content\/uploads\/2023\/04\/S23B_5-MONITOR-MARKETING-IMAGE-DONE-10.jpg\" data-width=\"1000\" data-amp-layout=\"responsive\"><\/figure>\r\n<\/div>\r\n<div class=\"tiled-gallery__col\" style=\"flex-basis: 50.00000%;\">\r\n<figure class=\"tiled-gallery__item\"><img decoding=\"async\" src=\"https:\/\/i0.wp.com\/droix.net\/wp-content\/uploads\/2023\/04\/S23B_5-MONITOR-MARKETING-IMAGE-DONE-11.jpg?ssl=1\" alt=\"\" data-height=\"1000\" data-id=\"157060\" data-link=\"https:\/\/droix.net\/?attachment_id=157060\" data-url=\"https:\/\/droix.net\/wp-content\/uploads\/2023\/04\/S23B_5-MONITOR-MARKETING-IMAGE-DONE-11.jpg\" data-width=\"1000\" data-amp-layout=\"responsive\"><\/figure>\r\n<\/div>\r\n<\/div>\r\n<div class=\"tiled-gallery__row\">\r\n<div class=\"tiled-gallery__col\" style=\"flex-basis: 29.89199%;\">\r\n<figure class=\"tiled-gallery__item\"><img decoding=\"async\" src=\"https:\/\/i2.wp.com\/droix.net\/wp-content\/uploads\/2023\/04\/S23B_5-MONITOR-MARKETING-IMAGE-DONE-12.jpg?ssl=1\" alt=\"\" data-height=\"619\" data-id=\"157065\" data-link=\"https:\/\/droix.net\/?attachment_id=157065\" data-url=\"https:\/\/droix.net\/wp-content\/uploads\/2023\/04\/S23B_5-MONITOR-MARKETING-IMAGE-DONE-12.jpg\" data-width=\"1000\" data-amp-layout=\"responsive\"><\/figure>\r\n<figure class=\"tiled-gallery__item\"><img decoding=\"async\" src=\"https:\/\/i1.wp.com\/droix.net\/wp-content\/uploads\/2023\/04\/S23B_5-MONITOR-MARKETING-IMAGE-DONE-13.jpg?ssl=1\" alt=\"\" data-height=\"1000\" data-id=\"157070\" data-link=\"https:\/\/droix.net\/?attachment_id=157070\" data-url=\"https:\/\/droix.net\/wp-content\/uploads\/2023\/04\/S23B_5-MONITOR-MARKETING-IMAGE-DONE-13.jpg\" data-width=\"1000\" data-amp-layout=\"responsive\"><\/figure>\r\n<figure class=\"tiled-gallery__item\"><img decoding=\"async\" src=\"https:\/\/i2.wp.com\/droix.net\/wp-content\/uploads\/2023\/04\/S23B_5-MONITOR-MARKETING-IMAGE-DONE-14.jpg?ssl=1\" alt=\"\" data-height=\"822\" data-id=\"157075\" data-link=\"https:\/\/droix.net\/?attachment_id=157075\" data-url=\"https:\/\/droix.net\/wp-content\/uploads\/2023\/04\/S23B_5-MONITOR-MARKETING-IMAGE-DONE-14.jpg\" data-width=\"1000\" data-amp-layout=\"responsive\"><\/figure>\r\n<\/div>\r\n<div class=\"tiled-gallery__col\" style=\"flex-basis: 70.10801%;\">\r\n<figure class=\"tiled-gallery__item\"><img decoding=\"async\" src=\"https:\/\/i1.wp.com\/droix.net\/wp-content\/uploads\/2023\/04\/S23B_5-MONITOR-MARKETING-IMAGE-DONE-15-977x1024.jpg?ssl=1\" alt=\"\" data-height=\"1048\" data-id=\"157080\" data-link=\"https:\/\/droix.net\/?attachment_id=157080\" data-url=\"https:\/\/droix.net\/wp-content\/uploads\/2023\/04\/S23B_5-MONITOR-MARKETING-IMAGE-DONE-15-977x1024.jpg\" data-width=\"1000\" data-amp-layout=\"responsive\"><\/figure>\r\n<\/div>\r\n<\/div>\r\n<div class=\"tiled-gallery__row\">\r\n<div class=\"tiled-gallery__col\" style=\"flex-basis: 54.96322%;\">\r\n<figure class=\"tiled-gallery__item\"><img decoding=\"async\" src=\"https:\/\/i0.wp.com\/droix.net\/wp-content\/uploads\/2023\/04\/S23B_5-MONITOR-MARKETING-IMAGE-DONE-16.jpg?ssl=1\" alt=\"\" data-height=\"787\" data-id=\"157085\" data-link=\"https:\/\/droix.net\/?attachment_id=157085\" data-url=\"https:\/\/droix.net\/wp-content\/uploads\/2023\/04\/S23B_5-MONITOR-MARKETING-IMAGE-DONE-16.jpg\" data-width=\"1000\" data-amp-layout=\"responsive\"><\/figure>\r\n<\/div>\r\n<div class=\"tiled-gallery__col\" style=\"flex-basis: 45.03678%;\">\r\n<figure class=\"tiled-gallery__item\"><img decoding=\"async\" src=\"https:\/\/i1.wp.com\/droix.net\/wp-content\/uploads\/2023\/04\/S23B_5-MONITOR-MARKETING-IMAGE-DONE-17.jpg?ssl=1\" alt=\"\" data-height=\"961\" data-id=\"157090\" data-link=\"https:\/\/droix.net\/?attachment_id=157090\" data-url=\"https:\/\/droix.net\/wp-content\/uploads\/2023\/04\/S23B_5-MONITOR-MARKETING-IMAGE-DONE-17.jpg\" data-width=\"1000\" data-amp-layout=\"responsive\"><\/figure>\r\n<\/div>\r\n<\/div>\r\n<\/div>\r\n<\/div>\r\n","protected":false},"excerpt":{"rendered":"<ul>\n<li>Pantalla t\u00e1ctil compatible con <strong>MacOS<\/strong><\/li>\n<li>Capacidad de pantalla t\u00e1ctil <strong>L\u00e1piz \u00f3ptico incluido<\/strong><\/li>\n<li>Funda plegable como soporte de monitor<\/li>\n<li>Port\u00e1til y ligero<\/li>\n<li><strong>Alimentaci\u00f3n por USB<\/strong>, compatible con mini-HDMI, USB Tipo-C<\/li>\n<\/ul>\n[cg_accordion title=\"INFORMACI\u00d3N SOBRE EL PAGO\"]<\/p>\n<p>Utilizamos la \u00faltima tecnolog\u00eda en procesamiento de pagos, lo que le permite pagar a trav\u00e9s de Apple Pay, Google Pay, su tarjeta de d\u00e9bito\/cr\u00e9dito, PayPal o m\u00e9todos BNPL como Klarna, Affirm o AfterPay para una experiencia r\u00e1pida y segura.[\/cg_accordion]\n[cg_accordion title=\"GARANT\u00cdA\"]<\/p>\n<p>2 a\u00f1os de garant\u00eda de <a href=\"https:\/\/droix.net\/\" target=\"_blank\" rel=\"nofollow noopener\">DROIX Global<\/a> para su tranquilidad[\/cg_accordion]\n[cg_accordion title=\"PRECIOS, IMPUESTOS Y GASTOS DE ENV\u00cdO\"]<\/p>\n<p><strong><u>Nota:<\/u><\/strong><\/p>\n<ul>\n<li>Clientes de Estados Unidos: El precio indicado NO incluye impuestos ni aranceles. El cliente es responsable del despacho de aduanas y del pago de los impuestos y aranceles correspondientes. <\/li>\n<li>Clientes de la UE: El precio mostrado incluye el IMPUESTO aplicable, que puede ser de hasta el 25% dependiendo de su pa\u00eds.<\/li>\n<li>Clientes de Canad\u00e1: El precio mostrado incluye los impuestos aplicables, que pueden incluir un 5% de GST e impuestos de venta provinciales (PST) adicionales, impuesto de venta armonizado (HST) o impuesto de venta de Quebec (QST), dependiendo de su provincia.<\/li>\n<\/ul>\n<p><strong>S\u00d3LO para clientes de la UE:<\/strong> Express DDP (Entrega con derechos pagados). Esto significa: <\/p>\n<ul>\n<li>Todos los derechos de aduana e impuestos est\u00e1n incluidos en el precio que aparece en la p\u00e1gina del producto.<\/li>\n<li>No tendr\u00e1 que pagar ning\u00fan gasto adicional en el momento de la entrega.<\/li>\n<li>En el raro caso de que surjan problemas relacionados con las aduanas, nuestro equipo se encargar\u00e1 del proceso de despacho de aduanas en su nombre para garantizar una entrega sin problemas.<\/li>\n<p>Informaci\u00f3n importante sobre devoluciones:<\/p>\n<li>Si decide devolver su pedido o solicitar un reembolso, tenga en cuenta que los impuestos y aranceles pagados en su nombre con arreglo a las condiciones del DDP no pueden reembolsarse.<\/li>\n<p>Consulte nuestras <a href=\"https:\/\/gpdstore.net\/es\/terms-of-service\/\" target=\"_blank\" rel=\"nofollow noopener\">Condiciones generales<\/a> para obtener informaci\u00f3n detallada.\n<\/ul>\n<p>[\/cg_accordion]\n[cg_accordion title=\"ATENCI\u00d3N AL CLIENTE\"]<\/p>\n<p>\u00bfTiene alguna pregunta? Estamos a un paso de resolver su problema.<br \/>\n[\/cg_accordion]\n[cg_accordion title=\"QU\u00c9 INCLUYE\"]<\/p>\n<ul>\n<li>1x enchufe (UE\/EE.UU.)<\/li>\n<li>1x L\u00e1piz \u00f3ptico<\/li>\n<li>1x Manual del usuario<\/li>\n<\/ul>\n<p>[\/cg_accordion]\n","protected":false},"featured_media":15853,"template":"","meta":{"_acf_changed":false},"product_brand":[],"product_cat":[2426],"product_tag":[2427,2428],"woo-feed-brand":[2429],"class_list":{"0":"post-6695","1":"product","2":"type-product","3":"status-publish","4":"has-post-thumbnail","6":"product_cat-monitores-portatiles","7":"product_tag-30gpdsale-es","8":"product_tag-droix-monitor-portatil","9":"product_shipping_class-standard","10":"pa_brand-droix","11":"woo-feed-brand-droix-es","13":"first","14":"outofstock","15":"sale","16":"taxable","17":"shipping-taxable","18":"purchasable","19":"product-type-variable","20":"has-default-attributes"},"acf":[],"aioseo_notices":[],"_links":{"self":[{"href":"https:\/\/gpdstore.net\/es\/wp-json\/wp\/v2\/product\/6695","targetHints":{"allow":["GET"]}}],"collection":[{"href":"https:\/\/gpdstore.net\/es\/wp-json\/wp\/v2\/product"}],"about":[{"href":"https:\/\/gpdstore.net\/es\/wp-json\/wp\/v2\/types\/product"}],"wp:featuredmedia":[{"embeddable":true,"href":"https:\/\/gpdstore.net\/es\/wp-json\/wp\/v2\/media\/15853"}],"wp:attachment":[{"href":"https:\/\/gpdstore.net\/es\/wp-json\/wp\/v2\/media?parent=6695"}],"wp:term":[{"taxonomy":"product_brand","embeddable":true,"href":"https:\/\/gpdstore.net\/es\/wp-json\/wp\/v2\/product_brand?post=6695"},{"taxonomy":"product_cat","embeddable":true,"href":"https:\/\/gpdstore.net\/es\/wp-json\/wp\/v2\/product_cat?post=6695"},{"taxonomy":"product_tag","embeddable":true,"href":"https:\/\/gpdstore.net\/es\/wp-json\/wp\/v2\/product_tag?post=6695"},{"taxonomy":"woo-feed-brand","embeddable":true,"href":"https:\/\/gpdstore.net\/es\/wp-json\/wp\/v2\/woo-feed-brand?post=6695"}],"curies":[{"name":"wp","href":"https:\/\/api.w.org\/{rel}","templated":true}]}}