{"id":6686,"date":"2024-07-12T09:49:06","date_gmt":"2024-07-12T09:49:06","guid":{"rendered":"https:\/\/gpdstore.net\/sin%20categor\u00eda\/monitor-portatil-4k-de-156%e2%80%b3-con-adobe-rgb\/"},"modified":"2025-12-23T10:15:27","modified_gmt":"2025-12-23T10:15:27","slug":"15-6-4k-portable-monitor-with-adobe-rgb","status":"publish","type":"product","link":"https:\/\/gpdstore.net\/es\/product\/15-6-4k-portable-monitor-with-adobe-rgb\/","title":{"rendered":"Monitor port\u00e1til 4K de 15,6\u2033 con Adobe RGB"},"content":{"rendered":"\n<p>Presentamos el monitor port\u00e1til 4K de 15,6&#8243; S23B-5: pantallas port\u00e1tiles de \u00faltima generaci\u00f3n y ultra alta definici\u00f3n<\/p>\n\n<p>\u00bfBusca un monitor port\u00e1til que ofrezca im\u00e1genes y rendimiento excepcionales en cualquier lugar? Te presentamos el monitor port\u00e1til 4K S23B-5. Este avanzado dispositivo pone al alcance de su mano pantallas m\u00f3viles de ultra alta definici\u00f3n que ofrecen una claridad y precisi\u00f3n 4K UHD asombrosas. Tanto si es un jugador, un editor de v\u00eddeo profesional, un dise\u00f1ador gr\u00e1fico o un entusiasta de la productividad m\u00f3vil, este monitor port\u00e1til de alta resoluci\u00f3n es su compa\u00f1ero perfecto.<\/p>\n\n<p>Experiencia visual inmersiva con los monitores de viaje 4K UHD Prep\u00e1rese para dejarse cautivar por la experiencia visual inmersiva del S23B-5. Con un monitor t\u00e1ctil de 15,6 pulgadas, este dispositivo cuenta con una pantalla 4K UHD que da vida a los contenidos con detalles notables y colores vibrantes. Con una resoluci\u00f3n de 3840 x 2160 y una profundidad de color de 10 bits, todas las im\u00e1genes y v\u00eddeos de esta pantalla port\u00e1til 4K se reproducen con una claridad asombrosa, lo que garantiza que ning\u00fan detalle pase desapercibido. Tanto si est\u00e1 viendo pel\u00edculas, jugando o editando fotos y v\u00eddeos, el S23B-5 le ofrece un fest\u00edn visual.<\/p>\n\n<p>Pantalla t\u00e1ctil capacitiva de 10 puntos, elegante y sensible Interactuar con el S23B-5 es un placer gracias a su pantalla t\u00e1ctil capacitiva de 10 puntos. Con una pantalla t\u00e1ctil G+G totalmente laminada, este monitor port\u00e1til ofrece una respuesta t\u00e1ctil suave y precisa, lo que permite una navegaci\u00f3n fluida por los men\u00fas, el control de las aplicaciones y la ejecuci\u00f3n de comandos. Ya sea para ampliar fotos, desplazarse por p\u00e1ginas web o crear dise\u00f1os intrincados, la pantalla t\u00e1ctil S23B-5 garantiza capacidad de respuesta y precisi\u00f3n para aumentar la productividad y la creatividad.<\/p>\n\n<p>D\u00e9 rienda suelta a su creatividad sobre la marcha Dise\u00f1ado para profesionales creativos, el S23B-5 es su compa\u00f1ero definitivo para la edici\u00f3n de v\u00eddeo, el dise\u00f1o gr\u00e1fico y la edici\u00f3n fotogr\u00e1fica. Con una cobertura del 100% del espacio de color Adobe RGB, este monitor port\u00e1til garantiza colores fieles a la realidad para lograr ajustes de color precisos y resultados sorprendentes. La pantalla de alta resoluci\u00f3n, junto con la profundidad de color de 10 bits, permite trabajar con detalles intrincados y lograr una precisi\u00f3n visual fundamental para el trabajo creativo profesional.<\/p>\n\n<p>Conectividad sin fisuras para una mayor versatilidad La conectividad no supone ning\u00fan esfuerzo con el S23B-5. Este monitor de viaje 4K UHD cuenta con un minipuerto HD, puertos Type-C para transferencia de datos de v\u00eddeo y alimentaci\u00f3n, un puerto para auriculares (3,5 mm) y un puerto Micro-USB para conectar perif\u00e9ricos como teclados y ratones. Tanto si conecta su smartphone, port\u00e1til, PlayStation, Xbox u otros dispositivos compatibles, el S23B-5 garantiza la compatibilidad, ampliando el espacio de la pantalla para aumentar la productividad o la experiencia de juego dondequiera que est\u00e9.<\/p>\n\n<p>Bater\u00eda integrada para un uso ininterrumpido Adem\u00e1s de potente y vers\u00e1til, la S23B-5 es incre\u00edblemente pr\u00e1ctica gracias a su bater\u00eda de pol\u00edmero integrada de 10000 mAh. Disfrute de un uso ininterrumpido mientras viaja, asiste a reuniones o trabaja a distancia. La bater\u00eda de larga duraci\u00f3n proporciona libertad para trabajar, jugar o crear sin preocuparse por la alimentaci\u00f3n. Mantente productivo y entretenido sobre la marcha.<\/p>\n\n<p>Calidad de construcci\u00f3n superior y dise\u00f1o port\u00e1til Fabricado en aleaci\u00f3n de aluminio de alta calidad, el S23B-5 es duradero y tiene un aspecto y un tacto de primera calidad. Su dise\u00f1o elegante y delgado, con unas dimensiones de s\u00f3lo 357 x 223 x 9 mm y un peso de 1300 g, hace que sea muy port\u00e1til y f\u00e1cil de llevar en el bolso o la mochila. El S23B-5 est\u00e1 dise\u00f1ado para ser su compa\u00f1ero de confianza, sin comprometer la productividad ni el entretenimiento, est\u00e9 donde est\u00e9.<\/p>\n\n<p>Experiencia de audio envolvente El S23B-5 ofrece algo m\u00e1s que im\u00e1genes asombrosas: una experiencia de audio envolvente con dos altavoces de 1,0 W. Disfruta de un sonido n\u00edtido y claro para pel\u00edculas, juegos o actividades multimedia. Ya sea en una videoconferencia, escuchando m\u00fasica o viendo series, el S23B-5 mejora tu experiencia sensorial, haci\u00e9ndola atractiva y cautivadora.  <\/p>\n\n<p>Mayor comodidad de visualizaci\u00f3n Su comodidad es importante, especialmente cuando pasa mucho tiempo frente a la pantalla. El S23B-5 garantiza un confort de visi\u00f3n \u00f3ptimo con amplios \u00e1ngulos de visi\u00f3n y ajustes regulables. Con un \u00e1ngulo de visi\u00f3n de 85 grados en todas las direcciones (U\/D\/L\/R), disfrute de im\u00e1genes n\u00edtidas y colores vivos desde diferentes perspectivas. Ya sea colaborando, compartiendo contenidos o ajustando el monitor a su posici\u00f3n de visualizaci\u00f3n preferida, el S23B-5 permite un uso c\u00f3modo y prolongado sin fatiga ocular ni compromiso postural.<\/p>\n\n<p>Ideal para entusiastas de los juegos Para los entusiastas de los juegos, el S23B-5 es su monitor port\u00e1til 4K definitivo para juegos. Con resoluci\u00f3n 4K UHD, precisi\u00f3n crom\u00e1tica exacta y un r\u00e1pido tiempo de respuesta de 25 ms, este monitor ofrece una experiencia de juego inigualable. Sum\u00e9rgete en gr\u00e1ficos realistas, colores vivos y detalles n\u00edtidos que elevar\u00e1n tus aventuras de juego. El S23B-5 garantiza la nitidez de cada fotograma, lo que permite reacciones r\u00e1pidas y una ventaja competitiva en juegos de acci\u00f3n trepidante, RPG envolventes o mundos visualmente impresionantes.<\/p>\n\n<p>Impulse la productividad sobre la marcha M\u00e1s que entretenimiento y juegos, el S23B-5 es un centro neur\u00e1lgico de la productividad. Tanto si es un n\u00f3mada digital, un estudiante o un profesional que necesita un espacio de trabajo port\u00e1til, este monitor satisface sus necesidades. Ampl\u00ede la pantalla de su port\u00e1til o smartphone, realice varias tareas a la vez sin esfuerzo y mejore la eficacia y el flujo de trabajo. Edite documentos, cree presentaciones o analice datos con el espacio de pantalla adicional que ofrece el S23B-5. Su pantalla de alta resoluci\u00f3n y su precisa reproducci\u00f3n del color garantizan el trabajo con detalles intrincados y el mantenimiento de la coherencia en todos los dispositivos. El S23B-5 es su centro de productividad port\u00e1til, que le permite lograr m\u00e1s, incluso en movimiento.<\/p>\n\n<p>Conclusi\u00f3n En conclusi\u00f3n, el monitor port\u00e1til S23B-5 4K es un dispositivo excepcional que pone al alcance de tu mano pantallas port\u00e1tiles de ultra alta definici\u00f3n. Con resoluci\u00f3n 4K UHD, pantalla t\u00e1ctil capacitiva de 10 puntos y amplia gama de colores, este monitor port\u00e1til ofrece unas im\u00e1genes impresionantes y un rendimiento excepcional. Tanto si eres un jugador como un profesional creativo o si valoras la productividad sobre la marcha, el S23B-5 se adapta a tus necesidades. Sus vers\u00e1tiles opciones de conectividad, su bater\u00eda integrada y su excelente calidad de fabricaci\u00f3n lo convierten en una opci\u00f3n sobresaliente.<\/p>\n\n<p>Ventajas: Im\u00e1genes impresionantes: El S23B-5 ofrece una pantalla 4K UHD con una precisi\u00f3n de color excepcional, perfecta para juegos, edici\u00f3n de v\u00eddeo, dise\u00f1o gr\u00e1fico y edici\u00f3n fotogr\u00e1fica. Funcionalidad de pantalla t\u00e1ctil: La pantalla t\u00e1ctil capacitiva de 10 puntos proporciona una experiencia de usuario receptiva e intuitiva, permitiendo una navegaci\u00f3n sin esfuerzo y un control preciso. Portabilidad: Delgado y ligero, el S23B-5 es muy port\u00e1til para viajes, viajes de negocios y trabajo remoto. Conectividad vers\u00e1til: M\u00faltiples puertos, incluidos HD Mini, Tipo C, Auriculares y Micro-USB, garantizan la compatibilidad con smartphones, port\u00e1tiles y consolas de juegos. Bater\u00eda integrada: Con una bater\u00eda de pol\u00edmero de 10000 mAh, el S23B-5 ofrece un uso ininterrumpido sobre la marcha, sin necesidad de fuente de alimentaci\u00f3n.<\/p>\n\n<p>Contras: Opciones de tama\u00f1o limitadas: Disponible s\u00f3lo en tama\u00f1o de 15,6 pulgadas, puede que no se adapte a los usuarios que prefieran monitores port\u00e1tiles m\u00e1s grandes o peque\u00f1os. Salida de audio: Los altavoces integrados pueden no estar a la altura de los altavoces externos o auriculares para quienes buscan una experiencia de audio m\u00e1s envolvente.<\/p>\n","protected":false},"excerpt":{"rendered":"<ul>\n<li><strong>100% de la<\/strong> gama de <strong>colores Adobe<\/strong> Monitor port\u00e1til <strong>UHD 4K de 15,6 pulgadas<\/strong> <\/li>\n<li>Monitor con pantalla t\u00e1ctil capacitiva de 10 puntos<\/li>\n<li>Pantalla t\u00e1ctil compatible con <strong>MacOS<\/strong><\/li>\n<li>Bater\u00eda integrada de 10000 mAh<\/li>\n<li><strong>Alimentaci\u00f3n por USB<\/strong>, compatible con mini-HDMI, USB Tipo-C<\/li>\n<\/ul>\n[cg_accordion title=\"INFORMACI\u00d3N SOBRE EL PAGO\"]<\/p>\n<p>Utilizamos la \u00faltima tecnolog\u00eda en procesamiento de pagos, lo que le permite pagar a trav\u00e9s de Apple Pay, Google Pay, su tarjeta de d\u00e9bito\/cr\u00e9dito, PayPal o m\u00e9todos BNPL como Klarna, Affirm o AfterPay para una experiencia r\u00e1pida y segura.[\/cg_accordion]\n[cg_accordion title=\"GARANT\u00cdA\"]<\/p>\n<p>2 a\u00f1os de garant\u00eda de <a href=\"https:\/\/droix.net\/\" target=\"_blank\" rel=\"nofollow noopener\">DROIX Global<\/a> para su tranquilidad[\/cg_accordion]\n[cg_accordion title=\"PRECIOS, IMPUESTOS Y GASTOS DE ENV\u00cdO\"]<\/p>\n<p><strong><u>Nota:<\/u><\/strong><\/p>\n<ul>\n<li>Clientes de Estados Unidos: El precio indicado NO incluye impuestos ni aranceles. El cliente es responsable del despacho de aduanas y del pago de los impuestos y aranceles correspondientes. <\/li>\n<li>Clientes de la UE: El precio mostrado incluye el IMPUESTO aplicable, que puede ser de hasta el 25% dependiendo de su pa\u00eds.<\/li>\n<li>Clientes de Canad\u00e1: El precio mostrado incluye los impuestos aplicables, que pueden incluir un 5% de GST e impuestos de venta provinciales (PST) adicionales, impuesto de venta armonizado (HST) o impuesto de venta de Quebec (QST), dependiendo de su provincia.<\/li>\n<\/ul>\n<p><strong>S\u00d3LO para clientes de la UE:<\/strong> Express DDP (Entrega con derechos pagados). Esto significa: <\/p>\n<ul>\n<li>Todos los derechos de aduana e impuestos est\u00e1n incluidos en el precio que aparece en la p\u00e1gina del producto.<\/li>\n<li>No tendr\u00e1 que pagar ning\u00fan gasto adicional en el momento de la entrega.<\/li>\n<li>En el raro caso de que surjan problemas relacionados con las aduanas, nuestro equipo se encargar\u00e1 del proceso de despacho de aduanas en su nombre para garantizar una entrega sin problemas.<\/li>\n<p>Informaci\u00f3n importante sobre devoluciones:<\/p>\n<li>Si decide devolver su pedido o solicitar un reembolso, tenga en cuenta que los impuestos y aranceles pagados en su nombre con arreglo a las condiciones del DDP no pueden reembolsarse.<\/li>\n<p>Consulte nuestras <a href=\"https:\/\/gpdstore.net\/es\/terms-of-service\/\" target=\"_blank\" rel=\"nofollow noopener\">Condiciones generales<\/a> para obtener informaci\u00f3n detallada.\n<\/ul>\n<p>[\/cg_accordion]\n[cg_accordion title=\"ATENCI\u00d3N AL CLIENTE\"]<\/p>\n<p>\u00bfTiene alguna pregunta? Estamos a un paso de resolver su problema.<br \/>\n[\/cg_accordion]\n[cg_accordion title=\"QU\u00c9 INCLUYE\"]<\/p>\n<ul>\n<li>1x enchufe (UE\/EE.UU.)<\/li>\n<li>1x Manual del usuario<\/li>\n<\/ul>\n<p>[\/cg_accordion]\n","protected":false},"featured_media":15842,"template":"","meta":{"_acf_changed":false},"product_brand":[],"product_cat":[2426],"product_tag":[2427,2428],"woo-feed-brand":[2429],"class_list":{"0":"post-6686","1":"product","2":"type-product","3":"status-publish","4":"has-post-thumbnail","6":"product_cat-monitores-portatiles","7":"product_tag-30gpdsale-es","8":"product_tag-droix-monitor-portatil","9":"product_shipping_class-standard","10":"pa_brand-droix","11":"woo-feed-brand-droix-es","13":"first","14":"outofstock","15":"sale","16":"taxable","17":"shipping-taxable","18":"purchasable","19":"product-type-variable","20":"has-default-attributes"},"acf":[],"aioseo_notices":[],"_links":{"self":[{"href":"https:\/\/gpdstore.net\/es\/wp-json\/wp\/v2\/product\/6686","targetHints":{"allow":["GET"]}}],"collection":[{"href":"https:\/\/gpdstore.net\/es\/wp-json\/wp\/v2\/product"}],"about":[{"href":"https:\/\/gpdstore.net\/es\/wp-json\/wp\/v2\/types\/product"}],"wp:featuredmedia":[{"embeddable":true,"href":"https:\/\/gpdstore.net\/es\/wp-json\/wp\/v2\/media\/15842"}],"wp:attachment":[{"href":"https:\/\/gpdstore.net\/es\/wp-json\/wp\/v2\/media?parent=6686"}],"wp:term":[{"taxonomy":"product_brand","embeddable":true,"href":"https:\/\/gpdstore.net\/es\/wp-json\/wp\/v2\/product_brand?post=6686"},{"taxonomy":"product_cat","embeddable":true,"href":"https:\/\/gpdstore.net\/es\/wp-json\/wp\/v2\/product_cat?post=6686"},{"taxonomy":"product_tag","embeddable":true,"href":"https:\/\/gpdstore.net\/es\/wp-json\/wp\/v2\/product_tag?post=6686"},{"taxonomy":"woo-feed-brand","embeddable":true,"href":"https:\/\/gpdstore.net\/es\/wp-json\/wp\/v2\/woo-feed-brand?post=6686"}],"curies":[{"name":"wp","href":"https:\/\/api.w.org\/{rel}","templated":true}]}}