{"id":5649,"date":"2024-07-12T08:46:50","date_gmt":"2024-07-12T08:46:50","guid":{"rendered":"https:\/\/gpdstore.net\/sin%20categor\u00eda\/monitor-portatil-droix-pm13-2k\/"},"modified":"2025-09-15T21:32:31","modified_gmt":"2025-09-15T21:32:31","slug":"droix-pm13-2k-portable-monitor","status":"publish","type":"product","link":"https:\/\/gpdstore.net\/es\/product\/droix-pm13-2k-portable-monitor\/","title":{"rendered":"Monitor Port\u00e1til DroiX PM13 2K"},"content":{"rendered":"\n<figure class=\"wp-block-video\"><video controls=\"\" muted=\"\" poster=\"https:\/\/droix.net\/wp-content\/uploads\/2024\/03\/1.jpg\" src=\"https:\/\/droix.net\/wp-content\/uploads\/2024\/06\/pm131.mp4\"><\/video><\/figure>\n\n<div class=\"wp-block-columns is-layout-flex wp-container-core-columns-is-layout-28f84493 wp-block-columns-is-layout-flex\">\n<div class=\"wp-block-column is-layout-flow wp-block-column-is-layout-flow\" style=\"flex-basis:33.33%\">\n<figure class=\"wp-block-image size-large\"><a href=\"https:\/\/droix.net\/wp-content\/uploads\/2024\/03\/DROIX-S13-GENERIC-DONE-LISTING-IMAGE-1-1.png\"><img decoding=\"async\" src=\"https:\/\/droix.net\/wp-content\/uploads\/2024\/03\/DROIX-S13-GENERIC-DONE-LISTING-IMAGE-1-1-1024x1024.png\" alt=\"Imagen de DroiX Monitor port&#xE1;til, 13 pulgadas, 2K, ultrafino, ligero y port&#xE1;til\" class=\"wp-image-175965\"\/><\/a><\/figure>\n<\/div>\n\n\n\n<div class=\"wp-block-column is-layout-flow wp-block-column-is-layout-flow\" style=\"flex-basis:66.66%\">\n<h3 class=\"wp-block-heading\"><strong>DroiX PM13 &#8211; Monitor port\u00e1til ultrafino 4K de 13,0 pulgadas<\/strong><\/h3>\n\n\n\n<p>El DroiX PM13 es un elegante y ligero monitor port\u00e1til 2K de 13&#8243;, que pesa s\u00f3lo 494 gramos. Envuelto en un fino marco de aluminio y con unos biseles ultrafinos de 0,11&#8243;, combina con maestr\u00eda estilo y comodidad. La vibrante pantalla IPS ofrece colores intensos y un amplio \u00e1ngulo de visi\u00f3n de 170 grados, proporcionando una experiencia visual cautivadora. Con compatibilidad con numerosos dispositivos a trav\u00e9s de HDMI y USB-C, la PM13 es la pantalla vers\u00e1til definitiva para actualizar tu configuraci\u00f3n est\u00e9s donde est\u00e9s.  <\/p>\n<\/div>\n<\/div>\n\n<div class=\"wp-block-columns is-layout-flex wp-container-core-columns-is-layout-28f84493 wp-block-columns-is-layout-flex\">\n<div class=\"wp-block-column is-layout-flow wp-block-column-is-layout-flow\">\n<h3 class=\"wp-block-heading\">El monitor port\u00e1til ideal para port\u00e1tiles<br\/><em>Sin compromisos<\/em><\/h3>\n\n\n\n<p>El monitor port\u00e1til DroiX PM13 ofrece una experiencia de visualizaci\u00f3n excepcional gracias a sus excelentes caracter\u00edsticas. Con alto brillo y compatibilidad con HDR, garantiza una visibilidad n\u00edtida en cualquier condici\u00f3n de iluminaci\u00f3n. La cobertura 100% sRGB y los 16,7 millones de colores proporcionan la precisi\u00f3n crom\u00e1tica crucial para la edici\u00f3n fotogr\u00e1fica y el dise\u00f1o gr\u00e1fico. Su resoluci\u00f3n 2K en una pantalla de 13 pulgadas garantiza una alta densidad de p\u00edxeles, produciendo visuales n\u00edtidos y vibrantes tanto para texto como para multimedia. Esto convierte al PM13 en la mejor elecci\u00f3n tanto para profesionales como para entusiastas.    <\/p>\n<\/div>\n\n\n\n<div class=\"wp-block-column is-layout-flow wp-block-column-is-layout-flow\">\n<figure class=\"wp-block-image size-full\"><a href=\"https:\/\/droix.net\/wp-content\/uploads\/2024\/03\/2.jpg\"><img decoding=\"async\" src=\"https:\/\/droix.net\/wp-content\/uploads\/2024\/03\/2.jpg\" alt=\"Pantalla port&#xE1;til de alta calidad DroiX PM13 compatible con HDR400, resoluci&#xF3;n QHD 2160x1350 y cobertura 100% sRGB\" class=\"wp-image-182193\"\/><\/a><\/figure>\n<\/div>\n<\/div>\n\n<div class=\"wp-block-columns is-layout-flex wp-container-core-columns-is-layout-28f84493 wp-block-columns-is-layout-flex\">\n<div class=\"wp-block-column is-layout-flow wp-block-column-is-layout-flow\">\n<figure class=\"wp-block-image size-full\"><a href=\"https:\/\/droix.net\/wp-content\/uploads\/2024\/07\/3-1.jpg\"><img decoding=\"async\" src=\"https:\/\/droix.net\/wp-content\/uploads\/2024\/07\/3-1.jpg\" alt=\"Monitor port&#xE1;til DroiX PM13, creado para redefinir la compatibilidad y conectividad con una amplia gama de dispositivos. Con una s&#xF3;lida compatibilidad con las tecnolog&#xED;as USB y ActiveDP, este monitor se integra a la perfecci&#xF3;n con diversos aparatos modernos, desde port&#xE1;tiles a smartphones y mucho m&#xE1;s. Dise&#xF1;ado para interactuar sin esfuerzo, el PM13 funciona con dispositivos que admiten DisplayPort sobre USB, tienen puertos USB Thunderbolt o siguen el protocolo USB 4 para la salida de v&#xED;deo. Tanto si juegas fuera de casa como si aumentas la productividad o disfrutas de contenidos multimedia, la PM13 es tu compa&#xF1;era definitiva, ya que ofrece una flexibilidad y un rendimiento inigualables dondequiera que la necesites.   \" class=\"wp-image-182203\"\/><\/a><\/figure>\n<\/div>\n\n\n\n<div class=\"wp-block-column is-layout-flow wp-block-column-is-layout-flow\">\n<h3 class=\"wp-block-heading\">Portabilidad y potencia<br\/><em>Compatibilidad<\/em><\/h3>\n\n\n\n<p>Experimenta la versatilidad de vanguardia del monitor port\u00e1til DroiX PM13, creado para redefinir la compatibilidad y conectividad con una amplia gama de dispositivos. Con una s\u00f3lida compatibilidad con las tecnolog\u00edas USB y ActiveDP, este monitor se integra a la perfecci\u00f3n con varios gadgets modernos, desde port\u00e1tiles a smartphones y mucho m\u00e1s. <\/p>\n\n\n\n<p>Dise\u00f1ada para interactuar sin esfuerzo, la PM13 funciona con dispositivos que admiten DisplayPort sobre USB, tienen puertos USB Thunderbolt o siguen el protocolo USB 4 para salida de v\u00eddeo. Tanto si juegas fuera de casa como si aumentas la productividad o disfrutas de contenidos multimedia, la PM13 es tu compa\u00f1era definitiva, ya que ofrece una flexibilidad y un rendimiento inigualables dondequiera que la necesites. <\/p>\n<\/div>\n<\/div>\n\n<div class=\"wp-block-columns is-layout-flex wp-container-core-columns-is-layout-28f84493 wp-block-columns-is-layout-flex\">\n<div class=\"wp-block-column is-layout-flow wp-block-column-is-layout-flow\">\n<h3 class=\"wp-block-heading\">M\u00e1s que un monitor port\u00e1til<br\/><em>Repleto de funciones<\/em><\/h3>\n\n\n\n<p>El monitor port\u00e1til DroiX PM13 tiene un dise\u00f1o vers\u00e1til con un soporte ajustable en 180\u00b0, que permite a los usuarios colocar la pantalla en varios \u00e1ngulos para una comodidad visual \u00f3ptima. Adem\u00e1s, incluye soporte VESA integrado de 75&#215;75 mm, que permite un montaje flexible en brazos o soportes compatibles. En cuanto al sonido, la PM13 incorpora altavoces est\u00e9reo de 1,0 W cada uno. Aunque no son excepcionalmente potentes, estos altavoces ofrecen una c\u00f3moda soluci\u00f3n de audio sin necesidad de dispositivos externos.   <\/p>\n\n\n\n<h3 class=\"wp-block-heading\"><br\/><\/h3>\n<\/div>\n\n\n\n<div class=\"wp-block-column is-layout-flow wp-block-column-is-layout-flow\">\n<figure class=\"wp-block-image size-full\"><a href=\"https:\/\/droix.net\/wp-content\/uploads\/2024\/07\/4.jpg\"><img decoding=\"async\" src=\"https:\/\/droix.net\/wp-content\/uploads\/2024\/07\/4.jpg\" alt=\"El monitor port&#xE1;til DroiX PM13 incorpora un soporte ajustable en 180&#xB0;, que permite a los usuarios colocar la pantalla en varios &#xE1;ngulos para una comodidad de visualizaci&#xF3;n &#xF3;ptima. Incluye soporte VESA integrado de 75x75 mm para un montaje flexible en brazos o soportes compatibles. El PM13 tambi&#xE9;n viene con altavoces est&#xE9;reo integrados, cada uno de 1,0 W, que proporcionan una c&#xF3;moda soluci&#xF3;n de audio sin necesidad de dispositivos externos.  \" class=\"wp-image-182205\"\/><\/a><\/figure>\n<\/div>\n<\/div>\n\n<div class=\"wp-block-columns is-layout-flex wp-container-core-columns-is-layout-28f84493 wp-block-columns-is-layout-flex\">\n<div class=\"wp-block-column is-layout-flow wp-block-column-is-layout-flow\">\n<figure class=\"wp-block-image size-full\"><a href=\"https:\/\/droix.net\/wp-content\/uploads\/2024\/07\/5.jpg\"><img decoding=\"async\" src=\"https:\/\/droix.net\/wp-content\/uploads\/2024\/07\/5.jpg\" alt=\"El monitor port&#xE1;til DroiX PM13 ejemplifica la versatilidad con amplias opciones de compatibilidad y conectividad. Presenta cuatro modos: Modo Duplicado para reflejar contenidos, Modo Extendido para ampliar el espacio de trabajo, Segunda Pantalla para consolas de juegos y Modo Retrato para orientaci&#xF3;n vertical. Ideal para profesionales, jugadores y n&#xF3;madas digitales, mejora la productividad y el entretenimiento en diversos entornos  \" class=\"wp-image-182206\"\/><\/a><\/figure>\n<\/div>\n\n\n\n<div class=\"wp-block-column is-layout-flow wp-block-column-is-layout-flow\">\n<h3 class=\"wp-block-heading\">Ampliaci\u00f3n, duplicaci\u00f3n, retrato y m\u00e1s<br\/><em>Verdadera versatilidad<br\/><\/em><\/h3>\n\n\n\n<p>El monitor port\u00e1til DroiX PM13 ejemplifica la versatilidad con sus amplias opciones de compatibilidad y conectividad. Ofrece cuatro modos vers\u00e1tiles: Modo Duplicado para reflejar contenidos, Modo Extender para ampliar el espacio de trabajo, Segunda Pantalla para consolas de juegos y Modo Retrato para orientaci\u00f3n vertical. Esta adaptabilidad lo convierte en el compa\u00f1ero ideal para profesionales, jugadores y n\u00f3madas digitales, mejorando la productividad y el entretenimiento en diversos entornos.  <\/p>\n\n\n\n<p>4o<\/p>\n<\/div>\n<\/div>\n\n<figure class=\"wp-block-image aligncenter size-large\"><a href=\"https:\/\/droix.net\/wp-content\/uploads\/2024\/07\/7.jpg\"><img decoding=\"async\" src=\"https:\/\/droix.net\/wp-content\/uploads\/2024\/07\/7-1024x420.jpg\" alt=\"Conecta sin problemas tu MacBook con Thunderbolt 3 o 4 al monitor port&#xE1;til DroiX PM13 a trav&#xE9;s de su puerto Tipo-C compatible con DP ALT-MODE. Esta conectividad avanzada garantiza tanto la transmisi&#xF3;n de v&#xED;deo como el suministro de energ&#xED;a a trav&#xE9;s de un &#xFA;nico cable Tipo-C, maximizando la comodidad y la eficiencia. \" class=\"wp-image-182195\"\/><\/a><\/figure>\n\n<p>Conecta sin problemas tu MacBook con Thunderbolt 3 o 4 al monitor port\u00e1til DroiX PM13 a trav\u00e9s de su puerto Tipo-C compatible con DP ALT-MODE. Esta conectividad avanzada garantiza tanto la transmisi\u00f3n de v\u00eddeo como el suministro de energ\u00eda a trav\u00e9s de un \u00fanico cable Tipo-C, maximizando la comodidad y la eficiencia. <\/p>\n\n<figure class=\"wp-block-image aligncenter size-large is-resized\"><a href=\"https:\/\/droix.net\/wp-content\/uploads\/2024\/03\/8.jpg\"><img decoding=\"async\" src=\"https:\/\/droix.net\/wp-content\/uploads\/2024\/03\/8-1024x420.jpg\" alt=\"Aprovecha las capacidades avanzadas de Thunderbolt 3, 4 o USB 3.1 DP ALT-MODE en tu smartphone para conectarte sin problemas al monitor port&#xE1;til DroiX PM13 tanto para la salida de v&#xED;deo como para el suministro de energ&#xED;a. Utiliza el puerto Tipo-C compatible con DP ALT-MODE de tu smartphone para disfrutar de una experiencia optimizada con un &#xFA;nico cable que se encarga de la transmisi&#xF3;n de v&#xED;deo y la alimentaci&#xF3;n el&#xE9;ctrica \" class=\"wp-image-182197\" style=\"width:900px;height:auto\"\/><\/a><\/figure>\n\n<p>Conecta sin esfuerzo tu port\u00e1til Windows al monitor port\u00e1til DroiX PM13 utilizando sus puertos HDMI y Tipo-C para una transmisi\u00f3n de v\u00eddeo y suministro de energ\u00eda sin interrupciones. El puerto Tipo-C admite el suministro de energ\u00eda (PD), mientras que el puerto HDMI garantiza la salida de v\u00eddeo de alta definici\u00f3n, lo que te permite disfrutar de una mayor productividad y entretenimiento sin complicaciones. <\/p>\n\n<figure class=\"wp-block-image aligncenter size-large\"><a href=\"https:\/\/droix.net\/wp-content\/uploads\/2024\/03\/9.jpg\"><img decoding=\"async\" src=\"https:\/\/droix.net\/wp-content\/uploads\/2024\/03\/9-1024x420.jpg\" alt=\"Aprovecha las capacidades avanzadas de Thunderbolt 3, 4 o USB 3.1 DP ALT-MODE en tu smartphone para conectarte sin problemas al monitor port&#xE1;til DroiX PM13 tanto para la salida de v&#xED;deo como para el suministro de energ&#xED;a. Utiliza el puerto Tipo-C compatible con DP ALT-MODE de tu smartphone para disfrutar de una experiencia optimizada con un &#xFA;nico cable que se encarga de la transmisi&#xF3;n de v&#xED;deo y la alimentaci&#xF3;n el&#xE9;ctrica \" class=\"wp-image-182198\"\/><\/a><\/figure>\n\n<p>Aprovecha las capacidades avanzadas de Thunderbolt 3, 4 o USB 3.1 DP ALT-MODE en tu smartphone para conectarte sin problemas al monitor port\u00e1til DroiX PM13 tanto para la salida de v\u00eddeo como para el suministro de energ\u00eda. Utilizando el puerto Tipo-C compatible con DP ALT-MODE de tu smartphone, puedes disfrutar de una experiencia optimizada con un \u00fanico cable que se encarga tanto de la transmisi\u00f3n de v\u00eddeo como de la alimentaci\u00f3n. <\/p>\n\n<figure class=\"wp-block-image aligncenter size-large\"><a href=\"https:\/\/droix.net\/wp-content\/uploads\/2024\/03\/11.jpg\"><img decoding=\"async\" src=\"https:\/\/droix.net\/wp-content\/uploads\/2024\/03\/11-1024x420.jpg\" alt=\"Varias formas de conectar el monitor port&#xE1;til DroiX PM13 incluyen USB, ActiveDP, DisplayPort sobre USB, puertos USB Thunderbolt y protocolo USB 4 para salida de v&#xED;deo, lo que garantiza una conectividad vers&#xE1;til.\" class=\"wp-image-182199\"\/><\/a><\/figure>\n\n<figure class=\"wp-block-image aligncenter size-large\"><a href=\"https:\/\/droix.net\/wp-content\/uploads\/2024\/03\/12.jpg\"><img decoding=\"async\" src=\"https:\/\/droix.net\/wp-content\/uploads\/2024\/03\/12-1024x420.jpg\" alt=\"Preguntas frecuentes sobre el monitor port&#xE1;til DroiX PM13\" class=\"wp-image-182200\"\/><\/a><\/figure>\n\n<h3 class=\"wp-block-heading\"><strong>Conclusi\u00f3n<\/strong><\/h3>\n\n<p>El DroiX PM13 redefine la esencia de los monitores port\u00e1tiles, combinando alta resoluci\u00f3n, portabilidad superior y amplia compatibilidad en un dise\u00f1o elegante y f\u00e1cil de usar. Est\u00e1 hecho para quienes se niegan a renunciar a la calidad y la funcionalidad, incluso en los desplazamientos. Abraza el futuro de los monitores port\u00e1tiles con el DroiX PM13, y experimenta de primera mano la mezcla perfecta de innovaci\u00f3n y comodidad.  <\/p>\n\n<p>No pierdas la oportunidad de elevar la experiencia de tu monitor port\u00e1til con el DroiX PM13. Haz tu pedido anticipado ahora para asegurarte un lugar entre los primeros en disfrutar de este innovador dispositivo. Con disponibilidad limitada, esta es tu oportunidad de adelantarte y experimentar lo \u00faltimo en tecnolog\u00eda de pantallas port\u00e1tiles. \u00a1Pide hoy tu monitor port\u00e1til DroiX PM13!   <\/p>\n\n<p>4o<\/p>\n","protected":false},"excerpt":{"rendered":"<ul>\n<li>Pantalla<strong> IPS<\/strong> 2K de 13<\/li>\n<li>Cobertura 100%<strong> sRGB<\/strong> <\/li>\n<li>450 <strong>Nits<\/strong> de brillo<\/li>\n<li>Soporte<strong> VESA<\/strong> 75x75mm<\/li>\n<li>  Altavoces <strong> integrados<\/strong> <\/li>\n<\/ul>\n<p> [cg_accordion title=\"INFORMACI\u00d3N SOBRE EL PAGO\"] Utilizamos la \u00faltima tecnolog\u00eda en procesamiento de pagos, lo que te permite realizar el pago mediante tu tarjeta de d\u00e9bito\/cr\u00e9dito o PayPal para una experiencia r\u00e1pida y segura.[\/cg_accordion] [cg_accordion title=\"GARANT\u00cdA\"] Garant\u00eda de 1 \u00f3 2 a\u00f1os* de <a href=\"https:\/\/droix.net\/\" target=\"_blank\" rel=\"nofollow noopener\">DroiX<\/a> Global para tu tranquilidad[\/cg_accordion] [cg_accordion title=\"ENV\u00cdOS E IMPUESTOS\"] <strong><u>Nota:<\/u><\/strong> Clientes de Estados Unidos: El precio indicado incluye todos los impuestos aplicables. Clientes de la UE: El precio mostrado incluye el IMPUESTO aplicable, que puede ser de hasta el 25% dependiendo de tu pa\u00eds. Clientes de Canad\u00e1: El precio indicado incluye el 5% de IVA. <a href=\"https:\/\/droix.net\/\" target=\"_blank\" rel=\"nofollow noopener\">DroiX<\/a>, distribuidor oficial de GPD, se encarga de los env\u00edos y las devoluciones. Ofrecemos env\u00edo r\u00e1pido DHL Express DDP (entrega con derechos pagados). Todos los derechos de aduana e impuestos est\u00e1n incluidos en el precio mostrado &#8211; no se requerir\u00e1n pagos adicionales en el momento de la entrega. Si surge alg\u00fan problema aduanero, nuestro equipo se encargar\u00e1 de los tr\u00e1mites de despacho de aduanas en tu nombre. Importante: En caso de devoluci\u00f3n y cambio de opini\u00f3n, los impuestos y aranceles pagados en tu nombre no se pueden reembolsar debido a las condiciones de env\u00edo DDP. Consulta nuestros <a href=\"https:\/\/gpdstore.net\/es\/terms-of-service\/\" target=\"_blank\" rel=\"nofollow noopener\">T\u00e9rminos y condiciones<\/a> para obtener informaci\u00f3n detallada.        [\/cg_accordion] [cg_accordion title=\"WHAT'S INCLUDED\"]<\/p>\n<ul>\n<li>1x Monitor Port\u00e1til DroiX PM13<\/li>\n<li>1x enchufe (UE\/EE.UU.)<\/li>\n<li>1x Cable HDMI<\/li>\n<li>1x Cable USB Tipo-C<\/li>\n<li>1x Cable USB Tipo-A a Tipo-C<\/li>\n<li>1x Funda protectora<\/li>\n<li>1x Manual del usuario<\/li>\n<\/ul>\n<p>[\/cg_accordion]<\/p>\n","protected":false},"featured_media":818503,"template":"","meta":{"_acf_changed":false},"product_brand":[],"product_cat":[2426],"product_tag":[12487,2428],"woo-feed-brand":[2429],"class_list":{"0":"post-5649","1":"product","2":"type-product","3":"status-publish","4":"has-post-thumbnail","6":"product_cat-monitores-portatiles","7":"product_tag-25bfsale-es","8":"product_tag-droix-monitor-portatil","9":"product_shipping_class-low-end","10":"pa_brand-droix","11":"woo-feed-brand-droix-es","13":"first","14":"instock","15":"sale","16":"taxable","17":"shipping-taxable","18":"purchasable","19":"product-type-variable","20":"has-default-attributes"},"acf":[],"aioseo_notices":[],"_links":{"self":[{"href":"https:\/\/gpdstore.net\/es\/wp-json\/wp\/v2\/product\/5649","targetHints":{"allow":["GET"]}}],"collection":[{"href":"https:\/\/gpdstore.net\/es\/wp-json\/wp\/v2\/product"}],"about":[{"href":"https:\/\/gpdstore.net\/es\/wp-json\/wp\/v2\/types\/product"}],"wp:featuredmedia":[{"embeddable":true,"href":"https:\/\/gpdstore.net\/es\/wp-json\/wp\/v2\/media\/818503"}],"wp:attachment":[{"href":"https:\/\/gpdstore.net\/es\/wp-json\/wp\/v2\/media?parent=5649"}],"wp:term":[{"taxonomy":"product_brand","embeddable":true,"href":"https:\/\/gpdstore.net\/es\/wp-json\/wp\/v2\/product_brand?post=5649"},{"taxonomy":"product_cat","embeddable":true,"href":"https:\/\/gpdstore.net\/es\/wp-json\/wp\/v2\/product_cat?post=5649"},{"taxonomy":"product_tag","embeddable":true,"href":"https:\/\/gpdstore.net\/es\/wp-json\/wp\/v2\/product_tag?post=5649"},{"taxonomy":"woo-feed-brand","embeddable":true,"href":"https:\/\/gpdstore.net\/es\/wp-json\/wp\/v2\/woo-feed-brand?post=5649"}],"curies":[{"name":"wp","href":"https:\/\/api.w.org\/{rel}","templated":true}]}}