{"id":5186,"date":"2024-05-08T15:41:24","date_gmt":"2024-05-08T15:41:24","guid":{"rendered":"https:\/\/gpdstore.net\/sin%20categor\u00eda\/estacion-de-acoplamiento-gpd-win-4\/"},"modified":"2025-12-23T10:17:25","modified_gmt":"2025-12-23T10:17:25","slug":"gpd-win-4-docking-station","status":"publish","type":"product","link":"https:\/\/gpdstore.net\/es\/product\/gpd-win-4-docking-station\/","title":{"rendered":"Estaci\u00f3n de acoplamiento GPD WIN 4"},"content":{"rendered":"\n<h3 class=\"wp-block-heading\"><strong>Transforma tu GPD WIN 4 en un ordenador de sobremesa con la base de conexi\u00f3n oficial<\/strong><\/h3>\n\n<p>Eleve su experiencia de juego port\u00e1til a niveles de sobremesa con la estaci\u00f3n de acoplamiento GPD WIN 4. Este accesorio esencial no s\u00f3lo ampl\u00eda sus opciones de conectividad, sino que tambi\u00e9n mejora la funcionalidad de su dispositivo, convirti\u00e9ndolo en un PC de sobremesa totalmente equipado.<\/p>\n\n<h3 class=\"wp-block-heading\"><strong>Conectividad USB mejorada<\/strong><\/h3>\n\n<p>La estaci\u00f3n de acoplamiento GPD WIN 4 est\u00e1 equipada con tres puertos USB 3.2 Gen 2 Tipo-A, que ofrecen velocidades de hasta 10 Gbps para conectar una gran variedad de perif\u00e9ricos, como teclados, ratones y dispositivos de almacenamiento externo de alta velocidad.<\/p>\n\n<p>Tambi\u00e9n cuenta con un puerto USB 3.2 Gen 2 Tipo-C dise\u00f1ado para la carga r\u00e1pida, compatible con cargadores de alta potencia para exprimir r\u00e1pidamente tu dispositivo.<\/p>\n\n<h3 class=\"wp-block-heading\"><strong>Opciones de visualizaci\u00f3n superiores<\/strong><\/h3>\n\n<p>Disfruta de im\u00e1genes de alta resoluci\u00f3n conectando tu GPD WIN 4 a un monitor externo o a un televisor a trav\u00e9s del puerto HDMI 2.0. Esta configuraci\u00f3n le permite utilizar la pantalla del GPD WIN 4 como pantalla secundaria, mejorando su productividad y experiencia de juego con capacidades de doble pantalla.<\/p>\n\n<h3 class=\"wp-block-heading\"><strong>Conexi\u00f3n a Internet r\u00e1pida y segura<\/strong><\/h3>\n\n<p>La base de conexi\u00f3n incluye un puerto Ethernet RJ45 a 1 Gbps, que proporciona una conexi\u00f3n r\u00e1pida y segura para streaming, juegos y transferencias de datos, superando las velocidades inal\u00e1mbricas y la seguridad.<\/p>\n\n<h3 class=\"wp-block-heading\"><strong>Dise\u00f1o compacto para una m\u00e1xima portabilidad<\/strong><\/h3>\n\n<p>La estaci\u00f3n de acoplamiento GPD WIN 4 presenta un formato compacto, con unas dimensiones de s\u00f3lo 3,4 x 5,6 x 3,2 pulgadas y un peso de s\u00f3lo 224 g. Esto la hace incre\u00edblemente port\u00e1til y f\u00e1cil de integrar en cualquier espacio de trabajo sin desordenar. Su dise\u00f1o incluye una parte trasera desmontable que facilita la conexi\u00f3n y el transporte de la base y el dispositivo.  <\/p>\n\n<p>Adem\u00e1s, el dise\u00f1o de la estaci\u00f3n de acoplamiento deja libre el segundo puerto USB Type-C de la GPD WIN 4, lo que te permite conectar perif\u00e9ricos de alto rendimiento como una GPU externa, mejorando a\u00fan m\u00e1s tu configuraci\u00f3n.<\/p>\n\n<h3 class=\"wp-block-heading\"><strong>Ventajas y desventajas de la estaci\u00f3n de acoplamiento GPD WIN 4<\/strong><\/h3>\n\n<h3 class=\"wp-block-heading\"><strong>Pros:<\/strong><\/h3>\n\n<ul class=\"wp-block-list\">\n<li>M\u00faltiples puertos USB 3.2 Gen 2 Tipo-A para varios perif\u00e9ricos<\/li>\n\n\n\n<li>Salida HDMI 2.0 para monitores o televisores externos<\/li>\n\n\n\n<li>Ethernet de alta velocidad a 1 Gbps para una conexi\u00f3n fiable a Internet<\/li>\n\n\n\n<li>Puerto USB Tipo-C para cargar r\u00e1pidamente el dispositivo<\/li>\n<\/ul>\n\n<h3 class=\"wp-block-heading\"><strong>Contras:<\/strong><\/h3>\n\n<ul class=\"wp-block-list\">\n<li>Carece de un puerto USB Tipo-C adicional para conexiones perif\u00e9ricas<\/li>\n<\/ul>\n\n<h3 class=\"wp-block-heading\"><strong>Ventajas de utilizar una base de conexi\u00f3n<\/strong><\/h3>\n\n<p>Una estaci\u00f3n de acoplamiento simplifica el flujo de trabajo conectando el port\u00e1til a varios perif\u00e9ricos a trav\u00e9s de un \u00fanico cable. Esto no s\u00f3lo ayuda a despejar el espacio de trabajo, sino que tambi\u00e9n aumenta la productividad al permitir configuraciones de doble pantalla. Adem\u00e1s, minimiza el desgaste de los puertos de su dispositivo, prolongando la vida \u00fatil de su GPD WIN 4, ya que reduce la necesidad frecuente de conectar y desconectar varios cables.<\/p>\n\n<p>Invierta hoy mismo en la estaci\u00f3n de acoplamiento GPD WIN 4 para transformar su configuraci\u00f3n de juego y optimizar su espacio de trabajo, convirtiendo su GPD WIN 4 no s\u00f3lo en un gadget de juego, sino en una estaci\u00f3n de trabajo completa.<\/p>\n","protected":false},"excerpt":{"rendered":"<ul>\n<li>Guarda y carga tu <strong>GPD WIN 4<\/strong><\/li>\n<li>Convierte tu ordenador de mano en un <strong>ordenador de sobremesa<\/strong><\/li>\n<li>Conecta todos tus perif\u00e9ricos.<\/li>\n<li>Dock oficial de GPD dise\u00f1ado para la <strong>GPD WIN 4<\/strong><\/li>\n<li>Peque\u00f1o, ligero y f\u00e1cil de transportar<\/li>\n<\/ul>\n[cg_accordion title=\"INFORMACI\u00d3N SOBRE EL PAGO\"]<\/p>\n<p>Utilizamos la \u00faltima tecnolog\u00eda en procesamiento de pagos, lo que le permite pagar a trav\u00e9s de su tarjeta de d\u00e9bito o cr\u00e9dito, o PayPal para una experiencia r\u00e1pida y segura.[\/cg_accordion]\n[cg_accordion title=\"GARANT\u00cdA\"]<\/p>\n<p>2 a\u00f1os de garant\u00eda de <a href=\"https:\/\/droix.net\/\" target=\"_blank\" rel=\"nofollow noopener\">DROIX Global<\/a> para su tranquilidad[\/cg_accordion]\n[cg_accordion title=\"PRECIOS, IMPUESTOS Y GASTOS DE ENV\u00cdO\"]<\/p>\n<p><strong><u>Nota:<\/u><\/strong><br \/>\n &#8211; Clientes de Estados Unidos: El precio mostrado incluye todos los impuestos aplicables.<br \/>\n &#8211; Clientes de la UE: El precio mostrado incluye el IMPUESTO aplicable, que puede ser de hasta el 25% dependiendo de su pa\u00eds.<br \/>\n &#8211; Clientes de Canad\u00e1: El precio mostrado incluye los impuestos aplicables, que pueden incluir el 5% de GST y los Impuestos de Ventas Provinciales (PST) adicionales, el Impuesto de Ventas Armonizado (HST) o el Impuesto de Ventas de Quebec (QST), dependiendo de su provincia.[\/cg_accordion]\n[cg_accordion title=\"ENV\u00cdOS Y DEVOLUCIONES\"]<\/p>\n<p>Organizado por <a href=\"https:\/\/droix.net\/\" target=\"_blank\" rel=\"nofollow noopener\">DroiX<\/a>, un distribuidor oficial de GPD, enviamos utilizando DHL Express DDP (Delivered Duty Paid). Esto significa: <\/p>\n<p>Express DDP (Entrega con derechos pagados). Esto significa que:<br \/>\n &#8211; Todos los derechos de aduana e impuestos est\u00e1n incluidos en el precio que aparece en la p\u00e1gina del producto.<br \/>\n &#8211; No tendr\u00e1 que pagar ning\u00fan cargo adicional en el momento de la entrega.<br \/>\n &#8211; En el raro caso de que surjan problemas relacionados con las aduanas, nuestro equipo se encargar\u00e1 del proceso de despacho de aduanas en su nombre para garantizar una experiencia de entrega sin problemas. <\/p>\n<p>Informaci\u00f3n importante sobre devoluciones:<br \/>\n &#8211; Si decide devolver su pedido o solicitar un reembolso, tenga en cuenta que los impuestos y aranceles pagados en su nombre bajo los t\u00e9rminos de DDP no pueden ser reembolsados.<\/p>\n<p>Consulte nuestras <a href=\"https:\/\/gpdstore.net\/es\/terms-of-service\/\" target=\"_blank\" rel=\"nofollow noopener\">Condiciones generales<\/a> para obtener informaci\u00f3n detallada.[\/cg_accordion]\n[cg_accordion title=\"QU\u00c9 INCLUYE\"]<\/p>\n<ul>\n<li>1x GPD WIN 4 Dock<\/li>\n<\/ul>\n<p>[\/cg_accordion]\n","protected":false},"featured_media":12206,"template":"","meta":{"_acf_changed":false},"product_brand":[],"product_cat":[1338],"product_tag":[2125],"woo-feed-brand":[738],"class_list":{"0":"post-5186","1":"product","2":"type-product","3":"status-publish","4":"has-post-thumbnail","6":"product_cat-accesorios","7":"product_tag-gpd-win-4-accessory-es","8":"product_shipping_class-standard","10":"pa_accessory-type-estacion-de-acoplamiento","11":"pa_brand-gpd","12":"woo-feed-brand-gpd-es","14":"first","15":"outofstock","16":"taxable","17":"shipping-taxable","18":"purchasable","19":"product-type-variable","20":"has-default-attributes"},"acf":[],"aioseo_notices":[],"_links":{"self":[{"href":"https:\/\/gpdstore.net\/es\/wp-json\/wp\/v2\/product\/5186","targetHints":{"allow":["GET"]}}],"collection":[{"href":"https:\/\/gpdstore.net\/es\/wp-json\/wp\/v2\/product"}],"about":[{"href":"https:\/\/gpdstore.net\/es\/wp-json\/wp\/v2\/types\/product"}],"wp:featuredmedia":[{"embeddable":true,"href":"https:\/\/gpdstore.net\/es\/wp-json\/wp\/v2\/media\/12206"}],"wp:attachment":[{"href":"https:\/\/gpdstore.net\/es\/wp-json\/wp\/v2\/media?parent=5186"}],"wp:term":[{"taxonomy":"product_brand","embeddable":true,"href":"https:\/\/gpdstore.net\/es\/wp-json\/wp\/v2\/product_brand?post=5186"},{"taxonomy":"product_cat","embeddable":true,"href":"https:\/\/gpdstore.net\/es\/wp-json\/wp\/v2\/product_cat?post=5186"},{"taxonomy":"product_tag","embeddable":true,"href":"https:\/\/gpdstore.net\/es\/wp-json\/wp\/v2\/product_tag?post=5186"},{"taxonomy":"woo-feed-brand","embeddable":true,"href":"https:\/\/gpdstore.net\/es\/wp-json\/wp\/v2\/woo-feed-brand?post=5186"}],"curies":[{"name":"wp","href":"https:\/\/api.w.org\/{rel}","templated":true}]}}