{"id":5179,"date":"2024-05-17T08:24:33","date_gmt":"2024-05-17T08:24:33","guid":{"rendered":"https:\/\/gpdstore.net\/sin%20categor\u00eda\/estacion-de-acoplamiento-gpd-g1-2023-egpu\/"},"modified":"2025-12-23T10:17:47","modified_gmt":"2025-12-23T10:17:47","slug":"gpd-g1-2023-egpu-docking-station","status":"publish","type":"product","link":"https:\/\/gpdstore.net\/es\/product\/gpd-g1-2023-egpu-docking-station\/","title":{"rendered":"GPD G1 (2023) Estaci\u00f3n de acoplamiento eGPU"},"content":{"rendered":"\n<h3 class=\"wp-block-heading\">Presentamos GPD G1: Docking Station con GPU externa<\/h3>\n\n<p>Disfruta de la mejor experiencia de juego con la innovadora base GPD G1. Dise\u00f1ado para mejorar el rendimiento de los juegos, este innovador dispositivo es compatible con los pr\u00f3ximos GPD WIN MAX 2 2023, GPD Mini y GPD WIN 4 2023 compatibles con Oculink. Gracias a la compatibilidad con Oculink y USB 4.0, el GPD G1 aporta versatilidad y comodidad a tu configuraci\u00f3n de juegos.<\/p>\n\n<h3 class=\"wp-block-heading\">Potente unidad de procesamiento gr\u00e1fico<\/h3>\n\n<p>En su n\u00facleo, la GPD G1 Docking Station incorpora la GPU AMD Radeon RX 7600M XT, que utiliza la \u00faltima arquitectura RDNA 3.0. Esta GPU externa con conectividad Oculink ofrece im\u00e1genes asombrosas y un rendimiento excepcional. Tanto si est\u00e1s explorando mundos extensos como en el fragor de la batalla, la GPD G1 garantiza que cada detalle se represente con precisi\u00f3n. Con un reloj base de 1500 MHz, un reloj de juego de 2300 MHz y un reloj boost de 2615 MHz, la GPD G1 proporciona la potencia necesaria para dominar cualquier juego.<\/p>\n\n<h3 class=\"wp-block-heading\">Juego fluido y sensible<\/h3>\n\n<p>Equipada con 8 GB de RAM GDDR6, la GPD G1 permite realizar varias tareas a la vez y jugar sin problemas. Un reloj de memoria de 2250 MHz garantiza tiempos de carga r\u00e1pidos y un retraso m\u00ednimo. Di adi\u00f3s a las frecuencias de cuadro entrecortadas y disfruta de sesiones de juego sin interrupciones. Gracias a la compatibilidad con USB 4.0, el GPD G1 satisface tus exigencias de juego, proporcionando un rendimiento de primer nivel para tus juegos favoritos.<\/p>\n\n<h3 class=\"wp-block-heading\">Libera tu conectividad<\/h3>\n\n<p>La base GPD G1 ofrece amplias opciones de conectividad con puertos Oculink (SFF-8612) y USB 4, lo que garantiza la compatibilidad con una amplia gama de dispositivos, incluidos Thunderbolt 3 y Thunderbolt 4. Conecta f\u00e1cilmente tu GPD WIN MAX 2 2023, GPD Mini o GPD WIN 4 actualizada a trav\u00e9s de Oculink y disfruta de una experiencia de juego mejorada. La GPD G1 tambi\u00e9n es compatible con USB 4, lo que permite mejorar los gr\u00e1ficos en varios sistemas.<\/p>\n\n<h3 class=\"wp-block-heading\">Ampl\u00eda tus horizontes visuales<\/h3>\n\n<p>Ampl\u00ede su configuraci\u00f3n visual con la completa gama de puertos de v\u00eddeo del GPD G1. Con un puerto HDMI 2.1 y dos puertos DisplayPort 1.4a, puedes conectar hasta tres pantallas externas para disfrutar de una experiencia de juego panor\u00e1mica. Sum\u00e9rgete en la acci\u00f3n con la GPD G1 eGPU, que dar\u00e1 vida a tus juegos con un realismo incomparable.<\/p>\n\n<h3 class=\"wp-block-heading\">Transferencias de datos sin fisuras<\/h3>\n\n<p>La GPD G1 Docking Station incluye tres puertos USB 3.2 para facilitar la conexi\u00f3n de perif\u00e9ricos y mantener organizada la configuraci\u00f3n de los juegos. Un puerto SD 4.0 permite transferencias r\u00e1pidas de archivos y acceso multimedia. Con\u00e9ctate a un dispositivo anfitri\u00f3n USB4 y maximiza la velocidad de transferencia de datos.<\/p>\n\n<h3 class=\"wp-block-heading\">Refrigeraci\u00f3n eficiente para un rendimiento m\u00e1ximo<\/h3>\n\n<p>El sistema de refrigeraci\u00f3n activa de la GPD G1 disipa eficazmente el calor, garantizando temperaturas estables de la GPU durante las sesiones de juego intensas. Desp\u00eddete del sobrecalentamiento y disfruta de un juego sin interrupciones, ya que el mecanismo de refrigeraci\u00f3n por aire mantiene un rendimiento \u00f3ptimo del sistema.<\/p>\n\n<h3 class=\"wp-block-heading\">Fuente de alimentaci\u00f3n sin compromisos<\/h3>\n\n<p>La GPD G1 Docking Station incluye una fuente de alimentaci\u00f3n GaN integrada de 240 W que proporciona una alimentaci\u00f3n fiable a la GPU. Con una potencia gr\u00e1fica total de 120 W, el GPD G1 est\u00e1 optimizado para juegos de alto rendimiento, renderizando los gr\u00e1ficos con rapidez y precisi\u00f3n.<\/p>\n\n<h3 class=\"wp-block-heading\">Dise\u00f1o compacto, gran rendimiento<\/h3>\n\n<p>A pesar de sus dimensiones compactas (225 \u00d7 111 \u00d7 30 mm) y su ligereza (0,92 kg), la GPD G1 ofrece un potente rendimiento. Ya sea en casa, de viaje o en eventos de juego, el GPD G1 es una potencia port\u00e1til para cualquier entusiasta de los juegos.<\/p>\n\n<h3 class=\"wp-block-heading\">Conclusi\u00f3n<\/h3>\n\n<p>La GPD G1 eGPU Docking Station es el accesorio definitivo para los jugadores que buscan potencia, versatilidad y comodidad. Compatible con la pr\u00f3xima GPD WIN MAX 2 2023, la GPD Mini y la GPD WIN 4 actualizada, junto con la compatibilidad con Oculink y USB 4.0, esta estaci\u00f3n de acoplamiento ofrece una conectividad inigualable. La GPU AMD Radeon RX 7600M XT garantiza unos efectos visuales y un rendimiento impresionantes, mientras que los 8 GB de RAM GDDR6 permiten jugar con fluidez y capacidad de respuesta. Ampl\u00eda tu configuraci\u00f3n visual, disfruta de transferencias de datos sin interrupciones y benef\u00edciate de una refrigeraci\u00f3n eficiente y una fuente de alimentaci\u00f3n fiable. Mejora tu experiencia de juego con la base GPD G1.<\/p>\n\n<h3 class=\"wp-block-heading\">Ventajas e inconvenientes<\/h3>\n\n<p><strong>Pros:<\/strong><\/p>\n\n<ul class=\"wp-block-list\">\n<li><strong>Compatibilidad vers\u00e1til:<\/strong> Compatible con GPD WIN MAX 2 2024, GPD Mini 2024, GPD WIN 4 2023 y Win 4 2024 actualizados y dispositivos USB 4, ofrece gr\u00e1ficos mejorados en m\u00faltiples sistemas.<\/li>\n\n\n\n<li><strong>Potente rendimiento gr\u00e1fico:<\/strong> Incorpora la GPU AMD Radeon RX 7600M XT con arquitectura RDNA 3.0, que proporciona unos gr\u00e1ficos excepcionales y una jugabilidad fluida.<\/li>\n\n\n\n<li><strong>Configuraci\u00f3n visual ampliable:<\/strong> M\u00faltiples puertos gr\u00e1ficos y de v\u00eddeo, incluidos HDMI 2.1 y DP 1.4a, admiten hasta tres pantallas externas para una experiencia de juego envolvente.<\/li>\n\n\n\n<li><strong>Sistema de refrigeraci\u00f3n eficiente:<\/strong> El mecanismo de refrigeraci\u00f3n activa evita el sobrecalentamiento, garantizando un rendimiento \u00f3ptimo durante sesiones de juego prolongadas.<\/li>\n\n\n\n<li><strong>Dise\u00f1o port\u00e1til y compacto:<\/strong> Sus dimensiones compactas y su construcci\u00f3n ligera lo hacen muy port\u00e1til, ideal para los jugadores que se desplazan.<\/li>\n<\/ul>\n\n<p><strong>Contras :<\/strong><\/p>\n\n<ul class=\"wp-block-list\">\n<li><strong>Compatibilidad de marca limitada:<\/strong> La compatibilidad con dispositivos que no sean GPD y con los que no tengan puertos USB 4 puede ser limitada.<\/li>\n\n\n\n<li><strong>Opciones de GPU limitadas:<\/strong> La \u00fanica opci\u00f3n de GPU es la AMD Radeon RX 7600M XT, que puede no satisfacer a los usuarios que buscan opciones de GPU diferentes o personalizables&#8230;.<\/li>\n<\/ul>\n","protected":false},"excerpt":{"rendered":"<ul>\n<li>GPU: AMD Radeon\u2122<strong> RX 7600M XT<\/strong> eGPU<\/li>\n<li>COMPATIBILIDAD:<strong> OCuLink, USB 4, Thunderbolt 3 y 4<\/strong><\/li>\n<li>OCULINK:<strong> Conectividad PCI Express<\/strong><\/li>\n<li>USB 4:<strong> hasta 40 Gbps<\/strong><\/li>\n<li>DISPOSITIVOS GPD OCULINK: <strong>WIN 4 2023<\/strong>,<strong> WIN MAX 2 2023<\/strong> y<strong> WIN Mini<\/strong><\/li>\n<\/ul>\n[cg_accordion title=\"INFORMACI\u00d3N SOBRE EL PAGO\"]<\/p>\n<p>Utilizamos la \u00faltima tecnolog\u00eda en procesamiento de pagos, lo que le permite pagar a trav\u00e9s de su tarjeta de d\u00e9bito o cr\u00e9dito, o PayPal para una experiencia r\u00e1pida y segura.[\/cg_accordion]\n[cg_accordion title=\"GARANT\u00cdA\"]<\/p>\n<p>2 a\u00f1os de garant\u00eda de <a href=\"https:\/\/droix.net\/\" target=\"_blank\" rel=\"nofollow noopener\">DROIX Global<\/a> para su tranquilidad[\/cg_accordion]\n[cg_accordion title=\"PRECIOS, IMPUESTOS Y GASTOS DE ENV\u00cdO\"]<\/p>\n<p><strong><u>Nota:<\/u><\/strong><\/p>\n<ul>\n<li>Clientes de Estados Unidos: El precio indicado NO incluye impuestos ni aranceles. El cliente es responsable del despacho de aduanas y del pago de los impuestos y aranceles correspondientes. <\/li>\n<li>Clientes de la UE: El precio mostrado incluye el IMPUESTO aplicable, que puede ser de hasta el 25% dependiendo de su pa\u00eds.<\/li>\n<li>Clientes de Canad\u00e1: El precio mostrado incluye los impuestos aplicables, que pueden incluir un 5% de GST e impuestos de venta provinciales (PST) adicionales, impuesto de venta armonizado (HST) o impuesto de venta de Quebec (QST), dependiendo de su provincia.<\/li>\n<\/ul>\n<p><strong>S\u00d3LO para clientes de la UE:<\/strong> Express DDP (Entrega con derechos pagados). Esto significa: <\/p>\n<ul>\n<li>Todos los derechos de aduana e impuestos est\u00e1n incluidos en el precio que aparece en la p\u00e1gina del producto.<\/li>\n<li>No tendr\u00e1 que pagar ning\u00fan gasto adicional en el momento de la entrega.<\/li>\n<li>En el raro caso de que surjan problemas relacionados con las aduanas, nuestro equipo se encargar\u00e1 del proceso de despacho de aduanas en su nombre para garantizar una entrega sin problemas.<\/li>\n<p>Informaci\u00f3n importante sobre devoluciones:<\/p>\n<li>Si decide devolver su pedido o solicitar un reembolso, tenga en cuenta que los impuestos y aranceles pagados en su nombre con arreglo a las condiciones del DDP no pueden reembolsarse.<\/li>\n<p>Consulte nuestras <a href=\"https:\/\/droix.net\/terms-and-conditions\/\" target=\"_blank\" rel=\"nofollow noopener\">Condiciones generales<\/a> para obtener informaci\u00f3n detallada.\n<\/ul>\n<p>[\/cg_accordion]\n[cg_accordion title=\"ATENCI\u00d3N AL CLIENTE\"]<\/p>\n<p>\u00bfTiene alguna pregunta? Estamos a un paso de resolver su problema. [\/cg_accordion]\n<p>Consulte nuestras <a href=\"https:\/\/gpdstore.net\/es\/terms-of-service\/\" target=\"_blank\" rel=\"nofollow noopener\">Condiciones generales<\/a> para obtener informaci\u00f3n detallada.\n<\/ul>\n<p>[\/]<\/p>\n[cg_accordion title=\"QU\u00c9 INCLUYE\"]<\/p>\n<ul>\n<li>1x GPD G1 2023<\/li>\n<li>1x adaptador de corriente<\/li>\n<li>1x Cable USB Tipo-C<\/li>\n<li>1x Manual del usuario<\/li>\n<\/ul>\n<p>[\/cg_accordion]\n","protected":false},"featured_media":10700,"template":"","meta":{"_acf_changed":false},"product_brand":[],"product_cat":[1338],"product_tag":[17956,2110],"woo-feed-brand":[738],"class_list":{"0":"post-5179","1":"product","2":"type-product","3":"status-publish","4":"has-post-thumbnail","6":"product_cat-accesorios","7":"product_tag-10bfsale-es","8":"product_tag-gpd-g1-es","9":"product_shipping_class-premium","10":"pa_brand-biwin","11":"pa_brand-droix","12":"pa_brand-gpd","13":"pa_brand-gulikit","14":"pa_graphics-gpu-model-radeon-rx-7600m-xt-es","15":"pa_i-o-video-1x-oculink-es","16":"pa_i-o-video-mediante-1x-usb-4-0-tipo-c-a-40-gb-s","17":"woo-feed-brand-gpd-es","19":"first","20":"outofstock","21":"sale","22":"taxable","23":"shipping-taxable","24":"purchasable","25":"product-type-variable","26":"has-default-attributes"},"acf":[],"aioseo_notices":[],"_links":{"self":[{"href":"https:\/\/gpdstore.net\/es\/wp-json\/wp\/v2\/product\/5179","targetHints":{"allow":["GET"]}}],"collection":[{"href":"https:\/\/gpdstore.net\/es\/wp-json\/wp\/v2\/product"}],"about":[{"href":"https:\/\/gpdstore.net\/es\/wp-json\/wp\/v2\/types\/product"}],"wp:featuredmedia":[{"embeddable":true,"href":"https:\/\/gpdstore.net\/es\/wp-json\/wp\/v2\/media\/10700"}],"wp:attachment":[{"href":"https:\/\/gpdstore.net\/es\/wp-json\/wp\/v2\/media?parent=5179"}],"wp:term":[{"taxonomy":"product_brand","embeddable":true,"href":"https:\/\/gpdstore.net\/es\/wp-json\/wp\/v2\/product_brand?post=5179"},{"taxonomy":"product_cat","embeddable":true,"href":"https:\/\/gpdstore.net\/es\/wp-json\/wp\/v2\/product_cat?post=5179"},{"taxonomy":"product_tag","embeddable":true,"href":"https:\/\/gpdstore.net\/es\/wp-json\/wp\/v2\/product_tag?post=5179"},{"taxonomy":"woo-feed-brand","embeddable":true,"href":"https:\/\/gpdstore.net\/es\/wp-json\/wp\/v2\/woo-feed-brand?post=5179"}],"curies":[{"name":"wp","href":"https:\/\/api.w.org\/{rel}","templated":true}]}}