{"id":4893,"date":"2024-04-23T16:13:31","date_gmt":"2024-04-23T16:13:31","guid":{"rendered":"https:\/\/gpdstore.net\/sin%20categor\u00eda\/gpd-stylus-para-gpd-pocket-3-y-win-max-2\/"},"modified":"2025-11-24T11:23:45","modified_gmt":"2025-11-24T11:23:45","slug":"gpd-stylus","status":"publish","type":"product","link":"https:\/\/gpdstore.net\/es\/product\/gpd-stylus\/","title":{"rendered":"GPD Stylus para GPD Pocket 3 y WIN MAX 2"},"content":{"rendered":"\n<p><br\/>Te presentamos el GPD Stylus: tu herramienta definitiva para la precisi\u00f3n y la comodidad, dise\u00f1ado para mejorar la funcionalidad de tu GPD Pocket 3 y GPD Win Max 2, y compatible con otros muchos modelos de port\u00e1tiles y tabletas. Fabricado con una robusta aleaci\u00f3n de aluminio, este l\u00e1piz \u00f3ptico tiene una forma que se adapta c\u00f3modamente a tu mano, por lo que es ideal para un uso prolongado sin molestias. Cuenta con una punta de alta sensibilidad, sensible a la presi\u00f3n de 4096 niveles, fabricada con goma suave y flexible, que garantiza que cada trazo sea tan preciso y sensible como un bol\u00edgrafo sobre el papel. Este nivel de precisi\u00f3n es perfecto para una amplia gama de actividades, desde hacer bocetos y editar fotos hasta trabajos de pincel detallados y escribir notas r\u00e1pidas.   <\/p>\n\n<p>Adem\u00e1s de su capacidad de precisi\u00f3n, el GPD Stylus est\u00e1 dise\u00f1ado para mantener la pantalla en perfectas condiciones, gracias a su punta de goma que protege contra ara\u00f1azos y suciedad. No s\u00f3lo es funcional, sino tambi\u00e9n ligera y f\u00e1cil de transportar, con una pr\u00e1ctica hebilla para llevarla en el bolsillo o en un malet\u00edn, ideal para el profesional o el creativo que se desplaza. Mejore sus interacciones digitales, ya sea navegando por aplicaciones, capturando ideas o explorando su lado art\u00edstico, con el l\u00e1piz GPD, la combinaci\u00f3n perfecta de funcionalidad y dise\u00f1o innovador.<\/p>\n","protected":false},"excerpt":{"rendered":"<ul>\n<li>Funciona con<strong> GPD Pocket 3<\/strong> y GPD WIN MAX 2<\/li>\n<li>Sensibilidad a la presi\u00f3n <strong>de 4096 niveles<\/strong> <\/li>\n<li>Elegante y ergon\u00f3mico<\/li>\n<li><strong> Hebilla<\/strong> met\u00e1lica<\/li>\n<li>Escritura de notas e introducci\u00f3n de caracteres<\/li>\n<\/ul>\n<p> [cg_accordion title=\"INFORMACI\u00d3N SOBRE EL PAGO\"] Utilizamos la \u00faltima tecnolog\u00eda en procesamiento de pagos, lo que le permite pagar a trav\u00e9s de Apple Pay, Google Pay, su tarjeta de d\u00e9bito \/ cr\u00e9dito, PayPal o m\u00e9todos BNPL como Klarna, Affirm o AfterPay para una experiencia r\u00e1pida y segura.[\/cg_accordion] [cg_accordion title=\"GARANT\u00cdA\"] Garant\u00eda de 2 a\u00f1os de <a href=\"https:\/\/droix.net\/\" target=\"_blank\" rel=\"nofollow noopener\">DROIX<\/a> Global para su tranquilidad.[\/cg_accordion] [cg_accordion title=\"PRICING, TAXES AND SHIPPING\"] <strong><u>Nota:<\/u><\/strong><\/p>\n<ul>\n<li>Clientes de Estados Unidos: El precio indicado NO incluye impuestos ni aranceles. El cliente es responsable del despacho de aduanas y del pago de los impuestos y aranceles correspondientes. <\/li>\n<li>Clientes de la UE: El precio mostrado incluye el IMPUESTO aplicable, que puede ser de hasta el 25% dependiendo de su pa\u00eds.<\/li>\n<li>Clientes de Canad\u00e1: El precio mostrado incluye los impuestos aplicables, que pueden incluir un 5% de GST e impuestos de venta provinciales (PST) adicionales, impuesto de venta armonizado (HST) o impuesto de venta de Quebec (QST), dependiendo de su provincia.<\/li>\n<\/ul>\n<p><strong>S\u00d3LO para clientes de la UE:<\/strong> Express DDP (Entrega con derechos pagados). Esto significa: <\/p>\n<ul>\n<li style=\"list-style-type: none;\">\n<ul>\n<li>Todos los derechos de aduana e impuestos est\u00e1n incluidos en el precio que aparece en la p\u00e1gina del producto.<\/li>\n<li>No tendr\u00e1 que pagar ning\u00fan gasto adicional en el momento de la entrega.<\/li>\n<li>En el raro caso de que surjan problemas relacionados con las aduanas, nuestro equipo se encargar\u00e1 del proceso de despacho de aduanas en su nombre para garantizar una entrega sin problemas.<\/li>\n<p>Informaci\u00f3n importante sobre devoluciones:<\/p>\n<li>Si decide devolver su pedido o solicitar un reembolso, tenga en cuenta que los impuestos y aranceles pagados en su nombre con arreglo a las condiciones del DDP no pueden reembolsarse.<\/li>\n<p>Consulte nuestra<\/ul>\n<\/li>\n<\/ul>\n<p><a href=\"https:\/\/gpdstore.net\/es\/terms-of-service\/\" target=\"_blank\" rel=\"nofollow noopener\">Condiciones generales<\/a><\/p>\n<ul>para obtener informaci\u00f3n detallada.<\/ul>\n<p>[\/cg_accordion] [cg_accordion title=\"ATENCI\u00d3N AL CLIENTE\"]  \u00bfTiene alguna pregunta? Estamos a un paso de resolver su problema.   [\/cg_accordion] [cg_accordion title=\"WHAT'S INCLUDED\"]<\/p>\n<ul>\n<li>1x Palpador GPD<\/li>\n<\/ul>\n<p>[\/cg_accordion]<\/p>\n","protected":false},"featured_media":11931,"template":"","meta":{"_acf_changed":false},"product_brand":[],"product_cat":[1338],"product_tag":[17853,1761],"woo-feed-brand":[738],"class_list":{"0":"post-4893","1":"product","2":"type-product","3":"status-publish","4":"has-post-thumbnail","6":"product_cat-accesorios","7":"product_tag-15xmsale-es","8":"product_tag-gpd-wm2-accesorio","9":"product_shipping_class-low-end","10":"pa_accessory-type-estilete","11":"pa_brand-gpd","12":"woo-feed-brand-gpd-es","14":"first","15":"instock","16":"sale","17":"taxable","18":"shipping-taxable","19":"purchasable","20":"product-type-variable","21":"has-default-attributes"},"acf":[],"aioseo_notices":[],"_links":{"self":[{"href":"https:\/\/gpdstore.net\/es\/wp-json\/wp\/v2\/product\/4893","targetHints":{"allow":["GET"]}}],"collection":[{"href":"https:\/\/gpdstore.net\/es\/wp-json\/wp\/v2\/product"}],"about":[{"href":"https:\/\/gpdstore.net\/es\/wp-json\/wp\/v2\/types\/product"}],"wp:featuredmedia":[{"embeddable":true,"href":"https:\/\/gpdstore.net\/es\/wp-json\/wp\/v2\/media\/11931"}],"wp:attachment":[{"href":"https:\/\/gpdstore.net\/es\/wp-json\/wp\/v2\/media?parent=4893"}],"wp:term":[{"taxonomy":"product_brand","embeddable":true,"href":"https:\/\/gpdstore.net\/es\/wp-json\/wp\/v2\/product_brand?post=4893"},{"taxonomy":"product_cat","embeddable":true,"href":"https:\/\/gpdstore.net\/es\/wp-json\/wp\/v2\/product_cat?post=4893"},{"taxonomy":"product_tag","embeddable":true,"href":"https:\/\/gpdstore.net\/es\/wp-json\/wp\/v2\/product_tag?post=4893"},{"taxonomy":"woo-feed-brand","embeddable":true,"href":"https:\/\/gpdstore.net\/es\/wp-json\/wp\/v2\/woo-feed-brand?post=4893"}],"curies":[{"name":"wp","href":"https:\/\/api.w.org\/{rel}","templated":true}]}}